{"id":132713,"date":"2024-10-08T09:05:34","date_gmt":"2024-10-08T06:05:34","guid":{"rendered":"https:\/\/www.zoner.fi\/tuki\/?page_id=132713"},"modified":"2025-11-12T15:48:37","modified_gmt":"2025-11-12T13:48:37","slug":"roskapostisuodattimen-saato","status":"publish","type":"page","link":"https:\/\/www.zoner.fi\/tuki\/webhotellit\/cpanel-webhotelli-fi\/roskapostisuodattimen-saato\/","title":{"rendered":"Roskapostisuodattimen s\u00e4\u00e4t\u00f6"},"content":{"rendered":"\n<p>Voit s\u00e4\u00e4t\u00e4\u00e4 roskapostisuodatusta tiukemmalle cPanelissa. Varmista kuitenkin ensin, ett\u00e4 roskapostisuodatus on ylip\u00e4\u00e4t\u00e4\u00e4n p\u00e4\u00e4ll\u00e4.<\/p>\n\n\n\n<ul class=\"wp-block-list\">\n<li>Kirjaudu cPaneliin Zoner Homen kautta. <strong>Ohje<\/strong>: <a href=\"https:\/\/www.zoner.fi\/tuki\/webhotellit\/cpanel-webhotelli-fi\/cpanel-palvelunhallintaan-siirtyminen\/\">cPanel-palvelunhallintaan siirtyminen.<\/a><\/li>\n<\/ul>\n\n\n<div class=\"wp-block-image\">\n<figure class=\"aligncenter size-full\"><img loading=\"lazy\" decoding=\"async\" width=\"845\" height=\"364\" src=\"https:\/\/www.zoner.fi\/tuki\/wp-content\/uploads\/2024\/10\/Roskapostisuodattimen-saato-1.png\" alt=\"\" class=\"wp-image-133851\" srcset=\"https:\/\/www.zoner.fi\/tuki\/wp-content\/uploads\/2024\/10\/Roskapostisuodattimen-saato-1.png 845w, https:\/\/www.zoner.fi\/tuki\/wp-content\/uploads\/2024\/10\/Roskapostisuodattimen-saato-1-300x129.png 300w, https:\/\/www.zoner.fi\/tuki\/wp-content\/uploads\/2024\/10\/Roskapostisuodattimen-saato-1-768x331.png 768w\" sizes=\"auto, (max-width: 845px) 100vw, 845px\" \/><\/figure>\n<\/div>\n\n\n<ul class=\"wp-block-list\">\n<li>Klikkaa <strong>Spam Filters<\/strong>.<\/li>\n<\/ul>\n\n\n<div class=\"wp-block-image\">\n<figure class=\"aligncenter size-full\"><img loading=\"lazy\" decoding=\"async\" width=\"904\" height=\"143\" src=\"https:\/\/www.zoner.fi\/tuki\/wp-content\/uploads\/2024\/10\/Roskapostisuodattimen-saato-2.png\" alt=\"\" class=\"wp-image-133852\" srcset=\"https:\/\/www.zoner.fi\/tuki\/wp-content\/uploads\/2024\/10\/Roskapostisuodattimen-saato-2.png 904w, https:\/\/www.zoner.fi\/tuki\/wp-content\/uploads\/2024\/10\/Roskapostisuodattimen-saato-2-300x47.png 300w, https:\/\/www.zoner.fi\/tuki\/wp-content\/uploads\/2024\/10\/Roskapostisuodattimen-saato-2-768x121.png 768w\" sizes=\"auto, (max-width: 904px) 100vw, 904px\" \/><\/figure>\n<\/div>\n\n\n<ul class=\"wp-block-list\">\n<li>Klikkaa kohtaa <strong>Configure Spam Box Settings<\/strong> ja seuraavalla sivulla klikkaa kohtaa <strong>Spam Threshold (required_score)<\/strong><\/li>\n\n\n\n<li>Lukema on usein vakio 5.0. Voit muuttaa sen esimerkiksi arvoon 4.5 tai 4.0. Mit\u00e4 pienempi numero on, sit\u00e4 helpommin roskapostisuodatin merkkaa viestit roskapostiksi. Sit\u00e4 kannattaa siis s\u00e4\u00e4t\u00e4\u00e4 varovasti.<\/li>\n\n\n\n<li>Lopuksi paina <strong>Update Scoring Options<\/strong> -nappia, jotta asetukset tallentuvat.<\/li>\n<\/ul>\n","protected":false},"excerpt":{"rendered":"<p>Voit s\u00e4\u00e4t\u00e4\u00e4 roskapostisuodatusta tiukemmalle cPanelissa. Varmista kuitenkin ensin, ett\u00e4 roskapostisuodatus on ylip\u00e4\u00e4t\u00e4\u00e4n p\u00e4\u00e4ll\u00e4.<\/p>\n","protected":false},"author":48,"featured_media":0,"parent":137349,"menu_order":0,"comment_status":"closed","ping_status":"closed","template":"","meta":{"_relevanssi_hide_post":"","_relevanssi_hide_content":"","_relevanssi_pin_for_all":"","_relevanssi_pin_keywords":"","_relevanssi_unpin_keywords":"","_relevanssi_related_keywords":"","_relevanssi_related_include_ids":"","_relevanssi_related_exclude_ids":"","_relevanssi_related_no_append":"","_relevanssi_related_not_related":"","_relevanssi_related_posts":"132080,1066,132140,132261,130722,130397","_relevanssi_noindex_reason":"","footnotes":""},"categories":[213,218],"tags":[199,214],"wf_page_folders":[],"class_list":{"0":"post-132713","1":"page","2":"type-page","3":"status-publish","5":"category-cpanel-webhotelli-fi-sahkoposti","6":"category-cpanel-webhotelli-fi-webhotellit","7":"tag-sahkoposti","8":"tag-sahkopostin-hallinta"},"_links":{"self":[{"href":"https:\/\/www.zoner.fi\/tuki\/wp-json\/wp\/v2\/pages\/132713","targetHints":{"allow":["GET"]}}],"collection":[{"href":"https:\/\/www.zoner.fi\/tuki\/wp-json\/wp\/v2\/pages"}],"about":[{"href":"https:\/\/www.zoner.fi\/tuki\/wp-json\/wp\/v2\/types\/page"}],"author":[{"embeddable":true,"href":"https:\/\/www.zoner.fi\/tuki\/wp-json\/wp\/v2\/users\/48"}],"replies":[{"embeddable":true,"href":"https:\/\/www.zoner.fi\/tuki\/wp-json\/wp\/v2\/comments?post=132713"}],"version-history":[{"count":6,"href":"https:\/\/www.zoner.fi\/tuki\/wp-json\/wp\/v2\/pages\/132713\/revisions"}],"predecessor-version":[{"id":138084,"href":"https:\/\/www.zoner.fi\/tuki\/wp-json\/wp\/v2\/pages\/132713\/revisions\/138084"}],"up":[{"embeddable":true,"href":"https:\/\/www.zoner.fi\/tuki\/wp-json\/wp\/v2\/pages\/137349"}],"wp:attachment":[{"href":"https:\/\/www.zoner.fi\/tuki\/wp-json\/wp\/v2\/media?parent=132713"}],"wp:term":[{"taxonomy":"category","embeddable":true,"href":"https:\/\/www.zoner.fi\/tuki\/wp-json\/wp\/v2\/categories?post=132713"},{"taxonomy":"post_tag","embeddable":true,"href":"https:\/\/www.zoner.fi\/tuki\/wp-json\/wp\/v2\/tags?post=132713"},{"taxonomy":"wf_page_folders","embeddable":true,"href":"https:\/\/www.zoner.fi\/tuki\/wp-json\/wp\/v2\/wf_page_folders?post=132713"}],"curies":[{"name":"wp","href":"https:\/\/api.w.org\/{rel}","templated":true}]}}