{"id":132715,"date":"2024-10-08T08:51:19","date_gmt":"2024-10-08T05:51:19","guid":{"rendered":"https:\/\/www.zoner.fi\/tuki\/?page_id=132715"},"modified":"2025-11-12T15:48:53","modified_gmt":"2025-11-12T13:48:53","slug":"roskapostisuodatus-paalle","status":"publish","type":"page","link":"https:\/\/www.zoner.fi\/tuki\/webhotellit\/cpanel-webhotelli-fi\/roskapostisuodatus-paalle\/","title":{"rendered":"Roskapostisuodatus p\u00e4\u00e4lle"},"content":{"rendered":"\n<p>Jos saat paljon roskapostia, varmista, ett\u00e4 roskapostisuodatus on p\u00e4\u00e4ll\u00e4:<\/p>\n\n\n\n<ul class=\"wp-block-list\">\n<li>Kirjaudu cPaneliin Zoner Homen kautta. <strong>Ohje<\/strong>: <a href=\"https:\/\/www.zoner.fi\/tuki\/webhotellit\/cpanel-webhotelli-fi\/cpanel-palvelunhallintaan-siirtyminen\/\">cPanel-palvelunhallintaan siirtyminen<\/a>.<\/li>\n<\/ul>\n\n\n\n<figure class=\"wp-block-image size-full\"><img loading=\"lazy\" decoding=\"async\" width=\"845\" height=\"364\" src=\"https:\/\/www.zoner.fi\/tuki\/wp-content\/uploads\/2024\/10\/Roskapostisuodatus-paalle-1.png\" alt=\"\" class=\"wp-image-133855\" srcset=\"https:\/\/www.zoner.fi\/tuki\/wp-content\/uploads\/2024\/10\/Roskapostisuodatus-paalle-1.png 845w, https:\/\/www.zoner.fi\/tuki\/wp-content\/uploads\/2024\/10\/Roskapostisuodatus-paalle-1-300x129.png 300w, https:\/\/www.zoner.fi\/tuki\/wp-content\/uploads\/2024\/10\/Roskapostisuodatus-paalle-1-768x331.png 768w\" sizes=\"auto, (max-width: 845px) 100vw, 845px\" \/><\/figure>\n\n\n\n<ul class=\"wp-block-list\">\n<li>Siirry&nbsp;<strong>Roskapostisuodatin<\/strong>-osioon.<\/li>\n<\/ul>\n\n\n<div class=\"wp-block-image\">\n<figure class=\"aligncenter size-full is-resized\"><img loading=\"lazy\" decoding=\"async\" width=\"957\" height=\"671\" src=\"https:\/\/www.zoner.fi\/tuki\/wp-content\/uploads\/2024\/10\/Roskapostisuodatus-paalle-2.png\" alt=\"\" class=\"wp-image-133854\" style=\"width:928px;height:auto\" srcset=\"https:\/\/www.zoner.fi\/tuki\/wp-content\/uploads\/2024\/10\/Roskapostisuodatus-paalle-2.png 957w, https:\/\/www.zoner.fi\/tuki\/wp-content\/uploads\/2024\/10\/Roskapostisuodatus-paalle-2-300x210.png 300w, https:\/\/www.zoner.fi\/tuki\/wp-content\/uploads\/2024\/10\/Roskapostisuodatus-paalle-2-768x538.png 768w\" sizes=\"auto, (max-width: 957px) 100vw, 957px\" \/><\/figure>\n<\/div>\n\n\n<ul class=\"wp-block-list\">\n<li>Klikkaa roskapostisuodatus p\u00e4\u00e4lle ylimm\u00e4isest\u00e4 t\u00e4p\u00e4st\u00e4 &#8221;Process New Emails and Mark them as Spam&#8221; tekstin vierest\u00e4. Alempana voit valita, siirret\u00e4\u00e4nk\u00f6 roskapostiviestit roskapostikansioon (Spam Box) vai poistetaanko ne automaattisesti (Auto-Delete). Sininen vipu tarkoittaa &#8221;p\u00e4\u00e4ll\u00e4&#8221;-tilaa ja harmaa vipu &#8221;pois p\u00e4\u00e4lt\u00e4&#8221; -tilaa.<\/li>\n<\/ul>\n","protected":false},"excerpt":{"rendered":"<p>Jos saat paljon roskapostia, varmista, ett\u00e4 roskapostisuodatus on p\u00e4\u00e4ll\u00e4:<\/p>\n","protected":false},"author":48,"featured_media":0,"parent":137349,"menu_order":0,"comment_status":"closed","ping_status":"closed","template":"","meta":{"_relevanssi_hide_post":"","_relevanssi_hide_content":"","_relevanssi_pin_for_all":"","_relevanssi_pin_keywords":"","_relevanssi_unpin_keywords":"","_relevanssi_related_keywords":"","_relevanssi_related_include_ids":"","_relevanssi_related_exclude_ids":"","_relevanssi_related_no_append":"","_relevanssi_related_not_related":"","_relevanssi_related_posts":"131506,130397,132393,132336,132072,130455","_relevanssi_noindex_reason":"","footnotes":""},"categories":[213,218],"tags":[199,214],"wf_page_folders":[],"class_list":{"0":"post-132715","1":"page","2":"type-page","3":"status-publish","5":"category-cpanel-webhotelli-fi-sahkoposti","6":"category-cpanel-webhotelli-fi-webhotellit","7":"tag-sahkoposti","8":"tag-sahkopostin-hallinta"},"_links":{"self":[{"href":"https:\/\/www.zoner.fi\/tuki\/wp-json\/wp\/v2\/pages\/132715","targetHints":{"allow":["GET"]}}],"collection":[{"href":"https:\/\/www.zoner.fi\/tuki\/wp-json\/wp\/v2\/pages"}],"about":[{"href":"https:\/\/www.zoner.fi\/tuki\/wp-json\/wp\/v2\/types\/page"}],"author":[{"embeddable":true,"href":"https:\/\/www.zoner.fi\/tuki\/wp-json\/wp\/v2\/users\/48"}],"replies":[{"embeddable":true,"href":"https:\/\/www.zoner.fi\/tuki\/wp-json\/wp\/v2\/comments?post=132715"}],"version-history":[{"count":7,"href":"https:\/\/www.zoner.fi\/tuki\/wp-json\/wp\/v2\/pages\/132715\/revisions"}],"predecessor-version":[{"id":138085,"href":"https:\/\/www.zoner.fi\/tuki\/wp-json\/wp\/v2\/pages\/132715\/revisions\/138085"}],"up":[{"embeddable":true,"href":"https:\/\/www.zoner.fi\/tuki\/wp-json\/wp\/v2\/pages\/137349"}],"wp:attachment":[{"href":"https:\/\/www.zoner.fi\/tuki\/wp-json\/wp\/v2\/media?parent=132715"}],"wp:term":[{"taxonomy":"category","embeddable":true,"href":"https:\/\/www.zoner.fi\/tuki\/wp-json\/wp\/v2\/categories?post=132715"},{"taxonomy":"post_tag","embeddable":true,"href":"https:\/\/www.zoner.fi\/tuki\/wp-json\/wp\/v2\/tags?post=132715"},{"taxonomy":"wf_page_folders","embeddable":true,"href":"https:\/\/www.zoner.fi\/tuki\/wp-json\/wp\/v2\/wf_page_folders?post=132715"}],"curies":[{"name":"wp","href":"https:\/\/api.w.org\/{rel}","templated":true}]}}