{"id":132717,"date":"2024-10-08T08:48:44","date_gmt":"2024-10-08T05:48:44","guid":{"rendered":"https:\/\/www.zoner.fi\/tuki\/?page_id=132717"},"modified":"2025-11-12T15:49:40","modified_gmt":"2025-11-12T13:49:40","slug":"sahkopostitilin-kokorajan-muokkaus","status":"publish","type":"page","link":"https:\/\/www.zoner.fi\/tuki\/webhotellit\/cpanel-webhotelli-fi\/sahkopostitilin-kokorajan-muokkaus\/","title":{"rendered":"S\u00e4hk\u00f6postitilin kokorajan muokkaus"},"content":{"rendered":"\n<p>Voit k\u00e4tev\u00e4sti muokata s\u00e4hk\u00f6postitilin kiinti\u00f6t\u00e4 eli tilank\u00e4ytt\u00f6rajaa cPanelissa s\u00e4hk\u00f6postitilien asetuksissa. N\u00e4in voit esimerkiksi varmistaa, ettei yksi postilaatikko t\u00e4yttyess\u00e4\u00e4n k\u00e4yt\u00e4 kaikkea palveluusi kuuluvaa levytilaa ja n\u00e4in esimerkiksi est\u00e4 muita s\u00e4hk\u00f6postilaatikkoja vastaanottamasta viestej\u00e4.<\/p>\n\n\n\n<ul class=\"wp-block-list\">\n<li>Kirjaudu cPaneliin Zoner Homen kautta. <strong>Ohje<\/strong>: <a href=\"https:\/\/www.zoner.fi\/tuki\/webhotellit\/cpanel-webhotelli-fi\/cpanel-palvelunhallintaan-siirtyminen\/\">cPanel-palvelunhallintaan siirtyminen<\/a>.<\/li>\n<\/ul>\n\n\n<div class=\"wp-block-image\">\n<figure class=\"aligncenter size-full\"><img loading=\"lazy\" decoding=\"async\" width=\"490\" height=\"249\" src=\"https:\/\/www.zoner.fi\/tuki\/wp-content\/uploads\/2024\/10\/Sahkopostitilin-kokorajan-muokkaus-1.png\" alt=\"\" class=\"wp-image-133868\" srcset=\"https:\/\/www.zoner.fi\/tuki\/wp-content\/uploads\/2024\/10\/Sahkopostitilin-kokorajan-muokkaus-1.png 490w, https:\/\/www.zoner.fi\/tuki\/wp-content\/uploads\/2024\/10\/Sahkopostitilin-kokorajan-muokkaus-1-300x152.png 300w\" sizes=\"auto, (max-width: 490px) 100vw, 490px\" \/><\/figure>\n<\/div>\n\n\n<ul class=\"wp-block-list\">\n<li>Valitse <strong>S\u00e4hk\u00f6postitilit<\/strong>-osio<\/li>\n<\/ul>\n\n\n<div class=\"wp-block-image\">\n<figure class=\"aligncenter size-large\"><img loading=\"lazy\" decoding=\"async\" width=\"1024\" height=\"188\" src=\"https:\/\/www.zoner.fi\/tuki\/wp-content\/uploads\/2024\/10\/Sahkopostitilin-kokorajan-muokkaus-2-1024x188.png\" alt=\"\" class=\"wp-image-133869\" srcset=\"https:\/\/www.zoner.fi\/tuki\/wp-content\/uploads\/2024\/10\/Sahkopostitilin-kokorajan-muokkaus-2-1024x188.png 1024w, https:\/\/www.zoner.fi\/tuki\/wp-content\/uploads\/2024\/10\/Sahkopostitilin-kokorajan-muokkaus-2-300x55.png 300w, https:\/\/www.zoner.fi\/tuki\/wp-content\/uploads\/2024\/10\/Sahkopostitilin-kokorajan-muokkaus-2-768x141.png 768w, https:\/\/www.zoner.fi\/tuki\/wp-content\/uploads\/2024\/10\/Sahkopostitilin-kokorajan-muokkaus-2.png 1217w\" sizes=\"auto, (max-width: 1024px) 100vw, 1024px\" \/><\/figure>\n<\/div>\n\n\n<ul class=\"wp-block-list\">\n<li>Etsi haluamasi tili listasta ja valitse samalta rivilt\u00e4 <strong>Hallinta<\/strong>.<\/li>\n<\/ul>\n\n\n\n<p>T\u00e4m\u00e4n j\u00e4lkeen voit m\u00e4\u00e4ritt\u00e4\u00e4 postilaatikolle kokorajoituksen tai poistaa sen kokonaan.<\/p>\n","protected":false},"excerpt":{"rendered":"<p>Voit k\u00e4tev\u00e4sti muokata s\u00e4hk\u00f6postitilin kiinti\u00f6t\u00e4 eli tilank\u00e4ytt\u00f6rajaa cPanelissa s\u00e4hk\u00f6postitilien asetuksissa. N\u00e4in voit esimerkiksi varmistaa, ettei yksi postilaatikko t\u00e4yttyess\u00e4\u00e4n k\u00e4yt\u00e4 kaikkea palveluusi kuuluvaa levytilaa ja n\u00e4in esimerkiksi est\u00e4 muita s\u00e4hk\u00f6postilaatikkoja vastaanottamasta viestej\u00e4. T\u00e4m\u00e4n j\u00e4lkeen voit m\u00e4\u00e4ritt\u00e4\u00e4 postilaatikolle kokorajoituksen tai poistaa sen kokonaan.<\/p>\n","protected":false},"author":48,"featured_media":0,"parent":137349,"menu_order":0,"comment_status":"closed","ping_status":"closed","template":"","meta":{"_relevanssi_hide_post":"","_relevanssi_hide_content":"","_relevanssi_pin_for_all":"","_relevanssi_pin_keywords":"","_relevanssi_unpin_keywords":"","_relevanssi_related_keywords":"","_relevanssi_related_include_ids":"","_relevanssi_related_exclude_ids":"","_relevanssi_related_no_append":"","_relevanssi_related_not_related":"","_relevanssi_related_posts":"130722,1076,132254,132080,130440,132278","_relevanssi_noindex_reason":"","footnotes":""},"categories":[213,218],"tags":[199,214],"wf_page_folders":[],"class_list":{"0":"post-132717","1":"page","2":"type-page","3":"status-publish","5":"category-cpanel-webhotelli-fi-sahkoposti","6":"category-cpanel-webhotelli-fi-webhotellit","7":"tag-sahkoposti","8":"tag-sahkopostin-hallinta"},"_links":{"self":[{"href":"https:\/\/www.zoner.fi\/tuki\/wp-json\/wp\/v2\/pages\/132717","targetHints":{"allow":["GET"]}}],"collection":[{"href":"https:\/\/www.zoner.fi\/tuki\/wp-json\/wp\/v2\/pages"}],"about":[{"href":"https:\/\/www.zoner.fi\/tuki\/wp-json\/wp\/v2\/types\/page"}],"author":[{"embeddable":true,"href":"https:\/\/www.zoner.fi\/tuki\/wp-json\/wp\/v2\/users\/48"}],"replies":[{"embeddable":true,"href":"https:\/\/www.zoner.fi\/tuki\/wp-json\/wp\/v2\/comments?post=132717"}],"version-history":[{"count":6,"href":"https:\/\/www.zoner.fi\/tuki\/wp-json\/wp\/v2\/pages\/132717\/revisions"}],"predecessor-version":[{"id":138087,"href":"https:\/\/www.zoner.fi\/tuki\/wp-json\/wp\/v2\/pages\/132717\/revisions\/138087"}],"up":[{"embeddable":true,"href":"https:\/\/www.zoner.fi\/tuki\/wp-json\/wp\/v2\/pages\/137349"}],"wp:attachment":[{"href":"https:\/\/www.zoner.fi\/tuki\/wp-json\/wp\/v2\/media?parent=132717"}],"wp:term":[{"taxonomy":"category","embeddable":true,"href":"https:\/\/www.zoner.fi\/tuki\/wp-json\/wp\/v2\/categories?post=132717"},{"taxonomy":"post_tag","embeddable":true,"href":"https:\/\/www.zoner.fi\/tuki\/wp-json\/wp\/v2\/tags?post=132717"},{"taxonomy":"wf_page_folders","embeddable":true,"href":"https:\/\/www.zoner.fi\/tuki\/wp-json\/wp\/v2\/wf_page_folders?post=132717"}],"curies":[{"name":"wp","href":"https:\/\/api.w.org\/{rel}","templated":true}]}}