{"id":132719,"date":"2024-10-08T08:46:59","date_gmt":"2024-10-08T05:46:59","guid":{"rendered":"https:\/\/www.zoner.fi\/tuki\/?page_id=132719"},"modified":"2025-11-12T15:50:35","modified_gmt":"2025-11-12T13:50:35","slug":"sahkopostitilin-salasanan-vaihto","status":"publish","type":"page","link":"https:\/\/www.zoner.fi\/tuki\/webhotellit\/cpanel-webhotelli-fi\/sahkopostitilin-salasanan-vaihto\/","title":{"rendered":"S\u00e4hk\u00f6postitilin salasanan vaihto"},"content":{"rendered":"<p>Voit vaihtaa salasanan k\u00e4tev\u00e4sti cPanelissa.<\/p>\n\n\n<ul class=\"wp-block-list\">\n<li>Kirjaudu cPaneliin Zoner Homen kautta. <strong>Ohje<\/strong>: <a href=\"https:\/\/www.zoner.fi\/tuki\/webhotellit\/cpanel-webhotelli-fi\/cpanel-palvelunhallintaan-siirtyminen\/\">cPanel-palvelunhallintaan siirtyminen<\/a>.<\/li>\n<\/ul>\n\n\n\n<figure class=\"wp-block-image size-full\"><img loading=\"lazy\" decoding=\"async\" width=\"490\" height=\"249\" src=\"https:\/\/www.zoner.fi\/tuki\/wp-content\/uploads\/2024\/10\/Sahkopostitilin-salasanan-vaihto-1.png\" alt=\"\" class=\"wp-image-133878\" srcset=\"https:\/\/www.zoner.fi\/tuki\/wp-content\/uploads\/2024\/10\/Sahkopostitilin-salasanan-vaihto-1.png 490w, https:\/\/www.zoner.fi\/tuki\/wp-content\/uploads\/2024\/10\/Sahkopostitilin-salasanan-vaihto-1-300x152.png 300w\" sizes=\"auto, (max-width: 490px) 100vw, 490px\" \/><\/figure>\n\n\n\n<ul class=\"wp-block-list\">\n<li>Siirry&nbsp;<strong>S\u00e4hk\u00f6postitilit<\/strong>-osioon.<\/li>\n<\/ul>\n\n\n\n<figure class=\"wp-block-image size-large\"><img loading=\"lazy\" decoding=\"async\" width=\"1024\" height=\"188\" src=\"https:\/\/www.zoner.fi\/tuki\/wp-content\/uploads\/2024\/10\/Sahkopostitilin-salasanan-vaihto-2-1024x188.png\" alt=\"\" class=\"wp-image-133879\" srcset=\"https:\/\/www.zoner.fi\/tuki\/wp-content\/uploads\/2024\/10\/Sahkopostitilin-salasanan-vaihto-2-1024x188.png 1024w, https:\/\/www.zoner.fi\/tuki\/wp-content\/uploads\/2024\/10\/Sahkopostitilin-salasanan-vaihto-2-300x55.png 300w, https:\/\/www.zoner.fi\/tuki\/wp-content\/uploads\/2024\/10\/Sahkopostitilin-salasanan-vaihto-2-768x141.png 768w, https:\/\/www.zoner.fi\/tuki\/wp-content\/uploads\/2024\/10\/Sahkopostitilin-salasanan-vaihto-2.png 1217w\" sizes=\"auto, (max-width: 1024px) 100vw, 1024px\" \/><\/figure>\n\n\n\n<ul class=\"wp-block-list\">\n<li>Napsauta s\u00e4hk\u00f6postiosoitteen vieress\u00e4&nbsp;<strong>Hallinta<\/strong>.<\/li>\n\n\n\n<li>Sy\u00f6t\u00e4 uusi salasana kohtaan&nbsp;<strong>Uusi salasana<\/strong>. Voit my\u00f6s luoda uuden salasanan&nbsp;<strong>Luonti<\/strong>-napilla. Suosittelemme sit\u00e4, koska se luo automaattisesti turvallisen salasanan.<\/li>\n\n\n\n<li>Lopuksi tallenna painamalla nappia&nbsp;<strong>UPDATE EMAIL SETTINGS<\/strong>.<\/li>\n<\/ul>\n\n\n\n<p><\/p>\n","protected":false},"excerpt":{"rendered":"<p>Voit vaihtaa salasanan k\u00e4tev\u00e4sti cPanelissa.<\/p>\n","protected":false},"author":48,"featured_media":0,"parent":137349,"menu_order":0,"comment_status":"closed","ping_status":"closed","template":"","meta":{"_relevanssi_hide_post":"","_relevanssi_hide_content":"","_relevanssi_pin_for_all":"","_relevanssi_pin_keywords":"","_relevanssi_unpin_keywords":"","_relevanssi_related_keywords":"","_relevanssi_related_include_ids":"","_relevanssi_related_exclude_ids":"","_relevanssi_related_no_append":"","_relevanssi_related_not_related":"","_relevanssi_related_posts":"130269,130515,130964,130397,130684,130865","_relevanssi_noindex_reason":"","footnotes":""},"categories":[213,218],"tags":[199,214],"wf_page_folders":[],"class_list":{"0":"post-132719","1":"page","2":"type-page","3":"status-publish","5":"category-cpanel-webhotelli-fi-sahkoposti","6":"category-cpanel-webhotelli-fi-webhotellit","7":"tag-sahkoposti","8":"tag-sahkopostin-hallinta"},"_links":{"self":[{"href":"https:\/\/www.zoner.fi\/tuki\/wp-json\/wp\/v2\/pages\/132719","targetHints":{"allow":["GET"]}}],"collection":[{"href":"https:\/\/www.zoner.fi\/tuki\/wp-json\/wp\/v2\/pages"}],"about":[{"href":"https:\/\/www.zoner.fi\/tuki\/wp-json\/wp\/v2\/types\/page"}],"author":[{"embeddable":true,"href":"https:\/\/www.zoner.fi\/tuki\/wp-json\/wp\/v2\/users\/48"}],"replies":[{"embeddable":true,"href":"https:\/\/www.zoner.fi\/tuki\/wp-json\/wp\/v2\/comments?post=132719"}],"version-history":[{"count":6,"href":"https:\/\/www.zoner.fi\/tuki\/wp-json\/wp\/v2\/pages\/132719\/revisions"}],"predecessor-version":[{"id":138090,"href":"https:\/\/www.zoner.fi\/tuki\/wp-json\/wp\/v2\/pages\/132719\/revisions\/138090"}],"up":[{"embeddable":true,"href":"https:\/\/www.zoner.fi\/tuki\/wp-json\/wp\/v2\/pages\/137349"}],"wp:attachment":[{"href":"https:\/\/www.zoner.fi\/tuki\/wp-json\/wp\/v2\/media?parent=132719"}],"wp:term":[{"taxonomy":"category","embeddable":true,"href":"https:\/\/www.zoner.fi\/tuki\/wp-json\/wp\/v2\/categories?post=132719"},{"taxonomy":"post_tag","embeddable":true,"href":"https:\/\/www.zoner.fi\/tuki\/wp-json\/wp\/v2\/tags?post=132719"},{"taxonomy":"wf_page_folders","embeddable":true,"href":"https:\/\/www.zoner.fi\/tuki\/wp-json\/wp\/v2\/wf_page_folders?post=132719"}],"curies":[{"name":"wp","href":"https:\/\/api.w.org\/{rel}","templated":true}]}}