{"id":132725,"date":"2024-10-04T14:26:45","date_gmt":"2024-10-04T11:26:45","guid":{"rendered":"https:\/\/www.zoner.fi\/tuki\/?page_id=132725"},"modified":"2025-11-12T15:49:55","modified_gmt":"2025-11-12T13:49:55","slug":"sahkopostitilin-luominen","status":"publish","type":"page","link":"https:\/\/www.zoner.fi\/tuki\/webhotellit\/cpanel-webhotelli-fi\/sahkopostitilin-luominen\/","title":{"rendered":"S\u00e4hk\u00f6postitilin luominen"},"content":{"rendered":"\n<p>S\u00e4hk\u00f6postitilin luominen onnistuu k\u00e4tev\u00e4sti cPanelista.<\/p>\n\n\n\n<ul class=\"wp-block-list\">\n<li>Kirjaudu cPaneliin Zoner Homen kautta. <strong>Ohje<\/strong>: <a href=\"https:\/\/www.zoner.fi\/tuki\/webhotellit\/cpanel-webhotelli-fi\/cpanel-palvelunhallintaan-siirtyminen\/\">cPanel-palvelunhallintaan siirtyminen<\/a>.<\/li>\n<\/ul>\n\n\n<div class=\"wp-block-image\">\n<figure class=\"aligncenter size-large\"><img loading=\"lazy\" decoding=\"async\" width=\"1024\" height=\"184\" src=\"https:\/\/www.zoner.fi\/tuki\/wp-content\/uploads\/2024\/10\/Sahkopostitilin-luominen-1-1024x184.png\" alt=\"\" class=\"wp-image-133871\" srcset=\"https:\/\/www.zoner.fi\/tuki\/wp-content\/uploads\/2024\/10\/Sahkopostitilin-luominen-1-1024x184.png 1024w, https:\/\/www.zoner.fi\/tuki\/wp-content\/uploads\/2024\/10\/Sahkopostitilin-luominen-1-300x54.png 300w, https:\/\/www.zoner.fi\/tuki\/wp-content\/uploads\/2024\/10\/Sahkopostitilin-luominen-1-768x138.png 768w, https:\/\/www.zoner.fi\/tuki\/wp-content\/uploads\/2024\/10\/Sahkopostitilin-luominen-1.png 1371w\" sizes=\"auto, (max-width: 1024px) 100vw, 1024px\" \/><\/figure>\n<\/div>\n\n\n<ul class=\"wp-block-list\">\n<li>Valitse cPanelissa &#8221;Email Accounts&#8221; yll\u00e4 olevan kuvan mukaisesti.<\/li>\n\n\n\n<li>Paina seuraavalta sivulta nappia &#8221;+ LUO&#8221; ja t\u00e4yt\u00e4 seuraavat tiedot:<\/li>\n<\/ul>\n\n\n<div class=\"wp-block-image\">\n<figure class=\"aligncenter size-full\"><img loading=\"lazy\" decoding=\"async\" width=\"903\" height=\"517\" src=\"https:\/\/www.zoner.fi\/tuki\/wp-content\/uploads\/2024\/10\/Sahkopostitilin-luominen-2.png\" alt=\"\" class=\"wp-image-133872\" srcset=\"https:\/\/www.zoner.fi\/tuki\/wp-content\/uploads\/2024\/10\/Sahkopostitilin-luominen-2.png 903w, https:\/\/www.zoner.fi\/tuki\/wp-content\/uploads\/2024\/10\/Sahkopostitilin-luominen-2-300x172.png 300w, https:\/\/www.zoner.fi\/tuki\/wp-content\/uploads\/2024\/10\/Sahkopostitilin-luominen-2-768x440.png 768w\" sizes=\"auto, (max-width: 903px) 100vw, 903px\" \/><\/figure>\n<\/div>\n\n\n<ul class=\"wp-block-list\">\n<li>Kirjoita haluamasi s\u00e4hk\u00f6postiosoitteen alkuosa (@verkkotunnuksesi.fi ei tarvitse kirjoittaa).<\/li>\n\n\n\n<li>Voit sitten luoda turvallisen salasanan painamalla &#8221;Password Generator&#8221;<\/li>\n\n\n\n<li>Viimeistele tilin luonti klikkaamalla &#8221;Create Account&#8221;<\/li>\n<\/ul>\n\n\n<div class=\"wp-block-image\">\n<figure class=\"aligncenter size-full\"><img loading=\"lazy\" decoding=\"async\" width=\"314\" height=\"90\" src=\"https:\/\/www.zoner.fi\/tuki\/wp-content\/uploads\/2024\/10\/Sahkopostitilin-luominen-3.png\" alt=\"\" class=\"wp-image-133873\" srcset=\"https:\/\/www.zoner.fi\/tuki\/wp-content\/uploads\/2024\/10\/Sahkopostitilin-luominen-3.png 314w, https:\/\/www.zoner.fi\/tuki\/wp-content\/uploads\/2024\/10\/Sahkopostitilin-luominen-3-300x86.png 300w\" sizes=\"auto, (max-width: 314px) 100vw, 314px\" \/><\/figure>\n<\/div>\n\n\n<ul class=\"wp-block-list\">\n<li>Ruudulle ilmestyy yll\u00e4 n\u00e4kyv\u00e4 vihre\u00e4 laatikko, kun tili on luotu onnistuneesti.<\/li>\n<\/ul>\n","protected":false},"excerpt":{"rendered":"<p>S\u00e4hk\u00f6postitilin luominen onnistuu k\u00e4tev\u00e4sti cPanelista.<\/p>\n","protected":false},"author":48,"featured_media":0,"parent":137349,"menu_order":0,"comment_status":"closed","ping_status":"closed","template":"","meta":{"_relevanssi_hide_post":"","_relevanssi_hide_content":"","_relevanssi_pin_for_all":"","_relevanssi_pin_keywords":"","_relevanssi_unpin_keywords":"","_relevanssi_related_keywords":"","_relevanssi_related_include_ids":"","_relevanssi_related_exclude_ids":"","_relevanssi_related_no_append":"","_relevanssi_related_not_related":"","_relevanssi_related_posts":"130641,131535,132254,1066,130553,130412","_relevanssi_noindex_reason":"","footnotes":""},"categories":[213,218],"tags":[199,214],"wf_page_folders":[],"class_list":{"0":"post-132725","1":"page","2":"type-page","3":"status-publish","5":"category-cpanel-webhotelli-fi-sahkoposti","6":"category-cpanel-webhotelli-fi-webhotellit","7":"tag-sahkoposti","8":"tag-sahkopostin-hallinta"},"_links":{"self":[{"href":"https:\/\/www.zoner.fi\/tuki\/wp-json\/wp\/v2\/pages\/132725","targetHints":{"allow":["GET"]}}],"collection":[{"href":"https:\/\/www.zoner.fi\/tuki\/wp-json\/wp\/v2\/pages"}],"about":[{"href":"https:\/\/www.zoner.fi\/tuki\/wp-json\/wp\/v2\/types\/page"}],"author":[{"embeddable":true,"href":"https:\/\/www.zoner.fi\/tuki\/wp-json\/wp\/v2\/users\/48"}],"replies":[{"embeddable":true,"href":"https:\/\/www.zoner.fi\/tuki\/wp-json\/wp\/v2\/comments?post=132725"}],"version-history":[{"count":4,"href":"https:\/\/www.zoner.fi\/tuki\/wp-json\/wp\/v2\/pages\/132725\/revisions"}],"predecessor-version":[{"id":138088,"href":"https:\/\/www.zoner.fi\/tuki\/wp-json\/wp\/v2\/pages\/132725\/revisions\/138088"}],"up":[{"embeddable":true,"href":"https:\/\/www.zoner.fi\/tuki\/wp-json\/wp\/v2\/pages\/137349"}],"wp:attachment":[{"href":"https:\/\/www.zoner.fi\/tuki\/wp-json\/wp\/v2\/media?parent=132725"}],"wp:term":[{"taxonomy":"category","embeddable":true,"href":"https:\/\/www.zoner.fi\/tuki\/wp-json\/wp\/v2\/categories?post=132725"},{"taxonomy":"post_tag","embeddable":true,"href":"https:\/\/www.zoner.fi\/tuki\/wp-json\/wp\/v2\/tags?post=132725"},{"taxonomy":"wf_page_folders","embeddable":true,"href":"https:\/\/www.zoner.fi\/tuki\/wp-json\/wp\/v2\/wf_page_folders?post=132725"}],"curies":[{"name":"wp","href":"https:\/\/api.w.org\/{rel}","templated":true}]}}