{"id":132727,"date":"2024-10-08T08:43:23","date_gmt":"2024-10-08T05:43:23","guid":{"rendered":"https:\/\/www.zoner.fi\/tuki\/?page_id=132727"},"modified":"2025-09-29T12:33:55","modified_gmt":"2025-09-29T09:33:55","slug":"verkkotunnuksen-pakottaminen-suojattuun-yhteyteen-https","status":"publish","type":"page","link":"https:\/\/www.zoner.fi\/tuki\/webhotellit\/cpanel-webhotelli-fi\/verkkotunnuksen-pakottaminen-suojattuun-yhteyteen-https\/","title":{"rendered":"Verkkotunnuksen pakottaminen suojattuun yhteyteen (https)"},"content":{"rendered":"\n<p>Jos verkkotunnuksella on SSL-sertifikaatti, se mahdollistaa suojatun https-yhteyden k\u00e4ytt\u00e4misen, jolloin verkkoselaimessa osoitekentt\u00e4\u00e4n tulee https:\/\/ ennen verkkotunnusta.<br><br>Sivustolle voi kuitenkin edelleen menn\u00e4 suojaamattomalla http-alkuisella osoitteella ( http:\/\/ ), jolloin yhteys selaimen ja sivuston v\u00e4lill\u00e4 ei ole suojattu. Voit pakottaa sivustosi toimimaan aina suojatussa https-yhteydess\u00e4 seuraavalla ohjeella:<\/p>\n\n\n\n<ul class=\"wp-block-list\">\n<li>HUOM: Jos sivustosi on Wordpess-sivusto, voit vaihtaa sivuston osoitteen https-alkuiseksi WordPressin hallintapaneelissa.<\/li>\n<\/ul>\n\n\n\n<p>Voit luoda 301-ohjauksen muokkaamalla sivustosi .htaccess-tiedostoa. Etsi siit\u00e4 kohta &#8221;RewriteEngine On&#8221; ja lis\u00e4\u00e4 alla olevat rivit sen alle:<\/p>\n\n\n\n<p>RewriteCond %{HTTPS} off<br>RewriteRule ^(.*)$ https:\/\/%{HTTP_HOST}%{REQUEST_URI} [L,R=301]<\/p>\n\n\n\n<p>Mik\u00e4li &#8221;RewriteEngine On&#8221; teksti\u00e4 ei l\u00f6ydy, voit luoda sen itse. Varmista kuitenkin, ettei teksti\u00e4 ole kahteen kertaan tiedostossa. Muista lopuksi tallentaa muutos.<\/p>\n\n\n\n<p>Mik\u00e4li .htaccess-tiedostoa ei l\u00f6ydy sivustosi &#8221;public_html&#8221; hakemistosta, voit luoda sen itse. Ennen t\u00e4t\u00e4 suosittelemme tarkistamaan, ett\u00e4 tiedostohallinta-ty\u00f6kalussa on piilotiedostojen n\u00e4kyvyys k\u00e4yt\u00f6ss\u00e4, sill\u00e4 .htaccess on piilotiedosto (piste nimen edess\u00e4 m\u00e4\u00e4ritt\u00e4\u00e4 t\u00e4m\u00e4n), ja piilotiedostot eiv\u00e4t oletuksena n\u00e4y.<\/p>\n","protected":false},"excerpt":{"rendered":"<p>Jos verkkotunnuksella on SSL-sertifikaatti, se mahdollistaa suojatun https-yhteyden k\u00e4ytt\u00e4misen, jolloin verkkoselaimessa osoitekentt\u00e4\u00e4n tulee https:\/\/ ennen verkkotunnusta. Sivustolle voi kuitenkin edelleen menn\u00e4 suojaamattomalla http-alkuisella osoitteella ( http:\/\/ ), jolloin yhteys selaimen ja sivuston v\u00e4lill\u00e4 ei ole suojattu. Voit pakottaa sivustosi toimimaan aina suojatussa https-yhteydess\u00e4 seuraavalla ohjeella: Voit luoda 301-ohjauksen muokkaamalla sivustosi .htaccess-tiedostoa. Etsi siit\u00e4 kohta &#8221;RewriteEngine &#8230; <a title=\"Verkkotunnuksen pakottaminen suojattuun yhteyteen (https)\" class=\"read-more\" href=\"https:\/\/www.zoner.fi\/tuki\/webhotellit\/cpanel-webhotelli-fi\/verkkotunnuksen-pakottaminen-suojattuun-yhteyteen-https\/\" aria-label=\"Lue lis\u00e4\u00e4 aiheesta Verkkotunnuksen pakottaminen suojattuun yhteyteen (https)\">Lue lis\u00e4\u00e4<\/a><\/p>\n","protected":false},"author":48,"featured_media":0,"parent":137349,"menu_order":0,"comment_status":"closed","ping_status":"closed","template":"","meta":{"_relevanssi_hide_post":"","_relevanssi_hide_content":"","_relevanssi_pin_for_all":"","_relevanssi_pin_keywords":"","_relevanssi_unpin_keywords":"","_relevanssi_related_keywords":"","_relevanssi_related_include_ids":"","_relevanssi_related_exclude_ids":"","_relevanssi_related_no_append":"","_relevanssi_related_not_related":"","_relevanssi_related_posts":"130464,130498,130657,132261,130667,132144","_relevanssi_noindex_reason":"","footnotes":""},"categories":[211,218],"tags":[219,158],"wf_page_folders":[],"class_list":{"0":"post-132727","1":"page","2":"type-page","3":"status-publish","5":"category-cpanel-webhotelli-fi","6":"category-cpanel-webhotelli-fi-webhotellit","7":"tag-verkkotunnusten-hallinta","8":"tag-yleiset"},"_links":{"self":[{"href":"https:\/\/www.zoner.fi\/tuki\/wp-json\/wp\/v2\/pages\/132727","targetHints":{"allow":["GET"]}}],"collection":[{"href":"https:\/\/www.zoner.fi\/tuki\/wp-json\/wp\/v2\/pages"}],"about":[{"href":"https:\/\/www.zoner.fi\/tuki\/wp-json\/wp\/v2\/types\/page"}],"author":[{"embeddable":true,"href":"https:\/\/www.zoner.fi\/tuki\/wp-json\/wp\/v2\/users\/48"}],"replies":[{"embeddable":true,"href":"https:\/\/www.zoner.fi\/tuki\/wp-json\/wp\/v2\/comments?post=132727"}],"version-history":[{"count":3,"href":"https:\/\/www.zoner.fi\/tuki\/wp-json\/wp\/v2\/pages\/132727\/revisions"}],"predecessor-version":[{"id":137567,"href":"https:\/\/www.zoner.fi\/tuki\/wp-json\/wp\/v2\/pages\/132727\/revisions\/137567"}],"up":[{"embeddable":true,"href":"https:\/\/www.zoner.fi\/tuki\/wp-json\/wp\/v2\/pages\/137349"}],"wp:attachment":[{"href":"https:\/\/www.zoner.fi\/tuki\/wp-json\/wp\/v2\/media?parent=132727"}],"wp:term":[{"taxonomy":"category","embeddable":true,"href":"https:\/\/www.zoner.fi\/tuki\/wp-json\/wp\/v2\/categories?post=132727"},{"taxonomy":"post_tag","embeddable":true,"href":"https:\/\/www.zoner.fi\/tuki\/wp-json\/wp\/v2\/tags?post=132727"},{"taxonomy":"wf_page_folders","embeddable":true,"href":"https:\/\/www.zoner.fi\/tuki\/wp-json\/wp\/v2\/wf_page_folders?post=132727"}],"curies":[{"name":"wp","href":"https:\/\/api.w.org\/{rel}","templated":true}]}}