{"id":132729,"date":"2024-10-07T11:14:49","date_gmt":"2024-10-07T08:14:49","guid":{"rendered":"https:\/\/www.zoner.fi\/tuki\/?page_id=132729"},"modified":"2025-11-12T15:45:02","modified_gmt":"2025-11-12T13:45:02","slug":"kotisivutyokalu-rvsitebuilder","status":"publish","type":"page","link":"https:\/\/www.zoner.fi\/tuki\/webhotellit\/cpanel-webhotelli-fi\/kotisivutyokalu-rvsitebuilder\/","title":{"rendered":"Kotisivuty\u00f6kalu &#8211; RVSitebuilder"},"content":{"rendered":"\n<ul class=\"wp-block-list\">\n<li>Kirjaudu cPaneliin Zoner Homen kautta. <strong>Ohje<\/strong>: <a href=\"https:\/\/www.zoner.fi\/tuki\/webhotellit\/cpanel-webhotelli-fi\/cpanel-palvelunhallintaan-siirtyminen\/\">cPanel-palvelunhallintaan siirtyminen<\/a>.<\/li>\n\n\n\n<li>Klikkaa RVSiteuilder<\/li>\n<\/ul>\n\n\n\n<figure class=\"wp-block-image size-full\"><img loading=\"lazy\" decoding=\"async\" width=\"624\" height=\"372\" src=\"https:\/\/www.zoner.fi\/tuki\/wp-content\/uploads\/2024\/10\/Kotisivutyokalu-\u2013-RVSitebuilder.png\" alt=\"\" class=\"wp-image-133804\" srcset=\"https:\/\/www.zoner.fi\/tuki\/wp-content\/uploads\/2024\/10\/Kotisivutyokalu-\u2013-RVSitebuilder.png 624w, https:\/\/www.zoner.fi\/tuki\/wp-content\/uploads\/2024\/10\/Kotisivutyokalu-\u2013-RVSitebuilder-300x179.png 300w\" sizes=\"auto, (max-width: 624px) 100vw, 624px\" \/><\/figure>\n\n\n\n<ul class=\"wp-block-list\">\n<li>Meill\u00e4 ei valitettavasti ole omia ohjeita RVSitebuilderin k\u00e4ytt\u00f6\u00f6n, mutta virallinen dokumentaatio l\u00f6ytyy t\u00e4\u00e4lt\u00e4:&nbsp;<a href=\"https:\/\/www.rvsitebuilder.com\/tutorials\/\" target=\"_blank\" rel=\"noopener\">https:\/\/www.rvsitebuilder.com\/tutorials\/<\/a><\/li>\n<\/ul>\n","protected":false},"excerpt":{"rendered":"","protected":false},"author":48,"featured_media":0,"parent":137349,"menu_order":0,"comment_status":"closed","ping_status":"closed","template":"","meta":{"_relevanssi_hide_post":"","_relevanssi_hide_content":"","_relevanssi_pin_for_all":"","_relevanssi_pin_keywords":"","_relevanssi_unpin_keywords":"","_relevanssi_related_keywords":"","_relevanssi_related_include_ids":"","_relevanssi_related_exclude_ids":"","_relevanssi_related_no_append":"","_relevanssi_related_not_related":"","_relevanssi_related_posts":"130397,130899,130813,132254,130412,130526","_relevanssi_noindex_reason":"","footnotes":""},"categories":[218],"tags":[95,158],"wf_page_folders":[],"class_list":{"0":"post-132729","1":"page","2":"type-page","3":"status-publish","5":"category-cpanel-webhotelli-fi-webhotellit","6":"tag-ohjelmistot","7":"tag-yleiset"},"_links":{"self":[{"href":"https:\/\/www.zoner.fi\/tuki\/wp-json\/wp\/v2\/pages\/132729","targetHints":{"allow":["GET"]}}],"collection":[{"href":"https:\/\/www.zoner.fi\/tuki\/wp-json\/wp\/v2\/pages"}],"about":[{"href":"https:\/\/www.zoner.fi\/tuki\/wp-json\/wp\/v2\/types\/page"}],"author":[{"embeddable":true,"href":"https:\/\/www.zoner.fi\/tuki\/wp-json\/wp\/v2\/users\/48"}],"replies":[{"embeddable":true,"href":"https:\/\/www.zoner.fi\/tuki\/wp-json\/wp\/v2\/comments?post=132729"}],"version-history":[{"count":6,"href":"https:\/\/www.zoner.fi\/tuki\/wp-json\/wp\/v2\/pages\/132729\/revisions"}],"predecessor-version":[{"id":138071,"href":"https:\/\/www.zoner.fi\/tuki\/wp-json\/wp\/v2\/pages\/132729\/revisions\/138071"}],"up":[{"embeddable":true,"href":"https:\/\/www.zoner.fi\/tuki\/wp-json\/wp\/v2\/pages\/137349"}],"wp:attachment":[{"href":"https:\/\/www.zoner.fi\/tuki\/wp-json\/wp\/v2\/media?parent=132729"}],"wp:term":[{"taxonomy":"category","embeddable":true,"href":"https:\/\/www.zoner.fi\/tuki\/wp-json\/wp\/v2\/categories?post=132729"},{"taxonomy":"post_tag","embeddable":true,"href":"https:\/\/www.zoner.fi\/tuki\/wp-json\/wp\/v2\/tags?post=132729"},{"taxonomy":"wf_page_folders","embeddable":true,"href":"https:\/\/www.zoner.fi\/tuki\/wp-json\/wp\/v2\/wf_page_folders?post=132729"}],"curies":[{"name":"wp","href":"https:\/\/api.w.org\/{rel}","templated":true}]}}