{"id":132731,"date":"2024-10-08T08:40:25","date_gmt":"2024-10-08T05:40:25","guid":{"rendered":"https:\/\/www.zoner.fi\/tuki\/?page_id=132731"},"modified":"2025-11-12T15:51:38","modified_gmt":"2025-11-12T13:51:38","slug":"varmuuskopiointi-cpanelissa-backup","status":"publish","type":"page","link":"https:\/\/www.zoner.fi\/tuki\/webhotellit\/cpanel-webhotelli-fi\/varmuuskopiointi-cpanelissa-backup\/","title":{"rendered":"Varmuuskopiointi cPanelissa (backup)"},"content":{"rendered":"\n<ul class=\"wp-block-list\">\n<li>Kirjaudu cPaneliin Zoner Homen kautta. <strong>Ohje<\/strong>: <a href=\"https:\/\/www.zoner.fi\/tuki\/webhotellit\/cpanel-webhotelli-fi\/cpanel-palvelunhallintaan-siirtyminen\/\">cPanel-palvelunhallintaan siirtyminen<\/a>.<\/li>\n<\/ul>\n\n\n\n<figure class=\"wp-block-image size-full\"><img loading=\"lazy\" decoding=\"async\" width=\"560\" height=\"371\" src=\"https:\/\/www.zoner.fi\/tuki\/wp-content\/uploads\/2024\/10\/Varmuuskopiointi-cPanelissa-backup-1.png\" alt=\"\" class=\"wp-image-133894\" srcset=\"https:\/\/www.zoner.fi\/tuki\/wp-content\/uploads\/2024\/10\/Varmuuskopiointi-cPanelissa-backup-1.png 560w, https:\/\/www.zoner.fi\/tuki\/wp-content\/uploads\/2024\/10\/Varmuuskopiointi-cPanelissa-backup-1-300x199.png 300w\" sizes=\"auto, (max-width: 560px) 100vw, 560px\" \/><\/figure>\n\n\n\n<ul class=\"wp-block-list\">\n<li>Valitse sielt\u00e4 <strong>Varmuuskopio<\/strong>.<\/li>\n<\/ul>\n\n\n\n<figure class=\"wp-block-image size-full\"><img loading=\"lazy\" decoding=\"async\" width=\"542\" height=\"182\" src=\"https:\/\/www.zoner.fi\/tuki\/wp-content\/uploads\/2024\/10\/Varmuuskopiointi-cPanelissa-backup-2.png\" alt=\"\" class=\"wp-image-133895\" srcset=\"https:\/\/www.zoner.fi\/tuki\/wp-content\/uploads\/2024\/10\/Varmuuskopiointi-cPanelissa-backup-2.png 542w, https:\/\/www.zoner.fi\/tuki\/wp-content\/uploads\/2024\/10\/Varmuuskopiointi-cPanelissa-backup-2-300x101.png 300w\" sizes=\"auto, (max-width: 542px) 100vw, 542px\" \/><\/figure>\n\n\n\n<ul class=\"wp-block-list\">\n<li>Jos haluat varmuuskopioida koko nykyisen sivustosi, napsauta yll\u00e4 olevan kuvan mukaista painiketta.<\/li>\n<\/ul>\n\n\n\n<figure class=\"wp-block-image size-full\"><img loading=\"lazy\" decoding=\"async\" width=\"566\" height=\"177\" src=\"https:\/\/www.zoner.fi\/tuki\/wp-content\/uploads\/2024\/10\/Varmuuskopiointi-cPanelissa-backup-3.png\" alt=\"\" class=\"wp-image-133896\" srcset=\"https:\/\/www.zoner.fi\/tuki\/wp-content\/uploads\/2024\/10\/Varmuuskopiointi-cPanelissa-backup-3.png 566w, https:\/\/www.zoner.fi\/tuki\/wp-content\/uploads\/2024\/10\/Varmuuskopiointi-cPanelissa-backup-3-300x94.png 300w\" sizes=\"auto, (max-width: 566px) 100vw, 566px\" \/><\/figure>\n\n\n\n<ul class=\"wp-block-list\">\n<li>Voit my\u00f6s valita varmuuskopion olemassa olevilta ajankohdilta, jotka n\u00e4et yll\u00e4 olevan kuvan pudotusvalikosta.<\/li>\n\n\n\n<li>Samalla sivulla voit tehd\u00e4 osittaisia varmuuskopioita ja palautuksia kohdassa <strong>Osittaiset varmuuskopiot<\/strong>.<\/li>\n<\/ul>\n","protected":false},"excerpt":{"rendered":"","protected":false},"author":48,"featured_media":0,"parent":137349,"menu_order":0,"comment_status":"closed","ping_status":"closed","template":"","meta":{"_relevanssi_hide_post":"","_relevanssi_hide_content":"","_relevanssi_pin_for_all":"","_relevanssi_pin_keywords":"","_relevanssi_unpin_keywords":"","_relevanssi_related_keywords":"","_relevanssi_related_include_ids":"","_relevanssi_related_exclude_ids":"","_relevanssi_related_no_append":"","_relevanssi_related_not_related":"","_relevanssi_related_posts":"131506,132348,130553,130641,130616,130269","_relevanssi_noindex_reason":"","footnotes":""},"categories":[218],"tags":[220,158],"wf_page_folders":[],"class_list":{"0":"post-132731","1":"page","2":"type-page","3":"status-publish","5":"category-cpanel-webhotelli-fi-webhotellit","6":"tag-tiedostonhallinta","7":"tag-yleiset"},"_links":{"self":[{"href":"https:\/\/www.zoner.fi\/tuki\/wp-json\/wp\/v2\/pages\/132731","targetHints":{"allow":["GET"]}}],"collection":[{"href":"https:\/\/www.zoner.fi\/tuki\/wp-json\/wp\/v2\/pages"}],"about":[{"href":"https:\/\/www.zoner.fi\/tuki\/wp-json\/wp\/v2\/types\/page"}],"author":[{"embeddable":true,"href":"https:\/\/www.zoner.fi\/tuki\/wp-json\/wp\/v2\/users\/48"}],"replies":[{"embeddable":true,"href":"https:\/\/www.zoner.fi\/tuki\/wp-json\/wp\/v2\/comments?post=132731"}],"version-history":[{"count":5,"href":"https:\/\/www.zoner.fi\/tuki\/wp-json\/wp\/v2\/pages\/132731\/revisions"}],"predecessor-version":[{"id":138094,"href":"https:\/\/www.zoner.fi\/tuki\/wp-json\/wp\/v2\/pages\/132731\/revisions\/138094"}],"up":[{"embeddable":true,"href":"https:\/\/www.zoner.fi\/tuki\/wp-json\/wp\/v2\/pages\/137349"}],"wp:attachment":[{"href":"https:\/\/www.zoner.fi\/tuki\/wp-json\/wp\/v2\/media?parent=132731"}],"wp:term":[{"taxonomy":"category","embeddable":true,"href":"https:\/\/www.zoner.fi\/tuki\/wp-json\/wp\/v2\/categories?post=132731"},{"taxonomy":"post_tag","embeddable":true,"href":"https:\/\/www.zoner.fi\/tuki\/wp-json\/wp\/v2\/tags?post=132731"},{"taxonomy":"wf_page_folders","embeddable":true,"href":"https:\/\/www.zoner.fi\/tuki\/wp-json\/wp\/v2\/wf_page_folders?post=132731"}],"curies":[{"name":"wp","href":"https:\/\/api.w.org\/{rel}","templated":true}]}}