{"id":132737,"date":"2024-10-08T08:53:05","date_gmt":"2024-10-08T05:53:05","guid":{"rendered":"https:\/\/www.zoner.fi\/tuki\/?page_id=132737"},"modified":"2025-11-12T15:50:51","modified_gmt":"2025-11-12T13:50:51","slug":"tiedostojen-hallinta-cpanelin-kautta","status":"publish","type":"page","link":"https:\/\/www.zoner.fi\/tuki\/webhotellit\/cpanel-webhotelli-fi\/tiedostojen-hallinta-cpanelin-kautta\/","title":{"rendered":"Tiedostojen hallinta cPanelin kautta"},"content":{"rendered":"\n<p>Joskus on tarpeen manuaalisesti muokata, poistaa tai siirt\u00e4\u00e4 tiedostoja ja hakemistoja palvelussa. T\u00e4m\u00e4 onnistuu FTP-yhteyden lis\u00e4ksi my\u00f6s suoraan cPanelin kautta.<\/p>\n\n\n\n<ul class=\"wp-block-list\">\n<li>Kirjaudu cPaneliin Zoner Homen kautta. <strong>Ohje<\/strong>: <a href=\"https:\/\/www.zoner.fi\/tuki\/webhotellit\/cpanel-webhotelli-fi\/cpanel-palvelunhallintaan-siirtyminen\/\">cPanel-palvelunhallintaan siirtyminen<\/a>.<\/li>\n<\/ul>\n\n\n\n<figure class=\"wp-block-image size-full\"><img loading=\"lazy\" decoding=\"async\" width=\"813\" height=\"250\" src=\"https:\/\/www.zoner.fi\/tuki\/wp-content\/uploads\/2024\/10\/Tiedostojen-hallinta-cPanelin-kautta-1.png\" alt=\"\" class=\"wp-image-133881\" srcset=\"https:\/\/www.zoner.fi\/tuki\/wp-content\/uploads\/2024\/10\/Tiedostojen-hallinta-cPanelin-kautta-1.png 813w, https:\/\/www.zoner.fi\/tuki\/wp-content\/uploads\/2024\/10\/Tiedostojen-hallinta-cPanelin-kautta-1-300x92.png 300w, https:\/\/www.zoner.fi\/tuki\/wp-content\/uploads\/2024\/10\/Tiedostojen-hallinta-cPanelin-kautta-1-768x236.png 768w\" sizes=\"auto, (max-width: 813px) 100vw, 813px\" \/><\/figure>\n\n\n\n<ul class=\"wp-block-list\">\n<li>Valitse <strong>Tiedostonhallinta<\/strong>.<\/li>\n<\/ul>\n\n\n\n<figure class=\"wp-block-image size-full\"><img loading=\"lazy\" decoding=\"async\" width=\"824\" height=\"583\" src=\"https:\/\/www.zoner.fi\/tuki\/wp-content\/uploads\/2024\/10\/Tiedostojen-hallinta-cPanelin-kautta-2-1.png\" alt=\"\" class=\"wp-image-133883\" srcset=\"https:\/\/www.zoner.fi\/tuki\/wp-content\/uploads\/2024\/10\/Tiedostojen-hallinta-cPanelin-kautta-2-1.png 824w, https:\/\/www.zoner.fi\/tuki\/wp-content\/uploads\/2024\/10\/Tiedostojen-hallinta-cPanelin-kautta-2-1-300x212.png 300w, https:\/\/www.zoner.fi\/tuki\/wp-content\/uploads\/2024\/10\/Tiedostojen-hallinta-cPanelin-kautta-2-1-768x543.png 768w\" sizes=\"auto, (max-width: 824px) 100vw, 824px\" \/><\/figure>\n\n\n\n<p>Palvelun p\u00e4\u00e4verkkotunnuksen (se, jolle palvelu on tilattu) verkkosivujen tiedostot sijaitsevat oletuksena <em>public_html<\/em>-hakemistossa. <em>mail<\/em>-hakemisto taas sis\u00e4lt\u00e4\u00e4 esimerkiksi palveluun vastaanotetut s\u00e4hk\u00f6postiviestit. Hakemistoista ei kannata poistaa mit\u00e4\u00e4n mist\u00e4 ei ole varma &#8211; tiedostoissa on my\u00f6s cPanelin toiminnan kannalta oleellisia tiedostoja, ja esimerkiksi koko kotihakemiston tyhjent\u00e4minen voi pahimmillaan saattaa webhotellin t\u00e4ysin toimimattomaan tilaan.<\/p>\n","protected":false},"excerpt":{"rendered":"<p>Joskus on tarpeen manuaalisesti muokata, poistaa tai siirt\u00e4\u00e4 tiedostoja ja hakemistoja palvelussa. T\u00e4m\u00e4 onnistuu FTP-yhteyden lis\u00e4ksi my\u00f6s suoraan cPanelin kautta. Palvelun p\u00e4\u00e4verkkotunnuksen (se, jolle palvelu on tilattu) verkkosivujen tiedostot sijaitsevat oletuksena public_html-hakemistossa. mail-hakemisto taas sis\u00e4lt\u00e4\u00e4 esimerkiksi palveluun vastaanotetut s\u00e4hk\u00f6postiviestit. Hakemistoista ei kannata poistaa mit\u00e4\u00e4n mist\u00e4 ei ole varma &#8211; tiedostoissa on my\u00f6s cPanelin toiminnan kannalta &#8230; <a title=\"Tiedostojen hallinta cPanelin kautta\" class=\"read-more\" href=\"https:\/\/www.zoner.fi\/tuki\/webhotellit\/cpanel-webhotelli-fi\/tiedostojen-hallinta-cpanelin-kautta\/\" aria-label=\"Lue lis\u00e4\u00e4 aiheesta Tiedostojen hallinta cPanelin kautta\">Lue lis\u00e4\u00e4<\/a><\/p>\n","protected":false},"author":48,"featured_media":0,"parent":137349,"menu_order":0,"comment_status":"closed","ping_status":"closed","template":"","meta":{"_relevanssi_hide_post":"","_relevanssi_hide_content":"","_relevanssi_pin_for_all":"","_relevanssi_pin_keywords":"","_relevanssi_unpin_keywords":"","_relevanssi_related_keywords":"","_relevanssi_related_include_ids":"","_relevanssi_related_exclude_ids":"","_relevanssi_related_no_append":"","_relevanssi_related_not_related":"","_relevanssi_related_posts":"132348,130935,130641,130269,132301,130397","_relevanssi_noindex_reason":"","footnotes":""},"categories":[218],"tags":[220],"wf_page_folders":[],"class_list":{"0":"post-132737","1":"page","2":"type-page","3":"status-publish","5":"category-cpanel-webhotelli-fi-webhotellit","6":"tag-tiedostonhallinta"},"_links":{"self":[{"href":"https:\/\/www.zoner.fi\/tuki\/wp-json\/wp\/v2\/pages\/132737","targetHints":{"allow":["GET"]}}],"collection":[{"href":"https:\/\/www.zoner.fi\/tuki\/wp-json\/wp\/v2\/pages"}],"about":[{"href":"https:\/\/www.zoner.fi\/tuki\/wp-json\/wp\/v2\/types\/page"}],"author":[{"embeddable":true,"href":"https:\/\/www.zoner.fi\/tuki\/wp-json\/wp\/v2\/users\/48"}],"replies":[{"embeddable":true,"href":"https:\/\/www.zoner.fi\/tuki\/wp-json\/wp\/v2\/comments?post=132737"}],"version-history":[{"count":5,"href":"https:\/\/www.zoner.fi\/tuki\/wp-json\/wp\/v2\/pages\/132737\/revisions"}],"predecessor-version":[{"id":138091,"href":"https:\/\/www.zoner.fi\/tuki\/wp-json\/wp\/v2\/pages\/132737\/revisions\/138091"}],"up":[{"embeddable":true,"href":"https:\/\/www.zoner.fi\/tuki\/wp-json\/wp\/v2\/pages\/137349"}],"wp:attachment":[{"href":"https:\/\/www.zoner.fi\/tuki\/wp-json\/wp\/v2\/media?parent=132737"}],"wp:term":[{"taxonomy":"category","embeddable":true,"href":"https:\/\/www.zoner.fi\/tuki\/wp-json\/wp\/v2\/categories?post=132737"},{"taxonomy":"post_tag","embeddable":true,"href":"https:\/\/www.zoner.fi\/tuki\/wp-json\/wp\/v2\/tags?post=132737"},{"taxonomy":"wf_page_folders","embeddable":true,"href":"https:\/\/www.zoner.fi\/tuki\/wp-json\/wp\/v2\/wf_page_folders?post=132737"}],"curies":[{"name":"wp","href":"https:\/\/api.w.org\/{rel}","templated":true}]}}