{"id":132740,"date":"2024-10-08T08:36:04","date_gmt":"2024-10-08T05:36:04","guid":{"rendered":"https:\/\/www.zoner.fi\/tuki\/?page_id=132740"},"modified":"2026-03-17T13:06:46","modified_gmt":"2026-03-17T11:06:46","slug":"tutki-sivuston-liikennetta-statistiikkaa","status":"publish","type":"page","link":"https:\/\/www.zoner.fi\/tuki\/webhotellit\/cpanel-webhotelli-fi\/tutki-sivuston-liikennetta-statistiikkaa\/","title":{"rendered":"Tutki sivuston liikennett\u00e4\/statistiikkaa"},"content":{"rendered":"\n<ul class=\"wp-block-list\">\n<li>Kirjaudu cPaneliin Zoner Homen kautta. <strong>Ohje<\/strong>: <a href=\"https:\/\/www.zoner.fi\/tuki\/webhotellit\/cpanel-webhotelli-fi\/cpanel-palvelunhallintaan-siirtyminen\/\">cPanel-palvelunhallintaan siirtyminen<\/a>.<\/li>\n<\/ul>\n\n\n\n<figure class=\"wp-block-image size-full\"><img loading=\"lazy\" decoding=\"async\" width=\"780\" height=\"193\" src=\"https:\/\/www.zoner.fi\/tuki\/wp-content\/uploads\/2026\/03\/cpanel_awstats.png\" alt=\"\" class=\"wp-image-138704\" srcset=\"https:\/\/www.zoner.fi\/tuki\/wp-content\/uploads\/2026\/03\/cpanel_awstats.png 780w, https:\/\/www.zoner.fi\/tuki\/wp-content\/uploads\/2026\/03\/cpanel_awstats-300x74.png 300w, https:\/\/www.zoner.fi\/tuki\/wp-content\/uploads\/2026\/03\/cpanel_awstats-768x190.png 768w\" sizes=\"auto, (max-width: 780px) 100vw, 780px\" \/><\/figure>\n\n\n\n<ul class=\"wp-block-list\">\n<li>Klikkaa <strong>Awstats<\/strong>.<\/li>\n<\/ul>\n\n\n\n<figure class=\"wp-block-image size-full\"><img loading=\"lazy\" decoding=\"async\" width=\"547\" height=\"299\" src=\"https:\/\/www.zoner.fi\/tuki\/wp-content\/uploads\/2026\/03\/cpanel_awstats-zone.png\" alt=\"\" class=\"wp-image-138705\" srcset=\"https:\/\/www.zoner.fi\/tuki\/wp-content\/uploads\/2026\/03\/cpanel_awstats-zone.png 547w, https:\/\/www.zoner.fi\/tuki\/wp-content\/uploads\/2026\/03\/cpanel_awstats-zone-300x164.png 300w\" sizes=\"auto, (max-width: 547px) 100vw, 547px\" \/><\/figure>\n\n\n\n<ul class=\"wp-block-list\">\n<li>Klikkaa <strong>N\u00e4yt\u00e4 <\/strong>sen verkkotunnuksen kohdalla, jonka tilastoja haluat tutkia.<\/li>\n\n\n\n<li>AWStatista voit n\u00e4hd\u00e4 mm. vierailijoiden m\u00e4\u00e4r\u00e4n, sivujen latauskerrat, kuinka paljon kaistaa on k\u00e4ytetty kyseisen kuukauden aikana ja mist\u00e4 IP-osoitteesta liikenne tulee.<\/li>\n<\/ul>\n","protected":false},"excerpt":{"rendered":"","protected":false},"author":48,"featured_media":0,"parent":137349,"menu_order":0,"comment_status":"closed","ping_status":"closed","template":"","meta":{"_relevanssi_hide_post":"","_relevanssi_hide_content":"","_relevanssi_pin_for_all":"","_relevanssi_pin_keywords":"","_relevanssi_unpin_keywords":"","_relevanssi_related_keywords":"","_relevanssi_related_include_ids":"","_relevanssi_related_exclude_ids":"","_relevanssi_related_no_append":"","_relevanssi_related_not_related":"","_relevanssi_related_posts":"130616,131384,132254,130865,131535,132261","_relevanssi_noindex_reason":"","footnotes":""},"categories":[218,190],"tags":[158],"wf_page_folders":[],"class_list":{"0":"post-132740","1":"page","2":"type-page","3":"status-publish","5":"category-cpanel-webhotelli-fi-webhotellit","6":"category-cpanel-wepardi","7":"tag-yleiset"},"_links":{"self":[{"href":"https:\/\/www.zoner.fi\/tuki\/wp-json\/wp\/v2\/pages\/132740","targetHints":{"allow":["GET"]}}],"collection":[{"href":"https:\/\/www.zoner.fi\/tuki\/wp-json\/wp\/v2\/pages"}],"about":[{"href":"https:\/\/www.zoner.fi\/tuki\/wp-json\/wp\/v2\/types\/page"}],"author":[{"embeddable":true,"href":"https:\/\/www.zoner.fi\/tuki\/wp-json\/wp\/v2\/users\/48"}],"replies":[{"embeddable":true,"href":"https:\/\/www.zoner.fi\/tuki\/wp-json\/wp\/v2\/comments?post=132740"}],"version-history":[{"count":8,"href":"https:\/\/www.zoner.fi\/tuki\/wp-json\/wp\/v2\/pages\/132740\/revisions"}],"predecessor-version":[{"id":138706,"href":"https:\/\/www.zoner.fi\/tuki\/wp-json\/wp\/v2\/pages\/132740\/revisions\/138706"}],"up":[{"embeddable":true,"href":"https:\/\/www.zoner.fi\/tuki\/wp-json\/wp\/v2\/pages\/137349"}],"wp:attachment":[{"href":"https:\/\/www.zoner.fi\/tuki\/wp-json\/wp\/v2\/media?parent=132740"}],"wp:term":[{"taxonomy":"category","embeddable":true,"href":"https:\/\/www.zoner.fi\/tuki\/wp-json\/wp\/v2\/categories?post=132740"},{"taxonomy":"post_tag","embeddable":true,"href":"https:\/\/www.zoner.fi\/tuki\/wp-json\/wp\/v2\/tags?post=132740"},{"taxonomy":"wf_page_folders","embeddable":true,"href":"https:\/\/www.zoner.fi\/tuki\/wp-json\/wp\/v2\/wf_page_folders?post=132740"}],"curies":[{"name":"wp","href":"https:\/\/api.w.org\/{rel}","templated":true}]}}