{"id":132742,"date":"2024-10-08T08:34:10","date_gmt":"2024-10-08T05:34:10","guid":{"rendered":"https:\/\/www.zoner.fi\/tuki\/?page_id=132742"},"modified":"2025-11-12T15:47:30","modified_gmt":"2025-11-12T13:47:30","slug":"mysql-tietokantaan-yhdistaminen-ulkopuolelta-2","status":"publish","type":"page","link":"https:\/\/www.zoner.fi\/tuki\/webhotellit\/cpanel-webhotelli-fi\/mysql-tietokantaan-yhdistaminen-ulkopuolelta-2\/","title":{"rendered":"MySQL-tietokantaan yhdist\u00e4minen ulkopuolelta"},"content":{"rendered":"\n<ul class=\"wp-block-list\">\n<li>Kirjaudu cPaneliin Zoner Homen kautta. <strong>Ohje<\/strong>:<a href=\"https:\/\/www.zoner.fi\/tuki\/webhotellit\/cpanel-webhotelli-fi\/cpanel-palvelunhallintaan-siirtyminen\/\"> cPanel-palvelunhallintaan siirtyminen<\/a>.<\/li>\n\n\n\n<li>Valitse <strong>Tietokannat <\/strong>-osion alta <strong>MySQL-tietokannan et\u00e4k\u00e4ytt\u00f6<\/strong>.<\/li>\n\n\n\n<li>Sy\u00f6t\u00e4 sen laitteen IP-osoite, josta haluat yhdist\u00e4\u00e4 tietokantaan.<\/li>\n\n\n\n<li>Napsauta <strong>Lis\u00e4\u00e4 osoite<\/strong>.<\/li>\n<\/ul>\n","protected":false},"excerpt":{"rendered":"","protected":false},"author":48,"featured_media":0,"parent":137349,"menu_order":0,"comment_status":"closed","ping_status":"closed","template":"","meta":{"_relevanssi_hide_post":"","_relevanssi_hide_content":"","_relevanssi_pin_for_all":"","_relevanssi_pin_keywords":"","_relevanssi_unpin_keywords":"","_relevanssi_related_keywords":"","_relevanssi_related_include_ids":"","_relevanssi_related_exclude_ids":"","_relevanssi_related_no_append":"","_relevanssi_related_not_related":"","_relevanssi_related_posts":"130865,130553,132336,130515,130464,130269","_relevanssi_noindex_reason":"","footnotes":""},"categories":[218],"tags":[99],"wf_page_folders":[],"class_list":{"0":"post-132742","1":"page","2":"type-page","3":"status-publish","5":"category-cpanel-webhotelli-fi-webhotellit","6":"tag-tietokannat"},"_links":{"self":[{"href":"https:\/\/www.zoner.fi\/tuki\/wp-json\/wp\/v2\/pages\/132742","targetHints":{"allow":["GET"]}}],"collection":[{"href":"https:\/\/www.zoner.fi\/tuki\/wp-json\/wp\/v2\/pages"}],"about":[{"href":"https:\/\/www.zoner.fi\/tuki\/wp-json\/wp\/v2\/types\/page"}],"author":[{"embeddable":true,"href":"https:\/\/www.zoner.fi\/tuki\/wp-json\/wp\/v2\/users\/48"}],"replies":[{"embeddable":true,"href":"https:\/\/www.zoner.fi\/tuki\/wp-json\/wp\/v2\/comments?post=132742"}],"version-history":[{"count":4,"href":"https:\/\/www.zoner.fi\/tuki\/wp-json\/wp\/v2\/pages\/132742\/revisions"}],"predecessor-version":[{"id":138080,"href":"https:\/\/www.zoner.fi\/tuki\/wp-json\/wp\/v2\/pages\/132742\/revisions\/138080"}],"up":[{"embeddable":true,"href":"https:\/\/www.zoner.fi\/tuki\/wp-json\/wp\/v2\/pages\/137349"}],"wp:attachment":[{"href":"https:\/\/www.zoner.fi\/tuki\/wp-json\/wp\/v2\/media?parent=132742"}],"wp:term":[{"taxonomy":"category","embeddable":true,"href":"https:\/\/www.zoner.fi\/tuki\/wp-json\/wp\/v2\/categories?post=132742"},{"taxonomy":"post_tag","embeddable":true,"href":"https:\/\/www.zoner.fi\/tuki\/wp-json\/wp\/v2\/tags?post=132742"},{"taxonomy":"wf_page_folders","embeddable":true,"href":"https:\/\/www.zoner.fi\/tuki\/wp-json\/wp\/v2\/wf_page_folders?post=132742"}],"curies":[{"name":"wp","href":"https:\/\/api.w.org\/{rel}","templated":true}]}}