{"id":132744,"date":"2024-10-07T11:17:27","date_gmt":"2024-10-07T08:17:27","guid":{"rendered":"https:\/\/www.zoner.fi\/tuki\/?page_id=132744"},"modified":"2025-11-12T15:45:19","modified_gmt":"2025-11-12T13:45:19","slug":"lisadomainin-hakemiston-muokkaus","status":"publish","type":"page","link":"https:\/\/www.zoner.fi\/tuki\/webhotellit\/cpanel-webhotelli-fi\/lisadomainin-hakemiston-muokkaus\/","title":{"rendered":"Lis\u00e4domainin hakemiston muokkaus"},"content":{"rendered":"\n<p>Voit k\u00e4tev\u00e4sti muokata lis\u00e4domainin hakemistoa cPanelista.<\/p>\n\n\n\n<ul class=\"wp-block-list\">\n<li>Kirjaudu cPaneliin Zoner Homen kautta. <strong>Ohje<\/strong>: <a href=\"https:\/\/www.zoner.fi\/tuki\/webhotellit\/cpanel-webhotelli-fi\/cpanel-palvelunhallintaan-siirtyminen\/\">cPanel-palvelunhallintaan siirtyminen<\/a>.<\/li>\n\n\n\n<li>Siirry kohtaan &#8221;Lis\u00e4verkkotunnukset&#8221;.<\/li>\n\n\n\n<li>Napsauta kyn\u00e4n kuvaa lis\u00e4domainin kohdalla.<\/li>\n\n\n\n<li>Valitse hakemisto, jota haluat k\u00e4ytt\u00e4\u00e4 lis\u00e4domainille.<\/li>\n<\/ul>\n","protected":false},"excerpt":{"rendered":"<p>Voit k\u00e4tev\u00e4sti muokata lis\u00e4domainin hakemistoa cPanelista.<\/p>\n","protected":false},"author":48,"featured_media":0,"parent":137349,"menu_order":0,"comment_status":"closed","ping_status":"closed","template":"","meta":{"_relevanssi_hide_post":"","_relevanssi_hide_content":"","_relevanssi_pin_for_all":"","_relevanssi_pin_keywords":"","_relevanssi_unpin_keywords":"","_relevanssi_related_keywords":"","_relevanssi_related_include_ids":"","_relevanssi_related_exclude_ids":"","_relevanssi_related_no_append":"","_relevanssi_related_not_related":"","_relevanssi_related_posts":"130865,130440,131384,130273,130424,131535","_relevanssi_noindex_reason":"","footnotes":""},"categories":[211,218],"tags":[219,158],"wf_page_folders":[],"class_list":{"0":"post-132744","1":"page","2":"type-page","3":"status-publish","5":"category-cpanel-webhotelli-fi","6":"category-cpanel-webhotelli-fi-webhotellit","7":"tag-verkkotunnusten-hallinta","8":"tag-yleiset"},"_links":{"self":[{"href":"https:\/\/www.zoner.fi\/tuki\/wp-json\/wp\/v2\/pages\/132744","targetHints":{"allow":["GET"]}}],"collection":[{"href":"https:\/\/www.zoner.fi\/tuki\/wp-json\/wp\/v2\/pages"}],"about":[{"href":"https:\/\/www.zoner.fi\/tuki\/wp-json\/wp\/v2\/types\/page"}],"author":[{"embeddable":true,"href":"https:\/\/www.zoner.fi\/tuki\/wp-json\/wp\/v2\/users\/48"}],"replies":[{"embeddable":true,"href":"https:\/\/www.zoner.fi\/tuki\/wp-json\/wp\/v2\/comments?post=132744"}],"version-history":[{"count":4,"href":"https:\/\/www.zoner.fi\/tuki\/wp-json\/wp\/v2\/pages\/132744\/revisions"}],"predecessor-version":[{"id":138072,"href":"https:\/\/www.zoner.fi\/tuki\/wp-json\/wp\/v2\/pages\/132744\/revisions\/138072"}],"up":[{"embeddable":true,"href":"https:\/\/www.zoner.fi\/tuki\/wp-json\/wp\/v2\/pages\/137349"}],"wp:attachment":[{"href":"https:\/\/www.zoner.fi\/tuki\/wp-json\/wp\/v2\/media?parent=132744"}],"wp:term":[{"taxonomy":"category","embeddable":true,"href":"https:\/\/www.zoner.fi\/tuki\/wp-json\/wp\/v2\/categories?post=132744"},{"taxonomy":"post_tag","embeddable":true,"href":"https:\/\/www.zoner.fi\/tuki\/wp-json\/wp\/v2\/tags?post=132744"},{"taxonomy":"wf_page_folders","embeddable":true,"href":"https:\/\/www.zoner.fi\/tuki\/wp-json\/wp\/v2\/wf_page_folders?post=132744"}],"curies":[{"name":"wp","href":"https:\/\/api.w.org\/{rel}","templated":true}]}}