{"id":132746,"date":"2024-10-08T08:37:56","date_gmt":"2024-10-08T05:37:56","guid":{"rendered":"https:\/\/www.zoner.fi\/tuki\/?page_id=132746"},"modified":"2025-11-12T15:48:05","modified_gmt":"2025-11-12T13:48:05","slug":"php-ini-asetusten-muokkaus","status":"publish","type":"page","link":"https:\/\/www.zoner.fi\/tuki\/webhotellit\/cpanel-webhotelli-fi\/php-ini-asetusten-muokkaus\/","title":{"rendered":"php.ini -asetusten muokkaus"},"content":{"rendered":"\n<p>Voit muokata php.ini-asetuksia k\u00e4tev\u00e4sti cPanelista.<\/p>\n\n\n\n<ul class=\"wp-block-list\">\n<li>Kirjaudu cPaneliin Zoner Homen kautta. <strong>Ohje<\/strong>: <a href=\"https:\/\/www.zoner.fi\/tuki\/webhotellit\/cpanel-webhotelli-fi\/cpanel-palvelunhallintaan-siirtyminen\/\">cPanel-palvelunhallintaan siirtyminen<\/a>.<\/li>\n<\/ul>\n\n\n<div class=\"wp-block-image\">\n<figure class=\"aligncenter size-full\"><img loading=\"lazy\" decoding=\"async\" width=\"809\" height=\"251\" src=\"https:\/\/www.zoner.fi\/tuki\/wp-content\/uploads\/2024\/10\/php.ini-asetusten-muokkaus-1.png\" alt=\"\" class=\"wp-image-133843\" srcset=\"https:\/\/www.zoner.fi\/tuki\/wp-content\/uploads\/2024\/10\/php.ini-asetusten-muokkaus-1.png 809w, https:\/\/www.zoner.fi\/tuki\/wp-content\/uploads\/2024\/10\/php.ini-asetusten-muokkaus-1-300x93.png 300w, https:\/\/www.zoner.fi\/tuki\/wp-content\/uploads\/2024\/10\/php.ini-asetusten-muokkaus-1-768x238.png 768w\" sizes=\"auto, (max-width: 809px) 100vw, 809px\" \/><\/figure>\n<\/div>\n\n\n<ul class=\"wp-block-list\">\n<li>Valitse <strong>MultiPHP INI -editori<\/strong>.<\/li>\n<\/ul>\n\n\n<div class=\"wp-block-image\">\n<figure class=\"aligncenter size-full\"><img loading=\"lazy\" decoding=\"async\" width=\"659\" height=\"188\" src=\"https:\/\/www.zoner.fi\/tuki\/wp-content\/uploads\/2024\/10\/php.ini-asetusten-muokkaus-2.png\" alt=\"\" class=\"wp-image-133844\" srcset=\"https:\/\/www.zoner.fi\/tuki\/wp-content\/uploads\/2024\/10\/php.ini-asetusten-muokkaus-2.png 659w, https:\/\/www.zoner.fi\/tuki\/wp-content\/uploads\/2024\/10\/php.ini-asetusten-muokkaus-2-300x86.png 300w\" sizes=\"auto, (max-width: 659px) 100vw, 659px\" \/><\/figure>\n<\/div>\n\n\n<ul class=\"wp-block-list\">\n<li>Valitse <strong>Editoritila<\/strong>, jos asetuksia ei voi muokata perustilassa.<\/li>\n\n\n\n<li>Valitse sitten pudotusvalikosta verkkotunnus.<\/li>\n\n\n\n<li>T\u00e4m\u00e4n j\u00e4lkeen voit muokata PHP-asetuksia.<\/li>\n<\/ul>\n","protected":false},"excerpt":{"rendered":"<p>Voit muokata php.ini-asetuksia k\u00e4tev\u00e4sti cPanelista.<\/p>\n","protected":false},"author":48,"featured_media":0,"parent":137349,"menu_order":0,"comment_status":"closed","ping_status":"closed","template":"","meta":{"_relevanssi_hide_post":"","_relevanssi_hide_content":"","_relevanssi_pin_for_all":"","_relevanssi_pin_keywords":"","_relevanssi_unpin_keywords":"","_relevanssi_related_keywords":"","_relevanssi_related_include_ids":"","_relevanssi_related_exclude_ids":"","_relevanssi_related_no_append":"","_relevanssi_related_not_related":"","_relevanssi_related_posts":"130526,132254,130450,130498,132261,131550","_relevanssi_noindex_reason":"","footnotes":""},"categories":[218],"tags":[94],"wf_page_folders":[],"class_list":{"0":"post-132746","1":"page","2":"type-page","3":"status-publish","5":"category-cpanel-webhotelli-fi-webhotellit","6":"tag-html-php"},"_links":{"self":[{"href":"https:\/\/www.zoner.fi\/tuki\/wp-json\/wp\/v2\/pages\/132746","targetHints":{"allow":["GET"]}}],"collection":[{"href":"https:\/\/www.zoner.fi\/tuki\/wp-json\/wp\/v2\/pages"}],"about":[{"href":"https:\/\/www.zoner.fi\/tuki\/wp-json\/wp\/v2\/types\/page"}],"author":[{"embeddable":true,"href":"https:\/\/www.zoner.fi\/tuki\/wp-json\/wp\/v2\/users\/48"}],"replies":[{"embeddable":true,"href":"https:\/\/www.zoner.fi\/tuki\/wp-json\/wp\/v2\/comments?post=132746"}],"version-history":[{"count":6,"href":"https:\/\/www.zoner.fi\/tuki\/wp-json\/wp\/v2\/pages\/132746\/revisions"}],"predecessor-version":[{"id":138082,"href":"https:\/\/www.zoner.fi\/tuki\/wp-json\/wp\/v2\/pages\/132746\/revisions\/138082"}],"up":[{"embeddable":true,"href":"https:\/\/www.zoner.fi\/tuki\/wp-json\/wp\/v2\/pages\/137349"}],"wp:attachment":[{"href":"https:\/\/www.zoner.fi\/tuki\/wp-json\/wp\/v2\/media?parent=132746"}],"wp:term":[{"taxonomy":"category","embeddable":true,"href":"https:\/\/www.zoner.fi\/tuki\/wp-json\/wp\/v2\/categories?post=132746"},{"taxonomy":"post_tag","embeddable":true,"href":"https:\/\/www.zoner.fi\/tuki\/wp-json\/wp\/v2\/tags?post=132746"},{"taxonomy":"wf_page_folders","embeddable":true,"href":"https:\/\/www.zoner.fi\/tuki\/wp-json\/wp\/v2\/wf_page_folders?post=132746"}],"curies":[{"name":"wp","href":"https:\/\/api.w.org\/{rel}","templated":true}]}}