{"id":132748,"date":"2024-10-07T16:15:05","date_gmt":"2024-10-07T13:15:05","guid":{"rendered":"https:\/\/www.zoner.fi\/tuki\/?page_id=132748"},"modified":"2026-03-16T14:38:57","modified_gmt":"2026-03-16T12:38:57","slug":"phpn-version-valinta","status":"publish","type":"page","link":"https:\/\/www.zoner.fi\/tuki\/webhotellit\/cpanel-webhotelli-fi\/phpn-version-valinta\/","title":{"rendered":"PHP-version valinta"},"content":{"rendered":"\n<p>Voit vaihtaa PHP:n version k\u00e4tev\u00e4sti cPanelissa.<\/p>\n\n\n\n<ul class=\"wp-block-list\">\n<li>Kirjaudu cPaneliin Zoner Homen kautta. <strong>Ohje<\/strong>: <a href=\"https:\/\/www.zoner.fi\/tuki\/webhotellit\/cpanel-webhotelli-fi\/cpanel-palvelunhallintaan-siirtyminen\/\">cPanel-palvelunhallintaan siirtyminen<\/a>.<\/li>\n\n\n\n<li>Siirry kohtaan &#8221;Ohjelmistot&#8221; ja valitse &#8221;Select  PHP version&#8221;<\/li>\n<\/ul>\n\n\n\n<figure class=\"wp-block-image size-full\"><img loading=\"lazy\" decoding=\"async\" width=\"976\" height=\"253\" src=\"https:\/\/www.zoner.fi\/tuki\/wp-content\/uploads\/2026\/03\/PHP_selector.png\" alt=\"\" class=\"wp-image-138684\" srcset=\"https:\/\/www.zoner.fi\/tuki\/wp-content\/uploads\/2026\/03\/PHP_selector.png 976w, https:\/\/www.zoner.fi\/tuki\/wp-content\/uploads\/2026\/03\/PHP_selector-300x78.png 300w, https:\/\/www.zoner.fi\/tuki\/wp-content\/uploads\/2026\/03\/PHP_selector-768x199.png 768w\" sizes=\"auto, (max-width: 976px) 100vw, 976px\" \/><\/figure>\n\n\n\n<ul class=\"wp-block-list\">\n<li>Valitse alasvetovalikon kautta PHP versio ja mahdolliset lis\u00e4osat. Lopuksi paina Apply.<\/li>\n<\/ul>\n\n\n\n<figure class=\"wp-block-image size-full\"><img loading=\"lazy\" decoding=\"async\" width=\"934\" height=\"1098\" src=\"https:\/\/www.zoner.fi\/tuki\/wp-content\/uploads\/2026\/03\/PHP_version-1.png\" alt=\"\" class=\"wp-image-138687\" srcset=\"https:\/\/www.zoner.fi\/tuki\/wp-content\/uploads\/2026\/03\/PHP_version-1.png 934w, https:\/\/www.zoner.fi\/tuki\/wp-content\/uploads\/2026\/03\/PHP_version-1-255x300.png 255w, https:\/\/www.zoner.fi\/tuki\/wp-content\/uploads\/2026\/03\/PHP_version-1-871x1024.png 871w, https:\/\/www.zoner.fi\/tuki\/wp-content\/uploads\/2026\/03\/PHP_version-1-768x903.png 768w\" sizes=\"auto, (max-width: 934px) 100vw, 934px\" \/><\/figure>\n\n\n\n<ul class=\"wp-block-list\">\n<li>Options -v\u00e4lilehden kautta voit m\u00e4\u00e4ritt\u00e4\u00e4 lis\u00e4asetuksia<\/li>\n\n\n\n<li>Mik\u00e4li teet oletusarvioihin muutoksia, niin palautukset tehd\u00e4\u00e4n &#8221;reset to default&#8221; valinnan kautta<\/li>\n\n\n\n<li>Esimerkin oletusarvo on muistin (memory_limit) osalta 512M<\/li>\n<\/ul>\n\n\n\n<figure class=\"wp-block-image size-full\"><img loading=\"lazy\" decoding=\"async\" width=\"581\" height=\"754\" src=\"https:\/\/www.zoner.fi\/tuki\/wp-content\/uploads\/2026\/03\/image-1.png\" alt=\"\" class=\"wp-image-138689\" srcset=\"https:\/\/www.zoner.fi\/tuki\/wp-content\/uploads\/2026\/03\/image-1.png 581w, https:\/\/www.zoner.fi\/tuki\/wp-content\/uploads\/2026\/03\/image-1-231x300.png 231w\" sizes=\"auto, (max-width: 581px) 100vw, 581px\" \/><\/figure>\n\n\n\n<h2 class=\"wp-block-heading\">Virhelokitiedostojen tarkastelu<\/h2>\n\n\n\n<p>Lokitiedostojen tarkastelu voi olla hy\u00f6dyllist\u00e4 mahdollisen vianselvityksen tekemiseksi. Jos sivusto n\u00e4ytt\u00e4\u00e4 esimerkiksi &#8221;Internal Server Error&#8221; virhett\u00e4 PHP-muutoksen j\u00e4lkeen, voit tarkistaa ongelman syyn cPanel-hallintapaneelin Virheet (Errors) ty\u00f6kalun kautta:<\/p>\n\n\n\n<figure class=\"wp-block-image size-full\"><img loading=\"lazy\" decoding=\"async\" width=\"683\" height=\"138\" src=\"https:\/\/www.zoner.fi\/tuki\/wp-content\/uploads\/2026\/03\/image-3.png\" alt=\"\" class=\"wp-image-138691\" srcset=\"https:\/\/www.zoner.fi\/tuki\/wp-content\/uploads\/2026\/03\/image-3.png 683w, https:\/\/www.zoner.fi\/tuki\/wp-content\/uploads\/2026\/03\/image-3-300x61.png 300w\" sizes=\"auto, (max-width: 683px) 100vw, 683px\" \/><\/figure>\n","protected":false},"excerpt":{"rendered":"<p>Ohje PHP version valinnassa.<\/p>\n","protected":false},"author":48,"featured_media":0,"parent":137349,"menu_order":0,"comment_status":"closed","ping_status":"closed","template":"","meta":{"_relevanssi_hide_post":"","_relevanssi_hide_content":"","_relevanssi_pin_for_all":"","_relevanssi_pin_keywords":"","_relevanssi_unpin_keywords":"","_relevanssi_related_keywords":"","_relevanssi_related_include_ids":"","_relevanssi_related_exclude_ids":"","_relevanssi_related_no_append":"","_relevanssi_related_not_related":"","_relevanssi_related_posts":"131535,130515,132072,130964,131384,130397","_relevanssi_noindex_reason":"","footnotes":""},"categories":[229,218,190],"tags":[94],"wf_page_folders":[],"class_list":{"0":"post-132748","1":"page","2":"type-page","3":"status-publish","5":"category-cpanel-hosting","6":"category-cpanel-webhotelli-fi-webhotellit","7":"category-cpanel-wepardi","8":"tag-html-php"},"_links":{"self":[{"href":"https:\/\/www.zoner.fi\/tuki\/wp-json\/wp\/v2\/pages\/132748","targetHints":{"allow":["GET"]}}],"collection":[{"href":"https:\/\/www.zoner.fi\/tuki\/wp-json\/wp\/v2\/pages"}],"about":[{"href":"https:\/\/www.zoner.fi\/tuki\/wp-json\/wp\/v2\/types\/page"}],"author":[{"embeddable":true,"href":"https:\/\/www.zoner.fi\/tuki\/wp-json\/wp\/v2\/users\/48"}],"replies":[{"embeddable":true,"href":"https:\/\/www.zoner.fi\/tuki\/wp-json\/wp\/v2\/comments?post=132748"}],"version-history":[{"count":8,"href":"https:\/\/www.zoner.fi\/tuki\/wp-json\/wp\/v2\/pages\/132748\/revisions"}],"predecessor-version":[{"id":138692,"href":"https:\/\/www.zoner.fi\/tuki\/wp-json\/wp\/v2\/pages\/132748\/revisions\/138692"}],"up":[{"embeddable":true,"href":"https:\/\/www.zoner.fi\/tuki\/wp-json\/wp\/v2\/pages\/137349"}],"wp:attachment":[{"href":"https:\/\/www.zoner.fi\/tuki\/wp-json\/wp\/v2\/media?parent=132748"}],"wp:term":[{"taxonomy":"category","embeddable":true,"href":"https:\/\/www.zoner.fi\/tuki\/wp-json\/wp\/v2\/categories?post=132748"},{"taxonomy":"post_tag","embeddable":true,"href":"https:\/\/www.zoner.fi\/tuki\/wp-json\/wp\/v2\/tags?post=132748"},{"taxonomy":"wf_page_folders","embeddable":true,"href":"https:\/\/www.zoner.fi\/tuki\/wp-json\/wp\/v2\/wf_page_folders?post=132748"}],"curies":[{"name":"wp","href":"https:\/\/api.w.org\/{rel}","templated":true}]}}