{"id":132752,"date":"2024-10-04T14:25:07","date_gmt":"2024-10-04T11:25:07","guid":{"rendered":"https:\/\/www.zoner.fi\/tuki\/?page_id=132752"},"modified":"2025-11-12T15:44:00","modified_gmt":"2025-11-12T13:44:00","slug":"aloitusopas-webhotellin-kayttoon","status":"publish","type":"page","link":"https:\/\/www.zoner.fi\/tuki\/webhotellit\/cpanel-webhotelli-fi\/aloitusopas-webhotellin-kayttoon\/","title":{"rendered":"Aloitusopas webhotellin k\u00e4ytt\u00f6\u00f6n"},"content":{"rendered":"\n<p>Tervetuloa omaan webhotelliisi! T\u00e4m\u00e4n ohjeen tarkoitus on opastaa sinut alkuun palvelun k\u00e4yt\u00f6ss\u00e4.<\/p>\n\n\n\n<h2 class=\"wp-block-heading\">cPanel-hallintapaneeli<\/h2>\n\n\n\n<p>cPanel on webhotellisi hallintapaneeli. cPanelista k\u00e4sin voit hallinnoida s\u00e4hk\u00f6postitilej\u00e4, tietokantoja, domainosoitteita ja kaikkea muuta. cPanelista n\u00e4et sivustosi tilastot, kuten levytilan, kaistank\u00e4yt\u00f6n ja k\u00e4vij\u00e4m\u00e4\u00e4r\u00e4t.<\/p>\n\n\n\n<h3 class=\"wp-block-heading\">cPaneliin kirjautuminen<\/h3>\n\n\n\n<p>cPaneliin voi kirjautua helposti Zoner Homen kautta. <strong>Ohje<\/strong>: <a href=\"https:\/\/www.zoner.fi\/tuki\/webhotellit\/cpanel-webhotelli-fi\/cpanel-palvelunhallintaan-siirtyminen\/\">cPanel-palvelunhallintaan siirtyminen<\/a>.<\/p>\n\n\n\n<p>Lis\u00e4ksi p\u00e4\u00e4set kirjautumaan cPaneliin osoitteesta&nbsp;<strong>http:\/\/www.domainosoitteesi\/cpanel\/<\/strong>&nbsp;omilla tunnuksillasi, jotka sinulle on l\u00e4hetetty palvelun aktivoinnin yhteydess\u00e4 s\u00e4hk\u00f6postitse.<\/p>\n\n\n\n<p>Jos olet palomuurin tai verkon takana joka est\u00e4\u00e4 cPanelin portin (2082), kokeile osoitetta http:\/\/cpanel.domainosoitteesi\/<\/p>\n\n\n\n<h2 class=\"wp-block-heading\">Webmail<\/h2>\n\n\n\n<p>Webmailin kautta voit lukea s\u00e4hk\u00f6postisi miss\u00e4 tahansa pelk\u00e4n internetselaimen avulla, suunnista vain osoitteeseen&nbsp;<strong>http:\/\/www.domainosoitteesi\/webmail\/<\/strong>ja kirjaudu sis\u00e4\u00e4n omalla s\u00e4hk\u00f6postiosoitteellasi ja salasanallasi. Sinulla on kolme ohjelmaa joista valita,&nbsp;<strong>Horde, SquirrelMail ja RoundCube.<\/strong><\/p>\n\n\n\n<p>Jos et ole viel\u00e4 luonut yht\u00e4\u00e4n s\u00e4hk\u00f6postitili\u00e4 voit luoda ja hallinnoida niit\u00e4 cPanelista &#8221;Email Accounts&#8221;-osiosta.<\/p>\n\n\n\n<p>Jos olet palomuurin tai verkon takana joka est\u00e4\u00e4 webmailin portin (2095), kokeile osoitetta http:\/\/webmail.domainosoitteesi\/<\/p>\n\n\n\n<h2 class=\"wp-block-heading\">Sivujen lataaminen palvelimelle FTP-tiedonsiirtoa k\u00e4ytt\u00e4en<\/h2>\n\n\n\n<p>Jotta voit ladata sivusi palvelimelle tarvitset FTP-ohjelman. Suosittuja ilmaisia ohjelmia ovat esim.&nbsp;<a href=\"http:\/\/filezilla-project.org\/\" target=\"_blank\" rel=\"noopener\">FileZilla<\/a>&nbsp;ja&nbsp;<a href=\"http:\/\/www.coreftp.com\/\" target=\"_blank\" rel=\"noopener\">CoreFTP<\/a>.<\/p>\n\n\n\n<p>Kun olet ladannut ja asentanut FTP-ohjelman sinun tulee kirjautua sill\u00e4 palvelimelle ett\u00e4 voit siirt\u00e4\u00e4 tiedostoja. FTP-palvelimen osoite on&nbsp;<strong>ftp.domainosoitteesi<\/strong>, k\u00e4yt\u00e4 porttia&nbsp;<strong>21<\/strong>.<\/p>\n\n\n\n<p>K\u00e4ytt\u00e4j\u00e4tunnus ja salasana ovat samat kuin cPanelin kirjautumisessa. Kun olet yhdist\u00e4nyt palvelimelle ja kirjautunut sis\u00e4\u00e4n voit aloittaa tiedostojen siirron.<\/p>\n\n\n\n<h2 class=\"wp-block-heading\">S\u00e4hk\u00f6postiasetukset<\/h2>\n\n\n\n<p>Voit k\u00e4ytt\u00e4\u00e4 s\u00e4hk\u00f6postia ulkoisella s\u00e4hk\u00f6postiohjelmalla (esim. Outlook Express tai Mozilla Thunderbird) joko IMAP- tai POP3-protokollaa k\u00e4ytt\u00e4en. Jos k\u00e4yt\u00e4t IMAPia viestit ladataan tietokoneellesi mutta s\u00e4ilyv\u00e4t palvelimella, POP3-yhteytt\u00e4 k\u00e4ytt\u00e4en viestit ladataan tietokoneellesi ja poistetaan palvelimelta.<\/p>\n\n\n\n<ul class=\"wp-block-list\">\n<li>Saapuvan postin palvelin:&nbsp;<strong>mail.domainosoitteesi<\/strong><\/li>\n\n\n\n<li>L\u00e4htev\u00e4n postin palvelin:&nbsp;<strong>oman internetoperaattorisi SMTP-palvelin*<\/strong><\/li>\n\n\n\n<li>IMAP-portti:&nbsp;<strong>143<\/strong><\/li>\n\n\n\n<li>POP3-portti:&nbsp;<strong>110<\/strong><\/li>\n<\/ul>\n\n\n\n<p>K\u00e4ytt\u00e4j\u00e4tunnus on s\u00e4hk\u00f6postiosoite kokonaisuudessaan ja salasanan m\u00e4\u00e4rit\u00e4t itse s\u00e4hk\u00f6postilaatikkoa luodessasi hallintapaneelissa.<\/p>\n\n\n\n<p>* T\u00e4m\u00e4n saat selville omalta internetoperaattoriltasi eli taholta joka toimittaa internetyhteytesi. Alla lueteltu joidenkin internetoperaattorien l\u00e4htev\u00e4n postin palvelimia.<\/p>\n\n\n\n<ul class=\"wp-block-list\">\n<li>Elisa:&nbsp;<strong>smtp.kolumbus.fi<\/strong><\/li>\n\n\n\n<li>DNA:&nbsp;<strong>smtp.dnainternet.net<\/strong><\/li>\n<\/ul>\n\n\n\n<h2 class=\"wp-block-heading\">Huolehdi tietoturvastasi<\/h2>\n\n\n\n<p>Suojele sivustoasi ulkopuolisilta hy\u00f6kk\u00e4yksilt\u00e4 seuraamalla n\u00e4it\u00e4 ohjeita.<\/p>\n\n\n\n<ul class=\"wp-block-list\">\n<li>Pid\u00e4 virustorjunta- ja palomuuriohjelmistot ajantasalla! Tietokoneellesi voidaan muuten asentaa haittaohjelmia, jotka pyrkiv\u00e4t saamaan salasanasi selville.<\/li>\n\n\n\n<li>Vaihda salasanasi heti palvelun aktivoinnin j\u00e4lkeen, valitse vahva salasana joka on v\u00e4hint\u00e4\u00e4n 8 merkki\u00e4 pitk\u00e4, ja sis\u00e4lt\u00e4\u00e4 sek\u00e4 kirjaimia ett\u00e4 numeroita.<\/li>\n\n\n\n<li>\u00c4l\u00e4 luovuta k\u00e4ytt\u00e4j\u00e4tunnustasi ja salasanaasi miss\u00e4\u00e4n tapauksessa henkil\u00f6ille, joihin et luota.<\/li>\n\n\n\n<li>P\u00e4ivit\u00e4 asentamasi PHP-skriptit ja muut ohjelmistot (esim. Joomla, WordPress ja muut sis\u00e4ll\u00f6nhallintasovellukset) aina uuden version ilmestyess\u00e4, sill\u00e4 vanhoissa versioissa voi olla vakavia tietoturva-aukkoja.<\/li>\n<\/ul>\n\n\n\n<h2 class=\"wp-block-heading\">Palvelun p\u00e4ivitys<\/h2>\n\n\n\n<p>Lis\u00e4ominaisuuksia olemassaolevaan palveluusi saat p\u00e4ivitt\u00e4m\u00e4ll\u00e4 sen suurempaan.<\/p>\n\n\n\n<p>P\u00e4ivityksen suurempaan palveluun voit tehd\u00e4 helposti ja ilman lis\u00e4kuluja tukisivujemme kautta.<\/p>\n\n\n\n<p>Ty\u00f6kalu laskee valmiiksi hinnan p\u00e4ivitykselle ja saat tilauksen vahvistettuasi laskun s\u00e4hk\u00f6postiin. P\u00e4ivitys astuu voimaan automaattisesti heti kun maksusuoritus kirjautuu meille.<\/p>\n\n\n\n<p><\/p>\n","protected":false},"excerpt":{"rendered":"<p>Tervetuloa omaan webhotelliisi! T\u00e4m\u00e4n ohjeen tarkoitus on opastaa sinut alkuun palvelun k\u00e4yt\u00f6ss\u00e4. cPanel-hallintapaneeli cPanel on webhotellisi hallintapaneeli. cPanelista k\u00e4sin voit hallinnoida s\u00e4hk\u00f6postitilej\u00e4, tietokantoja, domainosoitteita ja kaikkea muuta. cPanelista n\u00e4et sivustosi tilastot, kuten levytilan, kaistank\u00e4yt\u00f6n ja k\u00e4vij\u00e4m\u00e4\u00e4r\u00e4t. cPaneliin kirjautuminen cPaneliin voi kirjautua helposti Zoner Homen kautta. Ohje: cPanel-palvelunhallintaan siirtyminen. Lis\u00e4ksi p\u00e4\u00e4set kirjautumaan cPaneliin osoitteesta&nbsp;http:\/\/www.domainosoitteesi\/cpanel\/&nbsp;omilla tunnuksillasi, jotka &#8230; <a title=\"Aloitusopas webhotellin k\u00e4ytt\u00f6\u00f6n\" class=\"read-more\" href=\"https:\/\/www.zoner.fi\/tuki\/webhotellit\/cpanel-webhotelli-fi\/aloitusopas-webhotellin-kayttoon\/\" aria-label=\"Lue lis\u00e4\u00e4 aiheesta Aloitusopas webhotellin k\u00e4ytt\u00f6\u00f6n\">Lue lis\u00e4\u00e4<\/a><\/p>\n","protected":false},"author":48,"featured_media":0,"parent":137349,"menu_order":0,"comment_status":"closed","ping_status":"closed","template":"","meta":{"_relevanssi_hide_post":"","_relevanssi_hide_content":"","_relevanssi_pin_for_all":"","_relevanssi_pin_keywords":"","_relevanssi_unpin_keywords":"","_relevanssi_related_keywords":"","_relevanssi_related_include_ids":"","_relevanssi_related_exclude_ids":"","_relevanssi_related_no_append":"","_relevanssi_related_not_related":"","_relevanssi_related_posts":"130578,130813,130464,132278,131550,132584","_relevanssi_noindex_reason":"","footnotes":""},"categories":[218],"tags":[158],"wf_page_folders":[],"class_list":{"0":"post-132752","1":"page","2":"type-page","3":"status-publish","5":"category-cpanel-webhotelli-fi-webhotellit","6":"tag-yleiset"},"_links":{"self":[{"href":"https:\/\/www.zoner.fi\/tuki\/wp-json\/wp\/v2\/pages\/132752","targetHints":{"allow":["GET"]}}],"collection":[{"href":"https:\/\/www.zoner.fi\/tuki\/wp-json\/wp\/v2\/pages"}],"about":[{"href":"https:\/\/www.zoner.fi\/tuki\/wp-json\/wp\/v2\/types\/page"}],"author":[{"embeddable":true,"href":"https:\/\/www.zoner.fi\/tuki\/wp-json\/wp\/v2\/users\/48"}],"replies":[{"embeddable":true,"href":"https:\/\/www.zoner.fi\/tuki\/wp-json\/wp\/v2\/comments?post=132752"}],"version-history":[{"count":5,"href":"https:\/\/www.zoner.fi\/tuki\/wp-json\/wp\/v2\/pages\/132752\/revisions"}],"predecessor-version":[{"id":138068,"href":"https:\/\/www.zoner.fi\/tuki\/wp-json\/wp\/v2\/pages\/132752\/revisions\/138068"}],"up":[{"embeddable":true,"href":"https:\/\/www.zoner.fi\/tuki\/wp-json\/wp\/v2\/pages\/137349"}],"wp:attachment":[{"href":"https:\/\/www.zoner.fi\/tuki\/wp-json\/wp\/v2\/media?parent=132752"}],"wp:term":[{"taxonomy":"category","embeddable":true,"href":"https:\/\/www.zoner.fi\/tuki\/wp-json\/wp\/v2\/categories?post=132752"},{"taxonomy":"post_tag","embeddable":true,"href":"https:\/\/www.zoner.fi\/tuki\/wp-json\/wp\/v2\/tags?post=132752"},{"taxonomy":"wf_page_folders","embeddable":true,"href":"https:\/\/www.zoner.fi\/tuki\/wp-json\/wp\/v2\/wf_page_folders?post=132752"}],"curies":[{"name":"wp","href":"https:\/\/api.w.org\/{rel}","templated":true}]}}