{"id":132782,"date":"2024-10-07T09:16:09","date_gmt":"2024-10-07T06:16:09","guid":{"rendered":"https:\/\/www.zoner.fi\/tuki\/?page_id=132782"},"modified":"2025-09-29T12:33:32","modified_gmt":"2025-09-29T09:33:32","slug":"cpanel-palvelunhallintaan-siirtyminen","status":"publish","type":"page","link":"https:\/\/www.zoner.fi\/tuki\/webhotellit\/cpanel-webhotelli-fi\/cpanel-palvelunhallintaan-siirtyminen\/","title":{"rendered":"cPanel-palvelunhallintaan siirtyminen"},"content":{"rendered":"\n<p>Teknisess\u00e4 cPanel-palvelunhallinnassa voit hallita sopimuksesi palveluita esimerkiksi suorittamalla niille erilaisia teknisi\u00e4 muutoksia. Alla on kuvattu, kuinka p\u00e4\u00e4set kirjautumaan palvelunhallintaan.<\/p>\n\n\n\n<ul class=\"wp-block-list\">\n<li><a href=\"#2\">cPaneliin siirtyminen Zoner Homen kautta (siirretyt asiakkaat)<\/a><\/li>\n<\/ul>\n\n\n\n<h2 class=\"wp-block-heading\" id=\"2\">cPaneliin siirtyminen Zoner Homen kautta (siirretyt asiakkaat)<\/h2>\n\n\n\n<p>Sen j\u00e4lkeen kun palvelusi on siirretty Zonerille, voit kirjautua cPaneliin Zoner Homen kautta n\u00e4in:<\/p>\n\n\n\n<p>1. Kirjaudu <a href=\"https:\/\/home.zoner.fi\/login\" target=\"_blank\" rel=\"noopener\">Zoner Homeen<\/a>. Siirron j\u00e4lkeen palveluiden p\u00e4\u00e4k\u00e4ytt\u00e4j\u00e4 saa Zoner Home -tunnukset s\u00e4hk\u00f6postilla. <strong>Ohje<\/strong>: <a href=\"https:\/\/www.zoner.fi\/tuki\/zoner-home\/miten-kirjaudun-zoner-home-hallintapaneeliin\/\">Miten kirjaudun Zoner Home -hallintapaneeliin?<\/a><\/p>\n\n\n\n<p>2. Klikkaa yl\u00e4reunassa <strong>Omat Tuotteet<\/strong>. Klikkaa Omat tuotteet sivulla sit\u00e4 webhotellia, johon haluat kirjautua.<\/p>\n\n\n\n<p>3. Klikkaa avautuneella sivulla<strong> Siirry cPaneliin<\/strong> -painiketta. Webhotellin cPanel-hallintapaneeli avautuu uudella v\u00e4lilehdell\u00e4.<\/p>\n\n\n\n<figure class=\"wp-block-image size-full\"><img loading=\"lazy\" decoding=\"async\" width=\"1471\" height=\"1012\" src=\"https:\/\/www.zoner.fi\/tuki\/wp-content\/uploads\/2025\/07\/zh-cpanel-kirjautuminen-video.gif\" alt=\"\" class=\"wp-image-136579\"\/><\/figure>\n","protected":false},"excerpt":{"rendered":"<p>Teknisess\u00e4 cPanel-palvelunhallinnassa voit hallita sopimuksesi palveluita esimerkiksi suorittamalla niille erilaisia teknisi\u00e4 muutoksia. Alla on kuvattu, kuinka p\u00e4\u00e4set kirjautumaan palvelunhallintaan. cPaneliin siirtyminen Zoner Homen kautta (siirretyt asiakkaat) Sen j\u00e4lkeen kun palvelusi on siirretty Zonerille, voit kirjautua cPaneliin Zoner Homen kautta n\u00e4in: 1. Kirjaudu Zoner Homeen. Siirron j\u00e4lkeen palveluiden p\u00e4\u00e4k\u00e4ytt\u00e4j\u00e4 saa Zoner Home -tunnukset s\u00e4hk\u00f6postilla. Ohje: Miten &#8230; <a title=\"cPanel-palvelunhallintaan siirtyminen\" class=\"read-more\" href=\"https:\/\/www.zoner.fi\/tuki\/webhotellit\/cpanel-webhotelli-fi\/cpanel-palvelunhallintaan-siirtyminen\/\" aria-label=\"Lue lis\u00e4\u00e4 aiheesta cPanel-palvelunhallintaan siirtyminen\">Lue lis\u00e4\u00e4<\/a><\/p>\n","protected":false},"author":40,"featured_media":0,"parent":137349,"menu_order":0,"comment_status":"closed","ping_status":"closed","template":"","meta":{"_relevanssi_hide_post":"","_relevanssi_hide_content":"","_relevanssi_pin_for_all":"","_relevanssi_pin_keywords":"","_relevanssi_unpin_keywords":"","_relevanssi_related_keywords":"","_relevanssi_related_include_ids":"","_relevanssi_related_exclude_ids":"","_relevanssi_related_no_append":"","_relevanssi_related_not_related":"","_relevanssi_related_posts":"130616,130667,132584,130865,130269,130515","_relevanssi_noindex_reason":"","footnotes":""},"categories":[218,190],"tags":[158],"wf_page_folders":[],"class_list":{"0":"post-132782","1":"page","2":"type-page","3":"status-publish","5":"category-cpanel-webhotelli-fi-webhotellit","6":"category-cpanel-wepardi","7":"tag-yleiset"},"_links":{"self":[{"href":"https:\/\/www.zoner.fi\/tuki\/wp-json\/wp\/v2\/pages\/132782","targetHints":{"allow":["GET"]}}],"collection":[{"href":"https:\/\/www.zoner.fi\/tuki\/wp-json\/wp\/v2\/pages"}],"about":[{"href":"https:\/\/www.zoner.fi\/tuki\/wp-json\/wp\/v2\/types\/page"}],"author":[{"embeddable":true,"href":"https:\/\/www.zoner.fi\/tuki\/wp-json\/wp\/v2\/users\/40"}],"replies":[{"embeddable":true,"href":"https:\/\/www.zoner.fi\/tuki\/wp-json\/wp\/v2\/comments?post=132782"}],"version-history":[{"count":4,"href":"https:\/\/www.zoner.fi\/tuki\/wp-json\/wp\/v2\/pages\/132782\/revisions"}],"predecessor-version":[{"id":136612,"href":"https:\/\/www.zoner.fi\/tuki\/wp-json\/wp\/v2\/pages\/132782\/revisions\/136612"}],"up":[{"embeddable":true,"href":"https:\/\/www.zoner.fi\/tuki\/wp-json\/wp\/v2\/pages\/137349"}],"wp:attachment":[{"href":"https:\/\/www.zoner.fi\/tuki\/wp-json\/wp\/v2\/media?parent=132782"}],"wp:term":[{"taxonomy":"category","embeddable":true,"href":"https:\/\/www.zoner.fi\/tuki\/wp-json\/wp\/v2\/categories?post=132782"},{"taxonomy":"post_tag","embeddable":true,"href":"https:\/\/www.zoner.fi\/tuki\/wp-json\/wp\/v2\/tags?post=132782"},{"taxonomy":"wf_page_folders","embeddable":true,"href":"https:\/\/www.zoner.fi\/tuki\/wp-json\/wp\/v2\/wf_page_folders?post=132782"}],"curies":[{"name":"wp","href":"https:\/\/api.w.org\/{rel}","templated":true}]}}