{"id":132785,"date":"2024-10-04T14:30:59","date_gmt":"2024-10-04T11:30:59","guid":{"rendered":"https:\/\/www.zoner.fi\/tuki\/?page_id=132785"},"modified":"2025-11-12T15:44:43","modified_gmt":"2025-11-12T13:44:43","slug":"kielen-vaihto-cpanelissa","status":"publish","type":"page","link":"https:\/\/www.zoner.fi\/tuki\/webhotellit\/cpanel-webhotelli-fi\/kielen-vaihto-cpanelissa\/","title":{"rendered":"Kielen vaihto cPanelissa"},"content":{"rendered":"\n<ul class=\"wp-block-list\">\n<li>Kirjaudu cPaneliin Zoner Homen kautta. <strong>Ohje<\/strong>: <a href=\"https:\/\/www.zoner.fi\/tuki\/webhotellit\/cpanel-webhotelli-fi\/cpanel-palvelunhallintaan-siirtyminen\/\">cPanel-palvelunhallintaan siirtyminen<\/a>.<\/li>\n<\/ul>\n\n\n\n<figure class=\"wp-block-image size-full\"><img loading=\"lazy\" decoding=\"async\" width=\"978\" height=\"256\" src=\"https:\/\/www.zoner.fi\/tuki\/wp-content\/uploads\/2024\/10\/Kielen-vaihto-cPanelissa-1.png\" alt=\"\" class=\"wp-image-133801\" srcset=\"https:\/\/www.zoner.fi\/tuki\/wp-content\/uploads\/2024\/10\/Kielen-vaihto-cPanelissa-1.png 978w, https:\/\/www.zoner.fi\/tuki\/wp-content\/uploads\/2024\/10\/Kielen-vaihto-cPanelissa-1-300x79.png 300w, https:\/\/www.zoner.fi\/tuki\/wp-content\/uploads\/2024\/10\/Kielen-vaihto-cPanelissa-1-768x201.png 768w\" sizes=\"auto, (max-width: 978px) 100vw, 978px\" \/><\/figure>\n\n\n\n<ul class=\"wp-block-list\">\n<li>Klikkaa k\u00e4ytt\u00e4j\u00e4nime\u00e4si ylh\u00e4\u00e4lt\u00e4. T\u00e4m\u00e4 avaa pudotusvalikon kuvan mukaisesti.<\/li>\n\n\n\n<li>Valitse &#8221;Vaihda kieli&#8221;<\/li>\n<\/ul>\n\n\n\n<figure class=\"wp-block-image size-full\"><img loading=\"lazy\" decoding=\"async\" width=\"460\" height=\"229\" src=\"https:\/\/www.zoner.fi\/tuki\/wp-content\/uploads\/2024\/10\/Kielen-vaihto-cPanelissa-2.png\" alt=\"\" class=\"wp-image-133802\" srcset=\"https:\/\/www.zoner.fi\/tuki\/wp-content\/uploads\/2024\/10\/Kielen-vaihto-cPanelissa-2.png 460w, https:\/\/www.zoner.fi\/tuki\/wp-content\/uploads\/2024\/10\/Kielen-vaihto-cPanelissa-2-300x149.png 300w\" sizes=\"auto, (max-width: 460px) 100vw, 460px\" \/><\/figure>\n\n\n\n<ul class=\"wp-block-list\">\n<li>Valitse pudotusvalikosta kieli ja paina &#8221;Muuta&#8221;.<\/li>\n<\/ul>\n","protected":false},"excerpt":{"rendered":"","protected":false},"author":40,"featured_media":0,"parent":137349,"menu_order":0,"comment_status":"closed","ping_status":"closed","template":"","meta":{"_relevanssi_hide_post":"","_relevanssi_hide_content":"","_relevanssi_pin_for_all":"","_relevanssi_pin_keywords":"","_relevanssi_unpin_keywords":"","_relevanssi_related_keywords":"","_relevanssi_related_include_ids":"","_relevanssi_related_exclude_ids":"","_relevanssi_related_no_append":"","_relevanssi_related_not_related":"","_relevanssi_related_posts":"1076,130657,132393,130498,130641,130578","_relevanssi_noindex_reason":"","footnotes":""},"categories":[218],"tags":[158],"wf_page_folders":[],"class_list":{"0":"post-132785","1":"page","2":"type-page","3":"status-publish","5":"category-cpanel-webhotelli-fi-webhotellit","6":"tag-yleiset"},"_links":{"self":[{"href":"https:\/\/www.zoner.fi\/tuki\/wp-json\/wp\/v2\/pages\/132785","targetHints":{"allow":["GET"]}}],"collection":[{"href":"https:\/\/www.zoner.fi\/tuki\/wp-json\/wp\/v2\/pages"}],"about":[{"href":"https:\/\/www.zoner.fi\/tuki\/wp-json\/wp\/v2\/types\/page"}],"author":[{"embeddable":true,"href":"https:\/\/www.zoner.fi\/tuki\/wp-json\/wp\/v2\/users\/40"}],"replies":[{"embeddable":true,"href":"https:\/\/www.zoner.fi\/tuki\/wp-json\/wp\/v2\/comments?post=132785"}],"version-history":[{"count":5,"href":"https:\/\/www.zoner.fi\/tuki\/wp-json\/wp\/v2\/pages\/132785\/revisions"}],"predecessor-version":[{"id":138070,"href":"https:\/\/www.zoner.fi\/tuki\/wp-json\/wp\/v2\/pages\/132785\/revisions\/138070"}],"up":[{"embeddable":true,"href":"https:\/\/www.zoner.fi\/tuki\/wp-json\/wp\/v2\/pages\/137349"}],"wp:attachment":[{"href":"https:\/\/www.zoner.fi\/tuki\/wp-json\/wp\/v2\/media?parent=132785"}],"wp:term":[{"taxonomy":"category","embeddable":true,"href":"https:\/\/www.zoner.fi\/tuki\/wp-json\/wp\/v2\/categories?post=132785"},{"taxonomy":"post_tag","embeddable":true,"href":"https:\/\/www.zoner.fi\/tuki\/wp-json\/wp\/v2\/tags?post=132785"},{"taxonomy":"wf_page_folders","embeddable":true,"href":"https:\/\/www.zoner.fi\/tuki\/wp-json\/wp\/v2\/wf_page_folders?post=132785"}],"curies":[{"name":"wp","href":"https:\/\/api.w.org\/{rel}","templated":true}]}}