{"id":132787,"date":"2024-10-04T14:24:51","date_gmt":"2024-10-04T11:24:51","guid":{"rendered":"https:\/\/www.zoner.fi\/tuki\/?page_id=132787"},"modified":"2025-11-12T15:47:48","modified_gmt":"2025-11-12T13:47:48","slug":"palvelun-levytilan-tarkistus","status":"publish","type":"page","link":"https:\/\/www.zoner.fi\/tuki\/webhotellit\/cpanel-webhotelli-fi\/palvelun-levytilan-tarkistus\/","title":{"rendered":"Palvelun levytilan tarkistus"},"content":{"rendered":"\n<p>Voitte tarkistaa palvelunne levytilan k\u00e4yt\u00f6n hakemistokohtaisesti cPanel hallintapaneelin kautta.<\/p>\n\n\n\n<ul class=\"wp-block-list\">\n<li>Kirjaudu cPaneliin Zoner Homen kautta. <strong>Ohje<\/strong>: <a href=\"https:\/\/www.zoner.fi\/tuki\/webhotellit\/cpanel-webhotelli-fi\/cpanel-palvelunhallintaan-siirtyminen\/\">cPanel-palvelunhallintaan siirtyminen<\/a>.<\/li>\n<\/ul>\n\n\n\n<figure class=\"wp-block-image size-full\"><img loading=\"lazy\" decoding=\"async\" width=\"953\" height=\"418\" src=\"https:\/\/www.zoner.fi\/tuki\/wp-content\/uploads\/2024\/10\/Palvelun-levytilan-tarkistus-1.png\" alt=\"\" class=\"wp-image-133841\" srcset=\"https:\/\/www.zoner.fi\/tuki\/wp-content\/uploads\/2024\/10\/Palvelun-levytilan-tarkistus-1.png 953w, https:\/\/www.zoner.fi\/tuki\/wp-content\/uploads\/2024\/10\/Palvelun-levytilan-tarkistus-1-300x132.png 300w, https:\/\/www.zoner.fi\/tuki\/wp-content\/uploads\/2024\/10\/Palvelun-levytilan-tarkistus-1-768x337.png 768w\" sizes=\"auto, (max-width: 953px) 100vw, 953px\" \/><\/figure>\n\n\n\n<ul class=\"wp-block-list\">\n<li>Valitkaa cPanelissa &#8221;Levytilan k\u00e4ytt\u00f6&#8221; yll\u00e4 olevan kuvan mukaisesti.<\/li>\n<\/ul>\n\n\n\n<p>&#8221;Levytilan k\u00e4ytt\u00f6&#8221; sivulla n\u00e4ette palvelunne kaikki hakemistot kokoineen, mukaan lukien s\u00e4hk\u00f6postipalvelun (mail\/) ja MySQL-tietokantojen koot.<\/p>\n\n\n\n<figure class=\"wp-block-image size-full\"><img loading=\"lazy\" decoding=\"async\" width=\"475\" height=\"336\" src=\"https:\/\/www.zoner.fi\/tuki\/wp-content\/uploads\/2024\/10\/Palvelun-levytilan-tarkistus-2.png\" alt=\"\" class=\"wp-image-133840\" srcset=\"https:\/\/www.zoner.fi\/tuki\/wp-content\/uploads\/2024\/10\/Palvelun-levytilan-tarkistus-2.png 475w, https:\/\/www.zoner.fi\/tuki\/wp-content\/uploads\/2024\/10\/Palvelun-levytilan-tarkistus-2-300x212.png 300w\" sizes=\"auto, (max-width: 475px) 100vw, 475px\" \/><\/figure>\n\n\n\n<ul class=\"wp-block-list\">\n<li>Voitte my\u00f6s alempaa sivua lajitella pienemm\u00e4n hakemistolistauksen levytilan k\u00e4yt\u00f6n perusteella, yll\u00e4 olevan kuvan mukaisesti.<\/li>\n<\/ul>\n","protected":false},"excerpt":{"rendered":"<p>Voitte tarkistaa palvelunne levytilan k\u00e4yt\u00f6n hakemistokohtaisesti cPanel hallintapaneelin kautta. &#8221;Levytilan k\u00e4ytt\u00f6&#8221; sivulla n\u00e4ette palvelunne kaikki hakemistot kokoineen, mukaan lukien s\u00e4hk\u00f6postipalvelun (mail\/) ja MySQL-tietokantojen koot.<\/p>\n","protected":false},"author":40,"featured_media":0,"parent":137349,"menu_order":0,"comment_status":"closed","ping_status":"closed","template":"","meta":{"_relevanssi_hide_post":"","_relevanssi_hide_content":"","_relevanssi_pin_for_all":"","_relevanssi_pin_keywords":"","_relevanssi_unpin_keywords":"","_relevanssi_related_keywords":"","_relevanssi_related_include_ids":"","_relevanssi_related_exclude_ids":"","_relevanssi_related_no_append":"","_relevanssi_related_not_related":"","_relevanssi_related_posts":"132140,132301,130819,130722,130273,132348","_relevanssi_noindex_reason":"","footnotes":""},"categories":[218],"tags":[158],"wf_page_folders":[],"class_list":{"0":"post-132787","1":"page","2":"type-page","3":"status-publish","5":"category-cpanel-webhotelli-fi-webhotellit","6":"tag-yleiset"},"_links":{"self":[{"href":"https:\/\/www.zoner.fi\/tuki\/wp-json\/wp\/v2\/pages\/132787","targetHints":{"allow":["GET"]}}],"collection":[{"href":"https:\/\/www.zoner.fi\/tuki\/wp-json\/wp\/v2\/pages"}],"about":[{"href":"https:\/\/www.zoner.fi\/tuki\/wp-json\/wp\/v2\/types\/page"}],"author":[{"embeddable":true,"href":"https:\/\/www.zoner.fi\/tuki\/wp-json\/wp\/v2\/users\/40"}],"replies":[{"embeddable":true,"href":"https:\/\/www.zoner.fi\/tuki\/wp-json\/wp\/v2\/comments?post=132787"}],"version-history":[{"count":4,"href":"https:\/\/www.zoner.fi\/tuki\/wp-json\/wp\/v2\/pages\/132787\/revisions"}],"predecessor-version":[{"id":138081,"href":"https:\/\/www.zoner.fi\/tuki\/wp-json\/wp\/v2\/pages\/132787\/revisions\/138081"}],"up":[{"embeddable":true,"href":"https:\/\/www.zoner.fi\/tuki\/wp-json\/wp\/v2\/pages\/137349"}],"wp:attachment":[{"href":"https:\/\/www.zoner.fi\/tuki\/wp-json\/wp\/v2\/media?parent=132787"}],"wp:term":[{"taxonomy":"category","embeddable":true,"href":"https:\/\/www.zoner.fi\/tuki\/wp-json\/wp\/v2\/categories?post=132787"},{"taxonomy":"post_tag","embeddable":true,"href":"https:\/\/www.zoner.fi\/tuki\/wp-json\/wp\/v2\/tags?post=132787"},{"taxonomy":"wf_page_folders","embeddable":true,"href":"https:\/\/www.zoner.fi\/tuki\/wp-json\/wp\/v2\/wf_page_folders?post=132787"}],"curies":[{"name":"wp","href":"https:\/\/api.w.org\/{rel}","templated":true}]}}