{"id":132791,"date":"2024-10-08T09:19:53","date_gmt":"2024-10-08T06:19:53","guid":{"rendered":"https:\/\/www.zoner.fi\/tuki\/?page_id=132791"},"modified":"2025-11-12T15:46:09","modified_gmt":"2025-11-12T13:46:09","slug":"mysql-kayttajan-luominen","status":"publish","type":"page","link":"https:\/\/www.zoner.fi\/tuki\/webhotellit\/cpanel-webhotelli-fi\/mysql-kayttajan-luominen\/","title":{"rendered":"MySQL-k\u00e4ytt\u00e4j\u00e4n luominen"},"content":{"rendered":"\n<ul class=\"wp-block-list\">\n<li>Kirjaudu cPaneliin Zoner Homen kautta. <strong>Ohje<\/strong>: <a href=\"https:\/\/www.zoner.fi\/tuki\/webhotellit\/cpanel-webhotelli-fi\/cpanel-palvelunhallintaan-siirtyminen\/\">cPanel-palvelunhallintaan siirtyminen<\/a>.<\/li>\n<\/ul>\n\n\n\n<figure class=\"wp-block-image size-full\"><img loading=\"lazy\" decoding=\"async\" width=\"559\" height=\"318\" src=\"https:\/\/www.zoner.fi\/tuki\/wp-content\/uploads\/2024\/10\/MySQL-kayttajan-luominen-1.png\" alt=\"\" class=\"wp-image-133814\" srcset=\"https:\/\/www.zoner.fi\/tuki\/wp-content\/uploads\/2024\/10\/MySQL-kayttajan-luominen-1.png 559w, https:\/\/www.zoner.fi\/tuki\/wp-content\/uploads\/2024\/10\/MySQL-kayttajan-luominen-1-300x171.png 300w\" sizes=\"auto, (max-width: 559px) 100vw, 559px\" \/><\/figure>\n\n\n\n<ul class=\"wp-block-list\">\n<li>Valitse <strong>MySQL-tietokannat<\/strong>.<\/li>\n<\/ul>\n\n\n\n<figure class=\"wp-block-image size-full\"><img loading=\"lazy\" decoding=\"async\" width=\"562\" height=\"452\" src=\"https:\/\/www.zoner.fi\/tuki\/wp-content\/uploads\/2024\/10\/MySQL-kayttajan-luominen-2.png\" alt=\"\" class=\"wp-image-133815\" srcset=\"https:\/\/www.zoner.fi\/tuki\/wp-content\/uploads\/2024\/10\/MySQL-kayttajan-luominen-2.png 562w, https:\/\/www.zoner.fi\/tuki\/wp-content\/uploads\/2024\/10\/MySQL-kayttajan-luominen-2-300x241.png 300w\" sizes=\"auto, (max-width: 562px) 100vw, 562px\" \/><\/figure>\n\n\n\n<ul class=\"wp-block-list\">\n<li>Sy\u00f6t\u00e4 uusi k\u00e4ytt\u00e4j\u00e4tunnus.<\/li>\n\n\n\n<li>Voit k\u00e4ytt\u00e4\u00e4 salasanan luontitoimintoa tai vaihtoehtoisesti antaa k\u00e4ytt\u00e4j\u00e4lle omavalintaisen salasanan.<\/li>\n<\/ul>\n\n\n\n<figure class=\"wp-block-image size-full\"><img loading=\"lazy\" decoding=\"async\" width=\"578\" height=\"54\" src=\"https:\/\/www.zoner.fi\/tuki\/wp-content\/uploads\/2024\/10\/MySQL-kayttajan-luominen-3.png\" alt=\"\" class=\"wp-image-133816\" srcset=\"https:\/\/www.zoner.fi\/tuki\/wp-content\/uploads\/2024\/10\/MySQL-kayttajan-luominen-3.png 578w, https:\/\/www.zoner.fi\/tuki\/wp-content\/uploads\/2024\/10\/MySQL-kayttajan-luominen-3-300x28.png 300w\" sizes=\"auto, (max-width: 578px) 100vw, 578px\" \/><\/figure>\n\n\n\n<ul class=\"wp-block-list\">\n<li>Saat ilmoituksen k\u00e4ytt\u00e4j\u00e4n luonnista.<\/li>\n\n\n\n<li><strong>T\u00e4m\u00e4n j\u00e4lkeen k\u00e4ytt\u00e4j\u00e4lle tulee lis\u00e4t\u00e4 oikeudet tietokantaan.<\/strong><\/li>\n<\/ul>\n\n\n\n<figure class=\"wp-block-image size-full\"><img loading=\"lazy\" decoding=\"async\" width=\"560\" height=\"241\" src=\"https:\/\/www.zoner.fi\/tuki\/wp-content\/uploads\/2024\/10\/MySQL-kayttajan-luominen-4-1.png\" alt=\"\" class=\"wp-image-133818\" srcset=\"https:\/\/www.zoner.fi\/tuki\/wp-content\/uploads\/2024\/10\/MySQL-kayttajan-luominen-4-1.png 560w, https:\/\/www.zoner.fi\/tuki\/wp-content\/uploads\/2024\/10\/MySQL-kayttajan-luominen-4-1-300x129.png 300w\" sizes=\"auto, (max-width: 560px) 100vw, 560px\" \/><\/figure>\n\n\n\n<ul class=\"wp-block-list\">\n<li>Valitse k\u00e4ytt\u00e4j\u00e4, jolle haluat antaa oikeuksia tietokantaan.<\/li>\n<\/ul>\n\n\n\n<figure class=\"wp-block-image size-full\"><img loading=\"lazy\" decoding=\"async\" width=\"505\" height=\"156\" src=\"https:\/\/www.zoner.fi\/tuki\/wp-content\/uploads\/2024\/10\/MySQL-kayttajan-luominen-5.png\" alt=\"\" class=\"wp-image-133819\" srcset=\"https:\/\/www.zoner.fi\/tuki\/wp-content\/uploads\/2024\/10\/MySQL-kayttajan-luominen-5.png 505w, https:\/\/www.zoner.fi\/tuki\/wp-content\/uploads\/2024\/10\/MySQL-kayttajan-luominen-5-300x93.png 300w\" sizes=\"auto, (max-width: 505px) 100vw, 505px\" \/><\/figure>\n\n\n\n<ul class=\"wp-block-list\">\n<li>Anna uudelle k\u00e4ytt\u00e4j\u00e4lle tarvitsemansa oikeudet. Jos et tied\u00e4, mit\u00e4 oikeuksia tulisi valita, suosittelemme tiedustelemaan asiaa sivustosi suunnittelijalta. Voit my\u00f6s antaa k\u00e4ytt\u00e4j\u00e4lle kaikki oikeudet tietokantaan, mutta t\u00e4m\u00e4 ei ole kaikissa tapauksissa suositeltavaa.<\/li>\n<\/ul>\n\n\n\n<figure class=\"wp-block-image size-full\"><img loading=\"lazy\" decoding=\"async\" width=\"142\" height=\"49\" src=\"https:\/\/www.zoner.fi\/tuki\/wp-content\/uploads\/2024\/10\/MySQL-kayttajan-luominen-6.png\" alt=\"\" class=\"wp-image-133820\"\/><\/figure>\n\n\n\n<ul class=\"wp-block-list\">\n<li>Muista tallentaa muutokset.<\/li>\n<\/ul>\n\n\n\n<figure class=\"wp-block-image size-full\"><img loading=\"lazy\" decoding=\"async\" width=\"400\" height=\"60\" src=\"https:\/\/www.zoner.fi\/tuki\/wp-content\/uploads\/2024\/10\/MySQL-kayttajan-luominen-7.png\" alt=\"\" class=\"wp-image-133821\" srcset=\"https:\/\/www.zoner.fi\/tuki\/wp-content\/uploads\/2024\/10\/MySQL-kayttajan-luominen-7.png 400w, https:\/\/www.zoner.fi\/tuki\/wp-content\/uploads\/2024\/10\/MySQL-kayttajan-luominen-7-300x45.png 300w\" sizes=\"auto, (max-width: 400px) 100vw, 400px\" \/><\/figure>\n\n\n\n<ul class=\"wp-block-list\">\n<li>Valmista tuli! Olet onnistuneesti luonut k\u00e4ytt\u00e4j\u00e4n ja antaneet sille oikeudet tietokantaan.<\/li>\n<\/ul>\n","protected":false},"excerpt":{"rendered":"","protected":false},"author":40,"featured_media":0,"parent":137349,"menu_order":0,"comment_status":"closed","ping_status":"closed","template":"","meta":{"_relevanssi_hide_post":"","_relevanssi_hide_content":"","_relevanssi_pin_for_all":"","_relevanssi_pin_keywords":"","_relevanssi_unpin_keywords":"","_relevanssi_related_keywords":"","_relevanssi_related_include_ids":"","_relevanssi_related_exclude_ids":"","_relevanssi_related_no_append":"","_relevanssi_related_not_related":"","_relevanssi_related_posts":"130899,132072,130273,130515,132325,130667","_relevanssi_noindex_reason":"","footnotes":""},"categories":[218],"tags":[99],"wf_page_folders":[],"class_list":{"0":"post-132791","1":"page","2":"type-page","3":"status-publish","5":"category-cpanel-webhotelli-fi-webhotellit","6":"tag-tietokannat"},"_links":{"self":[{"href":"https:\/\/www.zoner.fi\/tuki\/wp-json\/wp\/v2\/pages\/132791","targetHints":{"allow":["GET"]}}],"collection":[{"href":"https:\/\/www.zoner.fi\/tuki\/wp-json\/wp\/v2\/pages"}],"about":[{"href":"https:\/\/www.zoner.fi\/tuki\/wp-json\/wp\/v2\/types\/page"}],"author":[{"embeddable":true,"href":"https:\/\/www.zoner.fi\/tuki\/wp-json\/wp\/v2\/users\/40"}],"replies":[{"embeddable":true,"href":"https:\/\/www.zoner.fi\/tuki\/wp-json\/wp\/v2\/comments?post=132791"}],"version-history":[{"count":5,"href":"https:\/\/www.zoner.fi\/tuki\/wp-json\/wp\/v2\/pages\/132791\/revisions"}],"predecessor-version":[{"id":138075,"href":"https:\/\/www.zoner.fi\/tuki\/wp-json\/wp\/v2\/pages\/132791\/revisions\/138075"}],"up":[{"embeddable":true,"href":"https:\/\/www.zoner.fi\/tuki\/wp-json\/wp\/v2\/pages\/137349"}],"wp:attachment":[{"href":"https:\/\/www.zoner.fi\/tuki\/wp-json\/wp\/v2\/media?parent=132791"}],"wp:term":[{"taxonomy":"category","embeddable":true,"href":"https:\/\/www.zoner.fi\/tuki\/wp-json\/wp\/v2\/categories?post=132791"},{"taxonomy":"post_tag","embeddable":true,"href":"https:\/\/www.zoner.fi\/tuki\/wp-json\/wp\/v2\/tags?post=132791"},{"taxonomy":"wf_page_folders","embeddable":true,"href":"https:\/\/www.zoner.fi\/tuki\/wp-json\/wp\/v2\/wf_page_folders?post=132791"}],"curies":[{"name":"wp","href":"https:\/\/api.w.org\/{rel}","templated":true}]}}