{"id":132793,"date":"2024-10-07T16:09:56","date_gmt":"2024-10-07T13:09:56","guid":{"rendered":"https:\/\/www.zoner.fi\/tuki\/?page_id=132793"},"modified":"2025-11-12T15:47:15","modified_gmt":"2025-11-12T13:47:15","slug":"mysql-tietokantaan-yhdistaminen-ulkopuolelta","status":"publish","type":"page","link":"https:\/\/www.zoner.fi\/tuki\/webhotellit\/cpanel-webhotelli-fi\/mysql-tietokantaan-yhdistaminen-ulkopuolelta\/","title":{"rendered":"MySQL-tietokantaan yhdist\u00e4minen ulkopuolelta"},"content":{"rendered":"\n<ul class=\"wp-block-list\">\n<li>Kirjaudu cPaneliin Zoner Homen kautta. <strong>Ohje<\/strong>:<a href=\"https:\/\/www.zoner.fi\/tuki\/webhotellit\/cpanel-webhotelli-fi\/cpanel-palvelunhallintaan-siirtyminen\/\"> cPanel-palvelunhallintaan siirtyminen<\/a>.<\/li>\n<\/ul>\n\n\n\n<figure class=\"wp-block-image size-large\"><img loading=\"lazy\" decoding=\"async\" width=\"1024\" height=\"285\" src=\"https:\/\/www.zoner.fi\/tuki\/wp-content\/uploads\/2024\/10\/MySQL-tietokantaan-yhdistaminen-ulkopuolelta-1-1024x285.png\" alt=\"\" class=\"wp-image-133837\" srcset=\"https:\/\/www.zoner.fi\/tuki\/wp-content\/uploads\/2024\/10\/MySQL-tietokantaan-yhdistaminen-ulkopuolelta-1-1024x285.png 1024w, https:\/\/www.zoner.fi\/tuki\/wp-content\/uploads\/2024\/10\/MySQL-tietokantaan-yhdistaminen-ulkopuolelta-1-300x84.png 300w, https:\/\/www.zoner.fi\/tuki\/wp-content\/uploads\/2024\/10\/MySQL-tietokantaan-yhdistaminen-ulkopuolelta-1-768x214.png 768w, https:\/\/www.zoner.fi\/tuki\/wp-content\/uploads\/2024\/10\/MySQL-tietokantaan-yhdistaminen-ulkopuolelta-1.png 1338w\" sizes=\"auto, (max-width: 1024px) 100vw, 1024px\" \/><\/figure>\n\n\n\n<ul class=\"wp-block-list\">\n<li>Valitse  <strong>Tietokannat<\/strong>-osion alta <strong>MySQL-tietokannan et\u00e4k\u00e4ytt\u00f6<\/strong>.<\/li>\n<\/ul>\n\n\n\n<figure class=\"wp-block-image size-full\"><img loading=\"lazy\" decoding=\"async\" width=\"892\" height=\"257\" src=\"https:\/\/www.zoner.fi\/tuki\/wp-content\/uploads\/2024\/10\/MySQL-tietokantaan-yhdistaminen-ulkopuolelta-2.png\" alt=\"\" class=\"wp-image-133838\" srcset=\"https:\/\/www.zoner.fi\/tuki\/wp-content\/uploads\/2024\/10\/MySQL-tietokantaan-yhdistaminen-ulkopuolelta-2.png 892w, https:\/\/www.zoner.fi\/tuki\/wp-content\/uploads\/2024\/10\/MySQL-tietokantaan-yhdistaminen-ulkopuolelta-2-300x86.png 300w, https:\/\/www.zoner.fi\/tuki\/wp-content\/uploads\/2024\/10\/MySQL-tietokantaan-yhdistaminen-ulkopuolelta-2-768x221.png 768w\" sizes=\"auto, (max-width: 892px) 100vw, 892px\" \/><\/figure>\n\n\n\n<ul class=\"wp-block-list\">\n<li>Lis\u00e4\u00e4 sen laitteen IP-osoite, josta haluat yhdist\u00e4\u00e4 tietokantaan.<\/li>\n\n\n\n<li>Napsauta <strong>Lis\u00e4\u00e4 osoite<\/strong>.<\/li>\n<\/ul>\n","protected":false},"excerpt":{"rendered":"","protected":false},"author":40,"featured_media":0,"parent":137349,"menu_order":0,"comment_status":"closed","ping_status":"closed","template":"","meta":{"_relevanssi_hide_post":"","_relevanssi_hide_content":"","_relevanssi_pin_for_all":"","_relevanssi_pin_keywords":"","_relevanssi_unpin_keywords":"","_relevanssi_related_keywords":"","_relevanssi_related_include_ids":"","_relevanssi_related_exclude_ids":"","_relevanssi_related_no_append":"","_relevanssi_related_not_related":"","_relevanssi_related_posts":"132250,130498,130397,1076,130578,131506","_relevanssi_noindex_reason":"","footnotes":""},"categories":[218],"tags":[99],"wf_page_folders":[],"class_list":{"0":"post-132793","1":"page","2":"type-page","3":"status-publish","5":"category-cpanel-webhotelli-fi-webhotellit","6":"tag-tietokannat"},"_links":{"self":[{"href":"https:\/\/www.zoner.fi\/tuki\/wp-json\/wp\/v2\/pages\/132793","targetHints":{"allow":["GET"]}}],"collection":[{"href":"https:\/\/www.zoner.fi\/tuki\/wp-json\/wp\/v2\/pages"}],"about":[{"href":"https:\/\/www.zoner.fi\/tuki\/wp-json\/wp\/v2\/types\/page"}],"author":[{"embeddable":true,"href":"https:\/\/www.zoner.fi\/tuki\/wp-json\/wp\/v2\/users\/40"}],"replies":[{"embeddable":true,"href":"https:\/\/www.zoner.fi\/tuki\/wp-json\/wp\/v2\/comments?post=132793"}],"version-history":[{"count":6,"href":"https:\/\/www.zoner.fi\/tuki\/wp-json\/wp\/v2\/pages\/132793\/revisions"}],"predecessor-version":[{"id":138079,"href":"https:\/\/www.zoner.fi\/tuki\/wp-json\/wp\/v2\/pages\/132793\/revisions\/138079"}],"up":[{"embeddable":true,"href":"https:\/\/www.zoner.fi\/tuki\/wp-json\/wp\/v2\/pages\/137349"}],"wp:attachment":[{"href":"https:\/\/www.zoner.fi\/tuki\/wp-json\/wp\/v2\/media?parent=132793"}],"wp:term":[{"taxonomy":"category","embeddable":true,"href":"https:\/\/www.zoner.fi\/tuki\/wp-json\/wp\/v2\/categories?post=132793"},{"taxonomy":"post_tag","embeddable":true,"href":"https:\/\/www.zoner.fi\/tuki\/wp-json\/wp\/v2\/tags?post=132793"},{"taxonomy":"wf_page_folders","embeddable":true,"href":"https:\/\/www.zoner.fi\/tuki\/wp-json\/wp\/v2\/wf_page_folders?post=132793"}],"curies":[{"name":"wp","href":"https:\/\/api.w.org\/{rel}","templated":true}]}}