{"id":132795,"date":"2024-10-07T16:08:45","date_gmt":"2024-10-07T13:08:45","guid":{"rendered":"https:\/\/www.zoner.fi\/tuki\/?page_id=132795"},"modified":"2025-11-12T15:46:25","modified_gmt":"2025-11-12T13:46:25","slug":"mysql-kayttajan-salasanan-vaihto","status":"publish","type":"page","link":"https:\/\/www.zoner.fi\/tuki\/webhotellit\/cpanel-webhotelli-fi\/mysql-kayttajan-salasanan-vaihto\/","title":{"rendered":"MySQL-k\u00e4ytt\u00e4j\u00e4n salasanan vaihto"},"content":{"rendered":"\n<p>Voit vaihtaa MySQL-k\u00e4ytt\u00e4jien salasanoja helposti cPanelissa.<\/p>\n\n\n\n<ul class=\"wp-block-list\">\n<li>Kirjaudu cPaneliin Zoner Homen kautta. <strong>Ohje<\/strong>: <a href=\"https:\/\/www.zoner.fi\/tuki\/webhotellit\/cpanel-webhotelli-fi\/cpanel-palvelunhallintaan-siirtyminen\/\">cPanel-palvelunhallintaan siirtyminen<\/a>.<\/li>\n<\/ul>\n\n\n\n<figure class=\"wp-block-image size-large\"><img loading=\"lazy\" decoding=\"async\" width=\"1024\" height=\"138\" src=\"https:\/\/www.zoner.fi\/tuki\/wp-content\/uploads\/2024\/10\/MySQL-kayttajan-salasanan-vaihto-1-1024x138.png\" alt=\"\" class=\"wp-image-133823\" srcset=\"https:\/\/www.zoner.fi\/tuki\/wp-content\/uploads\/2024\/10\/MySQL-kayttajan-salasanan-vaihto-1-1024x138.png 1024w, https:\/\/www.zoner.fi\/tuki\/wp-content\/uploads\/2024\/10\/MySQL-kayttajan-salasanan-vaihto-1-300x41.png 300w, https:\/\/www.zoner.fi\/tuki\/wp-content\/uploads\/2024\/10\/MySQL-kayttajan-salasanan-vaihto-1-768x104.png 768w, https:\/\/www.zoner.fi\/tuki\/wp-content\/uploads\/2024\/10\/MySQL-kayttajan-salasanan-vaihto-1.png 1376w\" sizes=\"auto, (max-width: 1024px) 100vw, 1024px\" \/><\/figure>\n\n\n\n<ul class=\"wp-block-list\">\n<li>Napsauta cPanelissa kohtaa <strong>MySQL-tietokannat<\/strong>.<\/li>\n<\/ul>\n\n\n\n<figure class=\"wp-block-image size-full\"><img loading=\"lazy\" decoding=\"async\" width=\"764\" height=\"150\" src=\"https:\/\/www.zoner.fi\/tuki\/wp-content\/uploads\/2024\/10\/MySQL-kayttajan-salasanan-vaihto-2.png\" alt=\"\" class=\"wp-image-133824\" srcset=\"https:\/\/www.zoner.fi\/tuki\/wp-content\/uploads\/2024\/10\/MySQL-kayttajan-salasanan-vaihto-2.png 764w, https:\/\/www.zoner.fi\/tuki\/wp-content\/uploads\/2024\/10\/MySQL-kayttajan-salasanan-vaihto-2-300x59.png 300w\" sizes=\"auto, (max-width: 764px) 100vw, 764px\" \/><\/figure>\n\n\n\n<ul class=\"wp-block-list\">\n<li>Napsauta k\u00e4ytt\u00e4j\u00e4n kohdalla linkki\u00e4 <strong>Vaihda salasana<\/strong>.<\/li>\n\n\n\n<li>Muista tallentaa salasana sivustosi konfiguraatiotiedostoihin.<\/li>\n<\/ul>\n","protected":false},"excerpt":{"rendered":"<p>Voit vaihtaa MySQL-k\u00e4ytt\u00e4jien salasanoja helposti cPanelissa.<\/p>\n","protected":false},"author":40,"featured_media":0,"parent":137349,"menu_order":0,"comment_status":"closed","ping_status":"closed","template":"","meta":{"_relevanssi_hide_post":"","_relevanssi_hide_content":"","_relevanssi_pin_for_all":"","_relevanssi_pin_keywords":"","_relevanssi_unpin_keywords":"","_relevanssi_related_keywords":"","_relevanssi_related_include_ids":"","_relevanssi_related_exclude_ids":"","_relevanssi_related_no_append":"","_relevanssi_related_not_related":"","_relevanssi_related_posts":"130515,132244,130641,130935,130450,130553","_relevanssi_noindex_reason":"","footnotes":""},"categories":[218],"tags":[99],"wf_page_folders":[],"class_list":{"0":"post-132795","1":"page","2":"type-page","3":"status-publish","5":"category-cpanel-webhotelli-fi-webhotellit","6":"tag-tietokannat"},"_links":{"self":[{"href":"https:\/\/www.zoner.fi\/tuki\/wp-json\/wp\/v2\/pages\/132795","targetHints":{"allow":["GET"]}}],"collection":[{"href":"https:\/\/www.zoner.fi\/tuki\/wp-json\/wp\/v2\/pages"}],"about":[{"href":"https:\/\/www.zoner.fi\/tuki\/wp-json\/wp\/v2\/types\/page"}],"author":[{"embeddable":true,"href":"https:\/\/www.zoner.fi\/tuki\/wp-json\/wp\/v2\/users\/40"}],"replies":[{"embeddable":true,"href":"https:\/\/www.zoner.fi\/tuki\/wp-json\/wp\/v2\/comments?post=132795"}],"version-history":[{"count":5,"href":"https:\/\/www.zoner.fi\/tuki\/wp-json\/wp\/v2\/pages\/132795\/revisions"}],"predecessor-version":[{"id":138076,"href":"https:\/\/www.zoner.fi\/tuki\/wp-json\/wp\/v2\/pages\/132795\/revisions\/138076"}],"up":[{"embeddable":true,"href":"https:\/\/www.zoner.fi\/tuki\/wp-json\/wp\/v2\/pages\/137349"}],"wp:attachment":[{"href":"https:\/\/www.zoner.fi\/tuki\/wp-json\/wp\/v2\/media?parent=132795"}],"wp:term":[{"taxonomy":"category","embeddable":true,"href":"https:\/\/www.zoner.fi\/tuki\/wp-json\/wp\/v2\/categories?post=132795"},{"taxonomy":"post_tag","embeddable":true,"href":"https:\/\/www.zoner.fi\/tuki\/wp-json\/wp\/v2\/tags?post=132795"},{"taxonomy":"wf_page_folders","embeddable":true,"href":"https:\/\/www.zoner.fi\/tuki\/wp-json\/wp\/v2\/wf_page_folders?post=132795"}],"curies":[{"name":"wp","href":"https:\/\/api.w.org\/{rel}","templated":true}]}}