{"id":132815,"date":"2024-10-07T08:50:14","date_gmt":"2024-10-07T05:50:14","guid":{"rendered":"https:\/\/www.zoner.fi\/tuki\/?page_id=132815"},"modified":"2025-09-29T12:33:33","modified_gmt":"2025-09-29T09:33:33","slug":"errp-sahkopostiviesti","status":"publish","type":"page","link":"https:\/\/www.zoner.fi\/tuki\/webhotellit\/cpanel-webhotelli-fi\/errp-sahkopostiviesti\/","title":{"rendered":"ERRP s\u00e4hk\u00f6postiviesti"},"content":{"rendered":"\n<p>Jos saat meilt\u00e4 alla olevan n\u00e4k\u00f6isen viestin, niin kyseess\u00e4 on ICANN vaatima viesti, jolla ilmoitetaan verkkotunnuksen vanhenemisesta.<\/p>\n\n\n\n<p>Niin pitk\u00e4\u00e4n, kun maksat laskusi, ei ole syyt\u00e4 huoleen, ett\u00e4 verkkotunnuksesi vanhenisi.<\/p>\n\n\n\n<p><em>Dear valued domain customer,<\/em><\/p>\n\n\n\n<p><em>This is a reminder to kindly inform you that your domains as shown below are about to expire on the date listed.<\/em><br><em>This reminder conforms to the Expired Registration Recovery Procedure (ERRP) as required by ICANN.<\/em><\/p>\n\n\n\n<p><em>Domainname | Exp.-Date<\/em><br><em>&#8212;&#8212;&#8212;&#8212;&#8212;-+&#8212;&#8212;&#8212;&#8211;<\/em><br><em>domaininne.com | 2017-09-01<\/em><br><em>This means that your domains will be DISABLED at the given expiration date, if they are not renewed.<\/em><\/p>\n\n\n\n<p><em>Explanation:<\/em><\/p>\n\n\n\n<p><em>Domain name: name of the domain<\/em><br><em>Exp.-Date: the expiration date of your domain<\/em><br><em>Roles: creator, admin or billing. May be empty if you are &#8217;just&#8217; the Registrant of the domain<\/em><br><em>You have received this reminder, because our records show that you are one of the following contacts of this domain:<\/em><\/p>\n\n\n\n<p><em>Assignment Role Account (Owner, mainly responsible)<\/em><br><em>Administrative Role Account (modifications)<\/em><br><em>Billing Role Account (renewals)<\/em><br><em>Registrant (Owner as given in Whois-Details of your domains)<\/em><br><em>Please visit our web site to renew your domains.<\/em><\/p>\n\n\n\n<p><em>Please be aware that your domain will be deleted shortly after its expiration date, if not renewed.<\/em><\/p>\n\n\n\n<p><em>This notification has been sent on behalf of your domain name supplier.<\/em><\/p>\n","protected":false},"excerpt":{"rendered":"<p>Jos saat meilt\u00e4 alla olevan n\u00e4k\u00f6isen viestin, niin kyseess\u00e4 on ICANN vaatima viesti, jolla ilmoitetaan verkkotunnuksen vanhenemisesta. Niin pitk\u00e4\u00e4n, kun maksat laskusi, ei ole syyt\u00e4 huoleen, ett\u00e4 verkkotunnuksesi vanhenisi. Dear valued domain customer, This is a reminder to kindly inform you that your domains as shown below are about to expire on the date listed.This &#8230; <a title=\"ERRP s\u00e4hk\u00f6postiviesti\" class=\"read-more\" href=\"https:\/\/www.zoner.fi\/tuki\/webhotellit\/cpanel-webhotelli-fi\/errp-sahkopostiviesti\/\" aria-label=\"Lue lis\u00e4\u00e4 aiheesta ERRP s\u00e4hk\u00f6postiviesti\">Lue lis\u00e4\u00e4<\/a><\/p>\n","protected":false},"author":40,"featured_media":0,"parent":137349,"menu_order":0,"comment_status":"closed","ping_status":"closed","template":"","meta":{"_relevanssi_hide_post":"","_relevanssi_hide_content":"","_relevanssi_pin_for_all":"","_relevanssi_pin_keywords":"","_relevanssi_unpin_keywords":"","_relevanssi_related_keywords":"","_relevanssi_related_include_ids":"","_relevanssi_related_exclude_ids":"","_relevanssi_related_no_append":"","_relevanssi_related_not_related":"","_relevanssi_related_posts":"132584,130450,130578,130865,130616,131506","_relevanssi_noindex_reason":"","footnotes":""},"categories":[211,218],"tags":[219,158],"wf_page_folders":[],"class_list":{"0":"post-132815","1":"page","2":"type-page","3":"status-publish","5":"category-cpanel-webhotelli-fi","6":"category-cpanel-webhotelli-fi-webhotellit","7":"tag-verkkotunnusten-hallinta","8":"tag-yleiset"},"_links":{"self":[{"href":"https:\/\/www.zoner.fi\/tuki\/wp-json\/wp\/v2\/pages\/132815","targetHints":{"allow":["GET"]}}],"collection":[{"href":"https:\/\/www.zoner.fi\/tuki\/wp-json\/wp\/v2\/pages"}],"about":[{"href":"https:\/\/www.zoner.fi\/tuki\/wp-json\/wp\/v2\/types\/page"}],"author":[{"embeddable":true,"href":"https:\/\/www.zoner.fi\/tuki\/wp-json\/wp\/v2\/users\/40"}],"replies":[{"embeddable":true,"href":"https:\/\/www.zoner.fi\/tuki\/wp-json\/wp\/v2\/comments?post=132815"}],"version-history":[{"count":3,"href":"https:\/\/www.zoner.fi\/tuki\/wp-json\/wp\/v2\/pages\/132815\/revisions"}],"predecessor-version":[{"id":137566,"href":"https:\/\/www.zoner.fi\/tuki\/wp-json\/wp\/v2\/pages\/132815\/revisions\/137566"}],"up":[{"embeddable":true,"href":"https:\/\/www.zoner.fi\/tuki\/wp-json\/wp\/v2\/pages\/137349"}],"wp:attachment":[{"href":"https:\/\/www.zoner.fi\/tuki\/wp-json\/wp\/v2\/media?parent=132815"}],"wp:term":[{"taxonomy":"category","embeddable":true,"href":"https:\/\/www.zoner.fi\/tuki\/wp-json\/wp\/v2\/categories?post=132815"},{"taxonomy":"post_tag","embeddable":true,"href":"https:\/\/www.zoner.fi\/tuki\/wp-json\/wp\/v2\/tags?post=132815"},{"taxonomy":"wf_page_folders","embeddable":true,"href":"https:\/\/www.zoner.fi\/tuki\/wp-json\/wp\/v2\/wf_page_folders?post=132815"}],"curies":[{"name":"wp","href":"https:\/\/api.w.org\/{rel}","templated":true}]}}