{"id":133178,"date":"2024-11-12T12:23:15","date_gmt":"2024-11-12T10:23:15","guid":{"rendered":"https:\/\/www.zoner.fi\/tuki\/?page_id=133178"},"modified":"2025-09-25T16:42:58","modified_gmt":"2025-09-25T13:42:58","slug":"miten-luon-linkin-sivun-osioon","status":"publish","type":"page","link":"https:\/\/www.zoner.fi\/tuki\/kotisivukone\/zoner\/miten-luon-linkin-sivun-osioon\/","title":{"rendered":"Miten luon linkin sivun osioon?"},"content":{"rendered":"\n<p>Valikkoon voi olla hy\u00f6dyllist\u00e4 lis\u00e4t\u00e4 linkkej\u00e4, jotka johtavat tiettyyn paikkaan samalla sivulla sen sijaan, ett\u00e4 ne veisiv\u00e4t uudelle sivulle. N\u00e4in voit ohjata k\u00e4vij\u00e4n suoraan siihen kohtaan, jota h\u00e4n etsii sivullasi.<\/p>\n\n\n\n<p>T\u00e4ss\u00e4 artikkelissa n\u00e4yt\u00e4mme, miten voit lis\u00e4t\u00e4 valikkoon sivun eri osioihin johtavia linkkej\u00e4 Zoner Kotisivukoneessa. T\u00e4ll\u00e4 menetelm\u00e4ll\u00e4 voit my\u00f6s luoda <a href=\"https:\/\/www.zoner.fi\/tuki\/kotisivukone\/miten-muutan-monisivuisen-sivuston-yksisivuiseksi-sivustoksi-zoner-kotisivukoneessa\/\">yhdest\u00e4 sivusta koostuvat kotisivut<\/a>.<\/p>\n\n\n\n<h2 class=\"wp-block-heading\" id=\"step-1\">1. Luo osioita<\/h2>\n\n\n\n<p>Esimerkkikuvissa lis\u00e4\u00e4mme linkit Catalogue-nimisen sivun eri osioihin. Valikossa n\u00e4ist\u00e4 osioista tulee Catalogue-sivun alaosioita. Aloita luomalla sivulle ensin <a href=\"https:\/\/www.zoner.fi\/tuki\/kotisivukone\/mita-ovat-osiot-ja-lohkot-zoner-kotisivukoneessa\/\">osiot<\/a>\u00a0ja lis\u00e4\u00e4m\u00e4ll\u00e4 niihin haluamasi komponentit.<\/p>\n\n\n\n<p><strong>Vinkki:<\/strong>&nbsp;Anna osiolle nimi, josta tunnistat sen helposti. Jos haluat nimet\u00e4 osion uudelleen, napsauta sit\u00e4, siirry&nbsp;<strong>Muokkaa osiota<\/strong>&nbsp;-kohtaan ja napsauta&nbsp;<strong>Osion otsikko<\/strong>&nbsp;-kohtaa avautuneessa valikossa.<\/p>\n\n\n\n<h2 class=\"wp-block-heading\" id=\"step-2\">2. Lis\u00e4\u00e4 osiolinkki sivuston valikkoon<\/h2>\n\n\n\n<p>1. Napsauta sivuvalikkoa vaaleansinisess\u00e4 palkissa n\u00e4yt\u00f6n yl\u00e4osassa.<br>2. Napsauta valkoista ketjupainiketta lis\u00e4t\u00e4ksesi osiolinkin.&nbsp;<\/p>\n\n\n\n<figure class=\"wp-block-image size-large\"><img loading=\"lazy\" decoding=\"async\" width=\"1024\" height=\"681\" src=\"https:\/\/www.zoner.fi\/tuki\/wp-content\/uploads\/2024\/11\/miten-luon-linkin-sivun-osioon-2-1024x681.png\" alt=\"\" class=\"wp-image-134608\" srcset=\"https:\/\/www.zoner.fi\/tuki\/wp-content\/uploads\/2024\/11\/miten-luon-linkin-sivun-osioon-2-1024x681.png 1024w, https:\/\/www.zoner.fi\/tuki\/wp-content\/uploads\/2024\/11\/miten-luon-linkin-sivun-osioon-2-300x200.png 300w, https:\/\/www.zoner.fi\/tuki\/wp-content\/uploads\/2024\/11\/miten-luon-linkin-sivun-osioon-2-768x511.png 768w, https:\/\/www.zoner.fi\/tuki\/wp-content\/uploads\/2024\/11\/miten-luon-linkin-sivun-osioon-2-1536x1022.png 1536w, https:\/\/www.zoner.fi\/tuki\/wp-content\/uploads\/2024\/11\/miten-luon-linkin-sivun-osioon-2.png 1873w\" sizes=\"auto, (max-width: 1024px) 100vw, 1024px\" \/><\/figure>\n\n\n\n<h2 class=\"wp-block-heading\" id=\"step-3\">3. Valitse osio, johon haluat luoda linkin<\/h2>\n\n\n\n<p>1. Sy\u00f6t\u00e4 osiolinkin otsikko. Se tulee n\u00e4kym\u00e4\u00e4n valikossa osion nimen\u00e4.<br>2. Valitse sivu, jolla osio sijaitsee.<br>3. Valitse osio, johon linkin tulisi johtaa.<br>4. Tallenna asetukset napsauttamalla&nbsp;<strong>Lis\u00e4\u00e4<\/strong>.<\/p>\n\n\n\n<p>Toista n\u00e4m\u00e4 vaiheet jokaiselle osiolle, jonka haluat lis\u00e4t\u00e4 valikkoon.<\/p>\n\n\n\n<p><strong>Huomaa:<\/strong>&nbsp;Zoner Kotisivukoneen Starter-paketilla voit lis\u00e4t\u00e4 enint\u00e4\u00e4n 5 sivua ja 5 osiolinkki\u00e4. Jos tarvitset enemm\u00e4n linkkej\u00e4 tai sivuja, p\u00e4ivit\u00e4 Premium-pakettiin.<\/p>\n\n\n\n<figure class=\"wp-block-image size-large\"><img loading=\"lazy\" decoding=\"async\" width=\"1024\" height=\"681\" src=\"https:\/\/www.zoner.fi\/tuki\/wp-content\/uploads\/2024\/11\/miten-luon-linkin-sivun-osioon-3-1024x681.png\" alt=\"\" class=\"wp-image-134609\" srcset=\"https:\/\/www.zoner.fi\/tuki\/wp-content\/uploads\/2024\/11\/miten-luon-linkin-sivun-osioon-3-1024x681.png 1024w, https:\/\/www.zoner.fi\/tuki\/wp-content\/uploads\/2024\/11\/miten-luon-linkin-sivun-osioon-3-300x200.png 300w, https:\/\/www.zoner.fi\/tuki\/wp-content\/uploads\/2024\/11\/miten-luon-linkin-sivun-osioon-3-768x511.png 768w, https:\/\/www.zoner.fi\/tuki\/wp-content\/uploads\/2024\/11\/miten-luon-linkin-sivun-osioon-3-1536x1022.png 1536w, https:\/\/www.zoner.fi\/tuki\/wp-content\/uploads\/2024\/11\/miten-luon-linkin-sivun-osioon-3.png 1873w\" sizes=\"auto, (max-width: 1024px) 100vw, 1024px\" \/><\/figure>\n\n\n\n<h2 class=\"wp-block-heading\" id=\"step-4\">4. Tarkista, toimivatko osiot<\/h2>\n\n\n\n<p>Osiot lis\u00e4t\u00e4\u00e4n sivuvalikon luettelon alareunaan. Tunnistat ne ankkurikuvakkeesta.<\/p>\n\n\n\n<figure class=\"wp-block-image size-large\"><img loading=\"lazy\" decoding=\"async\" width=\"1024\" height=\"681\" src=\"https:\/\/www.zoner.fi\/tuki\/wp-content\/uploads\/2024\/11\/miten-luon-linkin-sivun-osioon-4-1024x681.png\" alt=\"\" class=\"wp-image-134610\" srcset=\"https:\/\/www.zoner.fi\/tuki\/wp-content\/uploads\/2024\/11\/miten-luon-linkin-sivun-osioon-4-1024x681.png 1024w, https:\/\/www.zoner.fi\/tuki\/wp-content\/uploads\/2024\/11\/miten-luon-linkin-sivun-osioon-4-300x200.png 300w, https:\/\/www.zoner.fi\/tuki\/wp-content\/uploads\/2024\/11\/miten-luon-linkin-sivun-osioon-4-768x511.png 768w, https:\/\/www.zoner.fi\/tuki\/wp-content\/uploads\/2024\/11\/miten-luon-linkin-sivun-osioon-4-1536x1022.png 1536w, https:\/\/www.zoner.fi\/tuki\/wp-content\/uploads\/2024\/11\/miten-luon-linkin-sivun-osioon-4.png 1873w\" sizes=\"auto, (max-width: 1024px) 100vw, 1024px\" \/><\/figure>\n\n\n\n<h2 class=\"wp-block-heading\" id=\"step-5\">5. Vaihda osioiden paikkaa<\/h2>\n\n\n\n<p>Muuta linkit Catalogue-sivun alasivuiksi vet\u00e4m\u00e4ll\u00e4 osio Catalogue-sivun p\u00e4\u00e4lle ja vapauttamalla se, kun n\u00e4et sen ymp\u00e4rill\u00e4 sinisen laatikon.<br>Katso lis\u00e4tietoja t\u00e4st\u00e4 oppaasta:\u00a0<a href=\"https:\/\/www.zoner.fi\/tuki\/kotisivukone\/miten-lisaan-alisivun-zoner-kotisivukoneessa\/\">Kuinka lis\u00e4\u00e4n alasivun Zoner Kotisivukoneessa?<\/a><\/p>\n\n\n\n<figure class=\"wp-block-image size-large\"><img loading=\"lazy\" decoding=\"async\" width=\"1024\" height=\"681\" src=\"https:\/\/www.zoner.fi\/tuki\/wp-content\/uploads\/2024\/11\/miten-luon-linkin-sivun-osioon-5-1024x681.png\" alt=\"\" class=\"wp-image-134611\" srcset=\"https:\/\/www.zoner.fi\/tuki\/wp-content\/uploads\/2024\/11\/miten-luon-linkin-sivun-osioon-5-1024x681.png 1024w, https:\/\/www.zoner.fi\/tuki\/wp-content\/uploads\/2024\/11\/miten-luon-linkin-sivun-osioon-5-300x200.png 300w, https:\/\/www.zoner.fi\/tuki\/wp-content\/uploads\/2024\/11\/miten-luon-linkin-sivun-osioon-5-768x511.png 768w, https:\/\/www.zoner.fi\/tuki\/wp-content\/uploads\/2024\/11\/miten-luon-linkin-sivun-osioon-5-1536x1022.png 1536w, https:\/\/www.zoner.fi\/tuki\/wp-content\/uploads\/2024\/11\/miten-luon-linkin-sivun-osioon-5.png 1873w\" sizes=\"auto, (max-width: 1024px) 100vw, 1024px\" \/><\/figure>\n\n\n\n<p>Sivun osiot l\u00f6ytyv\u00e4t nyt sen valikosta Catalogue-sivun alta. Napsauta osiota valikossa siirty\u00e4ksesi siihen.<\/p>\n","protected":false},"excerpt":{"rendered":"<p>Valikkoon voi olla hy\u00f6dyllist\u00e4 lis\u00e4t\u00e4 linkkej\u00e4, jotka johtavat tiettyyn paikkaan samalla sivulla sen sijaan, ett\u00e4 ne veisiv\u00e4t uudelle sivulle. N\u00e4in voit ohjata k\u00e4vij\u00e4n suoraan siihen kohtaan, jota h\u00e4n etsii sivullasi. T\u00e4ss\u00e4 artikkelissa n\u00e4yt\u00e4mme, miten voit lis\u00e4t\u00e4 valikkoon sivun eri osioihin johtavia linkkej\u00e4 Zoner Kotisivukoneessa. T\u00e4ll\u00e4 menetelm\u00e4ll\u00e4 voit my\u00f6s luoda yhdest\u00e4 sivusta koostuvat kotisivut. 1. Luo &#8230; <a title=\"Miten luon linkin sivun osioon?\" class=\"read-more\" href=\"https:\/\/www.zoner.fi\/tuki\/kotisivukone\/zoner\/miten-luon-linkin-sivun-osioon\/\" aria-label=\"Lue lis\u00e4\u00e4 aiheesta Miten luon linkin sivun osioon?\">Lue lis\u00e4\u00e4<\/a><\/p>\n","protected":false},"author":18,"featured_media":0,"parent":137385,"menu_order":0,"comment_status":"closed","ping_status":"closed","template":"","meta":{"_relevanssi_hide_post":"","_relevanssi_hide_content":"","_relevanssi_pin_for_all":"","_relevanssi_pin_keywords":"","_relevanssi_unpin_keywords":"","_relevanssi_related_keywords":"","_relevanssi_related_include_ids":"","_relevanssi_related_exclude_ids":"","_relevanssi_related_no_append":"","_relevanssi_related_not_related":"","_relevanssi_related_posts":"131541,130273,130964,131550,132301,130813","_relevanssi_noindex_reason":"","footnotes":""},"categories":[166],"tags":[165],"wf_page_folders":[],"class_list":{"0":"post-133178","1":"page","2":"type-page","3":"status-publish","5":"category-zoner-kotisivukone","6":"tag-linkit"},"_links":{"self":[{"href":"https:\/\/www.zoner.fi\/tuki\/wp-json\/wp\/v2\/pages\/133178","targetHints":{"allow":["GET"]}}],"collection":[{"href":"https:\/\/www.zoner.fi\/tuki\/wp-json\/wp\/v2\/pages"}],"about":[{"href":"https:\/\/www.zoner.fi\/tuki\/wp-json\/wp\/v2\/types\/page"}],"author":[{"embeddable":true,"href":"https:\/\/www.zoner.fi\/tuki\/wp-json\/wp\/v2\/users\/18"}],"replies":[{"embeddable":true,"href":"https:\/\/www.zoner.fi\/tuki\/wp-json\/wp\/v2\/comments?post=133178"}],"version-history":[{"count":9,"href":"https:\/\/www.zoner.fi\/tuki\/wp-json\/wp\/v2\/pages\/133178\/revisions"}],"predecessor-version":[{"id":134731,"href":"https:\/\/www.zoner.fi\/tuki\/wp-json\/wp\/v2\/pages\/133178\/revisions\/134731"}],"up":[{"embeddable":true,"href":"https:\/\/www.zoner.fi\/tuki\/wp-json\/wp\/v2\/pages\/137385"}],"wp:attachment":[{"href":"https:\/\/www.zoner.fi\/tuki\/wp-json\/wp\/v2\/media?parent=133178"}],"wp:term":[{"taxonomy":"category","embeddable":true,"href":"https:\/\/www.zoner.fi\/tuki\/wp-json\/wp\/v2\/categories?post=133178"},{"taxonomy":"post_tag","embeddable":true,"href":"https:\/\/www.zoner.fi\/tuki\/wp-json\/wp\/v2\/tags?post=133178"},{"taxonomy":"wf_page_folders","embeddable":true,"href":"https:\/\/www.zoner.fi\/tuki\/wp-json\/wp\/v2\/wf_page_folders?post=133178"}],"curies":[{"name":"wp","href":"https:\/\/api.w.org\/{rel}","templated":true}]}}