{"id":133194,"date":"2024-11-13T09:44:23","date_gmt":"2024-11-13T07:44:23","guid":{"rendered":"https:\/\/www.zoner.fi\/tuki\/?page_id=133194"},"modified":"2026-03-16T10:48:45","modified_gmt":"2026-03-16T08:48:45","slug":"miten-vaihdan-ulkoasumallia-zoner-kotisivukoneessa","status":"publish","type":"page","link":"https:\/\/www.zoner.fi\/tuki\/kotisivukone\/zoner\/miten-vaihdan-ulkoasumallia-zoner-kotisivukoneessa\/","title":{"rendered":"Miten vaihdan ulkoasumallia Zoner Kotisivukoneessa?"},"content":{"rendered":"\n<p>T\u00e4ss\u00e4 oppaassa n\u00e4yt\u00e4mme, miten voit lis\u00e4t\u00e4 uuden ulkoasumallin Zoner Kotisivukoneen malleihin, sek\u00e4 miten voit vaihtaa sivustosi mallin tuomaasi uuteen malliin.<\/p>\n\n\n\n<h2 class=\"wp-block-heading\" id=\"step-1\">1. Lis\u00e4\u00e4 uusi sivu<\/h2>\n\n\n\n<ol class=\"wp-block-list\">\n<li>Avaa&nbsp;<strong>Zoner Kotisivukone<\/strong>.<\/li>\n\n\n\n<li>Napsauta n\u00e4yt\u00f6n yl\u00e4reunan vaaleansinisess\u00e4 palkissa olevaa Sivu-valikkoa.<\/li>\n\n\n\n<li>Napsauta&nbsp;<strong>+ Lis\u00e4\u00e4 uusi sivu<\/strong>.<\/li>\n<\/ol>\n\n\n\n<figure class=\"wp-block-image size-large\"><img loading=\"lazy\" decoding=\"async\" width=\"1024\" height=\"620\" src=\"https:\/\/www.zoner.fi\/tuki\/wp-content\/uploads\/2024\/11\/ulkoasumallin-vaihtaminen-1-1024x620.png\" alt=\"\" class=\"wp-image-134654\" srcset=\"https:\/\/www.zoner.fi\/tuki\/wp-content\/uploads\/2024\/11\/ulkoasumallin-vaihtaminen-1-1024x620.png 1024w, https:\/\/www.zoner.fi\/tuki\/wp-content\/uploads\/2024\/11\/ulkoasumallin-vaihtaminen-1-300x182.png 300w, https:\/\/www.zoner.fi\/tuki\/wp-content\/uploads\/2024\/11\/ulkoasumallin-vaihtaminen-1-768x465.png 768w, https:\/\/www.zoner.fi\/tuki\/wp-content\/uploads\/2024\/11\/ulkoasumallin-vaihtaminen-1.png 1500w\" sizes=\"auto, (max-width: 1024px) 100vw, 1024px\" \/><\/figure>\n\n\n\n<h2 class=\"wp-block-heading\" id=\"step-2\">2. Avaa mallit<\/h2>\n\n\n\n<p>Napsauta avautuvan ikkunan vasemmassa alakulmassa olevaa linkki\u00e4 <strong>mallit<\/strong>.<\/p>\n\n\n\n<h2 class=\"wp-block-heading\" id=\"step-3\">3. Valitse tuotava malli.<\/h2>\n\n\n\n<p>N\u00e4et nyt valikoiman malleja. T\u00e4ss\u00e4 vaiheessa uuden mallin tuontiprosessi vaihtelee hieman sen mukaan, onko&nbsp;<a href=\"https:\/\/help.one.com\/hc\/fi\/articles\/360015355958\" target=\"_blank\" rel=\"noopener\">v\u00e4riteema<\/a>-toiminto k\u00e4yt\u00f6ss\u00e4 vai ei.<\/p>\n\n\n\n<h3 class=\"wp-block-heading\">Jos v\u00e4riteema ei ole k\u00e4yt\u00f6ss\u00e4:<\/h3>\n\n\n\n<p>N\u00e4et sek\u00e4&nbsp;<strong>Esikatselu<\/strong>&#8211; ett\u00e4&nbsp;<strong>Valitse<\/strong>-vaihtoehdot, kun pid\u00e4t hiirt\u00e4 mallin p\u00e4\u00e4ll\u00e4. Tuo malli napsauttamalla ensin Esikatselu-painiketta ja sitten&nbsp;<strong>Tuo malli<\/strong>&nbsp;-painiketta n\u00e4yt\u00f6n yl\u00e4reunassa seuraavalla sivulla.<\/p>\n\n\n\n<figure class=\"wp-block-image size-large\"><img loading=\"lazy\" decoding=\"async\" width=\"1024\" height=\"683\" src=\"https:\/\/www.zoner.fi\/tuki\/wp-content\/uploads\/2024\/10\/ulkoasumallin-vaihtaminen-3-1024x683.png\" alt=\"\" class=\"wp-image-133197\" srcset=\"https:\/\/www.zoner.fi\/tuki\/wp-content\/uploads\/2024\/10\/ulkoasumallin-vaihtaminen-3-1024x683.png 1024w, https:\/\/www.zoner.fi\/tuki\/wp-content\/uploads\/2024\/10\/ulkoasumallin-vaihtaminen-3-300x200.png 300w, https:\/\/www.zoner.fi\/tuki\/wp-content\/uploads\/2024\/10\/ulkoasumallin-vaihtaminen-3-768x512.png 768w, https:\/\/www.zoner.fi\/tuki\/wp-content\/uploads\/2024\/10\/ulkoasumallin-vaihtaminen-3.png 1500w\" sizes=\"auto, (max-width: 1024px) 100vw, 1024px\" \/><\/figure>\n\n\n\n<h3 class=\"wp-block-heading\">Jos v\u00e4riteema on k\u00e4yt\u00f6ss\u00e4:<\/h3>\n\n\n\n<p>Jos v\u00e4riteema on k\u00e4yt\u00f6ss\u00e4, n\u00e4et vain&nbsp;<strong>Esikatselu<\/strong>-vaihtoehdon. Kun napsautat sit\u00e4, uusi ikkuna n\u00e4ytt\u00e4\u00e4 mallin ja v\u00e4riteeman vasemmalla puolella. T\u00e4ss\u00e4 tapauksessa sinun on valittava v\u00e4riteema ja napsautettava&nbsp;<strong>Valmis<\/strong>&nbsp;sivun vasemmanpuoleisessa alareunassa, jotta voit tuoda mallin.<\/p>\n\n\n\n<p><strong>Vinkki:<\/strong>&nbsp;Voit n\u00e4hd\u00e4, milt\u00e4 malli n\u00e4ytt\u00e4\u00e4 mobiililaitteilla, kun vaihdat mobiilin\u00e4kym\u00e4\u00e4n oikeassa yl\u00e4kulmassa. Voit siirty\u00e4 eri sivutyyppien v\u00e4lill\u00e4 napsauttamalla valikkoa.<\/p>\n\n\n\n<figure class=\"wp-block-image size-large\"><img loading=\"lazy\" decoding=\"async\" width=\"1024\" height=\"686\" src=\"https:\/\/www.zoner.fi\/tuki\/wp-content\/uploads\/2024\/11\/ulkoasumallin-vaihtaminen-4-1024x686.png\" alt=\"\" class=\"wp-image-134655\" srcset=\"https:\/\/www.zoner.fi\/tuki\/wp-content\/uploads\/2024\/11\/ulkoasumallin-vaihtaminen-4-1024x686.png 1024w, https:\/\/www.zoner.fi\/tuki\/wp-content\/uploads\/2024\/11\/ulkoasumallin-vaihtaminen-4-300x201.png 300w, https:\/\/www.zoner.fi\/tuki\/wp-content\/uploads\/2024\/11\/ulkoasumallin-vaihtaminen-4-768x514.png 768w, https:\/\/www.zoner.fi\/tuki\/wp-content\/uploads\/2024\/11\/ulkoasumallin-vaihtaminen-4.png 1502w\" sizes=\"auto, (max-width: 1024px) 100vw, 1024px\" \/><\/figure>\n\n\n\n<h2 class=\"wp-block-heading\" id=\"step-5\">4. Poista lis\u00e4tyt sivut<\/h2>\n\n\n\n<p>Kun tuot mallin, Zoner Kotisivukone luo automaattisesti oletussivut. L\u00f6yd\u00e4t ne sivuvalikon alareunasta ja voit poistaa ne huoletta.<\/p>\n\n\n\n<ol class=\"wp-block-list\">\n<li>Napsauta n\u00e4yt\u00f6n yl\u00e4reunan vaaleansinisess\u00e4 palkissa olevaa Sivuvalikkoa.<\/li>\n\n\n\n<li>Napsauta hiiren kakkospainikkeella sivua, jonka haluat poistaa, ja valitse&nbsp;<strong>Poista sivu<\/strong>. Voit my\u00f6s napsauttaa sivun vieress\u00e4 olevia kolmea pistett\u00e4 n\u00e4hd\u00e4ksesi samat vaihtoehdot.<\/li>\n\n\n\n<li>Valitse&nbsp;<strong>Poista<\/strong>&nbsp;vahvistaaksesi, ett\u00e4 haluat poistaa sivun,<\/li>\n\n\n\n<li>Poista kaikki uudella mallilla luodut sivut &#8211; yleens\u00e4 niit\u00e4 on viisi tai kuusi.<\/li>\n<\/ol>\n\n\n\n<figure class=\"wp-block-image size-large\"><img loading=\"lazy\" decoding=\"async\" width=\"1024\" height=\"618\" src=\"https:\/\/www.zoner.fi\/tuki\/wp-content\/uploads\/2024\/11\/ulkoasumallin-vaihtaminen-5-1024x618.png\" alt=\"\" class=\"wp-image-134656\" srcset=\"https:\/\/www.zoner.fi\/tuki\/wp-content\/uploads\/2024\/11\/ulkoasumallin-vaihtaminen-5-1024x618.png 1024w, https:\/\/www.zoner.fi\/tuki\/wp-content\/uploads\/2024\/11\/ulkoasumallin-vaihtaminen-5-300x181.png 300w, https:\/\/www.zoner.fi\/tuki\/wp-content\/uploads\/2024\/11\/ulkoasumallin-vaihtaminen-5-768x463.png 768w, https:\/\/www.zoner.fi\/tuki\/wp-content\/uploads\/2024\/11\/ulkoasumallin-vaihtaminen-5.png 1500w\" sizes=\"auto, (max-width: 1024px) 100vw, 1024px\" \/><\/figure>\n\n\n\n<h2 class=\"wp-block-heading\" id=\"step-7\">5. Siirry sivun asetuksiin<\/h2>\n\n\n\n<p>Sinun on muutettava malli jokaiselle sivulle, jolla haluat k\u00e4ytt\u00e4\u00e4 sit\u00e4.<\/p>\n\n\n\n<ol class=\"wp-block-list\">\n<li>Napsauta n\u00e4yt\u00f6n yl\u00e4reunan vaaleansinisess\u00e4 palkissa olevaa Sivuvalikkoa.<\/li>\n\n\n\n<li>Napsauta hiiren kakkospainikkeella sivua, jonka mallia haluat muuttaa, ja valitse&nbsp;<strong>Asetukset<\/strong>.<\/li>\n<\/ol>\n\n\n\n<figure class=\"wp-block-image size-large\"><img loading=\"lazy\" decoding=\"async\" width=\"1024\" height=\"618\" src=\"https:\/\/www.zoner.fi\/tuki\/wp-content\/uploads\/2024\/11\/ulkoasumallin-vaihtaminen-7-1024x618.png\" alt=\"\" class=\"wp-image-134657\" srcset=\"https:\/\/www.zoner.fi\/tuki\/wp-content\/uploads\/2024\/11\/ulkoasumallin-vaihtaminen-7-1024x618.png 1024w, https:\/\/www.zoner.fi\/tuki\/wp-content\/uploads\/2024\/11\/ulkoasumallin-vaihtaminen-7-300x181.png 300w, https:\/\/www.zoner.fi\/tuki\/wp-content\/uploads\/2024\/11\/ulkoasumallin-vaihtaminen-7-768x464.png 768w, https:\/\/www.zoner.fi\/tuki\/wp-content\/uploads\/2024\/11\/ulkoasumallin-vaihtaminen-7.png 1500w\" sizes=\"auto, (max-width: 1024px) 100vw, 1024px\" \/><\/figure>\n\n\n\n<h2 class=\"wp-block-heading\" id=\"step-8\">6. Napsauta Vaihda t\u00e4m\u00e4n sivun malli<\/h2>\n\n\n\n<ol class=\"wp-block-list\">\n<li>Napsauta vasemmalla olevasta valikosta&nbsp;<strong>Malli<\/strong>.<\/li>\n\n\n\n<li>Jos sinulta kysyt\u00e4\u00e4n, haluatko siirty\u00e4 sivulle, jonka mallia yrit\u00e4t muuttaa, t\u00e4m\u00e4 johtuu siit\u00e4, ett\u00e4 ty\u00f6tilassa on parhaillaan auki toinen sivu. Valitse&nbsp;<strong>Kyll\u00e4, vaihda sivua<\/strong>&nbsp;ja jatka. Jos et saa t\u00e4t\u00e4 viesti\u00e4, jatka alla olevasta vaiheesta 3.<\/li>\n\n\n\n<li>Napsauta&nbsp;<strong>Vaihda t\u00e4m\u00e4n sivun malli<\/strong>&nbsp;kahden mallivalintaruudun alta.<\/li>\n<\/ol>\n\n\n\n<figure class=\"wp-block-image size-large\"><img loading=\"lazy\" decoding=\"async\" width=\"1024\" height=\"618\" src=\"https:\/\/www.zoner.fi\/tuki\/wp-content\/uploads\/2024\/11\/ulkoasumallin-vaihtaminen-8-1024x618.png\" alt=\"\" class=\"wp-image-134658\" srcset=\"https:\/\/www.zoner.fi\/tuki\/wp-content\/uploads\/2024\/11\/ulkoasumallin-vaihtaminen-8-1024x618.png 1024w, https:\/\/www.zoner.fi\/tuki\/wp-content\/uploads\/2024\/11\/ulkoasumallin-vaihtaminen-8-300x181.png 300w, https:\/\/www.zoner.fi\/tuki\/wp-content\/uploads\/2024\/11\/ulkoasumallin-vaihtaminen-8-768x463.png 768w, https:\/\/www.zoner.fi\/tuki\/wp-content\/uploads\/2024\/11\/ulkoasumallin-vaihtaminen-8.png 1500w\" sizes=\"auto, (max-width: 1024px) 100vw, 1024px\" \/><\/figure>\n\n\n\n<h2 class=\"wp-block-heading\" id=\"step-9\">7. Ota uusi malli k\u00e4ytt\u00f6\u00f6n sivulla<\/h2>\n\n\n\n<ol class=\"wp-block-list\">\n<li>Valitse juuri tuomasi malli tai jokin toinen jo olemassa oleva malli.<\/li>\n\n\n\n<li>Napsauta&nbsp;<strong>Tallenna<\/strong>, ja napsauta viel\u00e4 uudestaan&nbsp;<strong>Tallenna<\/strong>&nbsp;avautuneessa ikkunassa.<\/li>\n<\/ol>\n\n\n\n<p>Toista vaiheiden 5, 6 ja 7 vaiheet kaikille sivuille, joiden mallia haluat muuttaa.<\/p>\n\n\n\n<figure class=\"wp-block-image size-large\"><img loading=\"lazy\" decoding=\"async\" width=\"1024\" height=\"616\" src=\"https:\/\/www.zoner.fi\/tuki\/wp-content\/uploads\/2024\/11\/ulkoasumallin-vaihtaminen-9-1024x616.png\" alt=\"\" class=\"wp-image-134659\" srcset=\"https:\/\/www.zoner.fi\/tuki\/wp-content\/uploads\/2024\/11\/ulkoasumallin-vaihtaminen-9-1024x616.png 1024w, https:\/\/www.zoner.fi\/tuki\/wp-content\/uploads\/2024\/11\/ulkoasumallin-vaihtaminen-9-300x181.png 300w, https:\/\/www.zoner.fi\/tuki\/wp-content\/uploads\/2024\/11\/ulkoasumallin-vaihtaminen-9-768x462.png 768w, https:\/\/www.zoner.fi\/tuki\/wp-content\/uploads\/2024\/11\/ulkoasumallin-vaihtaminen-9.png 1500w\" sizes=\"auto, (max-width: 1024px) 100vw, 1024px\" \/><\/figure>\n\n\n\n<p>Sivun ulkoasumalli on nyt muutettu: tekstit, kuvat ja muu sis\u00e4lt\u00f6 ovat ennallaan, mutta mm. fonttien, valikon ja painikkeiden muotoilu on p\u00e4ivitetty uuden mallin mukaisiksi.&nbsp;<\/p>\n\n\n\n<p><strong>Vinkki:<\/strong>&nbsp;Voit my\u00f6s napsauttaa&nbsp;<strong>Malliasetukset<\/strong>&nbsp;&gt;&nbsp;<strong>Muuta t\u00e4m\u00e4n sivun malli<\/strong>, niin p\u00e4\u00e4set k\u00e4ytett\u00e4viss\u00e4 oleviin malleihin.<\/p>\n","protected":false},"excerpt":{"rendered":"<p>T\u00e4ss\u00e4 oppaassa n\u00e4yt\u00e4mme, miten voit lis\u00e4t\u00e4 uuden ulkoasumallin Zoner Kotisivukoneen malleihin, sek\u00e4 miten voit vaihtaa sivustosi mallin tuomaasi uuteen malliin. 1. Lis\u00e4\u00e4 uusi sivu 2. Avaa mallit Napsauta avautuvan ikkunan vasemmassa alakulmassa olevaa linkki\u00e4 mallit. 3. Valitse tuotava malli. N\u00e4et nyt valikoiman malleja. T\u00e4ss\u00e4 vaiheessa uuden mallin tuontiprosessi vaihtelee hieman sen mukaan, onko&nbsp;v\u00e4riteema-toiminto k\u00e4yt\u00f6ss\u00e4 vai &#8230; <a title=\"Miten vaihdan ulkoasumallia Zoner Kotisivukoneessa?\" class=\"read-more\" href=\"https:\/\/www.zoner.fi\/tuki\/kotisivukone\/zoner\/miten-vaihdan-ulkoasumallia-zoner-kotisivukoneessa\/\" aria-label=\"Lue lis\u00e4\u00e4 aiheesta Miten vaihdan ulkoasumallia Zoner Kotisivukoneessa?\">Lue lis\u00e4\u00e4<\/a><\/p>\n","protected":false},"author":18,"featured_media":0,"parent":137385,"menu_order":0,"comment_status":"closed","ping_status":"closed","template":"","meta":{"_relevanssi_hide_post":"","_relevanssi_hide_content":"","_relevanssi_pin_for_all":"","_relevanssi_pin_keywords":"","_relevanssi_unpin_keywords":"","_relevanssi_related_keywords":"","_relevanssi_related_include_ids":"","_relevanssi_related_exclude_ids":"","_relevanssi_related_no_append":"","_relevanssi_related_not_related":"","_relevanssi_related_posts":"132144,1066,130684,130813,130397,130498","_relevanssi_noindex_reason":"","footnotes":""},"categories":[166],"tags":[160,158],"wf_page_folders":[],"class_list":{"0":"post-133194","1":"page","2":"type-page","3":"status-publish","5":"category-zoner-kotisivukone","6":"tag-ulkoasu-ja-tyyli","7":"tag-yleiset"},"_links":{"self":[{"href":"https:\/\/www.zoner.fi\/tuki\/wp-json\/wp\/v2\/pages\/133194","targetHints":{"allow":["GET"]}}],"collection":[{"href":"https:\/\/www.zoner.fi\/tuki\/wp-json\/wp\/v2\/pages"}],"about":[{"href":"https:\/\/www.zoner.fi\/tuki\/wp-json\/wp\/v2\/types\/page"}],"author":[{"embeddable":true,"href":"https:\/\/www.zoner.fi\/tuki\/wp-json\/wp\/v2\/users\/18"}],"replies":[{"embeddable":true,"href":"https:\/\/www.zoner.fi\/tuki\/wp-json\/wp\/v2\/comments?post=133194"}],"version-history":[{"count":7,"href":"https:\/\/www.zoner.fi\/tuki\/wp-json\/wp\/v2\/pages\/133194\/revisions"}],"predecessor-version":[{"id":138680,"href":"https:\/\/www.zoner.fi\/tuki\/wp-json\/wp\/v2\/pages\/133194\/revisions\/138680"}],"up":[{"embeddable":true,"href":"https:\/\/www.zoner.fi\/tuki\/wp-json\/wp\/v2\/pages\/137385"}],"wp:attachment":[{"href":"https:\/\/www.zoner.fi\/tuki\/wp-json\/wp\/v2\/media?parent=133194"}],"wp:term":[{"taxonomy":"category","embeddable":true,"href":"https:\/\/www.zoner.fi\/tuki\/wp-json\/wp\/v2\/categories?post=133194"},{"taxonomy":"post_tag","embeddable":true,"href":"https:\/\/www.zoner.fi\/tuki\/wp-json\/wp\/v2\/tags?post=133194"},{"taxonomy":"wf_page_folders","embeddable":true,"href":"https:\/\/www.zoner.fi\/tuki\/wp-json\/wp\/v2\/wf_page_folders?post=133194"}],"curies":[{"name":"wp","href":"https:\/\/api.w.org\/{rel}","templated":true}]}}