{"id":133208,"date":"2024-11-13T11:14:31","date_gmt":"2024-11-13T09:14:31","guid":{"rendered":"https:\/\/www.zoner.fi\/tuki\/?page_id=133208"},"modified":"2025-09-25T16:42:55","modified_gmt":"2025-09-25T13:42:55","slug":"miten-lisaan-sosiaalisen-median-linkkeja-zoner-kotisivukone-sivustolleni","status":"publish","type":"page","link":"https:\/\/www.zoner.fi\/tuki\/kotisivukone\/zoner\/miten-lisaan-sosiaalisen-median-linkkeja-zoner-kotisivukone-sivustolleni\/","title":{"rendered":"Miten lis\u00e4\u00e4n sosiaalisen median linkkej\u00e4 Zoner Kotisivukone -sivustolleni?"},"content":{"rendered":"\n<p>Some-linkit komponentilla voit lis\u00e4t\u00e4 Zoner Kotisivukone -sivustolle sosiaalisen median linkkej\u00e4.<\/p>\n\n\n\n<h2 class=\"wp-block-heading\" id=\"step-1\">1. Lis\u00e4\u00e4 Some-linkit komponentti sivustollesi<\/h2>\n\n\n\n<ol class=\"wp-block-list\">\n<li>Avaa&nbsp;<strong>Zoner Kotisivukone<\/strong>.<\/li>\n\n\n\n<li>Valitse vasemmanpuoleisesta valikosta&nbsp;<strong>Sosiaalinen media<\/strong>&nbsp;ja ved\u00e4 jokin komponenttivaihtoehdoista ty\u00f6tilaan.<\/li>\n<\/ol>\n\n\n\n<figure class=\"wp-block-image size-large\"><img loading=\"lazy\" decoding=\"async\" width=\"1024\" height=\"738\" src=\"https:\/\/www.zoner.fi\/tuki\/wp-content\/uploads\/2024\/11\/some-linkit-1-1024x738.png\" alt=\"\" class=\"wp-image-134685\" srcset=\"https:\/\/www.zoner.fi\/tuki\/wp-content\/uploads\/2024\/11\/some-linkit-1-1024x738.png 1024w, https:\/\/www.zoner.fi\/tuki\/wp-content\/uploads\/2024\/11\/some-linkit-1-300x216.png 300w, https:\/\/www.zoner.fi\/tuki\/wp-content\/uploads\/2024\/11\/some-linkit-1-768x553.png 768w, https:\/\/www.zoner.fi\/tuki\/wp-content\/uploads\/2024\/11\/some-linkit-1.png 1364w\" sizes=\"auto, (max-width: 1024px) 100vw, 1024px\" \/><\/figure>\n\n\n\n<h2 class=\"wp-block-heading\" id=\"step-2\">2. Lis\u00e4\u00e4 sosiaalisen median linkit<\/h2>\n\n\n\n<p>Muokkaa linkkej\u00e4 niin, ett\u00e4 ne johtavat omille sosiaalisen median sivuillesi. Voit tehd\u00e4 t\u00e4m\u00e4n valitsemalla komponentin ja napsauttamalla&nbsp;<strong>Muokkaa kuvakkeita<\/strong>&nbsp;&gt;<strong>&nbsp;Linkit<\/strong>.<\/p>\n\n\n\n<ul class=\"wp-block-list\">\n<li>Napsauttamalla kuvaketta, jossa on kolme pistett\u00e4, voit&nbsp;<strong>muokata<\/strong>,&nbsp;<strong>piilottaa<\/strong>&nbsp;tai&nbsp;<strong>poistaa<\/strong>&nbsp;sosiaalisen median kuvakkeen. Linkin piilottaminen koskee vain kyseist\u00e4 sosiaalisen median komponenttia, kun taas sen poistaminen vaikuttaa kaikkiin sosiaalisen median komponentteihin, joita sinulla on sivustollasi.<\/li>\n\n\n\n<li>Vaihda kuvakkeiden j\u00e4rjestyst\u00e4 napsauttamalla linkki\u00e4 ja vet\u00e4m\u00e4ll\u00e4 sit\u00e4 yl\u00f6s ja alas pit\u00e4en hiiren painike pohjassa.<\/li>\n\n\n\n<li>Lis\u00e4\u00e4 uusi kuvake kirjoittamalla sosiaalisen median sivullesi johtava s\u00e4hk\u00f6posti- tai URL-osoite. Voit lis\u00e4t\u00e4 linkkej\u00e4 Facebookiin, Instagramiin, Twitteriin, Pinterestiin, LinkedIniin, YouTubeen, s\u00e4hk\u00f6postiin, Yelpiin, Vimeoon, Snapchatiin, Redditiin, Tumblriin, Tripadvisoriin ja Foursquareen.<\/li>\n<\/ul>\n\n\n\n<figure class=\"wp-block-image size-large\"><img loading=\"lazy\" decoding=\"async\" width=\"1024\" height=\"739\" src=\"https:\/\/www.zoner.fi\/tuki\/wp-content\/uploads\/2024\/11\/some-linkit-2-a-1024x739.png\" alt=\"\" class=\"wp-image-134697\" srcset=\"https:\/\/www.zoner.fi\/tuki\/wp-content\/uploads\/2024\/11\/some-linkit-2-a-1024x739.png 1024w, https:\/\/www.zoner.fi\/tuki\/wp-content\/uploads\/2024\/11\/some-linkit-2-a-300x217.png 300w, https:\/\/www.zoner.fi\/tuki\/wp-content\/uploads\/2024\/11\/some-linkit-2-a-768x555.png 768w, https:\/\/www.zoner.fi\/tuki\/wp-content\/uploads\/2024\/11\/some-linkit-2-a.png 1360w\" sizes=\"auto, (max-width: 1024px) 100vw, 1024px\" \/><\/figure>\n\n\n\n<h2 class=\"wp-block-heading\" id=\"step-3\">3. S\u00e4\u00e4d\u00e4 kuvakkeiden tyyli\u00e4<\/h2>\n\n\n\n<p>S\u00e4\u00e4d\u00e4 kuvakkeiden ulkoasua kohdassa&nbsp;<strong>Muokkaa kuvakkeita<\/strong>&nbsp;&gt;&nbsp;<strong>Tyyli<\/strong>.<\/p>\n\n\n\n<ul class=\"wp-block-list\">\n<li>Muuta kuvakkeiden muotoa: voit valita&nbsp;<strong>tavallisen<\/strong>&nbsp;(oletus),&nbsp;<strong>ympyr\u00e4n<\/strong>,&nbsp;<strong>neli\u00f6n<\/strong>&nbsp;tai&nbsp;<strong>py\u00f6ristetyn<\/strong>.<\/li>\n\n\n\n<li>Voit valita joko yksiv\u00e4risen kuvakkeen (<strong>t\u00e4ytt\u00f6<\/strong>) tai&nbsp;<strong>l\u00e4pin\u00e4kyv\u00e4n<\/strong>&nbsp;muotoilun.<\/li>\n\n\n\n<li>Valitse&nbsp;<strong>V\u00e4ri<\/strong>-kohdassa&nbsp;<strong>Moniv\u00e4rinen<\/strong>, jos haluat n\u00e4ytt\u00e4\u00e4 painikkeet sosiaalisen median oletusv\u00e4reiss\u00e4, tai musta (<strong>tumma<\/strong>) tai valkoinen&nbsp;<strong>(vaalea<\/strong>).<\/li>\n<\/ul>\n\n\n\n<p>S\u00e4\u00e4d\u00e4 kuvakkeiden&nbsp;<strong>kokoa<\/strong>&nbsp;ja&nbsp;<strong>v\u00e4li\u00e4<\/strong>&nbsp;haluamallasi tavalla ja valitse, mihin haluat sijoittaa ne sivustollasi. Sijoita komponentti otsikkoon tai alatunnisteeseen, jos kuvakkeiden tulee n\u00e4ky\u00e4 kaikilla sivuilla.<\/p>\n\n\n\n<figure class=\"wp-block-image size-large\"><img loading=\"lazy\" decoding=\"async\" width=\"1024\" height=\"740\" src=\"https:\/\/www.zoner.fi\/tuki\/wp-content\/uploads\/2024\/11\/some-linkit-3-b-1024x740.png\" alt=\"\" class=\"wp-image-134698\" srcset=\"https:\/\/www.zoner.fi\/tuki\/wp-content\/uploads\/2024\/11\/some-linkit-3-b-1024x740.png 1024w, https:\/\/www.zoner.fi\/tuki\/wp-content\/uploads\/2024\/11\/some-linkit-3-b-300x217.png 300w, https:\/\/www.zoner.fi\/tuki\/wp-content\/uploads\/2024\/11\/some-linkit-3-b-768x555.png 768w, https:\/\/www.zoner.fi\/tuki\/wp-content\/uploads\/2024\/11\/some-linkit-3-b.png 1363w\" sizes=\"auto, (max-width: 1024px) 100vw, 1024px\" \/><\/figure>\n\n\n\n<h2 class=\"wp-block-heading\" id=\"step-4\">4. Julkaise muutokset<\/h2>\n\n\n\n<p>Napsauta&nbsp;<strong>Tallenna<\/strong>&nbsp;ja&nbsp;<strong>Julkaise<\/strong>, jotta muutokset n\u00e4kyv\u00e4t julkaistulla sivustollasi.<\/p>\n\n\n\n<p><strong>Vinkki:<\/strong>&nbsp;Jos haluat n\u00e4ytt\u00e4\u00e4 sosiaaliset kuvakkeet p\u00e4\u00e4llekk\u00e4in, lis\u00e4\u00e4 erillinen some-linkki komponentti kullekin kuvakkeelle ja piilota niist\u00e4 kaikki paitsi yksi. Aseta ne sitten p\u00e4\u00e4llekk\u00e4in.<\/p>\n","protected":false},"excerpt":{"rendered":"<p>Some-linkit komponentilla voit lis\u00e4t\u00e4 Zoner Kotisivukone -sivustolle sosiaalisen median linkkej\u00e4. 1. Lis\u00e4\u00e4 Some-linkit komponentti sivustollesi 2. Lis\u00e4\u00e4 sosiaalisen median linkit Muokkaa linkkej\u00e4 niin, ett\u00e4 ne johtavat omille sosiaalisen median sivuillesi. Voit tehd\u00e4 t\u00e4m\u00e4n valitsemalla komponentin ja napsauttamalla&nbsp;Muokkaa kuvakkeita&nbsp;&gt;&nbsp;Linkit. 3. S\u00e4\u00e4d\u00e4 kuvakkeiden tyyli\u00e4 S\u00e4\u00e4d\u00e4 kuvakkeiden ulkoasua kohdassa&nbsp;Muokkaa kuvakkeita&nbsp;&gt;&nbsp;Tyyli. S\u00e4\u00e4d\u00e4 kuvakkeiden&nbsp;kokoa&nbsp;ja&nbsp;v\u00e4li\u00e4&nbsp;haluamallasi tavalla ja valitse, mihin haluat sijoittaa &#8230; <a title=\"Miten lis\u00e4\u00e4n sosiaalisen median linkkej\u00e4 Zoner Kotisivukone -sivustolleni?\" class=\"read-more\" href=\"https:\/\/www.zoner.fi\/tuki\/kotisivukone\/zoner\/miten-lisaan-sosiaalisen-median-linkkeja-zoner-kotisivukone-sivustolleni\/\" aria-label=\"Lue lis\u00e4\u00e4 aiheesta Miten lis\u00e4\u00e4n sosiaalisen median linkkej\u00e4 Zoner Kotisivukone -sivustolleni?\">Lue lis\u00e4\u00e4<\/a><\/p>\n","protected":false},"author":18,"featured_media":0,"parent":137385,"menu_order":0,"comment_status":"closed","ping_status":"closed","template":"","meta":{"_relevanssi_hide_post":"","_relevanssi_hide_content":"","_relevanssi_pin_for_all":"","_relevanssi_pin_keywords":"","_relevanssi_unpin_keywords":"","_relevanssi_related_keywords":"","_relevanssi_related_include_ids":"","_relevanssi_related_exclude_ids":"","_relevanssi_related_no_append":"","_relevanssi_related_not_related":"","_relevanssi_related_posts":"131888,132336,130553,132938,132278,130616","_relevanssi_noindex_reason":"","footnotes":""},"categories":[166],"tags":[165,162],"wf_page_folders":[],"class_list":{"0":"post-133208","1":"page","2":"type-page","3":"status-publish","5":"category-zoner-kotisivukone","6":"tag-linkit","7":"tag-upotus-ja-koodi"},"_links":{"self":[{"href":"https:\/\/www.zoner.fi\/tuki\/wp-json\/wp\/v2\/pages\/133208","targetHints":{"allow":["GET"]}}],"collection":[{"href":"https:\/\/www.zoner.fi\/tuki\/wp-json\/wp\/v2\/pages"}],"about":[{"href":"https:\/\/www.zoner.fi\/tuki\/wp-json\/wp\/v2\/types\/page"}],"author":[{"embeddable":true,"href":"https:\/\/www.zoner.fi\/tuki\/wp-json\/wp\/v2\/users\/18"}],"replies":[{"embeddable":true,"href":"https:\/\/www.zoner.fi\/tuki\/wp-json\/wp\/v2\/comments?post=133208"}],"version-history":[{"count":7,"href":"https:\/\/www.zoner.fi\/tuki\/wp-json\/wp\/v2\/pages\/133208\/revisions"}],"predecessor-version":[{"id":134713,"href":"https:\/\/www.zoner.fi\/tuki\/wp-json\/wp\/v2\/pages\/133208\/revisions\/134713"}],"up":[{"embeddable":true,"href":"https:\/\/www.zoner.fi\/tuki\/wp-json\/wp\/v2\/pages\/137385"}],"wp:attachment":[{"href":"https:\/\/www.zoner.fi\/tuki\/wp-json\/wp\/v2\/media?parent=133208"}],"wp:term":[{"taxonomy":"category","embeddable":true,"href":"https:\/\/www.zoner.fi\/tuki\/wp-json\/wp\/v2\/categories?post=133208"},{"taxonomy":"post_tag","embeddable":true,"href":"https:\/\/www.zoner.fi\/tuki\/wp-json\/wp\/v2\/tags?post=133208"},{"taxonomy":"wf_page_folders","embeddable":true,"href":"https:\/\/www.zoner.fi\/tuki\/wp-json\/wp\/v2\/wf_page_folders?post=133208"}],"curies":[{"name":"wp","href":"https:\/\/api.w.org\/{rel}","templated":true}]}}