{"id":133216,"date":"2024-11-12T12:19:16","date_gmt":"2024-11-12T10:19:16","guid":{"rendered":"https:\/\/www.zoner.fi\/tuki\/?page_id=133216"},"modified":"2025-09-25T16:42:29","modified_gmt":"2025-09-25T13:42:29","slug":"kuinka-lisaan-google-analyticsin-zoner-kotisivukone-sivustolleni","status":"publish","type":"page","link":"https:\/\/www.zoner.fi\/tuki\/kotisivukone\/zoner\/kuinka-lisaan-google-analyticsin-zoner-kotisivukone-sivustolleni\/","title":{"rendered":"Kuinka lis\u00e4\u00e4n Google Analyticsin Zoner Kotisivukone -sivustolleni?"},"content":{"rendered":"\n<p>Google Analytics -seurantatunnus on helppo lis\u00e4t\u00e4 sivustolle Zoner Kotisivukoneen hallintapaneelissa. T\u00e4ss\u00e4 oppaassa n\u00e4yt\u00e4mme, miten se onnistuu.<\/p>\n\n\n\n<p><strong>Huomaa:<\/strong>&nbsp;Google Analytics on&nbsp;Business-paketin ominaisuus.<\/p>\n\n\n\n<h2 class=\"wp-block-heading\" id=\"01H7ZAMM65A7TJ709Q4AE6SZMG\">Lis\u00e4\u00e4 Google Analytics -seurantatunnus sivustollesi<\/h2>\n\n\n\n<ol class=\"wp-block-list\">\n<li>Etsi&nbsp;<strong>seurantatunnus<\/strong>. Lue ohjeet seurantatunnuksen l\u00f6yt\u00e4miseen t\u00e4st\u00e4 Googlen oppaasta:&nbsp;<a href=\"https:\/\/support.google.com\/analytics\/answer\/10089681?sjid=16981433837468801759-EU\" target=\"_blank\" rel=\"noreferrer noopener\">Analytics-seurannan m\u00e4\u00e4ritt\u00e4minen<\/a><\/li>\n\n\n\n<li>Avaa&nbsp;<strong>Zoner Kotisivukone.<\/strong><\/li>\n\n\n\n<li>N\u00e4et nyt kotisivukoneen hallintapaneelin. Napsauta vasemmalla olevasta valikosta&nbsp;<strong>Verkkosivuston asetukset<\/strong>.<\/li>\n\n\n\n<li>Valitse&nbsp;<strong>Yhteydet<\/strong>.<\/li>\n\n\n\n<li>Liit\u00e4 aiemmin hakemasi&nbsp;<strong>seurantatunnus<\/strong>&nbsp;oikealla olevaan kentt\u00e4\u00e4n.<\/li>\n\n\n\n<li>Napsauta&nbsp;<strong>Tallenna<\/strong>&nbsp;ja muista&nbsp;<strong>julkaista<\/strong>&nbsp;sivustosi, jotta muutokset tulevat voimaan.<\/li>\n<\/ol>\n\n\n\n<p>Jos haluat lopettaa seurannan, voit poistaa seurantatunnuksen ja julkaista sitten sivustosi uudelleen.<\/p>\n\n\n\n<p><strong>Huomaa<\/strong>: Jos lis\u00e4\u00e4t seurantakoodin sivustollesi, sinun on ilmoitettava siit\u00e4 k\u00e4vij\u00f6illesi ev\u00e4stebannerissa. L\u00f6yd\u00e4t lis\u00e4tietoja t\u00e4\u00e4lt\u00e4:&nbsp;<a href=\"https:\/\/www.zoner.fi\/tuki\/kotisivukone\/kuinka-lisaan-evastebannerin-zoner-kotisivukone-sivustolleni\/\">Kuinka lis\u00e4\u00e4n ev\u00e4stebannerin Zoner Kotisivukone -sivustolleni?<\/a><\/p>\n\n\n\n<p><strong>Vinkki:<\/strong>&nbsp;Voit hallita my\u00f6s Facebook-pikseli\u00e4 ja Google Ads-seurantaa. J\u00e4lkimm\u00e4inen l\u00f6ytyy&nbsp;<strong>Markkinointi &amp; SEO -otsikon<\/strong>&nbsp;alta n\u00e4yt\u00f6n vasemmalla puolella.<\/p>\n\n\n\n<figure class=\"wp-block-image size-large\"><img loading=\"lazy\" decoding=\"async\" width=\"1024\" height=\"680\" src=\"https:\/\/www.zoner.fi\/tuki\/wp-content\/uploads\/2024\/11\/zoner-kotisivukone-google-analytics-1024x680.png\" alt=\"\" class=\"wp-image-134605\" srcset=\"https:\/\/www.zoner.fi\/tuki\/wp-content\/uploads\/2024\/11\/zoner-kotisivukone-google-analytics-1024x680.png 1024w, https:\/\/www.zoner.fi\/tuki\/wp-content\/uploads\/2024\/11\/zoner-kotisivukone-google-analytics-300x199.png 300w, https:\/\/www.zoner.fi\/tuki\/wp-content\/uploads\/2024\/11\/zoner-kotisivukone-google-analytics-768x510.png 768w, https:\/\/www.zoner.fi\/tuki\/wp-content\/uploads\/2024\/11\/zoner-kotisivukone-google-analytics-1536x1021.png 1536w, https:\/\/www.zoner.fi\/tuki\/wp-content\/uploads\/2024\/11\/zoner-kotisivukone-google-analytics.png 1875w\" sizes=\"auto, (max-width: 1024px) 100vw, 1024px\" \/><\/figure>\n\n\n\n<p><strong>Huomaa:&nbsp;<\/strong><a href=\"https:\/\/support.google.com\/analytics\/answer\/2763052\" target=\"_blank\" rel=\"noreferrer noopener\">IP-osoitteen anonymisointi<\/a>&nbsp;on oletuksena k\u00e4yt\u00f6ss\u00e4 kaikilla GA4 (Google Analytics 4) -k\u00e4ytt\u00e4jill\u00e4, joten sinun ei tarvitse aktivoida sit\u00e4 itse.<\/p>\n\n\n\n<p>IP-osoitteiden anonymisointi tarkoittaa, ett\u00e4 verkkosivustosi vierailijoiden todellisten IP-osoitteiden sijaintia ei tallenneta, mik\u00e4 noudattaa GDPR:\u00e4\u00e4. IP-osoitteen anonymisoinnissa IP-osoitteen viimeiset numerot poistetaan.<\/p>\n","protected":false},"excerpt":{"rendered":"<p>Google Analytics -seurantatunnus on helppo lis\u00e4t\u00e4 sivustolle Zoner Kotisivukoneen hallintapaneelissa. T\u00e4ss\u00e4 oppaassa n\u00e4yt\u00e4mme, miten se onnistuu. Huomaa:&nbsp;Google Analytics on&nbsp;Business-paketin ominaisuus. Lis\u00e4\u00e4 Google Analytics -seurantatunnus sivustollesi Jos haluat lopettaa seurannan, voit poistaa seurantatunnuksen ja julkaista sitten sivustosi uudelleen. Huomaa: Jos lis\u00e4\u00e4t seurantakoodin sivustollesi, sinun on ilmoitettava siit\u00e4 k\u00e4vij\u00f6illesi ev\u00e4stebannerissa. L\u00f6yd\u00e4t lis\u00e4tietoja t\u00e4\u00e4lt\u00e4:&nbsp;Kuinka lis\u00e4\u00e4n ev\u00e4stebannerin Zoner Kotisivukone &#8230; <a title=\"Kuinka lis\u00e4\u00e4n Google Analyticsin Zoner Kotisivukone -sivustolleni?\" class=\"read-more\" href=\"https:\/\/www.zoner.fi\/tuki\/kotisivukone\/zoner\/kuinka-lisaan-google-analyticsin-zoner-kotisivukone-sivustolleni\/\" aria-label=\"Lue lis\u00e4\u00e4 aiheesta Kuinka lis\u00e4\u00e4n Google Analyticsin Zoner Kotisivukone -sivustolleni?\">Lue lis\u00e4\u00e4<\/a><\/p>\n","protected":false},"author":18,"featured_media":0,"parent":137385,"menu_order":0,"comment_status":"closed","ping_status":"closed","template":"","meta":{"_relevanssi_hide_post":"","_relevanssi_hide_content":"","_relevanssi_pin_for_all":"","_relevanssi_pin_keywords":"","_relevanssi_unpin_keywords":"","_relevanssi_related_keywords":"","_relevanssi_related_include_ids":"","_relevanssi_related_exclude_ids":"","_relevanssi_related_no_append":"","_relevanssi_related_not_related":"","_relevanssi_related_posts":"130412,130964,130819,130455,131506,1076","_relevanssi_noindex_reason":"","footnotes":""},"categories":[166],"tags":[161,157],"wf_page_folders":[],"class_list":{"0":"post-133216","1":"page","2":"type-page","3":"status-publish","5":"category-zoner-kotisivukone","6":"tag-integraatiot","7":"tag-mobiili-ja-hakukoneoptimointi"},"_links":{"self":[{"href":"https:\/\/www.zoner.fi\/tuki\/wp-json\/wp\/v2\/pages\/133216","targetHints":{"allow":["GET"]}}],"collection":[{"href":"https:\/\/www.zoner.fi\/tuki\/wp-json\/wp\/v2\/pages"}],"about":[{"href":"https:\/\/www.zoner.fi\/tuki\/wp-json\/wp\/v2\/types\/page"}],"author":[{"embeddable":true,"href":"https:\/\/www.zoner.fi\/tuki\/wp-json\/wp\/v2\/users\/18"}],"replies":[{"embeddable":true,"href":"https:\/\/www.zoner.fi\/tuki\/wp-json\/wp\/v2\/comments?post=133216"}],"version-history":[{"count":4,"href":"https:\/\/www.zoner.fi\/tuki\/wp-json\/wp\/v2\/pages\/133216\/revisions"}],"predecessor-version":[{"id":134606,"href":"https:\/\/www.zoner.fi\/tuki\/wp-json\/wp\/v2\/pages\/133216\/revisions\/134606"}],"up":[{"embeddable":true,"href":"https:\/\/www.zoner.fi\/tuki\/wp-json\/wp\/v2\/pages\/137385"}],"wp:attachment":[{"href":"https:\/\/www.zoner.fi\/tuki\/wp-json\/wp\/v2\/media?parent=133216"}],"wp:term":[{"taxonomy":"category","embeddable":true,"href":"https:\/\/www.zoner.fi\/tuki\/wp-json\/wp\/v2\/categories?post=133216"},{"taxonomy":"post_tag","embeddable":true,"href":"https:\/\/www.zoner.fi\/tuki\/wp-json\/wp\/v2\/tags?post=133216"},{"taxonomy":"wf_page_folders","embeddable":true,"href":"https:\/\/www.zoner.fi\/tuki\/wp-json\/wp\/v2\/wf_page_folders?post=133216"}],"curies":[{"name":"wp","href":"https:\/\/api.w.org\/{rel}","templated":true}]}}