{"id":133231,"date":"2024-11-13T10:46:23","date_gmt":"2024-11-13T08:46:23","guid":{"rendered":"https:\/\/www.zoner.fi\/tuki\/?page_id=133231"},"modified":"2026-03-16T10:10:04","modified_gmt":"2026-03-16T08:10:04","slug":"miten-lisaan-yhteydenottolomakkeen-zoner-kotisivukone-sivustolleni","status":"publish","type":"page","link":"https:\/\/www.zoner.fi\/tuki\/kotisivukone\/zoner\/miten-lisaan-yhteydenottolomakkeen-zoner-kotisivukone-sivustolleni\/","title":{"rendered":"Miten lis\u00e4\u00e4n yhteydenottolomakkeen Zoner Kotisivukone -sivustolleni?"},"content":{"rendered":"\n<p>T\u00e4ss\u00e4 oppaassa n\u00e4yt\u00e4mme, miten voit lis\u00e4t\u00e4 yhteydenottolomakkeen Zoner Kotisivukoneella rakennetulle sivustolle. Yhteydenottolomakkeella sivujen k\u00e4vij\u00e4t voivat helposti l\u00e4hett\u00e4\u00e4 sinulle s\u00e4hk\u00f6posteja, joissa voi olla my\u00f6s liitetiedostoja.<\/p>\n\n\n\n<h2 class=\"wp-block-heading\" id=\"step-1\">1. Ved\u00e4 Yhteydenotto-komponentti ty\u00f6tilaan<\/h2>\n\n\n\n<ol class=\"wp-block-list\">\n<li>Siirry Zoner Kotisivukone -editorissa sivustosi osioon, johon haluat sijoittaa yhteydenottolomakkeen.<\/li>\n\n\n\n<li>Napsauta&nbsp;<strong>Ota yhteytt\u00e4<\/strong>&nbsp;editorin vasemmalla puolella olevasta komponenttivalikosta.<\/li>\n\n\n\n<li>Napsauta ja ved\u00e4&nbsp;<strong>Yhteydenotto<\/strong>-komponentti ty\u00f6tilaasi ja aseta se haluamaasi paikkaan.<\/li>\n<\/ol>\n\n\n\n<p><strong>Huomaa:<\/strong>&nbsp;Yksitt\u00e4isell\u00e4 sivulla voi olla vain yksi yhteydenottolomake. Jos lis\u00e4\u00e4m\u00e4si komponentti on harmaa, se tarkoittaa, ett\u00e4 kyseisell\u00e4 sivulla on jo yhteydenottolomake.<\/p>\n\n\n\n<figure class=\"wp-block-image size-large\"><img loading=\"lazy\" decoding=\"async\" width=\"1024\" height=\"612\" src=\"https:\/\/www.zoner.fi\/tuki\/wp-content\/uploads\/2024\/11\/zoner-kotisivukone-yhteydenottolomake-1-1024x612.png\" alt=\"\" class=\"wp-image-134672\" srcset=\"https:\/\/www.zoner.fi\/tuki\/wp-content\/uploads\/2024\/11\/zoner-kotisivukone-yhteydenottolomake-1-1024x612.png 1024w, https:\/\/www.zoner.fi\/tuki\/wp-content\/uploads\/2024\/11\/zoner-kotisivukone-yhteydenottolomake-1-300x179.png 300w, https:\/\/www.zoner.fi\/tuki\/wp-content\/uploads\/2024\/11\/zoner-kotisivukone-yhteydenottolomake-1-768x459.png 768w, https:\/\/www.zoner.fi\/tuki\/wp-content\/uploads\/2024\/11\/zoner-kotisivukone-yhteydenottolomake-1-1536x918.png 1536w, https:\/\/www.zoner.fi\/tuki\/wp-content\/uploads\/2024\/11\/zoner-kotisivukone-yhteydenottolomake-1.png 1875w\" sizes=\"auto, (max-width: 1024px) 100vw, 1024px\" \/><\/figure>\n\n\n\n<h2 class=\"wp-block-heading\" id=\"step-2\">2. M\u00e4\u00e4rit\u00e4 lomakkeen s\u00e4hk\u00f6postiosoite<\/h2>\n\n\n\n<ol class=\"wp-block-list\">\n<li>Valitse s\u00e4hk\u00f6postiosoite, johon lomakkeen viestit l\u00e4hetet\u00e4\u00e4n. Voit valita olemassa olevan osoitteen tai&nbsp;luoda uuden s\u00e4hk\u00f6postiosoitteen. Huomaa, ett\u00e4 s\u00e4hk\u00f6postiosoitteen t\u00e4ytyy olla tehty&nbsp;<strong>omalla verkkotunnuksellasi<\/strong>. Jos sinulla on esimerkiksi verkkotunnus esimerkkidomain.com, s\u00e4hk\u00f6postiosoitteen on oltava @esimerkkidomain.com-osoite. Jos k\u00e4yt\u00e4t ulkopuolista s\u00e4hk\u00f6postipalveluntarjoajaa, sinun on luotava uusi s\u00e4hk\u00f6postitili Zonerin hallintapaneelissa.<\/li>\n\n\n\n<li>Kirjoita s\u00e4hk\u00f6postien aihe, josta tunnistat ne postilaatikossasi.<\/li>\n\n\n\n<li>Napsauta&nbsp;<strong>Tallenna<\/strong>&nbsp;jatkaaksesi.<\/li>\n<\/ol>\n\n\n\n<p>Jos haluat vaihtaa s\u00e4hk\u00f6postiosoitetta my\u00f6hemmin, napsauta yhteydenottolomaketta ja valitse&nbsp;<strong>Muokkaa yhteydenottolomaketta<\/strong>&nbsp;-&gt;&nbsp;<strong>S\u00e4hk\u00f6postiasetukset<\/strong>.<\/p>\n\n\n\n<p><strong>Vinkki:<\/strong>&nbsp;M\u00e4\u00e4rit\u00e4 s\u00e4hk\u00f6postisuodatin&nbsp;siirt\u00e4\u00e4ksesi kaikki yhteystietolomakkeen s\u00e4hk\u00f6postiviestit tiettyyn kansioon s\u00e4hk\u00f6postitilill\u00e4si.<\/p>\n\n\n\n<figure class=\"wp-block-image size-large\"><img loading=\"lazy\" decoding=\"async\" width=\"1024\" height=\"682\" src=\"https:\/\/www.zoner.fi\/tuki\/wp-content\/uploads\/2024\/10\/zoner-kotisivukone-yhteydenottolomake-2-1024x682.png\" alt=\"\" class=\"wp-image-133235\" srcset=\"https:\/\/www.zoner.fi\/tuki\/wp-content\/uploads\/2024\/10\/zoner-kotisivukone-yhteydenottolomake-2-1024x682.png 1024w, https:\/\/www.zoner.fi\/tuki\/wp-content\/uploads\/2024\/10\/zoner-kotisivukone-yhteydenottolomake-2-300x200.png 300w, https:\/\/www.zoner.fi\/tuki\/wp-content\/uploads\/2024\/10\/zoner-kotisivukone-yhteydenottolomake-2-768x512.png 768w, https:\/\/www.zoner.fi\/tuki\/wp-content\/uploads\/2024\/10\/zoner-kotisivukone-yhteydenottolomake-2.png 1502w\" sizes=\"auto, (max-width: 1024px) 100vw, 1024px\" \/><\/figure>\n\n\n\n<h2 class=\"wp-block-heading\" id=\"step-3\">3. Muokkaa yhteydenottolomaketta<\/h2>\n\n\n\n<p>Yhteydenottolomakkeessa on oletuksena L\u00e4het\u00e4-painike ja kolme kentt\u00e4\u00e4: Nimi, s\u00e4hk\u00f6postiosoite ja viesti.<\/p>\n\n\n\n<p>Napsauta&nbsp;<strong>Muokkaa yhteydenottolomaketta<\/strong>, jos haluat lis\u00e4t\u00e4 tai muokata kentti\u00e4.<\/p>\n\n\n\n<figure class=\"wp-block-image size-large\"><img loading=\"lazy\" decoding=\"async\" width=\"1024\" height=\"682\" src=\"https:\/\/www.zoner.fi\/tuki\/wp-content\/uploads\/2024\/10\/zoner-kotisivukone-yhteydenottolomake-3-1024x682.png\" alt=\"\" class=\"wp-image-133236\" srcset=\"https:\/\/www.zoner.fi\/tuki\/wp-content\/uploads\/2024\/10\/zoner-kotisivukone-yhteydenottolomake-3-1024x682.png 1024w, https:\/\/www.zoner.fi\/tuki\/wp-content\/uploads\/2024\/10\/zoner-kotisivukone-yhteydenottolomake-3-300x200.png 300w, https:\/\/www.zoner.fi\/tuki\/wp-content\/uploads\/2024\/10\/zoner-kotisivukone-yhteydenottolomake-3-768x512.png 768w, https:\/\/www.zoner.fi\/tuki\/wp-content\/uploads\/2024\/10\/zoner-kotisivukone-yhteydenottolomake-3.png 1502w\" sizes=\"auto, (max-width: 1024px) 100vw, 1024px\" \/><\/figure>\n\n\n\n<h2 class=\"wp-block-heading\" id=\"step-4\">4. Valitse Muokkaa kentti\u00e4<\/h2>\n\n\n\n<p>Valitse&nbsp;<strong>Muokkaa kentti\u00e4<\/strong>, jos haluat muuttaa kenttien oletusasetuksia.<\/p>\n\n\n\n<p><strong>Vinkki:<\/strong>&nbsp;Voit vaihtaa painikkeen oletusteksti\u00e4. Napsauta&nbsp;<strong>painikkeen tekstikentt\u00e4\u00e4<\/strong>&nbsp;ja kirjoita haluamasi teksti.<\/p>\n\n\n\n<figure class=\"wp-block-image size-large\"><img loading=\"lazy\" decoding=\"async\" width=\"1024\" height=\"682\" src=\"https:\/\/www.zoner.fi\/tuki\/wp-content\/uploads\/2024\/10\/zoner-kotisivukone-yhteydenottolomake-4-1024x682.png\" alt=\"\" class=\"wp-image-133237\" srcset=\"https:\/\/www.zoner.fi\/tuki\/wp-content\/uploads\/2024\/10\/zoner-kotisivukone-yhteydenottolomake-4-1024x682.png 1024w, https:\/\/www.zoner.fi\/tuki\/wp-content\/uploads\/2024\/10\/zoner-kotisivukone-yhteydenottolomake-4-300x200.png 300w, https:\/\/www.zoner.fi\/tuki\/wp-content\/uploads\/2024\/10\/zoner-kotisivukone-yhteydenottolomake-4-768x512.png 768w, https:\/\/www.zoner.fi\/tuki\/wp-content\/uploads\/2024\/10\/zoner-kotisivukone-yhteydenottolomake-4.png 1502w\" sizes=\"auto, (max-width: 1024px) 100vw, 1024px\" \/><\/figure>\n\n\n\n<h2 class=\"wp-block-heading\" id=\"step-5\">5. Lis\u00e4\u00e4 tai poista kentti\u00e4<\/h2>\n\n\n\n<p>T\u00e4ll\u00e4 sivulla voit muokata olemassa olevien lomakekenttien asetuksia sek\u00e4 poistaa ja lis\u00e4t\u00e4 uusia kentti\u00e4 eri vaihtoehdoilla. Voit lis\u00e4t\u00e4 niin monta kentt\u00e4\u00e4 kuin haluat napsauttamalla oikeassa yl\u00e4kulmassa olevaa&nbsp;<strong>Lis\u00e4\u00e4<\/strong>-painiketta.<\/p>\n\n\n\n<h3 class=\"wp-block-heading\">Tiedostojen l\u00e4hett\u00e4minen yhteydenottolomakkeella<\/h3>\n\n\n\n<p>Jos haluat, ett\u00e4 yhteydenottolomakkeella voi l\u00e4hett\u00e4\u00e4 my\u00f6s tiedostoja, lis\u00e4\u00e4 siihen <strong>Tiedoston lataus<\/strong> -niminen kentt\u00e4. Tiedostojen l\u00e4hett\u00e4miseen p\u00e4tee joitakin rajoituksia:<\/p>\n\n\n\n<ul class=\"wp-block-list\">\n<li>Sallitut tiedostomuodot: .jpg, .png, .pdf, .csv, .xslx, .pptx<\/li>\n\n\n\n<li>Yhteen viestiin voi liitt\u00e4\u00e4 enint\u00e4\u00e4n 5 tiedostoa.<\/li>\n\n\n\n<li>Jokainen tiedosto voi olla kooltaan enint\u00e4\u00e4n 5 Mt.<\/li>\n\n\n\n<li>Liitetiedostojen koko voi olla yhteens\u00e4 enint\u00e4\u00e4n 25Mt.<\/li>\n<\/ul>\n\n\n\n<figure class=\"wp-block-image size-large\"><img loading=\"lazy\" decoding=\"async\" width=\"1024\" height=\"681\" src=\"https:\/\/www.zoner.fi\/tuki\/wp-content\/uploads\/2024\/11\/zoner-kotisivukone-yhteydenottolomake-5-1024x681.png\" alt=\"\" class=\"wp-image-134674\" srcset=\"https:\/\/www.zoner.fi\/tuki\/wp-content\/uploads\/2024\/11\/zoner-kotisivukone-yhteydenottolomake-5-1024x681.png 1024w, https:\/\/www.zoner.fi\/tuki\/wp-content\/uploads\/2024\/11\/zoner-kotisivukone-yhteydenottolomake-5-300x200.png 300w, https:\/\/www.zoner.fi\/tuki\/wp-content\/uploads\/2024\/11\/zoner-kotisivukone-yhteydenottolomake-5-768x511.png 768w, https:\/\/www.zoner.fi\/tuki\/wp-content\/uploads\/2024\/11\/zoner-kotisivukone-yhteydenottolomake-5-1536x1022.png 1536w, https:\/\/www.zoner.fi\/tuki\/wp-content\/uploads\/2024\/11\/zoner-kotisivukone-yhteydenottolomake-5.png 1875w\" sizes=\"auto, (max-width: 1024px) 100vw, 1024px\" \/><\/figure>\n\n\n\n<h2 class=\"wp-block-heading\" id=\"step-6\">6. Valitse kent\u00e4n tyyppi<\/h2>\n\n\n\n<p>Voit lis\u00e4t\u00e4 yhteydenottolomakkeeseesi useita erilaisia kentti\u00e4. T\u00e4ss\u00e4 oppaassa lis\u00e4\u00e4mme valintaruutuja.<\/p>\n\n\n\n<p>Valitse lis\u00e4tt\u00e4v\u00e4 kentt\u00e4 ja napsauta sitten&nbsp;<strong>Valmis<\/strong>.<\/p>\n\n\n\n<figure class=\"wp-block-image size-large\"><img loading=\"lazy\" decoding=\"async\" width=\"1024\" height=\"682\" src=\"https:\/\/www.zoner.fi\/tuki\/wp-content\/uploads\/2024\/10\/zoner-kotisivukone-yhteydenottolomake-6-1024x682.png\" alt=\"\" class=\"wp-image-133239\" srcset=\"https:\/\/www.zoner.fi\/tuki\/wp-content\/uploads\/2024\/10\/zoner-kotisivukone-yhteydenottolomake-6-1024x682.png 1024w, https:\/\/www.zoner.fi\/tuki\/wp-content\/uploads\/2024\/10\/zoner-kotisivukone-yhteydenottolomake-6-300x200.png 300w, https:\/\/www.zoner.fi\/tuki\/wp-content\/uploads\/2024\/10\/zoner-kotisivukone-yhteydenottolomake-6-768x512.png 768w, https:\/\/www.zoner.fi\/tuki\/wp-content\/uploads\/2024\/10\/zoner-kotisivukone-yhteydenottolomake-6.png 1502w\" sizes=\"auto, (max-width: 1024px) 100vw, 1024px\" \/><\/figure>\n\n\n\n<h2 class=\"wp-block-heading\" id=\"step-7\">7. Muokkaa kent\u00e4n asetuksia<\/h2>\n\n\n\n<p>Jokaisella kentt\u00e4tyypill\u00e4 on erilaisia asetuksia, joita voit muokata.<\/p>\n\n\n\n<ol class=\"wp-block-list\">\n<li>Napsauta kent\u00e4n vieress\u00e4 olevaa&nbsp;<strong>kyn\u00e4kuvaketta<\/strong>.<\/li>\n\n\n\n<li>Kirjoita kent\u00e4n&nbsp;<strong>otsikko<\/strong>. Se n\u00e4kyy k\u00e4vij\u00f6ille.<\/li>\n\n\n\n<li>Kent\u00e4n tyypist\u00e4 riippuen sinulla voi olla useita&nbsp;<strong>vaihtoehtoja<\/strong>. Voit muokata kuvausta napsauttamalla vaihtoehtoa, poistaa sen napsauttamalla lopussa olevaa&nbsp;<strong>roskakorikuvaketta<\/strong>&nbsp;tai lis\u00e4t\u00e4 uuden napsauttamalla&nbsp;<strong>Lis\u00e4\u00e4 vaihtoehto<\/strong>&nbsp;-painiketta.<\/li>\n\n\n\n<li>Jos v\u00e4hint\u00e4\u00e4n yhden vaihtoehdon valitseminen&nbsp;<strong>vaaditaan<\/strong>, pid\u00e4 t\u00e4m\u00e4 ruutu valittuna. Jos kentt\u00e4 vaaditaan, lomakkeen l\u00e4hett\u00e4minen ilman sit\u00e4 antaa virheilmoituksen. Voit ottaa virheilmoituksen k\u00e4ytt\u00f6\u00f6n ja kirjoittaa sen ikkunan alaosassa olevaan kentt\u00e4\u00e4n.<\/li>\n\n\n\n<li>Napsauta&nbsp;<strong>Tallenna<\/strong>,&nbsp;jos haluat p\u00e4ivitt\u00e4\u00e4 lomakkeeseen uudet kentt\u00e4asetukset.<\/li>\n<\/ol>\n\n\n\n<figure class=\"wp-block-image size-large\"><img loading=\"lazy\" decoding=\"async\" width=\"1024\" height=\"681\" src=\"https:\/\/www.zoner.fi\/tuki\/wp-content\/uploads\/2024\/11\/zoner-kotisivukone-yhteydenottolomake-7-1024x681.png\" alt=\"\" class=\"wp-image-134675\" srcset=\"https:\/\/www.zoner.fi\/tuki\/wp-content\/uploads\/2024\/11\/zoner-kotisivukone-yhteydenottolomake-7-1024x681.png 1024w, https:\/\/www.zoner.fi\/tuki\/wp-content\/uploads\/2024\/11\/zoner-kotisivukone-yhteydenottolomake-7-300x200.png 300w, https:\/\/www.zoner.fi\/tuki\/wp-content\/uploads\/2024\/11\/zoner-kotisivukone-yhteydenottolomake-7-768x511.png 768w, https:\/\/www.zoner.fi\/tuki\/wp-content\/uploads\/2024\/11\/zoner-kotisivukone-yhteydenottolomake-7-1536x1022.png 1536w, https:\/\/www.zoner.fi\/tuki\/wp-content\/uploads\/2024\/11\/zoner-kotisivukone-yhteydenottolomake-7.png 1875w\" sizes=\"auto, (max-width: 1024px) 100vw, 1024px\" \/><\/figure>\n\n\n\n<h2 class=\"wp-block-heading\" id=\"step-8\">8. Mene kohtaan Tyyli yhteydenottolomakkeen asetuksissa<\/h2>\n\n\n\n<p>Oletusarvoisesti yhteydenottolomake k\u00e4ytt\u00e4\u00e4 mallin tyyli\u00e4, mutta voit my\u00f6s luoda mukautetun tyylin.<\/p>\n\n\n\n<p>Valitse siirrett\u00e4v\u00e4st\u00e4 valikosta&nbsp;<strong>Tyyli<\/strong>.<\/p>\n\n\n\n<figure class=\"wp-block-image size-large\"><img loading=\"lazy\" decoding=\"async\" width=\"1024\" height=\"682\" src=\"https:\/\/www.zoner.fi\/tuki\/wp-content\/uploads\/2024\/10\/zoner-kotisivukone-yhteydenottolomake-8-1024x682.png\" alt=\"\" class=\"wp-image-133242\" srcset=\"https:\/\/www.zoner.fi\/tuki\/wp-content\/uploads\/2024\/10\/zoner-kotisivukone-yhteydenottolomake-8-1024x682.png 1024w, https:\/\/www.zoner.fi\/tuki\/wp-content\/uploads\/2024\/10\/zoner-kotisivukone-yhteydenottolomake-8-300x200.png 300w, https:\/\/www.zoner.fi\/tuki\/wp-content\/uploads\/2024\/10\/zoner-kotisivukone-yhteydenottolomake-8-768x512.png 768w, https:\/\/www.zoner.fi\/tuki\/wp-content\/uploads\/2024\/10\/zoner-kotisivukone-yhteydenottolomake-8.png 1502w\" sizes=\"auto, (max-width: 1024px) 100vw, 1024px\" \/><\/figure>\n\n\n\n<h2 class=\"wp-block-heading\" id=\"step-9\">9. Muokkaa yhteystietolomakkeen tyyli\u00e4<\/h2>\n\n\n\n<p>Voit muuttaa fontin ja l\u00e4hetyspainikkeen asetuksia.<\/p>\n\n\n\n<ul class=\"wp-block-list\">\n<li>&nbsp;<strong>Fontti:<\/strong>&nbsp;tyyppi, koko ja v\u00e4ri.<\/li>\n\n\n\n<li>&nbsp;<strong>Painike:<\/strong>&nbsp;painikkeen tyyli (v\u00e4ri, muoto ja reunus) ja fonttikoko.<\/li>\n<\/ul>\n\n\n\n<figure class=\"wp-block-image size-large\"><img loading=\"lazy\" decoding=\"async\" width=\"1024\" height=\"681\" src=\"https:\/\/www.zoner.fi\/tuki\/wp-content\/uploads\/2024\/11\/zoner-kotisivukone-yhteydenottolomake-9-1024x681.png\" alt=\"\" class=\"wp-image-134676\" srcset=\"https:\/\/www.zoner.fi\/tuki\/wp-content\/uploads\/2024\/11\/zoner-kotisivukone-yhteydenottolomake-9-1024x681.png 1024w, https:\/\/www.zoner.fi\/tuki\/wp-content\/uploads\/2024\/11\/zoner-kotisivukone-yhteydenottolomake-9-300x200.png 300w, https:\/\/www.zoner.fi\/tuki\/wp-content\/uploads\/2024\/11\/zoner-kotisivukone-yhteydenottolomake-9-768x511.png 768w, https:\/\/www.zoner.fi\/tuki\/wp-content\/uploads\/2024\/11\/zoner-kotisivukone-yhteydenottolomake-9-1536x1022.png 1536w, https:\/\/www.zoner.fi\/tuki\/wp-content\/uploads\/2024\/11\/zoner-kotisivukone-yhteydenottolomake-9.png 1875w\" sizes=\"auto, (max-width: 1024px) 100vw, 1024px\" \/><\/figure>\n\n\n\n<h2 class=\"wp-block-heading\" id=\"step-10\">10. Muokkaa Onnistui-viesti\u00e4 yhteystietolomakkeen asetuksissa<\/h2>\n\n\n\n<p>Vierailijat saavat vahvistusviestin, kun yhteydenottolomake on l\u00e4hetetty onnistuneesti.<\/p>\n\n\n\n<p>Muokkaa oletusviesti\u00e4 napsauttamalla siirrett\u00e4v\u00e4n valikon&nbsp;<strong>Onnistui-viesti\u00e4<\/strong>. Viesti tallentuu automaattisesti, kun olet sy\u00f6tt\u00e4nyt sen kentt\u00e4\u00e4n.<\/p>\n\n\n\n<p>Oletusarvoisesti yhteydenottolomake k\u00e4ytt\u00e4\u00e4 seuraavaa viesti\u00e4: &#8221;Kiitos viestist\u00e4si&#8221;. Voit muokata sit\u00e4 lis\u00e4\u00e4m\u00e4ll\u00e4 oman tekstisi.<\/p>\n\n\n\n<figure class=\"wp-block-image size-large\"><img loading=\"lazy\" decoding=\"async\" width=\"1024\" height=\"682\" src=\"https:\/\/www.zoner.fi\/tuki\/wp-content\/uploads\/2024\/10\/zoner-kotisivukone-yhteydenottolomake-10-1024x682.png\" alt=\"\" class=\"wp-image-133244\" srcset=\"https:\/\/www.zoner.fi\/tuki\/wp-content\/uploads\/2024\/10\/zoner-kotisivukone-yhteydenottolomake-10-1024x682.png 1024w, https:\/\/www.zoner.fi\/tuki\/wp-content\/uploads\/2024\/10\/zoner-kotisivukone-yhteydenottolomake-10-300x200.png 300w, https:\/\/www.zoner.fi\/tuki\/wp-content\/uploads\/2024\/10\/zoner-kotisivukone-yhteydenottolomake-10-768x512.png 768w, https:\/\/www.zoner.fi\/tuki\/wp-content\/uploads\/2024\/10\/zoner-kotisivukone-yhteydenottolomake-10.png 1502w\" sizes=\"auto, (max-width: 1024px) 100vw, 1024px\" \/><\/figure>\n\n\n\n<h2 class=\"wp-block-heading\" id=\"step-12\">11. Ota captcha k\u00e4ytt\u00f6\u00f6n<\/h2>\n\n\n\n<p>Captcha-ty\u00f6kalulla voit suojata lomakettasi bottihy\u00f6kk\u00e4yksilt\u00e4 ja roskapostiviesteilt\u00e4.&nbsp;<\/p>\n\n\n\n<p>Se otetaan automaattisesti k\u00e4ytt\u00f6\u00f6n, jos luot sivustollesi uuden yhteydenottolomakkeen. Voit kuitenkin hallita sit\u00e4 my\u00f6s manuaalisesti lomakkeen asetuksissa.&nbsp;<\/p>\n\n\n\n<ol class=\"wp-block-list\">\n<li>Valitse Yhteydenottolomake-komponentti.<\/li>\n\n\n\n<li>Valitse&nbsp;<strong>Muokkaa yhteydenottolomaketta<\/strong>.<\/li>\n\n\n\n<li>Klikkaa avautuneessa kelluvassa valikossa&nbsp;<strong>Captcha<\/strong>.<\/li>\n\n\n\n<li>Ota Captcha k\u00e4ytt\u00f6\u00f6n tai poista se k\u00e4yt\u00f6st\u00e4 liu\u201duttamalla&nbsp;<strong>N\u00e4yt\u00e4 Captcha<\/strong>&nbsp;-kytkint\u00e4 ja valitse kieli avattavasta valikosta.<\/li>\n<\/ol>\n\n\n\n<figure class=\"wp-block-image size-large\"><img loading=\"lazy\" decoding=\"async\" width=\"1024\" height=\"682\" src=\"https:\/\/www.zoner.fi\/tuki\/wp-content\/uploads\/2024\/10\/zoner-kotisivukone-yhteydenottolomake-12-1024x682.png\" alt=\"\" class=\"wp-image-133246\" srcset=\"https:\/\/www.zoner.fi\/tuki\/wp-content\/uploads\/2024\/10\/zoner-kotisivukone-yhteydenottolomake-12-1024x682.png 1024w, https:\/\/www.zoner.fi\/tuki\/wp-content\/uploads\/2024\/10\/zoner-kotisivukone-yhteydenottolomake-12-300x200.png 300w, https:\/\/www.zoner.fi\/tuki\/wp-content\/uploads\/2024\/10\/zoner-kotisivukone-yhteydenottolomake-12-768x512.png 768w, https:\/\/www.zoner.fi\/tuki\/wp-content\/uploads\/2024\/10\/zoner-kotisivukone-yhteydenottolomake-12.png 1502w\" sizes=\"auto, (max-width: 1024px) 100vw, 1024px\" \/><\/figure>\n\n\n\n<h2 class=\"wp-block-heading\" id=\"step-13\">12. Muokkaa yhteydenottolomakkeen kokoa ja paikkaa<\/h2>\n\n\n\n<p>Nyt kun lomake on valmis, voit s\u00e4\u00e4t\u00e4\u00e4 sen sijoittelua ja kokoa. Napsauta&nbsp;<strong>Tallenna<\/strong>&nbsp;ja&nbsp;<strong>Julkaise<\/strong>, jotta lomake n\u00e4kyy verkossa.<\/p>\n","protected":false},"excerpt":{"rendered":"<p>T\u00e4ss\u00e4 oppaassa n\u00e4yt\u00e4mme, miten voit lis\u00e4t\u00e4 yhteydenottolomakkeen Zoner Kotisivukoneella rakennetulle sivustolle. Yhteydenottolomakkeella sivujen k\u00e4vij\u00e4t voivat helposti l\u00e4hett\u00e4\u00e4 sinulle s\u00e4hk\u00f6posteja, joissa voi olla my\u00f6s liitetiedostoja. 1. Ved\u00e4 Yhteydenotto-komponentti ty\u00f6tilaan Huomaa:&nbsp;Yksitt\u00e4isell\u00e4 sivulla voi olla vain yksi yhteydenottolomake. Jos lis\u00e4\u00e4m\u00e4si komponentti on harmaa, se tarkoittaa, ett\u00e4 kyseisell\u00e4 sivulla on jo yhteydenottolomake. 2. M\u00e4\u00e4rit\u00e4 lomakkeen s\u00e4hk\u00f6postiosoite Jos haluat vaihtaa &#8230; <a title=\"Miten lis\u00e4\u00e4n yhteydenottolomakkeen Zoner Kotisivukone -sivustolleni?\" class=\"read-more\" href=\"https:\/\/www.zoner.fi\/tuki\/kotisivukone\/zoner\/miten-lisaan-yhteydenottolomakkeen-zoner-kotisivukone-sivustolleni\/\" aria-label=\"Lue lis\u00e4\u00e4 aiheesta Miten lis\u00e4\u00e4n yhteydenottolomakkeen Zoner Kotisivukone -sivustolleni?\">Lue lis\u00e4\u00e4<\/a><\/p>\n","protected":false},"author":18,"featured_media":0,"parent":137385,"menu_order":0,"comment_status":"closed","ping_status":"closed","template":"","meta":{"_relevanssi_hide_post":"","_relevanssi_hide_content":"","_relevanssi_pin_for_all":"","_relevanssi_pin_keywords":"","_relevanssi_unpin_keywords":"","_relevanssi_related_keywords":"","_relevanssi_related_include_ids":"","_relevanssi_related_exclude_ids":"","_relevanssi_related_no_append":"","_relevanssi_related_not_related":"","_relevanssi_related_posts":"132261,132301,132072,131535,130641,132393","_relevanssi_noindex_reason":"","footnotes":""},"categories":[166],"tags":[158],"wf_page_folders":[],"class_list":{"0":"post-133231","1":"page","2":"type-page","3":"status-publish","5":"category-zoner-kotisivukone","6":"tag-yleiset"},"_links":{"self":[{"href":"https:\/\/www.zoner.fi\/tuki\/wp-json\/wp\/v2\/pages\/133231","targetHints":{"allow":["GET"]}}],"collection":[{"href":"https:\/\/www.zoner.fi\/tuki\/wp-json\/wp\/v2\/pages"}],"about":[{"href":"https:\/\/www.zoner.fi\/tuki\/wp-json\/wp\/v2\/types\/page"}],"author":[{"embeddable":true,"href":"https:\/\/www.zoner.fi\/tuki\/wp-json\/wp\/v2\/users\/18"}],"replies":[{"embeddable":true,"href":"https:\/\/www.zoner.fi\/tuki\/wp-json\/wp\/v2\/comments?post=133231"}],"version-history":[{"count":11,"href":"https:\/\/www.zoner.fi\/tuki\/wp-json\/wp\/v2\/pages\/133231\/revisions"}],"predecessor-version":[{"id":138678,"href":"https:\/\/www.zoner.fi\/tuki\/wp-json\/wp\/v2\/pages\/133231\/revisions\/138678"}],"up":[{"embeddable":true,"href":"https:\/\/www.zoner.fi\/tuki\/wp-json\/wp\/v2\/pages\/137385"}],"wp:attachment":[{"href":"https:\/\/www.zoner.fi\/tuki\/wp-json\/wp\/v2\/media?parent=133231"}],"wp:term":[{"taxonomy":"category","embeddable":true,"href":"https:\/\/www.zoner.fi\/tuki\/wp-json\/wp\/v2\/categories?post=133231"},{"taxonomy":"post_tag","embeddable":true,"href":"https:\/\/www.zoner.fi\/tuki\/wp-json\/wp\/v2\/tags?post=133231"},{"taxonomy":"wf_page_folders","embeddable":true,"href":"https:\/\/www.zoner.fi\/tuki\/wp-json\/wp\/v2\/wf_page_folders?post=133231"}],"curies":[{"name":"wp","href":"https:\/\/api.w.org\/{rel}","templated":true}]}}