{"id":133267,"date":"2024-11-12T17:21:54","date_gmt":"2024-11-12T15:21:54","guid":{"rendered":"https:\/\/www.zoner.fi\/tuki\/?page_id=133267"},"modified":"2025-09-25T16:43:00","modified_gmt":"2025-09-25T13:43:00","slug":"miten-maaritan-aloitussivun-zoner-kotisivukoneessa","status":"publish","type":"page","link":"https:\/\/www.zoner.fi\/tuki\/kotisivukone\/zoner\/miten-maaritan-aloitussivun-zoner-kotisivukoneessa\/","title":{"rendered":"Miten m\u00e4\u00e4rit\u00e4n aloitussivun Zoner Kotisivukoneessa?"},"content":{"rendered":"\n<p>Kotisivuille kannattaa aina m\u00e4\u00e4ritt\u00e4\u00e4 aloitussivu, jolle k\u00e4vij\u00e4t voivat siirty\u00e4 kirjoittamalla hakupalkkiin pelk\u00e4n verkkotunnuksesi.<\/p>\n\n\n\n<p>Zoner Kotisivukoneessa aloitussivun nimi on aina\u00a0<em>index.html<\/em>\u00a0pienill\u00e4 kirjaimilla. M\u00e4\u00e4rit\u00e4 aloitussivu helposti n\u00e4in:<\/p>\n\n\n\n<h2 class=\"wp-block-heading\" id=\"step-2\">1. Siirry sivun asetuksiin<\/h2>\n\n\n\n<ol class=\"wp-block-list\">\n<li>Avaa Zoner Kotisivukone ja napsauta&nbsp;<strong>sivuvalikkoa<\/strong>&nbsp;n\u00e4yt\u00f6n yl\u00e4reunassa.<\/li>\n\n\n\n<li>Vie hiiren osoitin sen sivun p\u00e4\u00e4lle, josta haluat tehd\u00e4 aloitussivun. Napsauta sitten sen vieress\u00e4 n\u00e4kyv\u00e4\u00e4&nbsp;<strong>kolmea pistett\u00e4<\/strong>&nbsp;ja valitse&nbsp;<strong>Asetukset<\/strong>.<\/li>\n<\/ol>\n\n\n\n<figure class=\"wp-block-image size-large\"><img loading=\"lazy\" decoding=\"async\" width=\"1024\" height=\"682\" src=\"https:\/\/www.zoner.fi\/tuki\/wp-content\/uploads\/2024\/10\/aloitussivu-1-1024x682.png\" alt=\"\" class=\"wp-image-133268\" srcset=\"https:\/\/www.zoner.fi\/tuki\/wp-content\/uploads\/2024\/10\/aloitussivu-1-1024x682.png 1024w, https:\/\/www.zoner.fi\/tuki\/wp-content\/uploads\/2024\/10\/aloitussivu-1-300x200.png 300w, https:\/\/www.zoner.fi\/tuki\/wp-content\/uploads\/2024\/10\/aloitussivu-1-768x511.png 768w, https:\/\/www.zoner.fi\/tuki\/wp-content\/uploads\/2024\/10\/aloitussivu-1-1536x1023.png 1536w, https:\/\/www.zoner.fi\/tuki\/wp-content\/uploads\/2024\/10\/aloitussivu-1.png 1873w\" sizes=\"auto, (max-width: 1024px) 100vw, 1024px\" \/><\/figure>\n\n\n\n<h2 class=\"wp-block-heading\" id=\"step-3\">2. Aseta aloitussivu<\/h2>\n\n\n\n<ol class=\"wp-block-list\">\n<li>Valitse vasemmasta alakulmasta &#8221;<strong>Tee t\u00e4st\u00e4 sivusta aloitussivu<\/strong>&#8221; -valintaruutu.<\/li>\n\n\n\n<li>Napsauta&nbsp;<strong>Tallenna<\/strong>-painiketta.<\/li>\n<\/ol>\n\n\n\n<p><strong>Huomaa:<\/strong>\u00a0Alisivusta\u00a0ei voi tehd\u00e4 aloitussivua, sill\u00e4 aloitussivun on aina sijaittava sivustosi juurihakemistossa. Jos haluat aloitussivuksi alisivun, siirr\u00e4 se ensin juurihakemistoon ja tee siit\u00e4 sivuvalikossa aloitussivu.<\/p>\n\n\n\n<figure class=\"wp-block-image size-large\"><img loading=\"lazy\" decoding=\"async\" width=\"1024\" height=\"682\" src=\"https:\/\/www.zoner.fi\/tuki\/wp-content\/uploads\/2024\/10\/aloitussivu-2-1024x682.png\" alt=\"\" class=\"wp-image-133269\" srcset=\"https:\/\/www.zoner.fi\/tuki\/wp-content\/uploads\/2024\/10\/aloitussivu-2-1024x682.png 1024w, https:\/\/www.zoner.fi\/tuki\/wp-content\/uploads\/2024\/10\/aloitussivu-2-300x200.png 300w, https:\/\/www.zoner.fi\/tuki\/wp-content\/uploads\/2024\/10\/aloitussivu-2-768x511.png 768w, https:\/\/www.zoner.fi\/tuki\/wp-content\/uploads\/2024\/10\/aloitussivu-2-1536x1023.png 1536w, https:\/\/www.zoner.fi\/tuki\/wp-content\/uploads\/2024\/10\/aloitussivu-2.png 1873w\" sizes=\"auto, (max-width: 1024px) 100vw, 1024px\" \/><\/figure>\n\n\n\n<p>Olet nyt m\u00e4\u00e4ritt\u00e4nyt aloitussivun. Tunnistat sen sivuvalikossa n\u00e4kyv\u00e4st\u00e4 pienen talon kuvakkeesta:<\/p>\n\n\n\n<figure class=\"wp-block-image size-large\"><img loading=\"lazy\" decoding=\"async\" width=\"1024\" height=\"682\" src=\"https:\/\/www.zoner.fi\/tuki\/wp-content\/uploads\/2024\/10\/aloitussivu-3-1024x682.png\" alt=\"\" class=\"wp-image-133270\" srcset=\"https:\/\/www.zoner.fi\/tuki\/wp-content\/uploads\/2024\/10\/aloitussivu-3-1024x682.png 1024w, https:\/\/www.zoner.fi\/tuki\/wp-content\/uploads\/2024\/10\/aloitussivu-3-300x200.png 300w, https:\/\/www.zoner.fi\/tuki\/wp-content\/uploads\/2024\/10\/aloitussivu-3-768x511.png 768w, https:\/\/www.zoner.fi\/tuki\/wp-content\/uploads\/2024\/10\/aloitussivu-3-1536x1023.png 1536w, https:\/\/www.zoner.fi\/tuki\/wp-content\/uploads\/2024\/10\/aloitussivu-3.png 1873w\" sizes=\"auto, (max-width: 1024px) 100vw, 1024px\" \/><\/figure>\n\n\n\n<h2 class=\"wp-block-heading\">Miten teen aloitussivusta tavallisen sivun?<\/h2>\n\n\n\n<p>Voit muttaa aloitussivun helposti takaisin tavalliseksi sivuksi:<\/p>\n\n\n\n<ol class=\"wp-block-list\">\n<li>Avaa\u00a0<strong>sivuvalikko<\/strong>\u00a0n\u00e4yt\u00f6n yl\u00e4reunan sinisest\u00e4 palkista.<\/li>\n\n\n\n<li>Klikkaa nykyist\u00e4 aloitussivuasi hiiren oikealla n\u00e4pp\u00e4imell\u00e4 ja valitse\u00a0<strong>Asetukset<\/strong>.<\/li>\n\n\n\n<li>Ponnahdusikkunassa poista valinta kohdasta <strong>Tee t\u00e4st\u00e4 sivusta aloitussivu<\/strong>.<\/li>\n\n\n\n<li>Napsauta\u00a0<strong>Tallenna<\/strong>.<\/li>\n<\/ol>\n\n\n\n<p><strong>Huomaa:\u00a0<\/strong>Kotisivuilla kannattaa aina olla aloitussivu, sill\u00e4 muuten niille ei voi siirty\u00e4 suoraan pelk\u00e4n verkkotunnuksen kautta.<\/p>\n","protected":false},"excerpt":{"rendered":"<p>Kotisivuille kannattaa aina m\u00e4\u00e4ritt\u00e4\u00e4 aloitussivu, jolle k\u00e4vij\u00e4t voivat siirty\u00e4 kirjoittamalla hakupalkkiin pelk\u00e4n verkkotunnuksesi. Zoner Kotisivukoneessa aloitussivun nimi on aina\u00a0index.html\u00a0pienill\u00e4 kirjaimilla. M\u00e4\u00e4rit\u00e4 aloitussivu helposti n\u00e4in: 1. Siirry sivun asetuksiin 2. Aseta aloitussivu Huomaa:\u00a0Alisivusta\u00a0ei voi tehd\u00e4 aloitussivua, sill\u00e4 aloitussivun on aina sijaittava sivustosi juurihakemistossa. Jos haluat aloitussivuksi alisivun, siirr\u00e4 se ensin juurihakemistoon ja tee siit\u00e4 sivuvalikossa aloitussivu. &#8230; <a title=\"Miten m\u00e4\u00e4rit\u00e4n aloitussivun Zoner Kotisivukoneessa?\" class=\"read-more\" href=\"https:\/\/www.zoner.fi\/tuki\/kotisivukone\/zoner\/miten-maaritan-aloitussivun-zoner-kotisivukoneessa\/\" aria-label=\"Lue lis\u00e4\u00e4 aiheesta Miten m\u00e4\u00e4rit\u00e4n aloitussivun Zoner Kotisivukoneessa?\">Lue lis\u00e4\u00e4<\/a><\/p>\n","protected":false},"author":18,"featured_media":0,"parent":137385,"menu_order":0,"comment_status":"closed","ping_status":"closed","template":"","meta":{"_relevanssi_hide_post":"","_relevanssi_hide_content":"","_relevanssi_pin_for_all":"","_relevanssi_pin_keywords":"","_relevanssi_unpin_keywords":"","_relevanssi_related_keywords":"","_relevanssi_related_include_ids":"","_relevanssi_related_exclude_ids":"","_relevanssi_related_no_append":"","_relevanssi_related_not_related":"","_relevanssi_related_posts":"130819,132261,132250,130526,132144,130515","_relevanssi_noindex_reason":"","footnotes":""},"categories":[166],"tags":[159,158],"wf_page_folders":[],"class_list":{"0":"post-133267","1":"page","2":"type-page","3":"status-publish","5":"category-zoner-kotisivukone","6":"tag-sivut","7":"tag-yleiset"},"_links":{"self":[{"href":"https:\/\/www.zoner.fi\/tuki\/wp-json\/wp\/v2\/pages\/133267","targetHints":{"allow":["GET"]}}],"collection":[{"href":"https:\/\/www.zoner.fi\/tuki\/wp-json\/wp\/v2\/pages"}],"about":[{"href":"https:\/\/www.zoner.fi\/tuki\/wp-json\/wp\/v2\/types\/page"}],"author":[{"embeddable":true,"href":"https:\/\/www.zoner.fi\/tuki\/wp-json\/wp\/v2\/users\/18"}],"replies":[{"embeddable":true,"href":"https:\/\/www.zoner.fi\/tuki\/wp-json\/wp\/v2\/comments?post=133267"}],"version-history":[{"count":4,"href":"https:\/\/www.zoner.fi\/tuki\/wp-json\/wp\/v2\/pages\/133267\/revisions"}],"predecessor-version":[{"id":134397,"href":"https:\/\/www.zoner.fi\/tuki\/wp-json\/wp\/v2\/pages\/133267\/revisions\/134397"}],"up":[{"embeddable":true,"href":"https:\/\/www.zoner.fi\/tuki\/wp-json\/wp\/v2\/pages\/137385"}],"wp:attachment":[{"href":"https:\/\/www.zoner.fi\/tuki\/wp-json\/wp\/v2\/media?parent=133267"}],"wp:term":[{"taxonomy":"category","embeddable":true,"href":"https:\/\/www.zoner.fi\/tuki\/wp-json\/wp\/v2\/categories?post=133267"},{"taxonomy":"post_tag","embeddable":true,"href":"https:\/\/www.zoner.fi\/tuki\/wp-json\/wp\/v2\/tags?post=133267"},{"taxonomy":"wf_page_folders","embeddable":true,"href":"https:\/\/www.zoner.fi\/tuki\/wp-json\/wp\/v2\/wf_page_folders?post=133267"}],"curies":[{"name":"wp","href":"https:\/\/api.w.org\/{rel}","templated":true}]}}