{"id":133275,"date":"2024-11-12T10:58:28","date_gmt":"2024-11-12T08:58:28","guid":{"rendered":"https:\/\/www.zoner.fi\/tuki\/?page_id=133275"},"modified":"2025-09-25T16:42:29","modified_gmt":"2025-09-25T13:42:29","slug":"kuinka-lisaan-faviconin-zoner-kotisivukone-sivustolleni","status":"publish","type":"page","link":"https:\/\/www.zoner.fi\/tuki\/kotisivukone\/zoner\/kuinka-lisaan-faviconin-zoner-kotisivukone-sivustolleni\/","title":{"rendered":"Kuinka lis\u00e4\u00e4n faviconin Zoner Kotisivukone -sivustolleni?"},"content":{"rendered":"\n<p>Favicon eli suosikkikuvake on pieni kuva tai kuvake, joka n\u00e4kyy selaimen v\u00e4lilehdell\u00e4 sivun otsikon vieress\u00e4. T\u00e4ss\u00e4 oppaassa n\u00e4yt\u00e4mme, miten voit lis\u00e4t\u00e4 sellaisen Zoner Kotisivukone -sivustollesi.<\/p>\n\n\n\n<p><strong>Vinkki:<\/strong>\u00a0Zoner Kotisivukoneessa voit tehd\u00e4 mist\u00e4 tahansa kuvatiedostosta faviconin. Suosittelemme kuitenkin k\u00e4ytt\u00e4m\u00e4\u00e4n neli\u00f6nmuotoista kuvaa, jonka koko on v\u00e4hint\u00e4\u00e4n 32x32px &#8211; esimerkiksi logoa tai tyylitelty\u00e4 kuvaa, joka on tunnistettavissa hyvin pieness\u00e4kin koossa.<\/p>\n\n\n\n<p>Kun favicon-kuvasi on valmis, voit lis\u00e4t\u00e4 sen sivustollesi:<\/p>\n\n\n\n<ol class=\"wp-block-list\">\n<li>Napsauta Zoner Kotisivukoneen oikeassa yl\u00e4kulmassa olevaa valikkoa ja valitse\u00a0<strong>Asetukset<\/strong>.<\/li>\n\n\n\n<li>Valitse\u00a0<strong>Suosikkikuvake<\/strong>-kohdassa\u00a0<strong>Lis\u00e4\u00e4 kuva<\/strong>.<\/li>\n\n\n\n<li>Lataa ja valitse kuva, josta haluat tehd\u00e4 suosikkikuvakkeesi, ja napsauta\u00a0<strong>Lis\u00e4\u00e4 sivulle<\/strong>.<\/li>\n\n\n\n<li>Napsauta\u00a0<strong>Valmis<\/strong>.<\/li>\n\n\n\n<li>Napsauta\u00a0<strong>Tallenna<\/strong>\u00a0ja\u00a0<strong>julkaise,<\/strong>\u00a0niin favicon n\u00e4kyy sivuillasi.<\/li>\n<\/ol>\n\n\n\n<figure class=\"wp-block-image size-large\"><img loading=\"lazy\" decoding=\"async\" width=\"1024\" height=\"682\" src=\"https:\/\/www.zoner.fi\/tuki\/wp-content\/uploads\/2024\/10\/favicon-1024x682.png\" alt=\"\" class=\"wp-image-133278\" srcset=\"https:\/\/www.zoner.fi\/tuki\/wp-content\/uploads\/2024\/10\/favicon-1024x682.png 1024w, https:\/\/www.zoner.fi\/tuki\/wp-content\/uploads\/2024\/10\/favicon-300x200.png 300w, https:\/\/www.zoner.fi\/tuki\/wp-content\/uploads\/2024\/10\/favicon-768x511.png 768w, https:\/\/www.zoner.fi\/tuki\/wp-content\/uploads\/2024\/10\/favicon-1536x1023.png 1536w, https:\/\/www.zoner.fi\/tuki\/wp-content\/uploads\/2024\/10\/favicon.png 1873w\" sizes=\"auto, (max-width: 1024px) 100vw, 1024px\" \/><\/figure>\n","protected":false},"excerpt":{"rendered":"<p>Favicon eli suosikkikuvake on pieni kuva tai kuvake, joka n\u00e4kyy selaimen v\u00e4lilehdell\u00e4 sivun otsikon vieress\u00e4. T\u00e4ss\u00e4 oppaassa n\u00e4yt\u00e4mme, miten voit lis\u00e4t\u00e4 sellaisen Zoner Kotisivukone -sivustollesi. Vinkki:\u00a0Zoner Kotisivukoneessa voit tehd\u00e4 mist\u00e4 tahansa kuvatiedostosta faviconin. Suosittelemme kuitenkin k\u00e4ytt\u00e4m\u00e4\u00e4n neli\u00f6nmuotoista kuvaa, jonka koko on v\u00e4hint\u00e4\u00e4n 32x32px &#8211; esimerkiksi logoa tai tyylitelty\u00e4 kuvaa, joka on tunnistettavissa hyvin pieness\u00e4kin koossa. &#8230; <a title=\"Kuinka lis\u00e4\u00e4n faviconin Zoner Kotisivukone -sivustolleni?\" class=\"read-more\" href=\"https:\/\/www.zoner.fi\/tuki\/kotisivukone\/zoner\/kuinka-lisaan-faviconin-zoner-kotisivukone-sivustolleni\/\" aria-label=\"Lue lis\u00e4\u00e4 aiheesta Kuinka lis\u00e4\u00e4n faviconin Zoner Kotisivukone -sivustolleni?\">Lue lis\u00e4\u00e4<\/a><\/p>\n","protected":false},"author":18,"featured_media":0,"parent":137385,"menu_order":0,"comment_status":"closed","ping_status":"closed","template":"","meta":{"_relevanssi_hide_post":"","_relevanssi_hide_content":"","_relevanssi_pin_for_all":"","_relevanssi_pin_keywords":"","_relevanssi_unpin_keywords":"","_relevanssi_related_keywords":"","_relevanssi_related_include_ids":"","_relevanssi_related_exclude_ids":"","_relevanssi_related_no_append":"","_relevanssi_related_not_related":"","_relevanssi_related_posts":"131535,130964,132894,132584,132938,130722","_relevanssi_noindex_reason":"","footnotes":""},"categories":[166],"tags":[160,158],"wf_page_folders":[],"class_list":{"0":"post-133275","1":"page","2":"type-page","3":"status-publish","5":"category-zoner-kotisivukone","6":"tag-ulkoasu-ja-tyyli","7":"tag-yleiset"},"_links":{"self":[{"href":"https:\/\/www.zoner.fi\/tuki\/wp-json\/wp\/v2\/pages\/133275","targetHints":{"allow":["GET"]}}],"collection":[{"href":"https:\/\/www.zoner.fi\/tuki\/wp-json\/wp\/v2\/pages"}],"about":[{"href":"https:\/\/www.zoner.fi\/tuki\/wp-json\/wp\/v2\/types\/page"}],"author":[{"embeddable":true,"href":"https:\/\/www.zoner.fi\/tuki\/wp-json\/wp\/v2\/users\/18"}],"replies":[{"embeddable":true,"href":"https:\/\/www.zoner.fi\/tuki\/wp-json\/wp\/v2\/comments?post=133275"}],"version-history":[{"count":2,"href":"https:\/\/www.zoner.fi\/tuki\/wp-json\/wp\/v2\/pages\/133275\/revisions"}],"predecessor-version":[{"id":133280,"href":"https:\/\/www.zoner.fi\/tuki\/wp-json\/wp\/v2\/pages\/133275\/revisions\/133280"}],"up":[{"embeddable":true,"href":"https:\/\/www.zoner.fi\/tuki\/wp-json\/wp\/v2\/pages\/137385"}],"wp:attachment":[{"href":"https:\/\/www.zoner.fi\/tuki\/wp-json\/wp\/v2\/media?parent=133275"}],"wp:term":[{"taxonomy":"category","embeddable":true,"href":"https:\/\/www.zoner.fi\/tuki\/wp-json\/wp\/v2\/categories?post=133275"},{"taxonomy":"post_tag","embeddable":true,"href":"https:\/\/www.zoner.fi\/tuki\/wp-json\/wp\/v2\/tags?post=133275"},{"taxonomy":"wf_page_folders","embeddable":true,"href":"https:\/\/www.zoner.fi\/tuki\/wp-json\/wp\/v2\/wf_page_folders?post=133275"}],"curies":[{"name":"wp","href":"https:\/\/api.w.org\/{rel}","templated":true}]}}