{"id":133285,"date":"2024-11-12T12:16:45","date_gmt":"2024-11-12T10:16:45","guid":{"rendered":"https:\/\/www.zoner.fi\/tuki\/?page_id=133285"},"modified":"2025-09-25T16:42:34","modified_gmt":"2025-09-25T13:42:34","slug":"kuinka-yhdistan-kotisivuni-google-my-businessiin","status":"publish","type":"page","link":"https:\/\/www.zoner.fi\/tuki\/kotisivukone\/zoner\/kuinka-yhdistan-kotisivuni-google-my-businessiin\/","title":{"rendered":"Kuinka yhdist\u00e4n kotisivuni Google My Businessiin?"},"content":{"rendered":"\n<p><strong>Huomaa<\/strong>: T\u00e4m\u00e4 ominaisuus on osa\u00a0Zoner Kotisivukoneen Business-pakettia.<\/p>\n\n\n\n<p>T\u00e4ss\u00e4 artikkelissa n\u00e4yt\u00e4mme, kuinka voit yhdist\u00e4\u00e4 Zoner Kotisivukone -sivustosi Google My Business -yritystietoihin. Voit joko luoda uudet yritystiedot tai yhdist\u00e4\u00e4 jo olemassa olevat tietosi kotisivukoneeseen.<\/p>\n\n\n\n<p>Kun yhdist\u00e4t sivustosi Google My Businessiin, yhteystietosi ja aukioloaikasi Zoner Kotisivukoneessa synkronoidaan automaattisesti yritystietojesi kanssa Googlessa. N\u00e4in voit varmistaa, ett\u00e4 yrityst\u00e4si hakevat henkil\u00f6t n\u00e4kev\u00e4t varmasti oikeat tiedot.<\/p>\n\n\n\n<h2 class=\"wp-block-heading\" id=\"h_01F2PB5TK9P2J89D193MNH4GMZ\">1. Avaa asetukset<\/h2>\n\n\n\n<ol class=\"wp-block-list\">\n<li>Avaa&nbsp;<strong>Zoner Kotisivukone<\/strong>.<\/li>\n\n\n\n<li>Napsauta oikeassa yl\u00e4kulmassa olevaa valikkoa ja valitse&nbsp;<strong>Asetukset<\/strong>.<\/li>\n\n\n\n<li>Valitse vasemmalla olevasta valikosta&nbsp;<strong>Yritystiedot<\/strong>&nbsp;.<\/li>\n<\/ol>\n\n\n\n<figure class=\"wp-block-image size-large\"><img loading=\"lazy\" decoding=\"async\" width=\"1024\" height=\"681\" src=\"https:\/\/www.zoner.fi\/tuki\/wp-content\/uploads\/2024\/11\/google-my-business-zoner-kotisivukone-1-1024x681.png\" alt=\"\" class=\"wp-image-134599\" srcset=\"https:\/\/www.zoner.fi\/tuki\/wp-content\/uploads\/2024\/11\/google-my-business-zoner-kotisivukone-1-1024x681.png 1024w, https:\/\/www.zoner.fi\/tuki\/wp-content\/uploads\/2024\/11\/google-my-business-zoner-kotisivukone-1-300x200.png 300w, https:\/\/www.zoner.fi\/tuki\/wp-content\/uploads\/2024\/11\/google-my-business-zoner-kotisivukone-1-768x511.png 768w, https:\/\/www.zoner.fi\/tuki\/wp-content\/uploads\/2024\/11\/google-my-business-zoner-kotisivukone-1-1536x1022.png 1536w, https:\/\/www.zoner.fi\/tuki\/wp-content\/uploads\/2024\/11\/google-my-business-zoner-kotisivukone-1.png 1875w\" sizes=\"auto, (max-width: 1024px) 100vw, 1024px\" \/><\/figure>\n\n\n\n<h2 class=\"wp-block-heading\" id=\"h_01F2PB60FQ2PMRY8S0W8RXBZR1\">2. Luo yritystiedot (valinnainen)<\/h2>\n\n\n\n<p>Jos yrityksesi on jo lis\u00e4tty Google My Businessiin, voit ohittaa t\u00e4m\u00e4n vaiheen ja jatkaa&nbsp;vaiheesta 3.<\/p>\n\n\n\n<ol class=\"wp-block-list\">\n<li>Napsauta &#8221;Luo yritystiedot&#8221; -painiketta.<\/li>\n\n\n\n<li>Lis\u00e4\u00e4 yrityksesi tiedot, kuten sen nimi, verkkosivuston URL-osoite ja s\u00e4hk\u00f6postiosoite.<\/li>\n\n\n\n<li>Lis\u00e4\u00e4 kategorioita, jotka kuvaavat parhaiten yrityst\u00e4si.<\/li>\n\n\n\n<li>Lis\u00e4\u00e4 yrityksesi yhteystiedot ja aukioloajat.<\/li>\n\n\n\n<li>Vahvista ja napsauta&nbsp;<strong>Seuraava<\/strong>.<\/li>\n<\/ol>\n\n\n\n<figure class=\"wp-block-image size-large\"><img loading=\"lazy\" decoding=\"async\" width=\"1024\" height=\"693\" src=\"https:\/\/www.zoner.fi\/tuki\/wp-content\/uploads\/2024\/10\/google-my-business-zoner-kotisivukone-2-1024x693.png\" alt=\"\" class=\"wp-image-133288\" srcset=\"https:\/\/www.zoner.fi\/tuki\/wp-content\/uploads\/2024\/10\/google-my-business-zoner-kotisivukone-2-1024x693.png 1024w, https:\/\/www.zoner.fi\/tuki\/wp-content\/uploads\/2024\/10\/google-my-business-zoner-kotisivukone-2-300x203.png 300w, https:\/\/www.zoner.fi\/tuki\/wp-content\/uploads\/2024\/10\/google-my-business-zoner-kotisivukone-2-768x519.png 768w, https:\/\/www.zoner.fi\/tuki\/wp-content\/uploads\/2024\/10\/google-my-business-zoner-kotisivukone-2.png 1304w\" sizes=\"auto, (max-width: 1024px) 100vw, 1024px\" \/><\/figure>\n\n\n\n<h2 class=\"wp-block-heading\" id=\"h_01F2PB64XNRE951GC8F15KPQG4\">3. Yhdist\u00e4 yritystietosi<\/h2>\n\n\n\n<p>Jos sinulla on jo yritystiedot ja ohitit vaiheen 2, napsauta&nbsp;<strong>Yhdist\u00e4 yritystietosi<\/strong>. Muussa tapauksessa aloita alla olevista vaiheista.<\/p>\n\n\n\n<ol class=\"wp-block-list\">\n<li>Kirjaudu sis\u00e4\u00e4n Google-tilillesi.<\/li>\n\n\n\n<li>Seuraavassa ikkunassa n\u00e4et, mitk\u00e4 tiedot jaetaan Zonerille, kun muodostat yhteyden Googleen. Napsauta&nbsp;<strong>Salli<\/strong>.<\/li>\n\n\n\n<li>Vahvista valintasi napsauttamalla&nbsp;<strong>Salli<\/strong>&nbsp;my\u00f6s seuraavassa ikkunassa.<\/li>\n\n\n\n<li>Jos sinulla on jo Google My Business -yritystiedot, voit tuoda ne Zoner Kotisivukone -sivustollesi.<\/li>\n<\/ol>\n\n\n\n<figure class=\"wp-block-image size-large\"><img loading=\"lazy\" decoding=\"async\" width=\"1024\" height=\"693\" src=\"https:\/\/www.zoner.fi\/tuki\/wp-content\/uploads\/2024\/11\/google-my-business-zoner-kotisivukone-3-1024x693.png\" alt=\"\" class=\"wp-image-134601\" srcset=\"https:\/\/www.zoner.fi\/tuki\/wp-content\/uploads\/2024\/11\/google-my-business-zoner-kotisivukone-3-1024x693.png 1024w, https:\/\/www.zoner.fi\/tuki\/wp-content\/uploads\/2024\/11\/google-my-business-zoner-kotisivukone-3-300x203.png 300w, https:\/\/www.zoner.fi\/tuki\/wp-content\/uploads\/2024\/11\/google-my-business-zoner-kotisivukone-3-768x519.png 768w, https:\/\/www.zoner.fi\/tuki\/wp-content\/uploads\/2024\/11\/google-my-business-zoner-kotisivukone-3.png 1304w\" sizes=\"auto, (max-width: 1024px) 100vw, 1024px\" \/><\/figure>\n\n\n\n<p>Olet yhdist\u00e4nyt yrityksesi Google My Business -tiedot Zoner Kotisivukone -sivustoosi. Muista tehd\u00e4 viel\u00e4 n\u00e4m\u00e4:<\/p>\n\n\n\n<ol class=\"wp-block-list\">\n<li><strong>Tallenna<\/strong>&nbsp;muutokset Zoner Kotisivukone -sivustoosi.<\/li>\n\n\n\n<li><strong>Julkaise<\/strong>&nbsp;sivusto, jotta sen ja Google My Business -yritystietojen v\u00e4linen synkronointi n\u00e4kyy verkossa.<\/li>\n<\/ol>\n\n\n\n<figure class=\"wp-block-image size-large\"><img loading=\"lazy\" decoding=\"async\" width=\"1024\" height=\"693\" src=\"https:\/\/www.zoner.fi\/tuki\/wp-content\/uploads\/2024\/11\/google-my-business-zoner-kotisivukone-4-1024x693.png\" alt=\"\" class=\"wp-image-134602\" srcset=\"https:\/\/www.zoner.fi\/tuki\/wp-content\/uploads\/2024\/11\/google-my-business-zoner-kotisivukone-4-1024x693.png 1024w, https:\/\/www.zoner.fi\/tuki\/wp-content\/uploads\/2024\/11\/google-my-business-zoner-kotisivukone-4-300x203.png 300w, https:\/\/www.zoner.fi\/tuki\/wp-content\/uploads\/2024\/11\/google-my-business-zoner-kotisivukone-4-768x519.png 768w, https:\/\/www.zoner.fi\/tuki\/wp-content\/uploads\/2024\/11\/google-my-business-zoner-kotisivukone-4.png 1304w\" sizes=\"auto, (max-width: 1024px) 100vw, 1024px\" \/><\/figure>\n\n\n\n<p><strong>Vinkki:&nbsp;<\/strong>Jos haluat irrottaa verkkosivustosi yritystiedoista, voit tehd\u00e4 sen Zoner Kotisivukoneen asetuksissa kohdassa&nbsp;<strong>Yritystiedot<\/strong>&nbsp;.<\/p>\n","protected":false},"excerpt":{"rendered":"<p>Huomaa: T\u00e4m\u00e4 ominaisuus on osa\u00a0Zoner Kotisivukoneen Business-pakettia. T\u00e4ss\u00e4 artikkelissa n\u00e4yt\u00e4mme, kuinka voit yhdist\u00e4\u00e4 Zoner Kotisivukone -sivustosi Google My Business -yritystietoihin. Voit joko luoda uudet yritystiedot tai yhdist\u00e4\u00e4 jo olemassa olevat tietosi kotisivukoneeseen. Kun yhdist\u00e4t sivustosi Google My Businessiin, yhteystietosi ja aukioloaikasi Zoner Kotisivukoneessa synkronoidaan automaattisesti yritystietojesi kanssa Googlessa. N\u00e4in voit varmistaa, ett\u00e4 yrityst\u00e4si hakevat henkil\u00f6t &#8230; <a title=\"Kuinka yhdist\u00e4n kotisivuni Google My Businessiin?\" class=\"read-more\" href=\"https:\/\/www.zoner.fi\/tuki\/kotisivukone\/zoner\/kuinka-yhdistan-kotisivuni-google-my-businessiin\/\" aria-label=\"Lue lis\u00e4\u00e4 aiheesta Kuinka yhdist\u00e4n kotisivuni Google My Businessiin?\">Lue lis\u00e4\u00e4<\/a><\/p>\n","protected":false},"author":18,"featured_media":0,"parent":137385,"menu_order":0,"comment_status":"closed","ping_status":"closed","template":"","meta":{"_relevanssi_hide_post":"","_relevanssi_hide_content":"","_relevanssi_pin_for_all":"","_relevanssi_pin_keywords":"","_relevanssi_unpin_keywords":"","_relevanssi_related_keywords":"","_relevanssi_related_include_ids":"","_relevanssi_related_exclude_ids":"","_relevanssi_related_no_append":"","_relevanssi_related_not_related":"","_relevanssi_related_posts":"132336,132584,130553,130616,130464,130526","_relevanssi_noindex_reason":"","footnotes":""},"categories":[166],"tags":[161,157],"wf_page_folders":[],"class_list":{"0":"post-133285","1":"page","2":"type-page","3":"status-publish","5":"category-zoner-kotisivukone","6":"tag-integraatiot","7":"tag-mobiili-ja-hakukoneoptimointi"},"_links":{"self":[{"href":"https:\/\/www.zoner.fi\/tuki\/wp-json\/wp\/v2\/pages\/133285","targetHints":{"allow":["GET"]}}],"collection":[{"href":"https:\/\/www.zoner.fi\/tuki\/wp-json\/wp\/v2\/pages"}],"about":[{"href":"https:\/\/www.zoner.fi\/tuki\/wp-json\/wp\/v2\/types\/page"}],"author":[{"embeddable":true,"href":"https:\/\/www.zoner.fi\/tuki\/wp-json\/wp\/v2\/users\/18"}],"replies":[{"embeddable":true,"href":"https:\/\/www.zoner.fi\/tuki\/wp-json\/wp\/v2\/comments?post=133285"}],"version-history":[{"count":4,"href":"https:\/\/www.zoner.fi\/tuki\/wp-json\/wp\/v2\/pages\/133285\/revisions"}],"predecessor-version":[{"id":134604,"href":"https:\/\/www.zoner.fi\/tuki\/wp-json\/wp\/v2\/pages\/133285\/revisions\/134604"}],"up":[{"embeddable":true,"href":"https:\/\/www.zoner.fi\/tuki\/wp-json\/wp\/v2\/pages\/137385"}],"wp:attachment":[{"href":"https:\/\/www.zoner.fi\/tuki\/wp-json\/wp\/v2\/media?parent=133285"}],"wp:term":[{"taxonomy":"category","embeddable":true,"href":"https:\/\/www.zoner.fi\/tuki\/wp-json\/wp\/v2\/categories?post=133285"},{"taxonomy":"post_tag","embeddable":true,"href":"https:\/\/www.zoner.fi\/tuki\/wp-json\/wp\/v2\/tags?post=133285"},{"taxonomy":"wf_page_folders","embeddable":true,"href":"https:\/\/www.zoner.fi\/tuki\/wp-json\/wp\/v2\/wf_page_folders?post=133285"}],"curies":[{"name":"wp","href":"https:\/\/api.w.org\/{rel}","templated":true}]}}