{"id":133294,"date":"2024-11-12T12:13:50","date_gmt":"2024-11-12T10:13:50","guid":{"rendered":"https:\/\/www.zoner.fi\/tuki\/?page_id=133294"},"modified":"2025-09-25T16:43:03","modified_gmt":"2025-09-25T13:43:03","slug":"miten-naytan-google-arvosteluja-zoner-kotisivukone-sivustollani","status":"publish","type":"page","link":"https:\/\/www.zoner.fi\/tuki\/kotisivukone\/zoner\/miten-naytan-google-arvosteluja-zoner-kotisivukone-sivustollani\/","title":{"rendered":"Miten n\u00e4yt\u00e4n Google-arvosteluja Zoner Kotisivukone -sivustollani?"},"content":{"rendered":"\n<p>Google arvostelujen avulla voit n\u00e4ytt\u00e4\u00e4 k\u00e4vij\u00f6ille, mit\u00e4 muut ajattelevat tuotteistasi. Jos olet ker\u00e4nnyt arvosteluja Google My Business -yritystietojesi kautta, voit n\u00e4ytt\u00e4\u00e4 ne suoraan Zoner Kotisivukone -sivustollasi. T\u00e4ss\u00e4 oppaassa kerromme, miten voit ottaa t\u00e4m\u00e4n ominaisuuden k\u00e4ytt\u00f6\u00f6n Google-arvostelut-widgetin avulla.<\/p>\n\n\n\n<p><strong>Huomaa<\/strong>: T\u00e4m\u00e4 ominaisuus on osa&nbsp;Business-pakettia.<\/p>\n\n\n\n<h2 class=\"wp-block-heading\" id=\"step-1\">1. Lis\u00e4\u00e4 Google-arvostelut-widget<\/h2>\n\n\n\n<ol class=\"wp-block-list\">\n<li>Siirry Zoner Kotisivukone -editoriin ja valitse vasemmanpuoleisesta valikosta&nbsp;<strong>Sosiaalinen media<\/strong>.<\/li>\n\n\n\n<li>Vierit\u00e4 alas kohtaan&nbsp;<strong>Arvostelut<\/strong>&nbsp;ja napsauta&nbsp;<strong>Google-arvostelut<\/strong>&nbsp;-widgetti\u00e4. Voit my\u00f6s vet\u00e4\u00e4 komponentin ty\u00f6tilaasi.<\/li>\n<\/ol>\n\n\n\n<figure class=\"wp-block-image size-large\"><img loading=\"lazy\" decoding=\"async\" width=\"1024\" height=\"681\" src=\"https:\/\/www.zoner.fi\/tuki\/wp-content\/uploads\/2024\/11\/google-reviews-1-1024x681.png\" alt=\"\" class=\"wp-image-134595\" srcset=\"https:\/\/www.zoner.fi\/tuki\/wp-content\/uploads\/2024\/11\/google-reviews-1-1024x681.png 1024w, https:\/\/www.zoner.fi\/tuki\/wp-content\/uploads\/2024\/11\/google-reviews-1-300x199.png 300w, https:\/\/www.zoner.fi\/tuki\/wp-content\/uploads\/2024\/11\/google-reviews-1-768x510.png 768w, https:\/\/www.zoner.fi\/tuki\/wp-content\/uploads\/2024\/11\/google-reviews-1-1536x1021.png 1536w, https:\/\/www.zoner.fi\/tuki\/wp-content\/uploads\/2024\/11\/google-reviews-1.png 1873w\" sizes=\"auto, (max-width: 1024px) 100vw, 1024px\" \/><\/figure>\n\n\n\n<h2 class=\"wp-block-heading\" id=\"step-2\">2. Luo tai yhdist\u00e4 Google My Business -yritystiedot<\/h2>\n\n\n\n<p><strong>Huomaa:<\/strong>&nbsp;Jos olet jo yhdist\u00e4nyt nykyiset Google My Business -tietosi Zoner Kotisivukoneen hallintapaneelissa, voit siirty\u00e4 suoraan vaiheeseen 3 ja valita arvostelut.<\/p>\n\n\n\n<p>Luo seuraavaksi Google My Business -yritystiedot tai yhdist\u00e4 olemassa olevat tietosi.<\/p>\n\n\n\n<h4 class=\"wp-block-heading\"><strong>Luo Google My Business -yritystiedot:<\/strong><\/h4>\n\n\n\n<ol class=\"wp-block-list\">\n<li>Napsauta ponnahdusikkunassa&nbsp;<strong>Luo yritystiedot<\/strong>&nbsp;ja t\u00e4yt\u00e4 yrityksesi tiedot n\u00e4yt\u00f6n kenttiin. Kaikki n\u00e4m\u00e4 tiedot synkronoidaan Google My Business -yritystietoihisi Googlen kanssa.<\/li>\n\n\n\n<li>Kun p\u00e4\u00e4set loppuun,&nbsp;<strong>siirry Googleen<\/strong>&nbsp;ja vahvista uudet yritystietosi.<\/li>\n\n\n\n<li>Kun yritystiedot on vahvistettu ja olet saanut ensimm\u00e4iset arvostelusi, voit lis\u00e4t\u00e4 ne kotisivuillesi.<\/li>\n<\/ol>\n\n\n\n<h4 class=\"wp-block-heading\"><strong>Yhdist\u00e4 olemassa olevat yritystiedot:<\/strong><\/h4>\n\n\n\n<ol class=\"wp-block-list\">\n<li>Klikkaa ponnahdusikkunassa&nbsp;<strong>Yhdist\u00e4 yritystiedot<\/strong>.<\/li>\n\n\n\n<li>Kirjaudu Google-tilillesi ja hyv\u00e4ksy k\u00e4ytt\u00f6oikeuspyynt\u00f6.<\/li>\n\n\n\n<li>Valitse, haluatko tuoda kaikki tiedot yritystiedoistasi. Huomaa, ett\u00e4 voit hakea arvostelut, vaikka j\u00e4tt\u00e4isit t\u00e4m\u00e4n v\u00e4liin.<\/li>\n<\/ol>\n\n\n\n<figure class=\"wp-block-image size-large\"><img loading=\"lazy\" decoding=\"async\" width=\"1024\" height=\"681\" src=\"https:\/\/www.zoner.fi\/tuki\/wp-content\/uploads\/2024\/11\/google-reviews-2-1024x681.png\" alt=\"\" class=\"wp-image-134596\" srcset=\"https:\/\/www.zoner.fi\/tuki\/wp-content\/uploads\/2024\/11\/google-reviews-2-1024x681.png 1024w, https:\/\/www.zoner.fi\/tuki\/wp-content\/uploads\/2024\/11\/google-reviews-2-300x199.png 300w, https:\/\/www.zoner.fi\/tuki\/wp-content\/uploads\/2024\/11\/google-reviews-2-768x510.png 768w, https:\/\/www.zoner.fi\/tuki\/wp-content\/uploads\/2024\/11\/google-reviews-2-1536x1021.png 1536w, https:\/\/www.zoner.fi\/tuki\/wp-content\/uploads\/2024\/11\/google-reviews-2.png 1873w\" sizes=\"auto, (max-width: 1024px) 100vw, 1024px\" \/><\/figure>\n\n\n\n<h2 class=\"wp-block-heading\" id=\"step-3\">3. Valitse arvostelut ja asettelu<\/h2>\n\n\n\n<ol class=\"wp-block-list\">\n<li>Kun yritystiedot on yhdistetty, n\u00e4et ponnahdusikkunassa saatavilla olevat arvostelusi. Valitse ne, jotka haluat n\u00e4ytt\u00e4\u00e4 (voit valita enint\u00e4\u00e4n 6 arvostelua) ja napsauta&nbsp;<strong>Jatka<\/strong>.<\/li>\n\n\n\n<li>Valitse arvosteluillesi asettelu. Voit muuttaa sit\u00e4 my\u00f6hemmin, jos haluat. Napsauta&nbsp;<strong>Valmis<\/strong>&nbsp;lis\u00e4t\u00e4ksesi komponentin sivustollesi.<\/li>\n<\/ol>\n\n\n\n<figure class=\"wp-block-image size-large\"><img loading=\"lazy\" decoding=\"async\" width=\"1024\" height=\"647\" src=\"https:\/\/www.zoner.fi\/tuki\/wp-content\/uploads\/2024\/11\/google-reviews-3-1024x647.png\" alt=\"\" class=\"wp-image-134597\" srcset=\"https:\/\/www.zoner.fi\/tuki\/wp-content\/uploads\/2024\/11\/google-reviews-3-1024x647.png 1024w, https:\/\/www.zoner.fi\/tuki\/wp-content\/uploads\/2024\/11\/google-reviews-3-300x189.png 300w, https:\/\/www.zoner.fi\/tuki\/wp-content\/uploads\/2024\/11\/google-reviews-3-768x485.png 768w, https:\/\/www.zoner.fi\/tuki\/wp-content\/uploads\/2024\/11\/google-reviews-3-1536x970.png 1536w, https:\/\/www.zoner.fi\/tuki\/wp-content\/uploads\/2024\/11\/google-reviews-3.png 1829w\" sizes=\"auto, (max-width: 1024px) 100vw, 1024px\" \/><\/figure>\n\n\n\n<h2 class=\"wp-block-heading\" id=\"step-4\">4. Muokkaa Google-arvostelut-widgetin asetuksia<\/h2>\n\n\n\n<p>Voit s\u00e4\u00e4t\u00e4\u00e4 komponentin kokoa ja sijoittelua sivustollasi.<\/p>\n\n\n\n<p>Jos valitset komponentin ja napsautat sen yl\u00e4- tai alapuolella olevaa&nbsp;<strong>Arvostelujen asetukset<\/strong>&nbsp;-v\u00e4lilehte\u00e4, saat seuraavat muokkausvaihtoehdot:<\/p>\n\n\n\n<div class=\"wp-block-group is-vertical is-layout-flex wp-container-core-group-is-layout-8cf370e7 wp-block-group-is-layout-flex\">\n<ul class=\"wp-block-list\">\n<li><strong>Muuta arvosteluja:<\/strong> T\u00e4\u00e4ll\u00e4 voit muuttaa n\u00e4ytett\u00e4vi\u00e4 arvosteluja, lis\u00e4t\u00e4 uusia arvosteluja ja sulkea pois jo valitsemiasi arvosteluja.<\/li>\n\n\n\n<li><strong>Asettelu:&nbsp;<\/strong>Jos haluat muuttaa asettelua, valitse uusi asettelu t\u00e4m\u00e4n vaihtoehdon vieress\u00e4 olevasta avattavasta valikosta.<\/li>\n<\/ul>\n<\/div>\n\n\n\n<h4 class=\"wp-block-heading\"><strong>Ominaisuudet-valikko<\/strong><\/h4>\n\n\n\n<p>N\u00e4et my\u00f6s erillisen kelluvan valikon, jossa on seuraavat asetukset:<\/p>\n\n\n\n<ul class=\"wp-block-list\">\n<li>&nbsp;<strong>Yl\u00e4tunnisteen teksti:<\/strong>&nbsp;T\u00e4\u00e4ll\u00e4 voit muuttaa arvostelujen yl\u00e4puolella n\u00e4kyv\u00e4\u00e4 otsikkoteksti\u00e4.<\/li>\n\n\n\n<li>&nbsp;<strong>V\u00e4ri:<\/strong>&nbsp;Muuta tekstin v\u00e4ri\u00e4 ja komponentin taustaa.<\/li>\n\n\n\n<li>&nbsp;<strong>Arvostelu-painike:<\/strong>&nbsp;Valitse, haluatko ker\u00e4t\u00e4 arvosteluja n\u00e4ytt\u00e4m\u00e4ll\u00e4 &#8221;J\u00e4t\u00e4 arvostelu&#8221; -painikkeen komponentin kulmassa. Voit my\u00f6s muokata painikkeen tyyli\u00e4.<\/li>\n<\/ul>\n\n\n\n<h2 class=\"wp-block-heading\" id=\"step-5\">5. Tallenna ja julkaise<\/h2>\n\n\n\n<p>Lopuksi&nbsp;<strong>tallenna<\/strong>&nbsp;ja&nbsp;<strong>julkaise<\/strong>&nbsp;muutokset, jotta arvostelut julkaistaan sivustollasi.<\/p>\n","protected":false},"excerpt":{"rendered":"<p>Google arvostelujen avulla voit n\u00e4ytt\u00e4\u00e4 k\u00e4vij\u00f6ille, mit\u00e4 muut ajattelevat tuotteistasi. Jos olet ker\u00e4nnyt arvosteluja Google My Business -yritystietojesi kautta, voit n\u00e4ytt\u00e4\u00e4 ne suoraan Zoner Kotisivukone -sivustollasi. T\u00e4ss\u00e4 oppaassa kerromme, miten voit ottaa t\u00e4m\u00e4n ominaisuuden k\u00e4ytt\u00f6\u00f6n Google-arvostelut-widgetin avulla. Huomaa: T\u00e4m\u00e4 ominaisuus on osa&nbsp;Business-pakettia. 1. Lis\u00e4\u00e4 Google-arvostelut-widget 2. Luo tai yhdist\u00e4 Google My Business -yritystiedot Huomaa:&nbsp;Jos olet &#8230; <a title=\"Miten n\u00e4yt\u00e4n Google-arvosteluja Zoner Kotisivukone -sivustollani?\" class=\"read-more\" href=\"https:\/\/www.zoner.fi\/tuki\/kotisivukone\/zoner\/miten-naytan-google-arvosteluja-zoner-kotisivukone-sivustollani\/\" aria-label=\"Lue lis\u00e4\u00e4 aiheesta Miten n\u00e4yt\u00e4n Google-arvosteluja Zoner Kotisivukone -sivustollani?\">Lue lis\u00e4\u00e4<\/a><\/p>\n","protected":false},"author":18,"featured_media":0,"parent":137385,"menu_order":0,"comment_status":"closed","ping_status":"closed","template":"","meta":{"_relevanssi_hide_post":"","_relevanssi_hide_content":"","_relevanssi_pin_for_all":"","_relevanssi_pin_keywords":"","_relevanssi_unpin_keywords":"","_relevanssi_related_keywords":"","_relevanssi_related_include_ids":"","_relevanssi_related_exclude_ids":"","_relevanssi_related_no_append":"","_relevanssi_related_not_related":"","_relevanssi_related_posts":"130424,131892,132278,130722,132325,130578","_relevanssi_noindex_reason":"","footnotes":""},"categories":[166],"tags":[162],"wf_page_folders":[],"class_list":{"0":"post-133294","1":"page","2":"type-page","3":"status-publish","5":"category-zoner-kotisivukone","6":"tag-upotus-ja-koodi"},"_links":{"self":[{"href":"https:\/\/www.zoner.fi\/tuki\/wp-json\/wp\/v2\/pages\/133294","targetHints":{"allow":["GET"]}}],"collection":[{"href":"https:\/\/www.zoner.fi\/tuki\/wp-json\/wp\/v2\/pages"}],"about":[{"href":"https:\/\/www.zoner.fi\/tuki\/wp-json\/wp\/v2\/types\/page"}],"author":[{"embeddable":true,"href":"https:\/\/www.zoner.fi\/tuki\/wp-json\/wp\/v2\/users\/18"}],"replies":[{"embeddable":true,"href":"https:\/\/www.zoner.fi\/tuki\/wp-json\/wp\/v2\/comments?post=133294"}],"version-history":[{"count":2,"href":"https:\/\/www.zoner.fi\/tuki\/wp-json\/wp\/v2\/pages\/133294\/revisions"}],"predecessor-version":[{"id":134598,"href":"https:\/\/www.zoner.fi\/tuki\/wp-json\/wp\/v2\/pages\/133294\/revisions\/134598"}],"up":[{"embeddable":true,"href":"https:\/\/www.zoner.fi\/tuki\/wp-json\/wp\/v2\/pages\/137385"}],"wp:attachment":[{"href":"https:\/\/www.zoner.fi\/tuki\/wp-json\/wp\/v2\/media?parent=133294"}],"wp:term":[{"taxonomy":"category","embeddable":true,"href":"https:\/\/www.zoner.fi\/tuki\/wp-json\/wp\/v2\/categories?post=133294"},{"taxonomy":"post_tag","embeddable":true,"href":"https:\/\/www.zoner.fi\/tuki\/wp-json\/wp\/v2\/tags?post=133294"},{"taxonomy":"wf_page_folders","embeddable":true,"href":"https:\/\/www.zoner.fi\/tuki\/wp-json\/wp\/v2\/wf_page_folders?post=133294"}],"curies":[{"name":"wp","href":"https:\/\/api.w.org\/{rel}","templated":true}]}}