{"id":133299,"date":"2024-11-13T08:51:11","date_gmt":"2024-11-13T06:51:11","guid":{"rendered":"https:\/\/www.zoner.fi\/tuki\/?page_id=133299"},"modified":"2025-09-25T16:42:36","modified_gmt":"2025-09-25T13:42:36","slug":"lisaa-facebook-postaus-tai-video-zoner-kotisivukone-sivustollesi","status":"publish","type":"page","link":"https:\/\/www.zoner.fi\/tuki\/kotisivukone\/zoner\/lisaa-facebook-postaus-tai-video-zoner-kotisivukone-sivustollesi\/","title":{"rendered":"Lis\u00e4\u00e4 Facebook-postaus tai -video Zoner Kotisivukone -sivustollesi"},"content":{"rendered":"\n<p>T\u00e4ss\u00e4 oppaassa kerromme, miten voit n\u00e4ytt\u00e4\u00e4 Facebook-postauksen tai -videon Zoner Kotisivukone -sivustollasi Facebook-widgetin avulla.<\/p>\n\n\n\n<p><strong>Huomaa:<\/strong> T\u00e4m\u00e4 ominaisuus on k\u00e4ytett\u00e4viss\u00e4 Premium- ja Business-paketeissa.<\/p>\n\n\n\n<h2 class=\"wp-block-heading\" id=\"step-1\">1. Valitse Facebook-widget<\/h2>\n\n\n\n<ol class=\"wp-block-list\">\n<li>Avaa Zoner Kotisivukoneen editori.<\/li>\n\n\n\n<li>Siirry verkkosivustosi sivulle tai osaan, johon haluat lis\u00e4t\u00e4 Facebook-widgetin.<\/li>\n\n\n\n<li>Valitse vasemmalla olevasta valikosta&nbsp;<strong>Widgetit<\/strong>.<\/li>\n\n\n\n<li>Valitse Sosiaalinen media -kohdassa&nbsp;<strong>Facebook.<\/strong><\/li>\n<\/ol>\n\n\n\n<figure class=\"wp-block-image size-large\"><img loading=\"lazy\" decoding=\"async\" width=\"1024\" height=\"550\" src=\"https:\/\/www.zoner.fi\/tuki\/wp-content\/uploads\/2024\/11\/facebook-zoner-kotisivukone-1024x550.png\" alt=\"\" class=\"wp-image-134644\" srcset=\"https:\/\/www.zoner.fi\/tuki\/wp-content\/uploads\/2024\/11\/facebook-zoner-kotisivukone-1024x550.png 1024w, https:\/\/www.zoner.fi\/tuki\/wp-content\/uploads\/2024\/11\/facebook-zoner-kotisivukone-300x161.png 300w, https:\/\/www.zoner.fi\/tuki\/wp-content\/uploads\/2024\/11\/facebook-zoner-kotisivukone-768x413.png 768w, https:\/\/www.zoner.fi\/tuki\/wp-content\/uploads\/2024\/11\/facebook-zoner-kotisivukone-1536x825.png 1536w, https:\/\/www.zoner.fi\/tuki\/wp-content\/uploads\/2024\/11\/facebook-zoner-kotisivukone.png 1919w\" sizes=\"auto, (max-width: 1024px) 100vw, 1024px\" \/><\/figure>\n\n\n\n<h2 class=\"wp-block-heading\" id=\"step-2\">2. Lis\u00e4\u00e4 postaus tai video<\/h2>\n\n\n\n<ol class=\"wp-block-list\">\n<li>Siirry Facebookiin&nbsp;ja etsi sis\u00e4lt\u00f6, jonka haluat lis\u00e4t\u00e4 verkkosivustollesi.<\/li>\n\n\n\n<li>Napsauta&nbsp;<strong>kolmea pistett\u00e4<\/strong>&nbsp;postauksen\/videon oikeassa yl\u00e4kulmassa. Jos haluat jakaa postauksen, valitse&nbsp;<strong>Upota<\/strong>&nbsp;&gt;&nbsp;<strong>Kopioi koodi.<\/strong>&nbsp;Jos haluat jakaa videon, valitse&nbsp;<strong>Kopioi linkki<\/strong>.<\/li>\n\n\n\n<li>Mene takaisin Zoner Kotisivukoneeseen ja&nbsp;<strong>liit\u00e4 koodi\/linkki&nbsp;<\/strong>Facebook-ponnahdusikkunaan.<\/li>\n\n\n\n<li>Napsauta&nbsp;<strong>OK<\/strong>&nbsp;lis\u00e4t\u00e4ksesi sen verkkosivustollesi.<\/li>\n<\/ol>\n\n\n\n<figure class=\"wp-block-image size-large\"><img loading=\"lazy\" decoding=\"async\" width=\"1024\" height=\"554\" src=\"https:\/\/www.zoner.fi\/tuki\/wp-content\/uploads\/2024\/11\/facebook-zoner-kotisivukone-1-1024x554.png\" alt=\"\" class=\"wp-image-134645\" srcset=\"https:\/\/www.zoner.fi\/tuki\/wp-content\/uploads\/2024\/11\/facebook-zoner-kotisivukone-1-1024x554.png 1024w, https:\/\/www.zoner.fi\/tuki\/wp-content\/uploads\/2024\/11\/facebook-zoner-kotisivukone-1-300x162.png 300w, https:\/\/www.zoner.fi\/tuki\/wp-content\/uploads\/2024\/11\/facebook-zoner-kotisivukone-1-768x415.png 768w, https:\/\/www.zoner.fi\/tuki\/wp-content\/uploads\/2024\/11\/facebook-zoner-kotisivukone-1-1536x831.png 1536w, https:\/\/www.zoner.fi\/tuki\/wp-content\/uploads\/2024\/11\/facebook-zoner-kotisivukone-1.png 1919w\" sizes=\"auto, (max-width: 1024px) 100vw, 1024px\" \/><\/figure>\n\n\n\n<h2 class=\"wp-block-heading\" id=\"step-3\">3. Muokkaa Facebook-widgetin asetuksia<\/h2>\n\n\n\n<p>Kun olet liitt\u00e4nyt widgetin, voit muokata seuraavia asetuksia valitsemalla komponentin ja napsauttamalla sen yl\u00e4puolella olevia v\u00e4lilehti\u00e4:<\/p>\n\n\n\n<ul class=\"wp-block-list\">\n<li>&nbsp;<strong>Asetukset:<\/strong>&nbsp;T\u00e4\u00e4ll\u00e4 voit muuttaa komponentin mittoja sy\u00f6tt\u00e4m\u00e4ll\u00e4 mitat tekstikenttiin. Huomaa, ett\u00e4 voit s\u00e4\u00e4t\u00e4\u00e4 kokoa my\u00f6s vet\u00e4m\u00e4ll\u00e4 reunoja.<\/li>\n\n\n\n<li>&nbsp;<strong>Vaihda postausta:<\/strong>&nbsp;Napsauta t\u00e4t\u00e4 vaihtoehtoa lis\u00e4t\u00e4ksesi eri Facebook-postauksen\/videon komponenttiin.<\/li>\n<\/ul>\n\n\n\n<p>Muista lopuksi&nbsp;<strong>tallentaa ja julkaista<\/strong>&nbsp;sivustosi, jotta muutokset n\u00e4kyv\u00e4t verkossa.<\/p>\n\n\n\n<figure class=\"wp-block-image size-large\"><img loading=\"lazy\" decoding=\"async\" width=\"1024\" height=\"553\" src=\"https:\/\/www.zoner.fi\/tuki\/wp-content\/uploads\/2024\/11\/facebook-zoner-kotisivukone-4-1024x553.png\" alt=\"\" class=\"wp-image-134646\" srcset=\"https:\/\/www.zoner.fi\/tuki\/wp-content\/uploads\/2024\/11\/facebook-zoner-kotisivukone-4-1024x553.png 1024w, https:\/\/www.zoner.fi\/tuki\/wp-content\/uploads\/2024\/11\/facebook-zoner-kotisivukone-4-300x162.png 300w, https:\/\/www.zoner.fi\/tuki\/wp-content\/uploads\/2024\/11\/facebook-zoner-kotisivukone-4-768x415.png 768w, https:\/\/www.zoner.fi\/tuki\/wp-content\/uploads\/2024\/11\/facebook-zoner-kotisivukone-4-1536x829.png 1536w, https:\/\/www.zoner.fi\/tuki\/wp-content\/uploads\/2024\/11\/facebook-zoner-kotisivukone-4.png 1919w\" sizes=\"auto, (max-width: 1024px) 100vw, 1024px\" \/><\/figure>\n","protected":false},"excerpt":{"rendered":"<p>T\u00e4ss\u00e4 oppaassa kerromme, miten voit n\u00e4ytt\u00e4\u00e4 Facebook-postauksen tai -videon Zoner Kotisivukone -sivustollasi Facebook-widgetin avulla. Huomaa: T\u00e4m\u00e4 ominaisuus on k\u00e4ytett\u00e4viss\u00e4 Premium- ja Business-paketeissa. 1. Valitse Facebook-widget 2. Lis\u00e4\u00e4 postaus tai video 3. Muokkaa Facebook-widgetin asetuksia Kun olet liitt\u00e4nyt widgetin, voit muokata seuraavia asetuksia valitsemalla komponentin ja napsauttamalla sen yl\u00e4puolella olevia v\u00e4lilehti\u00e4: Muista lopuksi&nbsp;tallentaa ja julkaista&nbsp;sivustosi, jotta &#8230; <a title=\"Lis\u00e4\u00e4 Facebook-postaus tai -video Zoner Kotisivukone -sivustollesi\" class=\"read-more\" href=\"https:\/\/www.zoner.fi\/tuki\/kotisivukone\/zoner\/lisaa-facebook-postaus-tai-video-zoner-kotisivukone-sivustollesi\/\" aria-label=\"Lue lis\u00e4\u00e4 aiheesta Lis\u00e4\u00e4 Facebook-postaus tai -video Zoner Kotisivukone -sivustollesi\">Lue lis\u00e4\u00e4<\/a><\/p>\n","protected":false},"author":18,"featured_media":0,"parent":137385,"menu_order":0,"comment_status":"closed","ping_status":"closed","template":"","meta":{"_relevanssi_hide_post":"","_relevanssi_hide_content":"","_relevanssi_pin_for_all":"","_relevanssi_pin_keywords":"","_relevanssi_unpin_keywords":"","_relevanssi_related_keywords":"","_relevanssi_related_include_ids":"","_relevanssi_related_exclude_ids":"","_relevanssi_related_no_append":"","_relevanssi_related_not_related":"","_relevanssi_related_posts":"131506,130515,130779,130865,132140,130819","_relevanssi_noindex_reason":"","footnotes":""},"categories":[166],"tags":[162],"wf_page_folders":[],"class_list":{"0":"post-133299","1":"page","2":"type-page","3":"status-publish","5":"category-zoner-kotisivukone","6":"tag-upotus-ja-koodi"},"_links":{"self":[{"href":"https:\/\/www.zoner.fi\/tuki\/wp-json\/wp\/v2\/pages\/133299","targetHints":{"allow":["GET"]}}],"collection":[{"href":"https:\/\/www.zoner.fi\/tuki\/wp-json\/wp\/v2\/pages"}],"about":[{"href":"https:\/\/www.zoner.fi\/tuki\/wp-json\/wp\/v2\/types\/page"}],"author":[{"embeddable":true,"href":"https:\/\/www.zoner.fi\/tuki\/wp-json\/wp\/v2\/users\/18"}],"replies":[{"embeddable":true,"href":"https:\/\/www.zoner.fi\/tuki\/wp-json\/wp\/v2\/comments?post=133299"}],"version-history":[{"count":2,"href":"https:\/\/www.zoner.fi\/tuki\/wp-json\/wp\/v2\/pages\/133299\/revisions"}],"predecessor-version":[{"id":134648,"href":"https:\/\/www.zoner.fi\/tuki\/wp-json\/wp\/v2\/pages\/133299\/revisions\/134648"}],"up":[{"embeddable":true,"href":"https:\/\/www.zoner.fi\/tuki\/wp-json\/wp\/v2\/pages\/137385"}],"wp:attachment":[{"href":"https:\/\/www.zoner.fi\/tuki\/wp-json\/wp\/v2\/media?parent=133299"}],"wp:term":[{"taxonomy":"category","embeddable":true,"href":"https:\/\/www.zoner.fi\/tuki\/wp-json\/wp\/v2\/categories?post=133299"},{"taxonomy":"post_tag","embeddable":true,"href":"https:\/\/www.zoner.fi\/tuki\/wp-json\/wp\/v2\/tags?post=133299"},{"taxonomy":"wf_page_folders","embeddable":true,"href":"https:\/\/www.zoner.fi\/tuki\/wp-json\/wp\/v2\/wf_page_folders?post=133299"}],"curies":[{"name":"wp","href":"https:\/\/api.w.org\/{rel}","templated":true}]}}