{"id":133304,"date":"2024-11-13T11:00:28","date_gmt":"2024-11-13T09:00:28","guid":{"rendered":"https:\/\/www.zoner.fi\/tuki\/?page_id=133304"},"modified":"2026-03-17T09:35:33","modified_gmt":"2026-03-17T07:35:33","slug":"paypal-painikkeen-lisaaminen-kotisivuille","status":"publish","type":"page","link":"https:\/\/www.zoner.fi\/tuki\/kotisivukone\/zoner\/paypal-painikkeen-lisaaminen-kotisivuille\/","title":{"rendered":"PayPal-painikkeen lis\u00e4\u00e4minen kotisivuille"},"content":{"rendered":"\n<p>Jos haluat vastaanottaa kertaluonteisia lahjoituksia tai maksuja sivustosi kautta ilman verkkokauppaa, voit tehd\u00e4 sen PayPal-integraation avulla. Voit lis\u00e4t\u00e4 PayPal-painikkeen Zoner Kotisivukone -sivustollesi PayPal-widgetill\u00e4.<\/p>\n\n\n\n<p><strong>Huomaa:<\/strong>&nbsp;T\u00e4m\u00e4 ominaisuus on k\u00e4ytett\u00e4viss\u00e4 Zoner Kotisivukoneen Premium- ja Business-paketeissa.<\/p>\n\n\n\n<h2 class=\"wp-block-heading\" id=\"step-1\">1. Valitse PayPal-widget<\/h2>\n\n\n\n<ol class=\"wp-block-list\">\n<li>Avaa Zoner Kotisivukoneen editori.<\/li>\n\n\n\n<li>Siirry sivustosi osioon, johon haluat lis\u00e4t\u00e4 PayPal-widgetin.<\/li>\n\n\n\n<li>Valitse vasemmalla olevasta valikosta&nbsp;<strong>Widgetit<\/strong>.<\/li>\n\n\n\n<li>Valitse&nbsp;<strong>Business<\/strong>-kategoriasta&nbsp;<strong>PayPal.<\/strong><\/li>\n<\/ol>\n\n\n\n<figure class=\"wp-block-image size-large\"><img loading=\"lazy\" decoding=\"async\" width=\"1024\" height=\"740\" src=\"https:\/\/www.zoner.fi\/tuki\/wp-content\/uploads\/2024\/11\/paypal-painike-1-1024x740.png\" alt=\"\" class=\"wp-image-134680\" srcset=\"https:\/\/www.zoner.fi\/tuki\/wp-content\/uploads\/2024\/11\/paypal-painike-1-1024x740.png 1024w, https:\/\/www.zoner.fi\/tuki\/wp-content\/uploads\/2024\/11\/paypal-painike-1-300x217.png 300w, https:\/\/www.zoner.fi\/tuki\/wp-content\/uploads\/2024\/11\/paypal-painike-1-768x555.png 768w, https:\/\/www.zoner.fi\/tuki\/wp-content\/uploads\/2024\/11\/paypal-painike-1.png 1362w\" sizes=\"auto, (max-width: 1024px) 100vw, 1024px\" \/><\/figure>\n\n\n\n<h2 class=\"wp-block-heading\" id=\"step-2\">2. Muokkaa PayPal-linkki\u00e4<\/h2>\n\n\n\n<ol class=\"wp-block-list\">\n<li>Seuraa linkki\u00e4&nbsp;<a href=\"https:\/\/www.paypal.com\/buttons\/\" target=\"_blank\" rel=\"noopener\">PayPalin verkkosivustolle<\/a>&nbsp;muokataksesi PayPal-painiketta.&nbsp;<\/li>\n\n\n\n<li>Napsauta&nbsp;<strong>Maksulinkit ja painikkeet<\/strong>&nbsp;(Pay Links and Buttons).<\/li>\n\n\n\n<li>T\u00e4yt\u00e4 pakolliset kent\u00e4t (voit avata ne napsauttamalla toimintopisteiden vieress\u00e4 olevaa avattavan valikon nuolta) ja napsauta\u00a0<strong>Build it<\/strong>\u00a0oikeassa yl\u00e4kulmassa, kun olet tyytyv\u00e4inen painikkeeseen.<\/li>\n\n\n\n<li>Valitse seuraavan sivun Asetukset-kohdassa&nbsp;<strong>Maksulinkki<\/strong>&nbsp;(Payment link) ja napsauta sinist\u00e4&nbsp;<strong>Kopioi linkki<\/strong>&nbsp;(Copy link) -painiketta kopioidaksesi PayPal-linkin.<\/li>\n<\/ol>\n\n\n\n<figure class=\"wp-block-image size-large\"><img loading=\"lazy\" decoding=\"async\" width=\"1024\" height=\"682\" src=\"https:\/\/www.zoner.fi\/tuki\/wp-content\/uploads\/2024\/10\/paypal-painike-2-1024x682.png\" alt=\"\" class=\"wp-image-133307\" srcset=\"https:\/\/www.zoner.fi\/tuki\/wp-content\/uploads\/2024\/10\/paypal-painike-2-1024x682.png 1024w, https:\/\/www.zoner.fi\/tuki\/wp-content\/uploads\/2024\/10\/paypal-painike-2-300x200.png 300w, https:\/\/www.zoner.fi\/tuki\/wp-content\/uploads\/2024\/10\/paypal-painike-2-768x511.png 768w, https:\/\/www.zoner.fi\/tuki\/wp-content\/uploads\/2024\/10\/paypal-painike-2-1536x1022.png 1536w, https:\/\/www.zoner.fi\/tuki\/wp-content\/uploads\/2024\/10\/paypal-painike-2.png 1875w\" sizes=\"auto, (max-width: 1024px) 100vw, 1024px\" \/><\/figure>\n\n\n\n<h2 class=\"wp-block-heading\" id=\"step-3\">3. Lis\u00e4\u00e4 painikkeen koodi<\/h2>\n\n\n\n<p><strong>Huomaa:<\/strong>&nbsp;Saadaksesi koodin sinun on oltava kirjautuneena PayPal-tilillesi.<\/p>\n\n\n\n<ol class=\"wp-block-list\">\n<li>Palaa Zoner Kotisivukoneeseen ja&nbsp;<strong>liit\u00e4 linkki<\/strong>&nbsp;PayPal-ponnahdusikkunaan.<\/li>\n\n\n\n<li>Valitse&nbsp;<strong>OK<\/strong>&nbsp;lis\u00e4t\u00e4ksesi sen sivustollesi.<\/li>\n\n\n\n<li>Napsauta&nbsp;<strong>Tallenna<\/strong>&nbsp;ja&nbsp;<strong>Julkaise<\/strong>&nbsp;n\u00e4hd\u00e4ksesi painikkeen julkaistulla verkkosivustollasi.<\/li>\n<\/ol>\n\n\n\n<figure class=\"wp-block-image size-large\"><img loading=\"lazy\" decoding=\"async\" width=\"1024\" height=\"740\" src=\"https:\/\/www.zoner.fi\/tuki\/wp-content\/uploads\/2024\/11\/paypal-painike-3-1024x740.png\" alt=\"\" class=\"wp-image-134681\" srcset=\"https:\/\/www.zoner.fi\/tuki\/wp-content\/uploads\/2024\/11\/paypal-painike-3-1024x740.png 1024w, https:\/\/www.zoner.fi\/tuki\/wp-content\/uploads\/2024\/11\/paypal-painike-3-300x217.png 300w, https:\/\/www.zoner.fi\/tuki\/wp-content\/uploads\/2024\/11\/paypal-painike-3-768x555.png 768w, https:\/\/www.zoner.fi\/tuki\/wp-content\/uploads\/2024\/11\/paypal-painike-3.png 1364w\" sizes=\"auto, (max-width: 1024px) 100vw, 1024px\" \/><\/figure>\n\n\n\n<h2 class=\"wp-block-heading\" id=\"step-4\">4. Muokkaa widgetin asetuksia<\/h2>\n\n\n\n<p>Kun olet lis\u00e4nnyt widgetin, voit muokata seuraavia asetuksia napsauttamalla sit\u00e4:<\/p>\n\n\n\n<ul class=\"wp-block-list\">\n<li>&nbsp;<strong>Asetukset:<\/strong>&nbsp;Voit m\u00e4\u00e4ritt\u00e4\u00e4 komponentin koon sy\u00f6tt\u00e4m\u00e4ll\u00e4 t\u00e4h\u00e4n sen tarkat mitat. Voit my\u00f6s vet\u00e4\u00e4 komponentin reunoja manuaalisesti oranssien kahvojen avulla.<\/li>\n\n\n\n<li>&nbsp;<strong>Muuta painiketta:<\/strong>&nbsp;T\u00e4m\u00e4n vaihtoehdon avulla voit muuttaa lis\u00e4tyn painikkeen koodia poistamatta koko widgetti\u00e4.<\/li>\n<\/ul>\n\n\n\n<p><strong>Huomaa:<\/strong>&nbsp;Jos teet lis\u00e4muutoksia n\u00e4iden asetusten kautta painikkeen julkaisemisen j\u00e4lkeen, muista tallentaa ja julkaista sivustosi uudelleen.<\/p>\n","protected":false},"excerpt":{"rendered":"<p>Jos haluat vastaanottaa kertaluonteisia lahjoituksia tai maksuja sivustosi kautta ilman verkkokauppaa, voit tehd\u00e4 sen PayPal-integraation avulla. Voit lis\u00e4t\u00e4 PayPal-painikkeen Zoner Kotisivukone -sivustollesi PayPal-widgetill\u00e4. Huomaa:&nbsp;T\u00e4m\u00e4 ominaisuus on k\u00e4ytett\u00e4viss\u00e4 Zoner Kotisivukoneen Premium- ja Business-paketeissa. 1. Valitse PayPal-widget 2. Muokkaa PayPal-linkki\u00e4 3. Lis\u00e4\u00e4 painikkeen koodi Huomaa:&nbsp;Saadaksesi koodin sinun on oltava kirjautuneena PayPal-tilillesi. 4. Muokkaa widgetin asetuksia Kun olet &#8230; <a title=\"PayPal-painikkeen lis\u00e4\u00e4minen kotisivuille\" class=\"read-more\" href=\"https:\/\/www.zoner.fi\/tuki\/kotisivukone\/zoner\/paypal-painikkeen-lisaaminen-kotisivuille\/\" aria-label=\"Lue lis\u00e4\u00e4 aiheesta PayPal-painikkeen lis\u00e4\u00e4minen kotisivuille\">Lue lis\u00e4\u00e4<\/a><\/p>\n","protected":false},"author":18,"featured_media":0,"parent":137385,"menu_order":0,"comment_status":"closed","ping_status":"closed","template":"","meta":{"_relevanssi_hide_post":"","_relevanssi_hide_content":"","_relevanssi_pin_for_all":"","_relevanssi_pin_keywords":"","_relevanssi_unpin_keywords":"","_relevanssi_related_keywords":"","_relevanssi_related_include_ids":"","_relevanssi_related_exclude_ids":"","_relevanssi_related_no_append":"","_relevanssi_related_not_related":"","_relevanssi_related_posts":"131888,130813,130455,132826,1076,130553","_relevanssi_noindex_reason":"","footnotes":""},"categories":[166],"tags":[161,162],"wf_page_folders":[],"class_list":{"0":"post-133304","1":"page","2":"type-page","3":"status-publish","5":"category-zoner-kotisivukone","6":"tag-integraatiot","7":"tag-upotus-ja-koodi"},"_links":{"self":[{"href":"https:\/\/www.zoner.fi\/tuki\/wp-json\/wp\/v2\/pages\/133304","targetHints":{"allow":["GET"]}}],"collection":[{"href":"https:\/\/www.zoner.fi\/tuki\/wp-json\/wp\/v2\/pages"}],"about":[{"href":"https:\/\/www.zoner.fi\/tuki\/wp-json\/wp\/v2\/types\/page"}],"author":[{"embeddable":true,"href":"https:\/\/www.zoner.fi\/tuki\/wp-json\/wp\/v2\/users\/18"}],"replies":[{"embeddable":true,"href":"https:\/\/www.zoner.fi\/tuki\/wp-json\/wp\/v2\/comments?post=133304"}],"version-history":[{"count":7,"href":"https:\/\/www.zoner.fi\/tuki\/wp-json\/wp\/v2\/pages\/133304\/revisions"}],"predecessor-version":[{"id":138694,"href":"https:\/\/www.zoner.fi\/tuki\/wp-json\/wp\/v2\/pages\/133304\/revisions\/138694"}],"up":[{"embeddable":true,"href":"https:\/\/www.zoner.fi\/tuki\/wp-json\/wp\/v2\/pages\/137385"}],"wp:attachment":[{"href":"https:\/\/www.zoner.fi\/tuki\/wp-json\/wp\/v2\/media?parent=133304"}],"wp:term":[{"taxonomy":"category","embeddable":true,"href":"https:\/\/www.zoner.fi\/tuki\/wp-json\/wp\/v2\/categories?post=133304"},{"taxonomy":"post_tag","embeddable":true,"href":"https:\/\/www.zoner.fi\/tuki\/wp-json\/wp\/v2\/tags?post=133304"},{"taxonomy":"wf_page_folders","embeddable":true,"href":"https:\/\/www.zoner.fi\/tuki\/wp-json\/wp\/v2\/wf_page_folders?post=133304"}],"curies":[{"name":"wp","href":"https:\/\/api.w.org\/{rel}","templated":true}]}}