{"id":133311,"date":"2024-11-12T12:11:06","date_gmt":"2024-11-12T10:11:06","guid":{"rendered":"https:\/\/www.zoner.fi\/tuki\/?page_id=133311"},"modified":"2025-09-25T16:43:06","modified_gmt":"2025-09-25T13:43:06","slug":"miten-saan-valikon-nakymaan-aina-ylareunassa","status":"publish","type":"page","link":"https:\/\/www.zoner.fi\/tuki\/kotisivukone\/zoner\/miten-saan-valikon-nakymaan-aina-ylareunassa\/","title":{"rendered":"Miten saan valikon n\u00e4kym\u00e4\u00e4n aina yl\u00e4reunassa?"},"content":{"rendered":"\n<p>T\u00e4ss\u00e4 oppaassa kerromme, kuinka voit kiinnitt\u00e4\u00e4 yl\u00e4tunnisteen sivun yl\u00e4osaan Zoner Kotisivukoneessa. T\u00e4ll\u00f6in se pysyy n\u00e4kyviss\u00e4 silloinkin, kun vierit\u00e4t alemmas.<\/p>\n\n\n\n<ol class=\"wp-block-list\">\n<li>Avaa Zoner Kotisivukone.<\/li>\n\n\n\n<li>Napsauta hiiren kakkospainikkeella&nbsp;<strong>yl\u00e4tunnistetta<\/strong>&nbsp;ja valitse n\u00e4kyviin tulevasta valikosta&nbsp;<strong>Kiinnit\u00e4 yl\u00e4reunaan<\/strong>.<\/li>\n\n\n\n<li>Klikkaa&nbsp;<strong>Tallenna<\/strong>&nbsp;ja&nbsp;<strong>Julkaise<\/strong>.<\/li>\n<\/ol>\n\n\n\n<p><strong>Huomaa:<\/strong>\u00a0V\u00e4lt\u00e4 kiinnitt\u00e4m\u00e4st\u00e4 yl\u00e4reunaan suuria otsikoita, jotka peitt\u00e4v\u00e4t suuren osan sivusta. Muuten sivu saattaa n\u00e4ytt\u00e4\u00e4 silt\u00e4, ettei sit\u00e4 voi vieritt\u00e4\u00e4.<\/p>\n\n\n\n<figure class=\"wp-block-image size-large\"><img loading=\"lazy\" decoding=\"async\" width=\"1024\" height=\"681\" src=\"https:\/\/www.zoner.fi\/tuki\/wp-content\/uploads\/2024\/11\/valikko-1024x681.png\" alt=\"\" class=\"wp-image-134592\" srcset=\"https:\/\/www.zoner.fi\/tuki\/wp-content\/uploads\/2024\/11\/valikko-1024x681.png 1024w, https:\/\/www.zoner.fi\/tuki\/wp-content\/uploads\/2024\/11\/valikko-300x200.png 300w, https:\/\/www.zoner.fi\/tuki\/wp-content\/uploads\/2024\/11\/valikko-768x511.png 768w, https:\/\/www.zoner.fi\/tuki\/wp-content\/uploads\/2024\/11\/valikko-1536x1022.png 1536w, https:\/\/www.zoner.fi\/tuki\/wp-content\/uploads\/2024\/11\/valikko.png 1871w\" sizes=\"auto, (max-width: 1024px) 100vw, 1024px\" \/><\/figure>\n","protected":false},"excerpt":{"rendered":"<p>T\u00e4ss\u00e4 oppaassa kerromme, kuinka voit kiinnitt\u00e4\u00e4 yl\u00e4tunnisteen sivun yl\u00e4osaan Zoner Kotisivukoneessa. T\u00e4ll\u00f6in se pysyy n\u00e4kyviss\u00e4 silloinkin, kun vierit\u00e4t alemmas. Huomaa:\u00a0V\u00e4lt\u00e4 kiinnitt\u00e4m\u00e4st\u00e4 yl\u00e4reunaan suuria otsikoita, jotka peitt\u00e4v\u00e4t suuren osan sivusta. Muuten sivu saattaa n\u00e4ytt\u00e4\u00e4 silt\u00e4, ettei sit\u00e4 voi vieritt\u00e4\u00e4.<\/p>\n","protected":false},"author":18,"featured_media":0,"parent":137385,"menu_order":0,"comment_status":"closed","ping_status":"closed","template":"","meta":{"_relevanssi_hide_post":"","_relevanssi_hide_content":"","_relevanssi_pin_for_all":"","_relevanssi_pin_keywords":"","_relevanssi_unpin_keywords":"","_relevanssi_related_keywords":"","_relevanssi_related_include_ids":"","_relevanssi_related_exclude_ids":"","_relevanssi_related_no_append":"","_relevanssi_related_not_related":"","_relevanssi_related_posts":"130722,130273,1066,132140,132584,131892","_relevanssi_noindex_reason":"","footnotes":""},"categories":[166],"tags":[160,158],"wf_page_folders":[],"class_list":{"0":"post-133311","1":"page","2":"type-page","3":"status-publish","5":"category-zoner-kotisivukone","6":"tag-ulkoasu-ja-tyyli","7":"tag-yleiset"},"_links":{"self":[{"href":"https:\/\/www.zoner.fi\/tuki\/wp-json\/wp\/v2\/pages\/133311","targetHints":{"allow":["GET"]}}],"collection":[{"href":"https:\/\/www.zoner.fi\/tuki\/wp-json\/wp\/v2\/pages"}],"about":[{"href":"https:\/\/www.zoner.fi\/tuki\/wp-json\/wp\/v2\/types\/page"}],"author":[{"embeddable":true,"href":"https:\/\/www.zoner.fi\/tuki\/wp-json\/wp\/v2\/users\/18"}],"replies":[{"embeddable":true,"href":"https:\/\/www.zoner.fi\/tuki\/wp-json\/wp\/v2\/comments?post=133311"}],"version-history":[{"count":2,"href":"https:\/\/www.zoner.fi\/tuki\/wp-json\/wp\/v2\/pages\/133311\/revisions"}],"predecessor-version":[{"id":134594,"href":"https:\/\/www.zoner.fi\/tuki\/wp-json\/wp\/v2\/pages\/133311\/revisions\/134594"}],"up":[{"embeddable":true,"href":"https:\/\/www.zoner.fi\/tuki\/wp-json\/wp\/v2\/pages\/137385"}],"wp:attachment":[{"href":"https:\/\/www.zoner.fi\/tuki\/wp-json\/wp\/v2\/media?parent=133311"}],"wp:term":[{"taxonomy":"category","embeddable":true,"href":"https:\/\/www.zoner.fi\/tuki\/wp-json\/wp\/v2\/categories?post=133311"},{"taxonomy":"post_tag","embeddable":true,"href":"https:\/\/www.zoner.fi\/tuki\/wp-json\/wp\/v2\/tags?post=133311"},{"taxonomy":"wf_page_folders","embeddable":true,"href":"https:\/\/www.zoner.fi\/tuki\/wp-json\/wp\/v2\/wf_page_folders?post=133311"}],"curies":[{"name":"wp","href":"https:\/\/api.w.org\/{rel}","templated":true}]}}