{"id":133329,"date":"2024-11-12T10:57:36","date_gmt":"2024-11-12T08:57:36","guid":{"rendered":"https:\/\/www.zoner.fi\/tuki\/?page_id=133329"},"modified":"2025-09-25T16:42:49","modified_gmt":"2025-09-25T13:42:49","slug":"miten-lisaan-logon-sivustolleni-zoner-kotisivukoneessa","status":"publish","type":"page","link":"https:\/\/www.zoner.fi\/tuki\/kotisivukone\/zoner\/miten-lisaan-logon-sivustolleni-zoner-kotisivukoneessa\/","title":{"rendered":"Miten lis\u00e4\u00e4n logon sivustolleni Zoner Kotisivukoneessa?"},"content":{"rendered":"\n<p>Voit lis\u00e4t\u00e4 logon kotisivuillesi logo-komponentilla, jonka avulla voit helposti hallita logoasi yhdess\u00e4 paikassa. Jos teet logoosi muutoksia yleisiss\u00e4 asetuksissa, ne vaikuttavat kaikkiin sivustosi logo-komponentteihin.<\/p>\n\n\n\n<h2 class=\"wp-block-heading\" id=\"step-1\">1. Lis\u00e4\u00e4 logo yleisten asetusten kautta<\/h2>\n\n\n\n<ol class=\"wp-block-list\">\n<li>Avaa\u00a0Zoner Kotisivukone.<\/li>\n\n\n\n<li>Napsauta oikeassa yl\u00e4kulmassa olevaa\u00a0<strong>valikkopainiketta<\/strong>.<\/li>\n\n\n\n<li>Valitse avautuvasta valikosta\u00a0<strong>Asetukset<\/strong>.<\/li>\n\n\n\n<li>Napsauta\u00a0<strong>Logo<\/strong>-kohdassa kuvakentt\u00e4\u00e4 ja valitse kuva, josta tulee logosi. Voit valita .jpg-, .png- ja .svg-tiedostoja, mutta SVG-tiedostoja ei voi muokata online-editorissa.<\/li>\n\n\n\n<li>Kirjoita\u00a0<strong>vaihtoehtoinen teksti<\/strong>, joka tulee n\u00e4kyviin, jos logoa ei voida n\u00e4ytt\u00e4\u00e4.<\/li>\n\n\n\n<li><strong>Tallenna<\/strong>\u00a0asetukset.<\/li>\n<\/ol>\n\n\n\n<p><strong>Huomaa:<\/strong>\u00a0Jos et valitse logoksi kuvaa, sen sijaan n\u00e4ytet\u00e4\u00e4n sivustosi otsikko, jos olet lis\u00e4nnyt otsikon yleisiss\u00e4 asetuksissa.<\/p>\n\n\n\n<figure class=\"wp-block-image\"><img decoding=\"async\" src=\"https:\/\/help.one.com\/hc\/article_attachments\/27923874454289\" alt=\"logo-01.png\"\/><\/figure>\n\n\n\n<h2 class=\"wp-block-heading\" id=\"step-2\">2. Lis\u00e4\u00e4 logo sivustollesi logo-komponentin avulla<\/h2>\n\n\n\n<ol class=\"wp-block-list\">\n<li>Ved\u00e4 vasemmanpuoleisesta valikosta\u00a0<strong>Logo-komponentti<\/strong>\u00a0ty\u00f6tilaan.<\/li>\n\n\n\n<li>Valitse\u00a0<strong>Asetukset<\/strong>\u00a0s\u00e4\u00e4t\u00e4\u00e4ksesi ominaisuuksia, kuten\u00a0<strong>skaalaus<\/strong>\u00a0ja\u00a0<strong>kohdistus<\/strong>.<\/li>\n\n\n\n<li>Tallenna asetukset napsauttamalla\u00a0<strong>Tallenna<\/strong>\u00a0ja\u00a0<strong>Julkaise<\/strong>.<\/li>\n<\/ol>\n\n\n\n<p><strong>Huomaa:<\/strong>\u00a0Voit lis\u00e4t\u00e4 sivustollesi useita logo-komponentteja. Logokuvan tai sivuston otsikon muuttaminen vaikuttaa kaikkiin sivustosi logo-komponentteihin.<\/p>\n\n\n\n<figure class=\"wp-block-image\"><img decoding=\"async\" src=\"https:\/\/help.one.com\/hc\/article_attachments\/29228214578961\" alt=\"wsb-logo-1.png\"\/><\/figure>\n","protected":false},"excerpt":{"rendered":"<p>Voit lis\u00e4t\u00e4 logon kotisivuillesi logo-komponentilla, jonka avulla voit helposti hallita logoasi yhdess\u00e4 paikassa. Jos teet logoosi muutoksia yleisiss\u00e4 asetuksissa, ne vaikuttavat kaikkiin sivustosi logo-komponentteihin. 1. Lis\u00e4\u00e4 logo yleisten asetusten kautta Huomaa:\u00a0Jos et valitse logoksi kuvaa, sen sijaan n\u00e4ytet\u00e4\u00e4n sivustosi otsikko, jos olet lis\u00e4nnyt otsikon yleisiss\u00e4 asetuksissa. 2. Lis\u00e4\u00e4 logo sivustollesi logo-komponentin avulla Huomaa:\u00a0Voit lis\u00e4t\u00e4 sivustollesi &#8230; <a title=\"Miten lis\u00e4\u00e4n logon sivustolleni Zoner Kotisivukoneessa?\" class=\"read-more\" href=\"https:\/\/www.zoner.fi\/tuki\/kotisivukone\/zoner\/miten-lisaan-logon-sivustolleni-zoner-kotisivukoneessa\/\" aria-label=\"Lue lis\u00e4\u00e4 aiheesta Miten lis\u00e4\u00e4n logon sivustolleni Zoner Kotisivukoneessa?\">Lue lis\u00e4\u00e4<\/a><\/p>\n","protected":false},"author":18,"featured_media":0,"parent":137385,"menu_order":0,"comment_status":"closed","ping_status":"closed","template":"","meta":{"_relevanssi_hide_post":"","_relevanssi_hide_content":"","_relevanssi_pin_for_all":"","_relevanssi_pin_keywords":"","_relevanssi_unpin_keywords":"","_relevanssi_related_keywords":"","_relevanssi_related_include_ids":"","_relevanssi_related_exclude_ids":"","_relevanssi_related_no_append":"","_relevanssi_related_not_related":"","_relevanssi_related_posts":"130641,132244,132072,130657,130553,131550","_relevanssi_noindex_reason":"","footnotes":""},"categories":[166],"tags":[164,158],"wf_page_folders":[],"class_list":{"0":"post-133329","1":"page","2":"type-page","3":"status-publish","5":"category-zoner-kotisivukone","6":"tag-kuvat","7":"tag-yleiset"},"_links":{"self":[{"href":"https:\/\/www.zoner.fi\/tuki\/wp-json\/wp\/v2\/pages\/133329","targetHints":{"allow":["GET"]}}],"collection":[{"href":"https:\/\/www.zoner.fi\/tuki\/wp-json\/wp\/v2\/pages"}],"about":[{"href":"https:\/\/www.zoner.fi\/tuki\/wp-json\/wp\/v2\/types\/page"}],"author":[{"embeddable":true,"href":"https:\/\/www.zoner.fi\/tuki\/wp-json\/wp\/v2\/users\/18"}],"replies":[{"embeddable":true,"href":"https:\/\/www.zoner.fi\/tuki\/wp-json\/wp\/v2\/comments?post=133329"}],"version-history":[{"count":2,"href":"https:\/\/www.zoner.fi\/tuki\/wp-json\/wp\/v2\/pages\/133329\/revisions"}],"predecessor-version":[{"id":133331,"href":"https:\/\/www.zoner.fi\/tuki\/wp-json\/wp\/v2\/pages\/133329\/revisions\/133331"}],"up":[{"embeddable":true,"href":"https:\/\/www.zoner.fi\/tuki\/wp-json\/wp\/v2\/pages\/137385"}],"wp:attachment":[{"href":"https:\/\/www.zoner.fi\/tuki\/wp-json\/wp\/v2\/media?parent=133329"}],"wp:term":[{"taxonomy":"category","embeddable":true,"href":"https:\/\/www.zoner.fi\/tuki\/wp-json\/wp\/v2\/categories?post=133329"},{"taxonomy":"post_tag","embeddable":true,"href":"https:\/\/www.zoner.fi\/tuki\/wp-json\/wp\/v2\/tags?post=133329"},{"taxonomy":"wf_page_folders","embeddable":true,"href":"https:\/\/www.zoner.fi\/tuki\/wp-json\/wp\/v2\/wf_page_folders?post=133329"}],"curies":[{"name":"wp","href":"https:\/\/api.w.org\/{rel}","templated":true}]}}