{"id":133332,"date":"2024-11-12T10:51:05","date_gmt":"2024-11-12T08:51:05","guid":{"rendered":"https:\/\/www.zoner.fi\/tuki\/?page_id=133332"},"modified":"2025-09-25T16:42:47","modified_gmt":"2025-09-25T13:42:47","slug":"miten-lisaan-digitaalisen-tuotteen-verkkokauppaan","status":"publish","type":"page","link":"https:\/\/www.zoner.fi\/tuki\/kotisivukone\/zoner\/miten-lisaan-digitaalisen-tuotteen-verkkokauppaan\/","title":{"rendered":"Miten lis\u00e4\u00e4n digitaalisen tuotteen verkkokauppaan?"},"content":{"rendered":"\n<p>Fyysisten tuotteiden lis\u00e4ksi voit myyd\u00e4 my\u00f6s digitaalisia tuotteita, joiden tiedostot asiakas voi ladata verkosta. Digitaalisen tuotteen ostaneelle asiakkaalle l\u00e4hetet\u00e4\u00e4n s\u00e4hk\u00f6posti, jossa on latauslinkki tuotteen tiedostoihin.<\/p>\n\n\n\n<ol class=\"wp-block-list\">\n<li><strong>Avaa verkkokaupan hallintapaneeli<\/strong>.<\/li>\n\n\n\n<li>Klikkaa\u00a0<strong>Tuotteet<\/strong>, siirry\u00a0<strong>tuoteluetteloon\u00a0<\/strong>ja klikkaa\u00a0<strong>oikeassa yl\u00e4kulmassa Lis\u00e4\u00e4 tuote<\/strong>.<\/li>\n\n\n\n<li>Valitse\u00a0<strong>Digitaalinen<\/strong>.<\/li>\n\n\n\n<li>Anna tuotteen perustiedot, kuten nimi, hinta, kategoria ja kuvaus.<\/li>\n\n\n\n<li>Lataa\u00a0<strong>tiedosto<\/strong>\u00a0joka sis\u00e4lt\u00e4\u00e4 tuotteesi. Tiedoston koko voi olla enint\u00e4\u00e4n 1 Gt.<\/li>\n\n\n\n<li>Lataa\u00a0<strong>kuvia<\/strong>\u00a0tai valitse\u00a0<strong>sopiva kuvake<\/strong>\u00a0.<\/li>\n\n\n\n<li>Lis\u00e4\u00e4 muita olennaisia tietoja, kuten varastom\u00e4\u00e4r\u00e4, aiheeseen liittyvi\u00e4 tuotteita tai hakusanoja.<\/li>\n\n\n\n<li>Napsauta\u00a0<strong>Tallenna<\/strong>-painiketta sivun alareunassa, kun olet valmis.<\/li>\n<\/ol>\n\n\n\n<figure class=\"wp-block-image size-large\"><img loading=\"lazy\" decoding=\"async\" width=\"1024\" height=\"682\" src=\"https:\/\/www.zoner.fi\/tuki\/wp-content\/uploads\/2024\/10\/digitaalinen-tuote-1-1024x682.png\" alt=\"\" class=\"wp-image-133333\" srcset=\"https:\/\/www.zoner.fi\/tuki\/wp-content\/uploads\/2024\/10\/digitaalinen-tuote-1-1024x682.png 1024w, https:\/\/www.zoner.fi\/tuki\/wp-content\/uploads\/2024\/10\/digitaalinen-tuote-1-300x200.png 300w, https:\/\/www.zoner.fi\/tuki\/wp-content\/uploads\/2024\/10\/digitaalinen-tuote-1-768x512.png 768w, https:\/\/www.zoner.fi\/tuki\/wp-content\/uploads\/2024\/10\/digitaalinen-tuote-1-1536x1023.png 1536w, https:\/\/www.zoner.fi\/tuki\/wp-content\/uploads\/2024\/10\/digitaalinen-tuote-1.png 1873w\" sizes=\"auto, (max-width: 1024px) 100vw, 1024px\" \/><\/figure>\n\n\n\n<h2 class=\"wp-block-heading\" id=\"h_01HF6VZKRNZ2FHHCQY9DKE3H01\">Mit\u00e4 tapahtuu, kun asiakas ostaa digitaalisen tuotteen?<\/h2>\n\n\n\n<p>Maksamisen j\u00e4lkeen asiakkaallesi l\u00e4hetet\u00e4\u00e4n tilausvahvistuksen lis\u00e4ksi s\u00e4hk\u00f6posti, jossa on latauslinkki ostettuun tuotteeseen. Linkki vanhenee 24 tunnin kuluttua siit\u00e4, kun asiakas on klikannut sit\u00e4, tai viimeist\u00e4\u00e4n 28 p\u00e4iv\u00e4n p\u00e4\u00e4st\u00e4.<\/p>\n\n\n\n<p>Jos asiakas tarvitsee linkki\u00e4 sen vanhenemisen j\u00e4lkeen, voit aktivoida sen uudelleen Verkkokaupan hallintapaneelin\u00a0<strong>Tilaukset<\/strong>-sivulla.<\/p>\n","protected":false},"excerpt":{"rendered":"<p>Fyysisten tuotteiden lis\u00e4ksi voit myyd\u00e4 my\u00f6s digitaalisia tuotteita, joiden tiedostot asiakas voi ladata verkosta. Digitaalisen tuotteen ostaneelle asiakkaalle l\u00e4hetet\u00e4\u00e4n s\u00e4hk\u00f6posti, jossa on latauslinkki tuotteen tiedostoihin. Mit\u00e4 tapahtuu, kun asiakas ostaa digitaalisen tuotteen? Maksamisen j\u00e4lkeen asiakkaallesi l\u00e4hetet\u00e4\u00e4n tilausvahvistuksen lis\u00e4ksi s\u00e4hk\u00f6posti, jossa on latauslinkki ostettuun tuotteeseen. Linkki vanhenee 24 tunnin kuluttua siit\u00e4, kun asiakas on klikannut sit\u00e4, &#8230; <a title=\"Miten lis\u00e4\u00e4n digitaalisen tuotteen verkkokauppaan?\" class=\"read-more\" href=\"https:\/\/www.zoner.fi\/tuki\/kotisivukone\/zoner\/miten-lisaan-digitaalisen-tuotteen-verkkokauppaan\/\" aria-label=\"Lue lis\u00e4\u00e4 aiheesta Miten lis\u00e4\u00e4n digitaalisen tuotteen verkkokauppaan?\">Lue lis\u00e4\u00e4<\/a><\/p>\n","protected":false},"author":18,"featured_media":0,"parent":137385,"menu_order":0,"comment_status":"closed","ping_status":"closed","template":"","meta":{"_relevanssi_hide_post":"","_relevanssi_hide_content":"","_relevanssi_pin_for_all":"","_relevanssi_pin_keywords":"","_relevanssi_unpin_keywords":"","_relevanssi_related_keywords":"","_relevanssi_related_include_ids":"","_relevanssi_related_exclude_ids":"","_relevanssi_related_no_append":"","_relevanssi_related_not_related":"","_relevanssi_related_posts":"130553,131535,130722,130899,131892,130865","_relevanssi_noindex_reason":"","footnotes":""},"categories":[166],"tags":[163],"wf_page_folders":[],"class_list":{"0":"post-133332","1":"page","2":"type-page","3":"status-publish","5":"category-zoner-kotisivukone","6":"tag-verkkokauppa"},"_links":{"self":[{"href":"https:\/\/www.zoner.fi\/tuki\/wp-json\/wp\/v2\/pages\/133332","targetHints":{"allow":["GET"]}}],"collection":[{"href":"https:\/\/www.zoner.fi\/tuki\/wp-json\/wp\/v2\/pages"}],"about":[{"href":"https:\/\/www.zoner.fi\/tuki\/wp-json\/wp\/v2\/types\/page"}],"author":[{"embeddable":true,"href":"https:\/\/www.zoner.fi\/tuki\/wp-json\/wp\/v2\/users\/18"}],"replies":[{"embeddable":true,"href":"https:\/\/www.zoner.fi\/tuki\/wp-json\/wp\/v2\/comments?post=133332"}],"version-history":[{"count":1,"href":"https:\/\/www.zoner.fi\/tuki\/wp-json\/wp\/v2\/pages\/133332\/revisions"}],"predecessor-version":[{"id":133334,"href":"https:\/\/www.zoner.fi\/tuki\/wp-json\/wp\/v2\/pages\/133332\/revisions\/133334"}],"up":[{"embeddable":true,"href":"https:\/\/www.zoner.fi\/tuki\/wp-json\/wp\/v2\/pages\/137385"}],"wp:attachment":[{"href":"https:\/\/www.zoner.fi\/tuki\/wp-json\/wp\/v2\/media?parent=133332"}],"wp:term":[{"taxonomy":"category","embeddable":true,"href":"https:\/\/www.zoner.fi\/tuki\/wp-json\/wp\/v2\/categories?post=133332"},{"taxonomy":"post_tag","embeddable":true,"href":"https:\/\/www.zoner.fi\/tuki\/wp-json\/wp\/v2\/tags?post=133332"},{"taxonomy":"wf_page_folders","embeddable":true,"href":"https:\/\/www.zoner.fi\/tuki\/wp-json\/wp\/v2\/wf_page_folders?post=133332"}],"curies":[{"name":"wp","href":"https:\/\/api.w.org\/{rel}","templated":true}]}}