{"id":133335,"date":"2024-11-12T12:05:28","date_gmt":"2024-11-12T10:05:28","guid":{"rendered":"https:\/\/www.zoner.fi\/tuki\/?page_id=133335"},"modified":"2026-03-17T11:17:29","modified_gmt":"2026-03-17T09:17:29","slug":"tuotteiden-hallinta-verkkokaupassa","status":"publish","type":"page","link":"https:\/\/www.zoner.fi\/tuki\/kotisivukone\/zoner\/tuotteiden-hallinta-verkkokaupassa\/","title":{"rendered":"Tuotteiden hallinta verkkokaupassa"},"content":{"rendered":"\n<p>T\u00e4ss\u00e4 oppaassa kerromme, miten voit hallita verkkokaupan tuotteita helposti. Tuotteiden hallinnan asetukset on t\u00e4ss\u00e4 oppaassa jaettu kuuteen osioon:<\/p>\n\n\n\n<ul class=\"wp-block-list\">\n<li><a href=\"#tuotteiden-yleiskatsaus\">Tuotteiden yleiskatsaus<\/a><\/li>\n\n\n\n<li><a href=\"#perustiedot\">Perustiedot<\/a><\/li>\n\n\n\n<li><a href=\"#varastosaldo-ja-paino\">Varastosaldo ja paino<\/a><\/li>\n\n\n\n<li><a href=\"#kategoriat-muunnelmat-ja-metatiedot\">Kategoriat, muunnelmat ja metatiedot<\/a><\/li>\n\n\n\n<li><a href=\"#hakukoneet-google\">Hakukoneet (Google)<\/a><\/li>\n\n\n\n<li><a href=\"#tuotteiden-massamuokkaus\">Tuotteiden massamuokkaus<\/a><\/li>\n<\/ul>\n\n\n\n<h2 class=\"wp-block-heading\" id=\"tuotteiden-yleiskatsaus\">Tuotteiden yleiskatsaus<\/h2>\n\n\n\n<p>Avaa Tuotteiden yleiskatsaus napsauttamalla verkkokaupan hallintapaneelissa kohtaa&nbsp;<strong>Tuotteet<\/strong>&nbsp;ja sitten&nbsp;<strong>Tuoteluettelo<\/strong>. Yleiskatsauksessa voit lajitella, lis\u00e4t\u00e4, poistaa, muokata ja monistaa tuotteita.<\/p>\n\n\n\n<ul class=\"wp-block-list\">\n<li>&nbsp;<strong>Lajittele tuotteet<\/strong>&nbsp;\u2013 Klikkaa&nbsp;<strong>Suodata<\/strong>-valikkoa vasemmassa yl\u00e4kulmassa lajitellaksesi tuotteet varastosaldon tai kategorioiden mukaan.<\/li>\n\n\n\n<li>&nbsp;<strong>Lis\u00e4\u00e4 tuotteita&nbsp;<\/strong>\u2013 Napsauta&nbsp;<strong>Lis\u00e4\u00e4 tuote<\/strong>&nbsp;-painiketta lis\u00e4t\u00e4ksesi uuden tuotteen. Valitse, haluatko lis\u00e4t\u00e4 fyysisen tuotteen vai digitaalisen tuotteen.<\/li>\n\n\n\n<li>&nbsp;<strong>Muokkaa tuotteita<\/strong>&nbsp;\u2013 Valitse tuotteen vieress\u00e4 oleva valintaruutu ja napsauta&nbsp;<strong>Muokkaa valittua<\/strong>&nbsp;muokataksesi sen tietoja. Voit valita useamman kuin yhden tuotteen muokataksesi niit\u00e4 kerralla. Kerromme t\u00e4st\u00e4 ominaisuudesta tarkemmin&nbsp;t\u00e4m\u00e4n oppaan lopussa.<br>Huomaa, ett\u00e4 jos haluat&nbsp;<strong>poistaa<\/strong>&nbsp;tai&nbsp;<strong>monistaa<\/strong>&nbsp;tuotteen, voit tehd\u00e4 sen t\u00e4m\u00e4n valikon kautta.<\/li>\n<\/ul>\n\n\n\n<p><strong>Vinkki:<\/strong>&nbsp;Tiesitk\u00f6, ett\u00e4 voit luoda my\u00f6s lahjakortteja? Lue lis\u00e4\u00e4:&nbsp;<a href=\"https:\/\/www.zoner.fi\/tuki\/kotisivukone\/lahjakortit-verkkokaupassa\/\">Myy lahjakortteja verkkokaupassasi<\/a>.<\/p>\n\n\n\n<figure class=\"wp-block-image size-large\"><img loading=\"lazy\" decoding=\"async\" width=\"1024\" height=\"681\" src=\"https:\/\/www.zoner.fi\/tuki\/wp-content\/uploads\/2024\/10\/tuotteiden-hallinta-1-1024x681.png\" alt=\"\" class=\"wp-image-133336\" srcset=\"https:\/\/www.zoner.fi\/tuki\/wp-content\/uploads\/2024\/10\/tuotteiden-hallinta-1-1024x681.png 1024w, https:\/\/www.zoner.fi\/tuki\/wp-content\/uploads\/2024\/10\/tuotteiden-hallinta-1-300x200.png 300w, https:\/\/www.zoner.fi\/tuki\/wp-content\/uploads\/2024\/10\/tuotteiden-hallinta-1-768x511.png 768w, https:\/\/www.zoner.fi\/tuki\/wp-content\/uploads\/2024\/10\/tuotteiden-hallinta-1-1536x1022.png 1536w, https:\/\/www.zoner.fi\/tuki\/wp-content\/uploads\/2024\/10\/tuotteiden-hallinta-1.png 1873w\" sizes=\"auto, (max-width: 1024px) 100vw, 1024px\" \/><\/figure>\n\n\n\n<h2 class=\"wp-block-heading\" id=\"perustiedot\">Perustiedot<\/h2>\n\n\n\n<p>Lis\u00e4tess\u00e4si uuden tuotteen sinun on annettava siit\u00e4 seuraavat perustiedot:<\/p>\n\n\n\n<ul class=\"wp-block-list\">\n<li>&nbsp;<strong>N\u00e4kyvyys<\/strong>: Valitse, n\u00e4kyyk\u00f6 tuote kaupassa vai piilotetaanko se.<\/li>\n\n\n\n<li>&nbsp;<strong>Otsikko<\/strong>: Kaupassasi n\u00e4kyv\u00e4 tuotteen nimi.<\/li>\n\n\n\n<li>&nbsp;<strong>Kuvaus<\/strong>: Tuotteen kuvaus. Voit k\u00e4ytt\u00e4\u00e4 muotoiluja saadaksesi kuvauksen erottumaan paremmin.<\/li>\n\n\n\n<li>&nbsp;<strong>Lis\u00e4tietoja<\/strong>: Napsauta painiketta lis\u00e4t\u00e4ksesi tuotteeseen liittyvi\u00e4 lis\u00e4tietoja (esimerkiksi palautusk\u00e4yt\u00e4nt\u00f6). Voit lis\u00e4t\u00e4 useita tieto-osioita.<\/li>\n\n\n\n<li>&nbsp;<strong>Tiedostot<\/strong>: T\u00e4m\u00e4 vaihtoehto on saatavilla vain, kun luot digitaalisen tuotteen. Digitaalisen tuotteen tiedosto(t) ladataan t\u00e4h\u00e4n. Kun asiakas on ostanut tuotteen, h\u00e4n saa s\u00e4hk\u00f6postilla linkin sen lataamiseen.<\/li>\n\n\n\n<li>&nbsp;<strong>Media<\/strong>: Voit ladata enint\u00e4\u00e4n 6 kuvaa tuotteestasi. Ensimm\u00e4inen kuva vasemmalta on tuotteen p\u00e4\u00e4kuva. Voit my\u00f6s antaa jokaiselle kuvalle&nbsp;alt-tekstin.<\/li>\n\n\n\n<li>&nbsp;<strong>Hinta<\/strong>: M\u00e4\u00e4rit\u00e4 tuotteen hinta. Valitse&nbsp;<strong>Alennuksessa<\/strong>-ruutu, jos haluat laittaa tuotteen alennukseen. T\u00e4ll\u00f6in asiakkaat voivat n\u00e4hd\u00e4, ett\u00e4 tuote on alennuksessa. Huomaa, ett\u00e4 jos tuotteella on muunnelmia, sinun on m\u00e4\u00e4ritett\u00e4v\u00e4 kunkin muunnelman hinta alempana sivulla.<\/li>\n<\/ul>\n\n\n\n<figure class=\"wp-block-image size-large\"><img loading=\"lazy\" decoding=\"async\" width=\"1024\" height=\"682\" src=\"https:\/\/www.zoner.fi\/tuki\/wp-content\/uploads\/2024\/10\/tuotteiden-hallinta-2-1024x682.png\" alt=\"\" class=\"wp-image-133337\" srcset=\"https:\/\/www.zoner.fi\/tuki\/wp-content\/uploads\/2024\/10\/tuotteiden-hallinta-2-1024x682.png 1024w, https:\/\/www.zoner.fi\/tuki\/wp-content\/uploads\/2024\/10\/tuotteiden-hallinta-2-300x200.png 300w, https:\/\/www.zoner.fi\/tuki\/wp-content\/uploads\/2024\/10\/tuotteiden-hallinta-2-768x512.png 768w, https:\/\/www.zoner.fi\/tuki\/wp-content\/uploads\/2024\/10\/tuotteiden-hallinta-2-1536x1024.png 1536w, https:\/\/www.zoner.fi\/tuki\/wp-content\/uploads\/2024\/10\/tuotteiden-hallinta-2.png 1874w\" sizes=\"auto, (max-width: 1024px) 100vw, 1024px\" \/><\/figure>\n\n\n\n<h2 class=\"wp-block-heading\" id=\"varastosaldo-ja-paino\">Varastosaldo ja paino<\/h2>\n\n\n\n<p>Lis\u00e4\u00e4 seuraavaksi tiedot tuotteen painosta, varastosaldosta ja vaihtoehdoista.<\/p>\n\n\n\n<ul class=\"wp-block-list\">\n<li>&nbsp;<strong>Varastosaldo<\/strong>: Saatavilla olevien tuotteiden m\u00e4\u00e4r\u00e4. Jos tuote on loppunut varastosta, siit\u00e4 ilmoitetaan kaupassasi. Valitse&nbsp;<strong>Rajoittamaton<\/strong>-valintaruutu, jos tuote on aina saatavilla.<\/li>\n\n\n\n<li>&nbsp;<strong>Paino<\/strong>: Jos haluat laskea toimituskulut painon perusteella, sinun on m\u00e4\u00e4ritett\u00e4v\u00e4 tuotteen paino. Muussa tapauksessa sit\u00e4 ei vaadita.&nbsp;Lue lis\u00e4\u00e4 toimitusvaihtoehdoista.<\/li>\n<\/ul>\n\n\n\n<figure class=\"wp-block-image size-large\"><img loading=\"lazy\" decoding=\"async\" width=\"1024\" height=\"682\" src=\"https:\/\/www.zoner.fi\/tuki\/wp-content\/uploads\/2024\/10\/tuotteiden-hallinta-3-1024x682.png\" alt=\"\" class=\"wp-image-133338\" srcset=\"https:\/\/www.zoner.fi\/tuki\/wp-content\/uploads\/2024\/10\/tuotteiden-hallinta-3-1024x682.png 1024w, https:\/\/www.zoner.fi\/tuki\/wp-content\/uploads\/2024\/10\/tuotteiden-hallinta-3-300x200.png 300w, https:\/\/www.zoner.fi\/tuki\/wp-content\/uploads\/2024\/10\/tuotteiden-hallinta-3-768x512.png 768w, https:\/\/www.zoner.fi\/tuki\/wp-content\/uploads\/2024\/10\/tuotteiden-hallinta-3-1536x1024.png 1536w, https:\/\/www.zoner.fi\/tuki\/wp-content\/uploads\/2024\/10\/tuotteiden-hallinta-3.png 1874w\" sizes=\"auto, (max-width: 1024px) 100vw, 1024px\" \/><\/figure>\n\n\n\n<h2 class=\"wp-block-heading\" id=\"kategoriat-muunnelmat-ja-metatiedot\">Kategoriat, muunnelmat ja metatiedot<\/h2>\n\n\n\n<ul class=\"wp-block-list\">\n<li>&nbsp;<strong>Kategoriat<\/strong>: Voit luokitella tuotteesi kategorioihin. Tuote voi kuulua yhteen tai useampaan kategoriaan. Jos haluat lis\u00e4t\u00e4 uuden kategorian, kirjoita sen nimi kentt\u00e4\u00e4n ja valitse&nbsp;<strong>Lis\u00e4\u00e4<\/strong>.&nbsp;Lue lis\u00e4\u00e4 kategorioista ja vaihtoehdoista.<\/li>\n\n\n\n<li>&nbsp;<strong>Etiketti<\/strong>: Voit mainostaa tuotettasi etiketill\u00e4, jossa voi lukea esimerkiksi &#8221;UUSI&#8221;, &#8221;50 % ALENNUS&#8221; tai &#8221;Suosittu&#8221;. Etiketin teksti n\u00e4kyy tuotteen p\u00e4\u00e4ll\u00e4.&nbsp;Lue lis\u00e4\u00e4 tuotteiden mainostamisesta.<\/li>\n\n\n\n<li>&nbsp;<strong>Muunnelmat<\/strong>: Voit luoda tuotteesta muunnelmia m\u00e4\u00e4ritt\u00e4m\u00e4ll\u00e4 sille erilaisia \u200b\u200bvaihtoehtoja, kuten v\u00e4rej\u00e4 tai kokoja. Valitse valintaruutu, jos haluat lis\u00e4t\u00e4 vaihtoehdon. Lue lis\u00e4\u00e4&nbsp;kategorioista ja vaihtoehdoista.<\/li>\n\n\n\n<li>\u00a0<strong>Liittyv\u00e4t tuotteet<\/strong>: Lis\u00e4\u00e4 tuotteet, jotka haluat n\u00e4ytt\u00e4\u00e4 aiheeseen liittyvin\u00e4 tuotteina t\u00e4m\u00e4n tuotteen yhteydess\u00e4. Ne voivat olla esimerkiksi samaan kategoriaan kuuluvia tuotteita tai samankaltaisia tuotteita. Lis\u00e4\u00e4 tuote kirjoittamalla sen nimi hakupalkkiin ja rastittamalla sen vieress\u00e4 oleva ruutu. Lue lis\u00e4\u00e4 aiheeseen liittyvist\u00e4 tuotteista\u00a0<a href=\"https:\/\/www.zoner.fi\/tuki\/kotisivukone\/zoner\/nayta-aiheeseen-liittyvia-tuotteita-verkkokaupassa\/\">t\u00e4st\u00e4 oppaasta.<\/a><\/li>\n\n\n\n<li>&nbsp;<strong>Tunnisteet<\/strong>: Jos lis\u00e4\u00e4t tuotteelle avainsanoja eli tunnisteita, asiakkaat voivat l\u00f6yt\u00e4\u00e4 sen tehdess\u00e4\u00e4n n\u00e4ill\u00e4 sanoilla hakuja verkkokaupassasi. N\u00e4m\u00e4 sanat tai termit voivat olla yleisi\u00e4 (esimerkiksi &#8221;laukku&#8221;) tai tarkempia (esimerkiksi &#8221;musta olkalaukku&#8221;).<\/li>\n<\/ul>\n\n\n\n<figure class=\"wp-block-image size-large\"><img loading=\"lazy\" decoding=\"async\" width=\"1024\" height=\"682\" src=\"https:\/\/www.zoner.fi\/tuki\/wp-content\/uploads\/2024\/10\/tuotteiden-hallinta-4-1024x682.png\" alt=\"\" class=\"wp-image-133339\" srcset=\"https:\/\/www.zoner.fi\/tuki\/wp-content\/uploads\/2024\/10\/tuotteiden-hallinta-4-1024x682.png 1024w, https:\/\/www.zoner.fi\/tuki\/wp-content\/uploads\/2024\/10\/tuotteiden-hallinta-4-300x200.png 300w, https:\/\/www.zoner.fi\/tuki\/wp-content\/uploads\/2024\/10\/tuotteiden-hallinta-4-768x512.png 768w, https:\/\/www.zoner.fi\/tuki\/wp-content\/uploads\/2024\/10\/tuotteiden-hallinta-4-1536x1024.png 1536w, https:\/\/www.zoner.fi\/tuki\/wp-content\/uploads\/2024\/10\/tuotteiden-hallinta-4.png 1874w\" sizes=\"auto, (max-width: 1024px) 100vw, 1024px\" \/><\/figure>\n\n\n\n<h2 class=\"wp-block-heading\" id=\"hakukoneet-google\">Hakukoneet (Google)<\/h2>\n\n\n\n<p>Jokaisella tuotesivulla on oltava yksil\u00f6llinen kuvaava URL-osoite ja metakuvaus, jotta kauppasi on optimoitu hakukoneille.<\/p>\n\n\n\n<ul class=\"wp-block-list\">\n<li>&nbsp;<strong>URL-nimi<\/strong>: Jokaisella tuotteella on oma URL-osoite, jolla voit linkitt\u00e4\u00e4 siihen suoraan muilta sivuilta. Oletus-URL perustuu tuotteen nimeen, ja voit muokata sit\u00e4 t\u00e4ss\u00e4.<\/li>\n\n\n\n<li>&nbsp;<strong>Sivun otsikko hakutuloksissa<\/strong>: Hakutuloksissa n\u00e4kyv\u00e4 sivun nimi (otsikko).<\/li>\n\n\n\n<li>\u00a0<strong>Metakuvaus hakutuloksissa<\/strong>: Voit m\u00e4\u00e4ritt\u00e4\u00e4 metakuvauksen jokaiselle tuotteelle SEO:n optimoimiseksi.\u00a0<a href=\"https:\/\/www.zoner.fi\/tuki\/kotisivukone\/zoner\/miten-lisaan-metakuvauksen-zoner-kotisivukoneessa\/\">Lue lis\u00e4\u00e4 metakuvauksista.<\/a><\/li>\n<\/ul>\n\n\n\n<figure class=\"wp-block-image size-large\"><img loading=\"lazy\" decoding=\"async\" width=\"1024\" height=\"682\" src=\"https:\/\/www.zoner.fi\/tuki\/wp-content\/uploads\/2024\/10\/tuotteiden-hallinta-5-1024x682.png\" alt=\"\" class=\"wp-image-133340\" srcset=\"https:\/\/www.zoner.fi\/tuki\/wp-content\/uploads\/2024\/10\/tuotteiden-hallinta-5-1024x682.png 1024w, https:\/\/www.zoner.fi\/tuki\/wp-content\/uploads\/2024\/10\/tuotteiden-hallinta-5-300x200.png 300w, https:\/\/www.zoner.fi\/tuki\/wp-content\/uploads\/2024\/10\/tuotteiden-hallinta-5-768x512.png 768w, https:\/\/www.zoner.fi\/tuki\/wp-content\/uploads\/2024\/10\/tuotteiden-hallinta-5-1536x1024.png 1536w, https:\/\/www.zoner.fi\/tuki\/wp-content\/uploads\/2024\/10\/tuotteiden-hallinta-5.png 1874w\" sizes=\"auto, (max-width: 1024px) 100vw, 1024px\" \/><\/figure>\n\n\n\n<h2 class=\"wp-block-heading\" id=\"tuotteiden-massamuokkaus\">Tuotteiden massamuokkaus<\/h2>\n\n\n\n<p>Massamuokkauksella voit muokata useita tuotteita kerralla. Voit muokata tuotteiden tietoja tai tehd\u00e4 yleisemm\u00e4n muutoksen, kuten alentaa kaikkien tuotteiden hintaa jonkin prosenttiosuuden verran. Massamuokkauksen ansiosta voit tehd\u00e4 t\u00e4llaisia muutoksia useille eri tuotteille vain muutamalla napsautuksella.&nbsp;<\/p>\n\n\n\n<p>1. Avaa&nbsp;<strong>Tuoteluettelo<\/strong>&nbsp;ja valitse muokattavat tuotteet&nbsp;<strong>rastittamalla niiden vieress\u00e4 olevat ruudut<\/strong>. Voit my\u00f6s muokata kaikkia tuotteitasi valitsemalla yl\u00e4reunassa olevan ruudun.<\/p>\n\n\n\n<p>2. Napsauta vasemmasta yl\u00e4kulmasta&nbsp;<strong>Muokkaa valittuja<\/strong>&nbsp;ja valitse avattavasta valikosta&nbsp;<strong>Massamuokkaus<\/strong>&nbsp;.<\/p>\n\n\n\n<p>3. N\u00e4et nyt yleiskatsauksen, jossa on avoimet solut ja painikkeet valituille tuotteille. Voit muuttaa vasemmasta reunasta alkaen seuraavia tietoja:<\/p>\n\n\n\n<ul class=\"wp-block-list\">\n<li>&nbsp;<strong>Tuotteen nimi<\/strong>: Muokkaa tuotteen nime\u00e4.<\/li>\n\n\n\n<li>&nbsp;<strong>N\u00e4kyv\u00e4<\/strong>: Valitse kytkint\u00e4 liu&#8217;uttamalla, n\u00e4kyyk\u00f6 tuote kaupassa.<\/li>\n\n\n\n<li>&nbsp;<strong>Kategoria<\/strong>: Klikkaa&nbsp;<strong>Lis\u00e4\u00e4<\/strong>&nbsp;lis\u00e4t\u00e4ksesi tuotteen kategoriaan tai klikkaa kategoriaa lis\u00e4t\u00e4ksesi toisen.<\/li>\n\n\n\n<li>&nbsp;<strong>Paino (metrij\u00e4rjestelm\u00e4)<\/strong>: Lis\u00e4\u00e4 paino fyysisille tuotteille.<\/li>\n\n\n\n<li>&nbsp;<strong>Varasto<\/strong>: Muokkaa tuotteen\/tuotteiden varastotilannetta. Sy\u00f6t\u00e4 numero tai rastita&nbsp;<strong>Rajoittamaton<\/strong>-ruutu.<\/li>\n\n\n\n<li>&nbsp;<strong>Normaalihinta<\/strong>: Muokkaa tuotteen normaalihintaa valitsemassasi valuutassa.<\/li>\n\n\n\n<li>&nbsp;<strong>Alennuksessa<\/strong>: Liu&#8217;uta kytkint\u00e4 laittaaksesi tuotteen alennukseen. Kytkin n\u00e4kyy vain fyysisill\u00e4 ja digitaalisilla tuotteilla. Huomaa, ett\u00e4 jos tuotteesta on muunnelmia, sinun on s\u00e4\u00e4dett\u00e4v\u00e4 kytkint\u00e4 jokaisen muunnelman kohdalla, jos haluat laittaa ne kaikki alennukseen.<\/li>\n\n\n\n<li>&nbsp;<strong>Alennushinta<\/strong>: Anna tuotteen ja sen muunnelmien myyntihinta.<\/li>\n<\/ul>\n\n\n\n<p>5. Kun muokkaukset ovat valmiit, napsauta sivun alareunassa olevaa sinist\u00e4&nbsp;<strong>Tallenna<\/strong>-painiketta.<\/p>\n\n\n\n<figure class=\"wp-block-image size-large\"><img loading=\"lazy\" decoding=\"async\" width=\"1024\" height=\"682\" src=\"https:\/\/www.zoner.fi\/tuki\/wp-content\/uploads\/2024\/10\/tuotteiden-hallinta-6-1024x682.png\" alt=\"\" class=\"wp-image-133341\" srcset=\"https:\/\/www.zoner.fi\/tuki\/wp-content\/uploads\/2024\/10\/tuotteiden-hallinta-6-1024x682.png 1024w, https:\/\/www.zoner.fi\/tuki\/wp-content\/uploads\/2024\/10\/tuotteiden-hallinta-6-300x200.png 300w, https:\/\/www.zoner.fi\/tuki\/wp-content\/uploads\/2024\/10\/tuotteiden-hallinta-6-768x512.png 768w, https:\/\/www.zoner.fi\/tuki\/wp-content\/uploads\/2024\/10\/tuotteiden-hallinta-6-1536x1024.png 1536w, https:\/\/www.zoner.fi\/tuki\/wp-content\/uploads\/2024\/10\/tuotteiden-hallinta-6.png 1874w\" sizes=\"auto, (max-width: 1024px) 100vw, 1024px\" \/><\/figure>\n\n\n\n<p><\/p>\n","protected":false},"excerpt":{"rendered":"<p>T\u00e4ss\u00e4 oppaassa kerromme, miten voit hallita verkkokaupan tuotteita helposti. Tuotteiden hallinnan asetukset on t\u00e4ss\u00e4 oppaassa jaettu kuuteen osioon: Tuotteiden yleiskatsaus Avaa Tuotteiden yleiskatsaus napsauttamalla verkkokaupan hallintapaneelissa kohtaa&nbsp;Tuotteet&nbsp;ja sitten&nbsp;Tuoteluettelo. Yleiskatsauksessa voit lajitella, lis\u00e4t\u00e4, poistaa, muokata ja monistaa tuotteita. Vinkki:&nbsp;Tiesitk\u00f6, ett\u00e4 voit luoda my\u00f6s lahjakortteja? Lue lis\u00e4\u00e4:&nbsp;Myy lahjakortteja verkkokaupassasi. Perustiedot Lis\u00e4tess\u00e4si uuden tuotteen sinun on annettava siit\u00e4 &#8230; <a title=\"Tuotteiden hallinta verkkokaupassa\" class=\"read-more\" href=\"https:\/\/www.zoner.fi\/tuki\/kotisivukone\/zoner\/tuotteiden-hallinta-verkkokaupassa\/\" aria-label=\"Lue lis\u00e4\u00e4 aiheesta Tuotteiden hallinta verkkokaupassa\">Lue lis\u00e4\u00e4<\/a><\/p>\n","protected":false},"author":18,"featured_media":0,"parent":137385,"menu_order":0,"comment_status":"closed","ping_status":"closed","template":"","meta":{"_relevanssi_hide_post":"","_relevanssi_hide_content":"","_relevanssi_pin_for_all":"","_relevanssi_pin_keywords":"","_relevanssi_unpin_keywords":"","_relevanssi_related_keywords":"","_relevanssi_related_include_ids":"","_relevanssi_related_exclude_ids":"","_relevanssi_related_no_append":"","_relevanssi_related_not_related":"","_relevanssi_related_posts":"132301,132072,130667,1076,130397,132140","_relevanssi_noindex_reason":"","footnotes":""},"categories":[166],"tags":[163],"wf_page_folders":[],"class_list":{"0":"post-133335","1":"page","2":"type-page","3":"status-publish","5":"category-zoner-kotisivukone","6":"tag-verkkokauppa"},"_links":{"self":[{"href":"https:\/\/www.zoner.fi\/tuki\/wp-json\/wp\/v2\/pages\/133335","targetHints":{"allow":["GET"]}}],"collection":[{"href":"https:\/\/www.zoner.fi\/tuki\/wp-json\/wp\/v2\/pages"}],"about":[{"href":"https:\/\/www.zoner.fi\/tuki\/wp-json\/wp\/v2\/types\/page"}],"author":[{"embeddable":true,"href":"https:\/\/www.zoner.fi\/tuki\/wp-json\/wp\/v2\/users\/18"}],"replies":[{"embeddable":true,"href":"https:\/\/www.zoner.fi\/tuki\/wp-json\/wp\/v2\/comments?post=133335"}],"version-history":[{"count":8,"href":"https:\/\/www.zoner.fi\/tuki\/wp-json\/wp\/v2\/pages\/133335\/revisions"}],"predecessor-version":[{"id":138698,"href":"https:\/\/www.zoner.fi\/tuki\/wp-json\/wp\/v2\/pages\/133335\/revisions\/138698"}],"up":[{"embeddable":true,"href":"https:\/\/www.zoner.fi\/tuki\/wp-json\/wp\/v2\/pages\/137385"}],"wp:attachment":[{"href":"https:\/\/www.zoner.fi\/tuki\/wp-json\/wp\/v2\/media?parent=133335"}],"wp:term":[{"taxonomy":"category","embeddable":true,"href":"https:\/\/www.zoner.fi\/tuki\/wp-json\/wp\/v2\/categories?post=133335"},{"taxonomy":"post_tag","embeddable":true,"href":"https:\/\/www.zoner.fi\/tuki\/wp-json\/wp\/v2\/tags?post=133335"},{"taxonomy":"wf_page_folders","embeddable":true,"href":"https:\/\/www.zoner.fi\/tuki\/wp-json\/wp\/v2\/wf_page_folders?post=133335"}],"curies":[{"name":"wp","href":"https:\/\/api.w.org\/{rel}","templated":true}]}}