{"id":133358,"date":"2024-11-12T13:56:30","date_gmt":"2024-11-12T11:56:30","guid":{"rendered":"https:\/\/www.zoner.fi\/tuki\/?page_id=133358"},"modified":"2025-09-25T16:42:25","modified_gmt":"2025-09-25T13:42:25","slug":"gofundme-widgetin-lisaaminen-kotisivuille","status":"publish","type":"page","link":"https:\/\/www.zoner.fi\/tuki\/kotisivukone\/zoner\/gofundme-widgetin-lisaaminen-kotisivuille\/","title":{"rendered":"GoFundMe-widgetin lis\u00e4\u00e4minen kotisivuille"},"content":{"rendered":"\n<p>Zoner Kotisivukoneessa voit helposti lis\u00e4t\u00e4 GoFundMe-tapahtuman sivuillesi widgetin avulla.<\/p>\n\n\n\n<p><strong>Huomaa<\/strong>:&nbsp;T\u00e4m\u00e4 ominaisuus on k\u00e4ytett\u00e4viss\u00e4 Zoner Kotisivukoneen Premium- ja Business-paketeissa.&nbsp;<\/p>\n\n\n\n<h2 class=\"wp-block-heading\" id=\"step-1\">1. Valitse GoFundMe-widget<\/h2>\n\n\n\n<ol class=\"wp-block-list\">\n<li>Avaa Zoner Kotisivukoneen editori.<\/li>\n\n\n\n<li>Siirry sivustosi osaan, jossa haluat n\u00e4ytt\u00e4\u00e4 GoFundMe-tapahtuman.<\/li>\n\n\n\n<li>Napsauta vasemmassa valikossa <strong>Widgetit<\/strong>.<\/li>\n\n\n\n<li>Valitse <strong>Business<\/strong>-kohdassa&nbsp;<strong>GoFundMe<\/strong>. Widget lis\u00e4t\u00e4\u00e4n automaattisesti ty\u00f6tilaasi, mutta voit my\u00f6s vet\u00e4\u00e4 sen valikosta haluamaasi paikkaan sivulla.<\/li>\n<\/ol>\n\n\n\n<figure class=\"wp-block-image size-large\"><img loading=\"lazy\" decoding=\"async\" width=\"1024\" height=\"641\" src=\"https:\/\/www.zoner.fi\/tuki\/wp-content\/uploads\/2024\/10\/kotisivukone-gofundme-1-1024x641.png\" alt=\"\" class=\"wp-image-134184\" srcset=\"https:\/\/www.zoner.fi\/tuki\/wp-content\/uploads\/2024\/10\/kotisivukone-gofundme-1-1024x641.png 1024w, https:\/\/www.zoner.fi\/tuki\/wp-content\/uploads\/2024\/10\/kotisivukone-gofundme-1-300x188.png 300w, https:\/\/www.zoner.fi\/tuki\/wp-content\/uploads\/2024\/10\/kotisivukone-gofundme-1-768x481.png 768w, https:\/\/www.zoner.fi\/tuki\/wp-content\/uploads\/2024\/10\/kotisivukone-gofundme-1-1536x962.png 1536w, https:\/\/www.zoner.fi\/tuki\/wp-content\/uploads\/2024\/10\/kotisivukone-gofundme-1.png 1871w\" sizes=\"auto, (max-width: 1024px) 100vw, 1024px\" \/><\/figure>\n\n\n\n<h2 class=\"wp-block-heading\" id=\"step-2\">2. Lis\u00e4\u00e4 sivu tai painike<\/h2>\n\n\n\n<ol class=\"wp-block-list\">\n<li><strong>Avaa GoFundMe-sivu&nbsp;<\/strong>(julkinen varainkeruusivu) tapahtumalle, jonka haluat jakaa.<\/li>\n\n\n\n<li>Voit n\u00e4ytt\u00e4\u00e4 erikokoisia painikkeita. Jos haluat n\u00e4ytt\u00e4\u00e4 suurimman painikkeen, joka n\u00e4ytt\u00e4\u00e4 suurimman osan sivusta,&nbsp;<strong>kopioi URL-osoite<\/strong>&nbsp;selaimen yl\u00e4reunasta. Jos haluat n\u00e4ytt\u00e4\u00e4 pienemm\u00e4n version, napsauta&nbsp;<strong>Jaa<\/strong>, valitse painikkeen koko ja napsauta&nbsp;<strong>Kopioi koodi<\/strong>.<\/li>\n\n\n\n<li>Mene takaisin Zoner Kotisivukoneeseen ja&nbsp;<strong>liit\u00e4 linkki\/koodi&nbsp;<\/strong>GoFundMe-ponnahdusikkunaan.<\/li>\n\n\n\n<li>Napsauta&nbsp;<strong>OK<\/strong>&nbsp;lis\u00e4t\u00e4ksesi sen sivustollesi.<\/li>\n<\/ol>\n\n\n\n<figure class=\"wp-block-image size-large\"><img loading=\"lazy\" decoding=\"async\" width=\"1024\" height=\"644\" src=\"https:\/\/www.zoner.fi\/tuki\/wp-content\/uploads\/2024\/10\/kotisivukone-gofundme-2-1024x644.png\" alt=\"\" class=\"wp-image-134185\" srcset=\"https:\/\/www.zoner.fi\/tuki\/wp-content\/uploads\/2024\/10\/kotisivukone-gofundme-2-1024x644.png 1024w, https:\/\/www.zoner.fi\/tuki\/wp-content\/uploads\/2024\/10\/kotisivukone-gofundme-2-300x189.png 300w, https:\/\/www.zoner.fi\/tuki\/wp-content\/uploads\/2024\/10\/kotisivukone-gofundme-2-768x483.png 768w, https:\/\/www.zoner.fi\/tuki\/wp-content\/uploads\/2024\/10\/kotisivukone-gofundme-2-1536x966.png 1536w, https:\/\/www.zoner.fi\/tuki\/wp-content\/uploads\/2024\/10\/kotisivukone-gofundme-2.png 1873w\" sizes=\"auto, (max-width: 1024px) 100vw, 1024px\" \/><\/figure>\n\n\n\n<h2 class=\"wp-block-heading\" id=\"h_01GM5YABKH5WGW2X9AT686XXBG\">Muokkaa widgetin asetuksia<\/h2>\n\n\n\n<p>Kun olet lis\u00e4nnyt widgetin, voit muokata seuraavia asetuksia valitsemalla komponentin ja napsauttamalla sen p\u00e4\u00e4ll\u00e4 olevia v\u00e4lilehti\u00e4:<\/p>\n\n\n\n<ul class=\"wp-block-list\">\n<li>&nbsp;<strong>Asetukset:<\/strong>&nbsp;T\u00e4ss\u00e4 voit muuttaa komponentin mittoja sy\u00f6tt\u00e4m\u00e4ll\u00e4 ne tekstikenttiin. Huomaa, ett\u00e4 voit s\u00e4\u00e4t\u00e4\u00e4 kokoa my\u00f6s vet\u00e4m\u00e4ll\u00e4 reunoja.<\/li>\n\n\n\n<li>&nbsp;<strong>Vaihda-painike:<\/strong>&nbsp;T\u00e4m\u00e4n vaihtoehdon avulla voit vaihtaa painikkeen poistamatta koko widgeti\u00e4.<\/li>\n<\/ul>\n\n\n\n<p>Muista lopuksi&nbsp;<strong>tallentaa ja julkaista<\/strong>&nbsp;sivustosi, jotta muutokset n\u00e4kyv\u00e4t julkaistulla sivustollasi.<\/p>\n","protected":false},"excerpt":{"rendered":"<p>Zoner Kotisivukoneessa voit helposti lis\u00e4t\u00e4 GoFundMe-tapahtuman sivuillesi widgetin avulla. Huomaa:&nbsp;T\u00e4m\u00e4 ominaisuus on k\u00e4ytett\u00e4viss\u00e4 Zoner Kotisivukoneen Premium- ja Business-paketeissa.&nbsp; 1. Valitse GoFundMe-widget 2. Lis\u00e4\u00e4 sivu tai painike Muokkaa widgetin asetuksia Kun olet lis\u00e4nnyt widgetin, voit muokata seuraavia asetuksia valitsemalla komponentin ja napsauttamalla sen p\u00e4\u00e4ll\u00e4 olevia v\u00e4lilehti\u00e4: Muista lopuksi&nbsp;tallentaa ja julkaista&nbsp;sivustosi, jotta muutokset n\u00e4kyv\u00e4t julkaistulla sivustollasi.<\/p>\n","protected":false},"author":18,"featured_media":0,"parent":137385,"menu_order":0,"comment_status":"closed","ping_status":"closed","template":"","meta":{"_relevanssi_hide_post":"","_relevanssi_hide_content":"","_relevanssi_pin_for_all":"","_relevanssi_pin_keywords":"","_relevanssi_unpin_keywords":"","_relevanssi_related_keywords":"","_relevanssi_related_include_ids":"","_relevanssi_related_exclude_ids":"","_relevanssi_related_no_append":"","_relevanssi_related_not_related":"","_relevanssi_related_posts":"132301,132144,130819,132254,132826,130641","_relevanssi_noindex_reason":"","footnotes":""},"categories":[166],"tags":[162],"wf_page_folders":[],"class_list":{"0":"post-133358","1":"page","2":"type-page","3":"status-publish","5":"category-zoner-kotisivukone","6":"tag-upotus-ja-koodi"},"_links":{"self":[{"href":"https:\/\/www.zoner.fi\/tuki\/wp-json\/wp\/v2\/pages\/133358","targetHints":{"allow":["GET"]}}],"collection":[{"href":"https:\/\/www.zoner.fi\/tuki\/wp-json\/wp\/v2\/pages"}],"about":[{"href":"https:\/\/www.zoner.fi\/tuki\/wp-json\/wp\/v2\/types\/page"}],"author":[{"embeddable":true,"href":"https:\/\/www.zoner.fi\/tuki\/wp-json\/wp\/v2\/users\/18"}],"replies":[{"embeddable":true,"href":"https:\/\/www.zoner.fi\/tuki\/wp-json\/wp\/v2\/comments?post=133358"}],"version-history":[{"count":5,"href":"https:\/\/www.zoner.fi\/tuki\/wp-json\/wp\/v2\/pages\/133358\/revisions"}],"predecessor-version":[{"id":134633,"href":"https:\/\/www.zoner.fi\/tuki\/wp-json\/wp\/v2\/pages\/133358\/revisions\/134633"}],"up":[{"embeddable":true,"href":"https:\/\/www.zoner.fi\/tuki\/wp-json\/wp\/v2\/pages\/137385"}],"wp:attachment":[{"href":"https:\/\/www.zoner.fi\/tuki\/wp-json\/wp\/v2\/media?parent=133358"}],"wp:term":[{"taxonomy":"category","embeddable":true,"href":"https:\/\/www.zoner.fi\/tuki\/wp-json\/wp\/v2\/categories?post=133358"},{"taxonomy":"post_tag","embeddable":true,"href":"https:\/\/www.zoner.fi\/tuki\/wp-json\/wp\/v2\/tags?post=133358"},{"taxonomy":"wf_page_folders","embeddable":true,"href":"https:\/\/www.zoner.fi\/tuki\/wp-json\/wp\/v2\/wf_page_folders?post=133358"}],"curies":[{"name":"wp","href":"https:\/\/api.w.org\/{rel}","templated":true}]}}