{"id":133360,"date":"2024-11-12T13:58:31","date_gmt":"2024-11-12T11:58:31","guid":{"rendered":"https:\/\/www.zoner.fi\/tuki\/?page_id=133360"},"modified":"2025-09-25T16:42:38","modified_gmt":"2025-09-25T13:42:38","slug":"mailchimp-lomakkeen-lisaaminen-kotisivuille","status":"publish","type":"page","link":"https:\/\/www.zoner.fi\/tuki\/kotisivukone\/zoner\/mailchimp-lomakkeen-lisaaminen-kotisivuille\/","title":{"rendered":"Mailchimp-lomakkeen lis\u00e4\u00e4minen kotisivuille"},"content":{"rendered":"\n<p>Pid\u00e4 yhteytt\u00e4 kauppasi asiakkaisiin uutiskirjeen avulla! Mailchimp on yksi suosituimmista s\u00e4hk\u00f6postimarkkinointialustoista, ja voit helposti k\u00e4ytt\u00e4\u00e4 sit\u00e4 Zoner Kotisivukone -sivustollasi.<\/p>\n\n\n\n<p>T\u00e4ss\u00e4 oppaassa n\u00e4yt\u00e4mme, miten voit upottaa Mailchimp-lomakkeen Zoner Kotisivukone -sivustollesi Mailchimp-widgetin avulla.<\/p>\n\n\n\n<p><strong>Huomaa:\u00a0<\/strong>T\u00e4m\u00e4 ominaisuus on k\u00e4ytett\u00e4viss\u00e4 Zoner Kotisivukoneen Premium- ja Business-paketeissa.\u00a0<\/p>\n\n\n\n<h2 class=\"wp-block-heading\" id=\"step-1\">1. Valitse Mailchimp-widget<\/h2>\n\n\n\n<ol class=\"wp-block-list\">\n<li>Avaa Zoner Kotisivukoneen editori.<\/li>\n\n\n\n<li>Siirry sivulle tai osioon, johon haluat lis\u00e4t\u00e4 Mailchimp-lomakkeen widgetin avulla.<\/li>\n\n\n\n<li>Valitse vasemmalla olevasta valikosta\u00a0<strong>Widgetit<\/strong>.<\/li>\n\n\n\n<li>Valitse\u00a0<strong>Business<\/strong>-kohdassa\u00a0<strong>Mailchimp<\/strong>.<\/li>\n<\/ol>\n\n\n\n<figure class=\"wp-block-image size-large\"><img loading=\"lazy\" decoding=\"async\" width=\"1024\" height=\"642\" src=\"https:\/\/www.zoner.fi\/tuki\/wp-content\/uploads\/2024\/10\/kotisivukone-mailchimp-lomake-1-1-1024x642.png\" alt=\"\" class=\"wp-image-134157\" srcset=\"https:\/\/www.zoner.fi\/tuki\/wp-content\/uploads\/2024\/10\/kotisivukone-mailchimp-lomake-1-1-1024x642.png 1024w, https:\/\/www.zoner.fi\/tuki\/wp-content\/uploads\/2024\/10\/kotisivukone-mailchimp-lomake-1-1-300x188.png 300w, https:\/\/www.zoner.fi\/tuki\/wp-content\/uploads\/2024\/10\/kotisivukone-mailchimp-lomake-1-1-768x481.png 768w, https:\/\/www.zoner.fi\/tuki\/wp-content\/uploads\/2024\/10\/kotisivukone-mailchimp-lomake-1-1-1536x963.png 1536w, https:\/\/www.zoner.fi\/tuki\/wp-content\/uploads\/2024\/10\/kotisivukone-mailchimp-lomake-1-1.png 1873w\" sizes=\"auto, (max-width: 1024px) 100vw, 1024px\" \/><\/figure>\n\n\n\n<h2 class=\"wp-block-heading\" id=\"step-2\">2. Lis\u00e4\u00e4 upotuskoodi<\/h2>\n\n\n\n<p><strong>Huomaa:<\/strong>&nbsp;Ennen seuraavien vaiheiden tekemist\u00e4 sinun on muutettava lomakkeen koodia. L\u00f6yd\u00e4t lis\u00e4tietoja&nbsp;<a href=\"https:\/\/mailchimp.com\/help\/customize-embedded-signup-form\/\" target=\"_blank\" rel=\"noopener\">Mailchimpin omasta oppaasta.<\/a><\/p>\n\n\n\n<ol class=\"wp-block-list\">\n<li><strong>Siirry Mailchimp-hallintapaneeliin<\/strong>\u00a0ja luo lomakkeesi upotuskoodi. Lue tarvittaessa\u00a0<a href=\"https:\/\/mailchimp.com\/en-gb\/help\/add-a-signup-form-to-your-website\/#Generate_embedded_form_code\" target=\"_blank\" rel=\"noopener\">Mailchimpin oma opas upotuskoodin luomisesta<\/a>.<\/li>\n\n\n\n<li>Palaa takaisin Zoner Kotisivukoneeseen ja\u00a0<strong>liit\u00e4 kopioitu koodi<\/strong>\u00a0Mailchimp-ponnahdusikkunaan.<\/li>\n\n\n\n<li>Valitse\u00a0<strong>OK<\/strong>\u00a0lis\u00e4t\u00e4ksesi sen sivustollesi.\u00a0<\/li>\n<\/ol>\n\n\n\n<figure class=\"wp-block-image size-large\"><img loading=\"lazy\" decoding=\"async\" width=\"1024\" height=\"647\" src=\"https:\/\/www.zoner.fi\/tuki\/wp-content\/uploads\/2024\/10\/kotisivukone-mailchimp-lomake-2-1-1024x647.png\" alt=\"\" class=\"wp-image-134158\" srcset=\"https:\/\/www.zoner.fi\/tuki\/wp-content\/uploads\/2024\/10\/kotisivukone-mailchimp-lomake-2-1-1024x647.png 1024w, https:\/\/www.zoner.fi\/tuki\/wp-content\/uploads\/2024\/10\/kotisivukone-mailchimp-lomake-2-1-300x190.png 300w, https:\/\/www.zoner.fi\/tuki\/wp-content\/uploads\/2024\/10\/kotisivukone-mailchimp-lomake-2-1-768x485.png 768w, https:\/\/www.zoner.fi\/tuki\/wp-content\/uploads\/2024\/10\/kotisivukone-mailchimp-lomake-2-1-1536x970.png 1536w, https:\/\/www.zoner.fi\/tuki\/wp-content\/uploads\/2024\/10\/kotisivukone-mailchimp-lomake-2-1.png 1871w\" sizes=\"auto, (max-width: 1024px) 100vw, 1024px\" \/><\/figure>\n\n\n\n<h2 class=\"wp-block-heading\" id=\"step-3\">Muokkaa Mailchimp-widgetin asetuksia<\/h2>\n\n\n\n<p>Kun olet lis\u00e4nnyt widgetin, voit muokata seuraavia asetuksia valitsemalla komponentin ja napsauttamalla sen p\u00e4\u00e4ll\u00e4 olevia v\u00e4lilehti\u00e4:<\/p>\n\n\n\n<ul class=\"wp-block-list\">\n<li>\u00a0<strong>Asetukset:<\/strong>\u00a0T\u00e4ss\u00e4 voit muuttaa komponentin mittoja sy\u00f6tt\u00e4m\u00e4ll\u00e4 ne tekstikenttiin. Huomaa, ett\u00e4 voit s\u00e4\u00e4t\u00e4\u00e4 kokoa my\u00f6s vet\u00e4m\u00e4ll\u00e4 reunoja.<\/li>\n\n\n\n<li>\u00a0<strong>Vaihda koodi:<\/strong>\u00a0Napsauta t\u00e4t\u00e4 vaihtaaksesi komponentin koodin.<\/li>\n<\/ul>\n\n\n\n<p>Muista lopuksi\u00a0<strong>tallentaa ja julkaista<\/strong>\u00a0sivustosi, jotta muutokset n\u00e4kyv\u00e4t julkisella sivustollasi.<\/p>\n\n\n\n<figure class=\"wp-block-image size-large\"><img loading=\"lazy\" decoding=\"async\" width=\"1024\" height=\"646\" src=\"https:\/\/www.zoner.fi\/tuki\/wp-content\/uploads\/2024\/10\/kotisivukone-mailchimp-lomake-3-1-1024x646.png\" alt=\"\" class=\"wp-image-134159\" srcset=\"https:\/\/www.zoner.fi\/tuki\/wp-content\/uploads\/2024\/10\/kotisivukone-mailchimp-lomake-3-1-1024x646.png 1024w, https:\/\/www.zoner.fi\/tuki\/wp-content\/uploads\/2024\/10\/kotisivukone-mailchimp-lomake-3-1-300x189.png 300w, https:\/\/www.zoner.fi\/tuki\/wp-content\/uploads\/2024\/10\/kotisivukone-mailchimp-lomake-3-1-768x484.png 768w, https:\/\/www.zoner.fi\/tuki\/wp-content\/uploads\/2024\/10\/kotisivukone-mailchimp-lomake-3-1-1536x969.png 1536w, https:\/\/www.zoner.fi\/tuki\/wp-content\/uploads\/2024\/10\/kotisivukone-mailchimp-lomake-3-1.png 1871w\" sizes=\"auto, (max-width: 1024px) 100vw, 1024px\" \/><\/figure>\n","protected":false},"excerpt":{"rendered":"<p>Pid\u00e4 yhteytt\u00e4 kauppasi asiakkaisiin uutiskirjeen avulla! Mailchimp on yksi suosituimmista s\u00e4hk\u00f6postimarkkinointialustoista, ja voit helposti k\u00e4ytt\u00e4\u00e4 sit\u00e4 Zoner Kotisivukone -sivustollasi. T\u00e4ss\u00e4 oppaassa n\u00e4yt\u00e4mme, miten voit upottaa Mailchimp-lomakkeen Zoner Kotisivukone -sivustollesi Mailchimp-widgetin avulla. Huomaa:\u00a0T\u00e4m\u00e4 ominaisuus on k\u00e4ytett\u00e4viss\u00e4 Zoner Kotisivukoneen Premium- ja Business-paketeissa.\u00a0 1. Valitse Mailchimp-widget 2. Lis\u00e4\u00e4 upotuskoodi Huomaa:&nbsp;Ennen seuraavien vaiheiden tekemist\u00e4 sinun on muutettava lomakkeen koodia. &#8230; <a title=\"Mailchimp-lomakkeen lis\u00e4\u00e4minen kotisivuille\" class=\"read-more\" href=\"https:\/\/www.zoner.fi\/tuki\/kotisivukone\/zoner\/mailchimp-lomakkeen-lisaaminen-kotisivuille\/\" aria-label=\"Lue lis\u00e4\u00e4 aiheesta Mailchimp-lomakkeen lis\u00e4\u00e4minen kotisivuille\">Lue lis\u00e4\u00e4<\/a><\/p>\n","protected":false},"author":18,"featured_media":0,"parent":137385,"menu_order":0,"comment_status":"closed","ping_status":"closed","template":"","meta":{"_relevanssi_hide_post":"","_relevanssi_hide_content":"","_relevanssi_pin_for_all":"","_relevanssi_pin_keywords":"","_relevanssi_unpin_keywords":"","_relevanssi_related_keywords":"","_relevanssi_related_include_ids":"","_relevanssi_related_exclude_ids":"","_relevanssi_related_no_append":"","_relevanssi_related_not_related":"","_relevanssi_related_posts":"131506,130667,132072,132254,130657,130526","_relevanssi_noindex_reason":"","footnotes":""},"categories":[166],"tags":[162],"wf_page_folders":[],"class_list":{"0":"post-133360","1":"page","2":"type-page","3":"status-publish","5":"category-zoner-kotisivukone","6":"tag-upotus-ja-koodi"},"_links":{"self":[{"href":"https:\/\/www.zoner.fi\/tuki\/wp-json\/wp\/v2\/pages\/133360","targetHints":{"allow":["GET"]}}],"collection":[{"href":"https:\/\/www.zoner.fi\/tuki\/wp-json\/wp\/v2\/pages"}],"about":[{"href":"https:\/\/www.zoner.fi\/tuki\/wp-json\/wp\/v2\/types\/page"}],"author":[{"embeddable":true,"href":"https:\/\/www.zoner.fi\/tuki\/wp-json\/wp\/v2\/users\/18"}],"replies":[{"embeddable":true,"href":"https:\/\/www.zoner.fi\/tuki\/wp-json\/wp\/v2\/comments?post=133360"}],"version-history":[{"count":4,"href":"https:\/\/www.zoner.fi\/tuki\/wp-json\/wp\/v2\/pages\/133360\/revisions"}],"predecessor-version":[{"id":134160,"href":"https:\/\/www.zoner.fi\/tuki\/wp-json\/wp\/v2\/pages\/133360\/revisions\/134160"}],"up":[{"embeddable":true,"href":"https:\/\/www.zoner.fi\/tuki\/wp-json\/wp\/v2\/pages\/137385"}],"wp:attachment":[{"href":"https:\/\/www.zoner.fi\/tuki\/wp-json\/wp\/v2\/media?parent=133360"}],"wp:term":[{"taxonomy":"category","embeddable":true,"href":"https:\/\/www.zoner.fi\/tuki\/wp-json\/wp\/v2\/categories?post=133360"},{"taxonomy":"post_tag","embeddable":true,"href":"https:\/\/www.zoner.fi\/tuki\/wp-json\/wp\/v2\/tags?post=133360"},{"taxonomy":"wf_page_folders","embeddable":true,"href":"https:\/\/www.zoner.fi\/tuki\/wp-json\/wp\/v2\/wf_page_folders?post=133360"}],"curies":[{"name":"wp","href":"https:\/\/api.w.org\/{rel}","templated":true}]}}