{"id":133366,"date":"2024-11-12T11:24:34","date_gmt":"2024-11-12T09:24:34","guid":{"rendered":"https:\/\/www.zoner.fi\/tuki\/?page_id=133366"},"modified":"2025-09-25T16:43:15","modified_gmt":"2025-09-25T13:43:15","slug":"soundcloud-widgetin-lisaaminen-kotisivuille","status":"publish","type":"page","link":"https:\/\/www.zoner.fi\/tuki\/kotisivukone\/zoner\/soundcloud-widgetin-lisaaminen-kotisivuille\/","title":{"rendered":"SoundCloud-widgetin lis\u00e4\u00e4minen kotisivuille"},"content":{"rendered":"\n<p>Zoner Kotisivukoneessa voit helposti jakaa ja mainostaa musiikkkia suoraan kotisivuillasi! T\u00e4ss\u00e4 oppaassa n\u00e4yt\u00e4mme, miten voit SoundCloud-widgetin avulla lis\u00e4t\u00e4 kappaleita tai soittolistoja sivustollesi.<\/p>\n\n\n\n<p><strong>Huomaa<\/strong>:&nbsp;T\u00e4m\u00e4 ominaisuus on saatavilla Zoner Kotisivukoneen Premium- ja Business-paketeissa.&nbsp;<\/p>\n\n\n\n<h2 class=\"wp-block-heading\" id=\"step-1\">1. Valitse SoundCloud-widget<\/h2>\n\n\n\n<ol class=\"wp-block-list\">\n<li>Avaa Zoner Kotisivukoneen editori.<\/li>\n\n\n\n<li>Siirry sivustosi osaan, johon haluat lis\u00e4t\u00e4 SoundCloud-widgetin.<\/li>\n\n\n\n<li>Valitse vasemmalla olevasta valikosta&nbsp;<strong>Widgetit<\/strong>.<\/li>\n\n\n\n<li>Valitse Musiikki-kohdassa\u00a0<strong>SoundCloud<\/strong>.<\/li>\n<\/ol>\n\n\n\n<figure class=\"wp-block-image size-large\"><img loading=\"lazy\" decoding=\"async\" width=\"1024\" height=\"642\" src=\"https:\/\/www.zoner.fi\/tuki\/wp-content\/uploads\/2024\/10\/kotisivukone-soundcloud-1-1024x642.png\" alt=\"\" class=\"wp-image-134188\" srcset=\"https:\/\/www.zoner.fi\/tuki\/wp-content\/uploads\/2024\/10\/kotisivukone-soundcloud-1-1024x642.png 1024w, https:\/\/www.zoner.fi\/tuki\/wp-content\/uploads\/2024\/10\/kotisivukone-soundcloud-1-300x188.png 300w, https:\/\/www.zoner.fi\/tuki\/wp-content\/uploads\/2024\/10\/kotisivukone-soundcloud-1-768x481.png 768w, https:\/\/www.zoner.fi\/tuki\/wp-content\/uploads\/2024\/10\/kotisivukone-soundcloud-1.png 1502w\" sizes=\"auto, (max-width: 1024px) 100vw, 1024px\" \/><\/figure>\n\n\n\n<h2 class=\"wp-block-heading\" id=\"step-2\">2. Lis\u00e4\u00e4 kappale tai soittolista<\/h2>\n\n\n\n<ol class=\"wp-block-list\">\n<li>Siirry SoundCloudiin&nbsp;ja etsi sis\u00e4lt\u00f6, jonka haluat lis\u00e4t\u00e4 sivustollesi.<\/li>\n\n\n\n<li><strong>Kopioi kappaleen tai soittolistan URL-osoite<\/strong>&nbsp;selaimen yl\u00e4palkista. Voit my\u00f6s napsauttaa valitsemasi kohteen&nbsp;<strong>Jaa<\/strong>-painiketta ja kopioida linkin avautuvan ponnahdusikkunan alareunasta.<\/li>\n\n\n\n<li>Palaa Zoner Kotisivukoneeseen ja&nbsp;<strong>liit\u00e4 linkki<\/strong>&nbsp;SoundCloud-ponnahdusikkunaan.<\/li>\n\n\n\n<li>Napsauta&nbsp;<strong>OK<\/strong>&nbsp;lis\u00e4t\u00e4ksesi sen verkkosivustollesi.<\/li>\n<\/ol>\n\n\n\n<figure class=\"wp-block-image size-large\"><img loading=\"lazy\" decoding=\"async\" width=\"1024\" height=\"643\" src=\"https:\/\/www.zoner.fi\/tuki\/wp-content\/uploads\/2024\/10\/kotisivukone-soundcloud-2-1024x643.png\" alt=\"\" class=\"wp-image-134189\" srcset=\"https:\/\/www.zoner.fi\/tuki\/wp-content\/uploads\/2024\/10\/kotisivukone-soundcloud-2-1024x643.png 1024w, https:\/\/www.zoner.fi\/tuki\/wp-content\/uploads\/2024\/10\/kotisivukone-soundcloud-2-300x188.png 300w, https:\/\/www.zoner.fi\/tuki\/wp-content\/uploads\/2024\/10\/kotisivukone-soundcloud-2-768x482.png 768w, https:\/\/www.zoner.fi\/tuki\/wp-content\/uploads\/2024\/10\/kotisivukone-soundcloud-2.png 1502w\" sizes=\"auto, (max-width: 1024px) 100vw, 1024px\" \/><\/figure>\n\n\n\n<h2 class=\"wp-block-heading\" id=\"step-3\">Muokkaa widget-asetuksia<\/h2>\n\n\n\n<p>Kun olet lis\u00e4nnyt widgetin, voit muokata seuraavia asetuksia valitsemalla sen ja napsauttamalla sen p\u00e4\u00e4ll\u00e4 olevia v\u00e4lilehti\u00e4:<\/p>\n\n\n\n<ul class=\"wp-block-list\">\n<li>&nbsp;<strong>Asetukset:<\/strong>&nbsp;T\u00e4ss\u00e4 voit muuttaa komponentin mittoja sy\u00f6tt\u00e4m\u00e4ll\u00e4 ne tekstikenttiin. Huomaa, ett\u00e4 voit s\u00e4\u00e4t\u00e4\u00e4 kokoa my\u00f6s vet\u00e4m\u00e4ll\u00e4 reunoja.<\/li>\n\n\n\n<li>&nbsp;<strong>Vaihda kappaletta\/soittolistaa:<\/strong>&nbsp;Napsauta t\u00e4t\u00e4 vaihtoehtoa vaihtaaksesi eri kappaleen tai soittolistan komponenttiin.<\/li>\n<\/ul>\n\n\n\n<p>Muista lopuksi&nbsp;<strong>tallentaa ja julkaista<\/strong>&nbsp;sivustosi, jotta muutokset n\u00e4kyv\u00e4t julkaistulla sivustollasi.<\/p>\n","protected":false},"excerpt":{"rendered":"<p>Zoner Kotisivukoneessa voit helposti jakaa ja mainostaa musiikkkia suoraan kotisivuillasi! T\u00e4ss\u00e4 oppaassa n\u00e4yt\u00e4mme, miten voit SoundCloud-widgetin avulla lis\u00e4t\u00e4 kappaleita tai soittolistoja sivustollesi. Huomaa:&nbsp;T\u00e4m\u00e4 ominaisuus on saatavilla Zoner Kotisivukoneen Premium- ja Business-paketeissa.&nbsp; 1. Valitse SoundCloud-widget 2. Lis\u00e4\u00e4 kappale tai soittolista Muokkaa widget-asetuksia Kun olet lis\u00e4nnyt widgetin, voit muokata seuraavia asetuksia valitsemalla sen ja napsauttamalla sen p\u00e4\u00e4ll\u00e4 &#8230; <a title=\"SoundCloud-widgetin lis\u00e4\u00e4minen kotisivuille\" class=\"read-more\" href=\"https:\/\/www.zoner.fi\/tuki\/kotisivukone\/zoner\/soundcloud-widgetin-lisaaminen-kotisivuille\/\" aria-label=\"Lue lis\u00e4\u00e4 aiheesta SoundCloud-widgetin lis\u00e4\u00e4minen kotisivuille\">Lue lis\u00e4\u00e4<\/a><\/p>\n","protected":false},"author":18,"featured_media":0,"parent":137385,"menu_order":0,"comment_status":"closed","ping_status":"closed","template":"","meta":{"_relevanssi_hide_post":"","_relevanssi_hide_content":"","_relevanssi_pin_for_all":"","_relevanssi_pin_keywords":"","_relevanssi_unpin_keywords":"","_relevanssi_related_keywords":"","_relevanssi_related_include_ids":"","_relevanssi_related_exclude_ids":"","_relevanssi_related_no_append":"","_relevanssi_related_not_related":"","_relevanssi_related_posts":"130464,130412,131550,132325,132584,130578","_relevanssi_noindex_reason":"","footnotes":""},"categories":[166],"tags":[162],"wf_page_folders":[],"class_list":{"0":"post-133366","1":"page","2":"type-page","3":"status-publish","5":"category-zoner-kotisivukone","6":"tag-upotus-ja-koodi"},"_links":{"self":[{"href":"https:\/\/www.zoner.fi\/tuki\/wp-json\/wp\/v2\/pages\/133366","targetHints":{"allow":["GET"]}}],"collection":[{"href":"https:\/\/www.zoner.fi\/tuki\/wp-json\/wp\/v2\/pages"}],"about":[{"href":"https:\/\/www.zoner.fi\/tuki\/wp-json\/wp\/v2\/types\/page"}],"author":[{"embeddable":true,"href":"https:\/\/www.zoner.fi\/tuki\/wp-json\/wp\/v2\/users\/18"}],"replies":[{"embeddable":true,"href":"https:\/\/www.zoner.fi\/tuki\/wp-json\/wp\/v2\/comments?post=133366"}],"version-history":[{"count":5,"href":"https:\/\/www.zoner.fi\/tuki\/wp-json\/wp\/v2\/pages\/133366\/revisions"}],"predecessor-version":[{"id":134568,"href":"https:\/\/www.zoner.fi\/tuki\/wp-json\/wp\/v2\/pages\/133366\/revisions\/134568"}],"up":[{"embeddable":true,"href":"https:\/\/www.zoner.fi\/tuki\/wp-json\/wp\/v2\/pages\/137385"}],"wp:attachment":[{"href":"https:\/\/www.zoner.fi\/tuki\/wp-json\/wp\/v2\/media?parent=133366"}],"wp:term":[{"taxonomy":"category","embeddable":true,"href":"https:\/\/www.zoner.fi\/tuki\/wp-json\/wp\/v2\/categories?post=133366"},{"taxonomy":"post_tag","embeddable":true,"href":"https:\/\/www.zoner.fi\/tuki\/wp-json\/wp\/v2\/tags?post=133366"},{"taxonomy":"wf_page_folders","embeddable":true,"href":"https:\/\/www.zoner.fi\/tuki\/wp-json\/wp\/v2\/wf_page_folders?post=133366"}],"curies":[{"name":"wp","href":"https:\/\/api.w.org\/{rel}","templated":true}]}}