{"id":133374,"date":"2024-11-12T13:57:59","date_gmt":"2024-11-12T11:57:59","guid":{"rendered":"https:\/\/www.zoner.fi\/tuki\/?page_id=133374"},"modified":"2025-09-25T16:43:17","modified_gmt":"2025-09-25T13:43:17","slug":"tiktok-widgetin-lisaaminen-kotisivuille","status":"publish","type":"page","link":"https:\/\/www.zoner.fi\/tuki\/kotisivukone\/zoner\/tiktok-widgetin-lisaaminen-kotisivuille\/","title":{"rendered":"TikTok-widgetin lis\u00e4\u00e4minen kotisivuille"},"content":{"rendered":"\n<p>Voit jakaa helposti TikTok-sis\u00e4lt\u00f6\u00e4si suoraan Zoner Kotisivukone -sivustollasi. T\u00e4ss\u00e4 oppaassa kerromme, miten voit lis\u00e4t\u00e4 TikTok-videon tai -profiilin kotisivuillesi TikTok-widgetin avulla.<\/p>\n\n\n\n<p><strong>Huomaa:<\/strong>\u00a0T\u00e4m\u00e4 ominaisuus on saatavilla Zoner Kotisivukoneen Premium- ja Business-paketeissa.<\/p>\n\n\n\n<h2 class=\"wp-block-heading\" id=\"step-1\">1. Valitse TikTok-widget<\/h2>\n\n\n\n<ol class=\"wp-block-list\">\n<li>Avaa Zoner Kotisivukoneen editori.<\/li>\n\n\n\n<li>Siirry sivulle tai osioon, johon haluat lis\u00e4t\u00e4 TikTok-sis\u00e4ll\u00f6n.<\/li>\n\n\n\n<li>Siirry vasempaan valikkoon ja valitse<strong>\u00a0Widgetit<\/strong>.<\/li>\n\n\n\n<li>Valitse Sosiaalinen media -kohdasta\u00a0<strong>TikTok<\/strong>. Widget lis\u00e4t\u00e4\u00e4n automaattisesti ty\u00f6tilaasi, mutta voit my\u00f6s vet\u00e4\u00e4 sen valikosta haluamaasi paikkaan sivulla.<\/li>\n<\/ol>\n\n\n\n<figure class=\"wp-block-image size-large\"><img loading=\"lazy\" decoding=\"async\" width=\"1024\" height=\"644\" src=\"https:\/\/www.zoner.fi\/tuki\/wp-content\/uploads\/2024\/10\/widgetit-tiktok-1-1024x644.png\" alt=\"\" class=\"wp-image-134162\" srcset=\"https:\/\/www.zoner.fi\/tuki\/wp-content\/uploads\/2024\/10\/widgetit-tiktok-1-1024x644.png 1024w, https:\/\/www.zoner.fi\/tuki\/wp-content\/uploads\/2024\/10\/widgetit-tiktok-1-300x189.png 300w, https:\/\/www.zoner.fi\/tuki\/wp-content\/uploads\/2024\/10\/widgetit-tiktok-1-768x483.png 768w, https:\/\/www.zoner.fi\/tuki\/wp-content\/uploads\/2024\/10\/widgetit-tiktok-1.png 1502w\" sizes=\"auto, (max-width: 1024px) 100vw, 1024px\" \/><\/figure>\n\n\n\n<h2 class=\"wp-block-heading\" id=\"step-2\">2. Liit\u00e4 video tai profiili<\/h2>\n\n\n\n<ol class=\"wp-block-list\">\n<li>Avaa TikTok\u00a0ja etsi video tai profiili, jonka haluat jakaa kotisivuillasi.<\/li>\n\n\n\n<li>Vie hiiri\u00a0<strong>jakamispainikkeen<\/strong>\u00a0p\u00e4\u00e4lle ja kopioi videon\/profiilin URL-osoite napsauttamalla\u00a0<strong>Kopioi linkki<\/strong>.<\/li>\n\n\n\n<li>Palaa Zoner Kotisivukoneeseen ja\u00a0<strong>liit\u00e4 linkki<\/strong>\u00a0TikTok-ponnahdusikkunaan.<\/li>\n\n\n\n<li>Napsauta\u00a0<strong>OK<\/strong>\u00a0lis\u00e4t\u00e4ksesi sen sivustollesi.<\/li>\n<\/ol>\n\n\n\n<figure class=\"wp-block-image size-large\"><img loading=\"lazy\" decoding=\"async\" width=\"1024\" height=\"642\" src=\"https:\/\/www.zoner.fi\/tuki\/wp-content\/uploads\/2024\/10\/widgetit-tiktok-2-1024x642.png\" alt=\"\" class=\"wp-image-134163\" srcset=\"https:\/\/www.zoner.fi\/tuki\/wp-content\/uploads\/2024\/10\/widgetit-tiktok-2-1024x642.png 1024w, https:\/\/www.zoner.fi\/tuki\/wp-content\/uploads\/2024\/10\/widgetit-tiktok-2-300x188.png 300w, https:\/\/www.zoner.fi\/tuki\/wp-content\/uploads\/2024\/10\/widgetit-tiktok-2-768x481.png 768w, https:\/\/www.zoner.fi\/tuki\/wp-content\/uploads\/2024\/10\/widgetit-tiktok-2.png 1502w\" sizes=\"auto, (max-width: 1024px) 100vw, 1024px\" \/><\/figure>\n\n\n\n<h2 class=\"wp-block-heading\" id=\"step-3\">Muuta widgetin asetuksia<\/h2>\n\n\n\n<p>Kuten muidenkin komponentin kohdalla, voit s\u00e4\u00e4t\u00e4\u00e4 TikTok-widgetin kokoa vet\u00e4m\u00e4ll\u00e4 reunoja oranssien kahvojen avulla.<\/p>\n\n\n\n<p>Jos napsautat komponenttia, seuraavat vaihtoehdot n\u00e4kyv\u00e4t sen yl\u00e4puolella olevilla v\u00e4lilehdill\u00e4:<\/p>\n\n\n\n<ul class=\"wp-block-list\">\n<li>\u00a0<strong>Asetukset<\/strong>: T\u00e4\u00e4ll\u00e4 voit muuttaa komponentin kokoa sy\u00f6tt\u00e4m\u00e4ll\u00e4 tarkat mitat.<\/li>\n\n\n\n<li>\u00a0<strong>Vaihda videota\/profiilia:<\/strong>\u00a0T\u00e4m\u00e4n vaihtoehdon avulla vaihtaa widgetiss\u00e4 n\u00e4kyv\u00e4n videon tai profiilin poistamatta koko widgeti\u00e4.<\/li>\n<\/ul>\n\n\n\n<p>Muista lopuksi&nbsp;<strong>tallentaa ja julkaista<\/strong>&nbsp;sivustosi, jotta muutokset n\u00e4kyv\u00e4t julkisella sivustollasi.<\/p>\n","protected":false},"excerpt":{"rendered":"<p>Voit jakaa helposti TikTok-sis\u00e4lt\u00f6\u00e4si suoraan Zoner Kotisivukone -sivustollasi. T\u00e4ss\u00e4 oppaassa kerromme, miten voit lis\u00e4t\u00e4 TikTok-videon tai -profiilin kotisivuillesi TikTok-widgetin avulla. Huomaa:\u00a0T\u00e4m\u00e4 ominaisuus on saatavilla Zoner Kotisivukoneen Premium- ja Business-paketeissa. 1. Valitse TikTok-widget 2. Liit\u00e4 video tai profiili Muuta widgetin asetuksia Kuten muidenkin komponentin kohdalla, voit s\u00e4\u00e4t\u00e4\u00e4 TikTok-widgetin kokoa vet\u00e4m\u00e4ll\u00e4 reunoja oranssien kahvojen avulla. Jos napsautat &#8230; <a title=\"TikTok-widgetin lis\u00e4\u00e4minen kotisivuille\" class=\"read-more\" href=\"https:\/\/www.zoner.fi\/tuki\/kotisivukone\/zoner\/tiktok-widgetin-lisaaminen-kotisivuille\/\" aria-label=\"Lue lis\u00e4\u00e4 aiheesta TikTok-widgetin lis\u00e4\u00e4minen kotisivuille\">Lue lis\u00e4\u00e4<\/a><\/p>\n","protected":false},"author":18,"featured_media":0,"parent":137385,"menu_order":0,"comment_status":"closed","ping_status":"closed","template":"","meta":{"_relevanssi_hide_post":"","_relevanssi_hide_content":"","_relevanssi_pin_for_all":"","_relevanssi_pin_keywords":"","_relevanssi_unpin_keywords":"","_relevanssi_related_keywords":"","_relevanssi_related_include_ids":"","_relevanssi_related_exclude_ids":"","_relevanssi_related_no_append":"","_relevanssi_related_not_related":"","_relevanssi_related_posts":"130899,130450,130553,131892,130667,130578","_relevanssi_noindex_reason":"","footnotes":""},"categories":[166],"tags":[162],"wf_page_folders":[],"class_list":{"0":"post-133374","1":"page","2":"type-page","3":"status-publish","5":"category-zoner-kotisivukone","6":"tag-upotus-ja-koodi"},"_links":{"self":[{"href":"https:\/\/www.zoner.fi\/tuki\/wp-json\/wp\/v2\/pages\/133374","targetHints":{"allow":["GET"]}}],"collection":[{"href":"https:\/\/www.zoner.fi\/tuki\/wp-json\/wp\/v2\/pages"}],"about":[{"href":"https:\/\/www.zoner.fi\/tuki\/wp-json\/wp\/v2\/types\/page"}],"author":[{"embeddable":true,"href":"https:\/\/www.zoner.fi\/tuki\/wp-json\/wp\/v2\/users\/18"}],"replies":[{"embeddable":true,"href":"https:\/\/www.zoner.fi\/tuki\/wp-json\/wp\/v2\/comments?post=133374"}],"version-history":[{"count":3,"href":"https:\/\/www.zoner.fi\/tuki\/wp-json\/wp\/v2\/pages\/133374\/revisions"}],"predecessor-version":[{"id":134165,"href":"https:\/\/www.zoner.fi\/tuki\/wp-json\/wp\/v2\/pages\/133374\/revisions\/134165"}],"up":[{"embeddable":true,"href":"https:\/\/www.zoner.fi\/tuki\/wp-json\/wp\/v2\/pages\/137385"}],"wp:attachment":[{"href":"https:\/\/www.zoner.fi\/tuki\/wp-json\/wp\/v2\/media?parent=133374"}],"wp:term":[{"taxonomy":"category","embeddable":true,"href":"https:\/\/www.zoner.fi\/tuki\/wp-json\/wp\/v2\/categories?post=133374"},{"taxonomy":"post_tag","embeddable":true,"href":"https:\/\/www.zoner.fi\/tuki\/wp-json\/wp\/v2\/tags?post=133374"},{"taxonomy":"wf_page_folders","embeddable":true,"href":"https:\/\/www.zoner.fi\/tuki\/wp-json\/wp\/v2\/wf_page_folders?post=133374"}],"curies":[{"name":"wp","href":"https:\/\/api.w.org\/{rel}","templated":true}]}}