{"id":133376,"date":"2024-11-12T12:48:07","date_gmt":"2024-11-12T10:48:07","guid":{"rendered":"https:\/\/www.zoner.fi\/tuki\/?page_id=133376"},"modified":"2025-09-25T16:42:25","modified_gmt":"2025-09-25T13:42:25","slug":"instagram-julkaisun-lisaaminen-kotisivuille","status":"publish","type":"page","link":"https:\/\/www.zoner.fi\/tuki\/kotisivukone\/zoner\/instagram-julkaisun-lisaaminen-kotisivuille\/","title":{"rendered":"Instagram-julkaisun lis\u00e4\u00e4minen kotisivuille"},"content":{"rendered":"\n<p>Instagram-widgetin avulla voit helposti lis\u00e4t\u00e4 Instagram-julkaisun Zoner Kotisivukone -sivustollesi.<\/p>\n\n\n\n<p><strong>Huomaa:<\/strong>\u00a0T\u00e4m\u00e4 ominaisuus on k\u00e4ytett\u00e4viss\u00e4 Zoner Kotisivukoneen Premium- ja Business-paketeissa.<\/p>\n\n\n\n<h2 class=\"wp-block-heading\" id=\"step-1\">1. Valitse Instagram-widget<\/h2>\n\n\n\n<ol class=\"wp-block-list\">\n<li>Avaa Zoner Kotisivukoneen editori.<\/li>\n\n\n\n<li>Siirry siihen kohtaan sivustollasi, johon haluat lis\u00e4t\u00e4 Instagram-widgetin.<\/li>\n\n\n\n<li>Valitse vasemmalla olevasta valikosta\u00a0<strong>Widgetit<\/strong>.<\/li>\n\n\n\n<li>Valitse Sosiaalinen media -kohdasta\u00a0<strong>Instagram<\/strong>.<\/li>\n<\/ol>\n\n\n\n<figure class=\"wp-block-image size-large\"><img loading=\"lazy\" decoding=\"async\" width=\"1024\" height=\"644\" src=\"https:\/\/www.zoner.fi\/tuki\/wp-content\/uploads\/2024\/10\/instagram-julkaisun-lisaaminen-1-1024x644.png\" alt=\"\" class=\"wp-image-134042\" srcset=\"https:\/\/www.zoner.fi\/tuki\/wp-content\/uploads\/2024\/10\/instagram-julkaisun-lisaaminen-1-1024x644.png 1024w, https:\/\/www.zoner.fi\/tuki\/wp-content\/uploads\/2024\/10\/instagram-julkaisun-lisaaminen-1-300x189.png 300w, https:\/\/www.zoner.fi\/tuki\/wp-content\/uploads\/2024\/10\/instagram-julkaisun-lisaaminen-1-768x483.png 768w, https:\/\/www.zoner.fi\/tuki\/wp-content\/uploads\/2024\/10\/instagram-julkaisun-lisaaminen-1.png 1502w\" sizes=\"auto, (max-width: 1024px) 100vw, 1024px\" \/><\/figure>\n\n\n\n<h2 class=\"wp-block-heading\" id=\"step-2\">2. Lis\u00e4\u00e4 julkaisu<\/h2>\n\n\n\n<ol class=\"wp-block-list\">\n<li><strong>Siirry Instagramiin\u00a0<\/strong>ja etsi julkaisu, jonka haluat lis\u00e4t\u00e4 kotisivuillesi.<\/li>\n\n\n\n<li>Napsauta julkaisussa <strong>kolmen pisteen<\/strong>\u00a0kuvaketta (&#8217;&#8230;&#8217;) ja napsauta sen j\u00e4lkeen <strong>Kopioi linkki<\/strong>\u00a0kopioidaksesi julkaisun URL-linkin.<\/li>\n\n\n\n<li>Liit\u00e4\u00a0<strong>linkki tai koodi<\/strong>\u00a0Zoner Kotisivukoneen ponnahdusikkunaan.<\/li>\n\n\n\n<li>Klikkaa\u00a0<strong>OK<\/strong>\u00a0lis\u00e4t\u00e4ksesi julkaisun sivustollesi.<\/li>\n<\/ol>\n\n\n\n<figure class=\"wp-block-image size-large\"><img loading=\"lazy\" decoding=\"async\" width=\"1024\" height=\"643\" src=\"https:\/\/www.zoner.fi\/tuki\/wp-content\/uploads\/2024\/10\/instagram-julkaisun-lisaaminen-2-1024x643.png\" alt=\"\" class=\"wp-image-134043\" srcset=\"https:\/\/www.zoner.fi\/tuki\/wp-content\/uploads\/2024\/10\/instagram-julkaisun-lisaaminen-2-1024x643.png 1024w, https:\/\/www.zoner.fi\/tuki\/wp-content\/uploads\/2024\/10\/instagram-julkaisun-lisaaminen-2-300x188.png 300w, https:\/\/www.zoner.fi\/tuki\/wp-content\/uploads\/2024\/10\/instagram-julkaisun-lisaaminen-2-768x482.png 768w, https:\/\/www.zoner.fi\/tuki\/wp-content\/uploads\/2024\/10\/instagram-julkaisun-lisaaminen-2.png 1500w\" sizes=\"auto, (max-width: 1024px) 100vw, 1024px\" \/><\/figure>\n\n\n\n<h2 class=\"wp-block-heading\" id=\"step-3\">3. Muokkaa Instagram-widgeti\u00e4<\/h2>\n\n\n\n<p>Voit muuttaa widgetin kokoa vet\u00e4m\u00e4ll\u00e4 sen reunojen oransseista kahvoista. Jos napsautat widgeti\u00e4 lis\u00e4tty\u00e4si sen sivulle, voit muuttaa seuraavia asetuksia:<\/p>\n\n\n\n<ul class=\"wp-block-list\">\n<li>\u00a0<strong>Asetukset:<\/strong>\u00a0M\u00e4\u00e4rit\u00e4 komponentin koko sy\u00f6tt\u00e4m\u00e4ll\u00e4 tarkat mitat.<\/li>\n\n\n\n<li>\u00a0<strong>Vaihda julkaisua:<\/strong>\u00a0T\u00e4m\u00e4n vaihtoehdon avulla voit lis\u00e4t\u00e4 URL-osoitteen toiseen postaukseen. T\u00e4ll\u00e4 tavalla voit vaihtaa postausta poistamatta koko komponenttia.<\/li>\n<\/ul>\n\n\n\n<p>Muista lopuksi\u00a0<strong>tallentaa ja julkaista<\/strong>\u00a0muutokset, jotta ne n\u00e4kyv\u00e4t verkossa.<\/p>\n\n\n\n<figure class=\"wp-block-image size-large\"><img loading=\"lazy\" decoding=\"async\" width=\"1024\" height=\"642\" src=\"https:\/\/www.zoner.fi\/tuki\/wp-content\/uploads\/2024\/10\/instagram-julkaisun-lisaaminen-3-1024x642.png\" alt=\"\" class=\"wp-image-134044\" srcset=\"https:\/\/www.zoner.fi\/tuki\/wp-content\/uploads\/2024\/10\/instagram-julkaisun-lisaaminen-3-1024x642.png 1024w, https:\/\/www.zoner.fi\/tuki\/wp-content\/uploads\/2024\/10\/instagram-julkaisun-lisaaminen-3-300x188.png 300w, https:\/\/www.zoner.fi\/tuki\/wp-content\/uploads\/2024\/10\/instagram-julkaisun-lisaaminen-3-768x481.png 768w, https:\/\/www.zoner.fi\/tuki\/wp-content\/uploads\/2024\/10\/instagram-julkaisun-lisaaminen-3.png 1502w\" sizes=\"auto, (max-width: 1024px) 100vw, 1024px\" \/><\/figure>\n","protected":false},"excerpt":{"rendered":"<p>Instagram-widgetin avulla voit helposti lis\u00e4t\u00e4 Instagram-julkaisun Zoner Kotisivukone -sivustollesi. Huomaa:\u00a0T\u00e4m\u00e4 ominaisuus on k\u00e4ytett\u00e4viss\u00e4 Zoner Kotisivukoneen Premium- ja Business-paketeissa. 1. Valitse Instagram-widget 2. Lis\u00e4\u00e4 julkaisu 3. Muokkaa Instagram-widgeti\u00e4 Voit muuttaa widgetin kokoa vet\u00e4m\u00e4ll\u00e4 sen reunojen oransseista kahvoista. Jos napsautat widgeti\u00e4 lis\u00e4tty\u00e4si sen sivulle, voit muuttaa seuraavia asetuksia: Muista lopuksi\u00a0tallentaa ja julkaista\u00a0muutokset, jotta ne n\u00e4kyv\u00e4t verkossa.<\/p>\n","protected":false},"author":18,"featured_media":0,"parent":137385,"menu_order":0,"comment_status":"closed","ping_status":"closed","template":"","meta":{"_relevanssi_hide_post":"","_relevanssi_hide_content":"","_relevanssi_pin_for_all":"","_relevanssi_pin_keywords":"","_relevanssi_unpin_keywords":"","_relevanssi_related_keywords":"","_relevanssi_related_include_ids":"","_relevanssi_related_exclude_ids":"","_relevanssi_related_no_append":"","_relevanssi_related_not_related":"","_relevanssi_related_posts":"132301,130819,130616,132140,130464,130515","_relevanssi_noindex_reason":"","footnotes":""},"categories":[166],"tags":[162],"wf_page_folders":[],"class_list":{"0":"post-133376","1":"page","2":"type-page","3":"status-publish","5":"category-zoner-kotisivukone","6":"tag-upotus-ja-koodi"},"_links":{"self":[{"href":"https:\/\/www.zoner.fi\/tuki\/wp-json\/wp\/v2\/pages\/133376","targetHints":{"allow":["GET"]}}],"collection":[{"href":"https:\/\/www.zoner.fi\/tuki\/wp-json\/wp\/v2\/pages"}],"about":[{"href":"https:\/\/www.zoner.fi\/tuki\/wp-json\/wp\/v2\/types\/page"}],"author":[{"embeddable":true,"href":"https:\/\/www.zoner.fi\/tuki\/wp-json\/wp\/v2\/users\/18"}],"replies":[{"embeddable":true,"href":"https:\/\/www.zoner.fi\/tuki\/wp-json\/wp\/v2\/comments?post=133376"}],"version-history":[{"count":5,"href":"https:\/\/www.zoner.fi\/tuki\/wp-json\/wp\/v2\/pages\/133376\/revisions"}],"predecessor-version":[{"id":137712,"href":"https:\/\/www.zoner.fi\/tuki\/wp-json\/wp\/v2\/pages\/133376\/revisions\/137712"}],"up":[{"embeddable":true,"href":"https:\/\/www.zoner.fi\/tuki\/wp-json\/wp\/v2\/pages\/137385"}],"wp:attachment":[{"href":"https:\/\/www.zoner.fi\/tuki\/wp-json\/wp\/v2\/media?parent=133376"}],"wp:term":[{"taxonomy":"category","embeddable":true,"href":"https:\/\/www.zoner.fi\/tuki\/wp-json\/wp\/v2\/categories?post=133376"},{"taxonomy":"post_tag","embeddable":true,"href":"https:\/\/www.zoner.fi\/tuki\/wp-json\/wp\/v2\/tags?post=133376"},{"taxonomy":"wf_page_folders","embeddable":true,"href":"https:\/\/www.zoner.fi\/tuki\/wp-json\/wp\/v2\/wf_page_folders?post=133376"}],"curies":[{"name":"wp","href":"https:\/\/api.w.org\/{rel}","templated":true}]}}