{"id":133378,"date":"2024-11-12T17:10:47","date_gmt":"2024-11-12T15:10:47","guid":{"rendered":"https:\/\/www.zoner.fi\/tuki\/?page_id=133378"},"modified":"2025-09-25T16:43:21","modified_gmt":"2025-09-25T13:43:21","slug":"yhteystietojen-hallinta-zoner-kotisivukoneessa","status":"publish","type":"page","link":"https:\/\/www.zoner.fi\/tuki\/kotisivukone\/zoner\/yhteystietojen-hallinta-zoner-kotisivukoneessa\/","title":{"rendered":"Yhteystietojen hallinta Zoner Kotisivukoneessa"},"content":{"rendered":"\n<p>Lis\u00e4\u00e4 yrityksen yhteystiedot kotisivuillesi helposti k\u00e4ytt\u00e4m\u00e4ll\u00e4 Zoner Kotisivukoneen yhteystieto-komponentteja! Voit hallita yhteystietoja sivuston asetuksissa, jolloin ne p\u00e4ivittyv\u00e4t automaattisesti kaikkiin sivustolla oleviin yhteystieto-komponentteihin.<\/p>\n\n\n\n<h2 class=\"wp-block-heading\" id=\"step-1\">Hallitse yhteystietoja asetuksissa<\/h2>\n\n\n\n<p>Voit hallita s\u00e4hk\u00f6posti-, puhelin- ja osoitetietojasi verkkosivuston asetuksissa. Kaikki asetuksissa tekem\u00e4si muutokset p\u00e4ivitet\u00e4\u00e4n automaattisesti kaikkiin sivustollasi oleviin yhteystietokomponentteihin.<\/p>\n\n\n\n<ol class=\"wp-block-list\">\n<li>Napsauta Zoner Kotisivukone -editorin oikeassa yl\u00e4kulmassa olevaa valikkoa ja valitse&nbsp;<strong>Asetukset.<\/strong><\/li>\n\n\n\n<li>Vierit\u00e4 alas, kunnes n\u00e4et&nbsp;<strong>S\u00e4hk\u00f6postiosoite<\/strong>-, <strong>Puhelin <\/strong>ja <strong>Osoite<\/strong>-kohdat. Sy\u00f6t\u00e4 niihin yhteystiedot, jotka haluat n\u00e4ytt\u00e4\u00e4 sivustollasi.<\/li>\n\n\n\n<li>Napsauta&nbsp;<strong>Valmis<\/strong>.<\/li>\n\n\n\n<li>Tee muutokset n\u00e4kyviksi verkossa napsauttamalla&nbsp;<strong>Tallenna<\/strong>&nbsp;ja&nbsp;<strong>Julkaise<\/strong>.<\/li>\n<\/ol>\n\n\n\n<p><strong>Huomio:<\/strong>&nbsp;Olet ehk\u00e4 sy\u00f6tt\u00e4nyt yhteystietosi jo aiemmin, kun valitsit ulkoasumallin.<\/p>\n\n\n\n<figure class=\"wp-block-image size-large\"><img loading=\"lazy\" decoding=\"async\" width=\"1024\" height=\"624\" src=\"https:\/\/www.zoner.fi\/tuki\/wp-content\/uploads\/2024\/10\/kotisivukone-yhteystietojen-hallinta-1-1024x624.png\" alt=\"\" class=\"wp-image-134089\" srcset=\"https:\/\/www.zoner.fi\/tuki\/wp-content\/uploads\/2024\/10\/kotisivukone-yhteystietojen-hallinta-1-1024x624.png 1024w, https:\/\/www.zoner.fi\/tuki\/wp-content\/uploads\/2024\/10\/kotisivukone-yhteystietojen-hallinta-1-300x183.png 300w, https:\/\/www.zoner.fi\/tuki\/wp-content\/uploads\/2024\/10\/kotisivukone-yhteystietojen-hallinta-1-768x468.png 768w, https:\/\/www.zoner.fi\/tuki\/wp-content\/uploads\/2024\/10\/kotisivukone-yhteystietojen-hallinta-1.png 1485w\" sizes=\"auto, (max-width: 1024px) 100vw, 1024px\" \/><\/figure>\n\n\n\n<h2 class=\"wp-block-heading\" id=\"step-2\">Lis\u00e4\u00e4 yhteystieto-komponentti sivustolle<\/h2>\n\n\n\n<p>Nyt kun yhteystiedot on tallennettu sivuston asetuksiin, voit lis\u00e4t\u00e4 ne sivulle helposti k\u00e4ytt\u00e4m\u00e4ll\u00e4 yhteystieto-komponentteja.<\/p>\n\n\n\n<ol class=\"wp-block-list\">\n<li>Napsauta kohtaa&nbsp;<strong>Ota yhteytt\u00e4<\/strong>&nbsp;vasemmalla olevassa komponenttivalikossa.<\/li>\n\n\n\n<li>Napsauta haluamaasi komponenttia ja ved\u00e4 se ty\u00f6tilaasi.<\/li>\n\n\n\n<li>Napsauta&nbsp;<strong>Asetukset<\/strong> komponentin yl\u00e4- tai alapuolella.<\/li>\n\n\n\n<li>S\u00e4\u00e4d\u00e4 komponentin ulkon\u00e4k\u00f6\u00e4 ja tyyli\u00e4 avautuneessa paneelissa.<\/li>\n\n\n\n<li>Julkaise muutokset verkossa napsauttamalla&nbsp;<strong>Tallenna<\/strong>&nbsp;ja&nbsp;<strong>Julkaise<\/strong>.<\/li>\n<\/ol>\n\n\n\n<p><strong>Huomaa:<\/strong>&nbsp;Puhelin- ja s\u00e4hk\u00f6postikomponentit ovat napsautettavia, kun sivusto on julkaistu.<\/p>\n\n\n\n<figure class=\"wp-block-image size-large\"><img loading=\"lazy\" decoding=\"async\" width=\"1024\" height=\"624\" src=\"https:\/\/www.zoner.fi\/tuki\/wp-content\/uploads\/2024\/10\/kotisivukone-yhteystietojen-hallinta-2-1024x624.png\" alt=\"\" class=\"wp-image-134090\" srcset=\"https:\/\/www.zoner.fi\/tuki\/wp-content\/uploads\/2024\/10\/kotisivukone-yhteystietojen-hallinta-2-1024x624.png 1024w, https:\/\/www.zoner.fi\/tuki\/wp-content\/uploads\/2024\/10\/kotisivukone-yhteystietojen-hallinta-2-300x183.png 300w, https:\/\/www.zoner.fi\/tuki\/wp-content\/uploads\/2024\/10\/kotisivukone-yhteystietojen-hallinta-2-768x468.png 768w, https:\/\/www.zoner.fi\/tuki\/wp-content\/uploads\/2024\/10\/kotisivukone-yhteystietojen-hallinta-2.png 1485w\" sizes=\"auto, (max-width: 1024px) 100vw, 1024px\" \/><\/figure>\n\n\n\n<h2 class=\"wp-block-heading\" id=\"step-3\">Lis\u00e4\u00e4 yhteydenottolohko sivustolle<\/h2>\n\n\n\n<p>Yksitt\u00e4isten komponenttien sijasta voit my\u00f6s lis\u00e4t\u00e4 Yhteydenotto-lohkon, joka sis\u00e4lt\u00e4\u00e4 yhteystiedot eri asetteluissa. Voit s\u00e4\u00e4t\u00e4\u00e4 lohkon yksitt\u00e4isten komponenttien asetuksia.<\/p>\n\n\n\n<ol class=\"wp-block-list\">\n<li>Napsauta&nbsp;<strong>Ota yhteytt\u00e4<\/strong>&nbsp;vasemmalla olevassa komponenttivalikossa.<\/li>\n\n\n\n<li>Napsauta lohkoa, jonka haluat lis\u00e4t\u00e4, ja ved\u00e4 se ty\u00f6tilaasi.<\/li>\n\n\n\n<li>Voit s\u00e4\u00e4t\u00e4\u00e4 lohkon ulkoasua, asettelua ja tyyli\u00e4 napsauttamalla yksitt\u00e4isi\u00e4 komponentteja, jolloin n\u00e4et niiden&nbsp;<strong>Muokkaa-<\/strong> tai&nbsp;<strong>Asetukset<\/strong>-painikkeet.<\/li>\n\n\n\n<li>Julkaise muutokset verkossa napsauttamalla&nbsp;<strong>Tallenna<\/strong>&nbsp;ja&nbsp;<strong>Julkaise<\/strong>.<\/li>\n<\/ol>\n\n\n\n<figure class=\"wp-block-image size-large\"><img loading=\"lazy\" decoding=\"async\" width=\"1024\" height=\"624\" src=\"https:\/\/www.zoner.fi\/tuki\/wp-content\/uploads\/2024\/10\/kotisivukone-yhteystietojen-hallinta-3-1024x624.png\" alt=\"\" class=\"wp-image-134091\" srcset=\"https:\/\/www.zoner.fi\/tuki\/wp-content\/uploads\/2024\/10\/kotisivukone-yhteystietojen-hallinta-3-1024x624.png 1024w, https:\/\/www.zoner.fi\/tuki\/wp-content\/uploads\/2024\/10\/kotisivukone-yhteystietojen-hallinta-3-300x183.png 300w, https:\/\/www.zoner.fi\/tuki\/wp-content\/uploads\/2024\/10\/kotisivukone-yhteystietojen-hallinta-3-768x468.png 768w, https:\/\/www.zoner.fi\/tuki\/wp-content\/uploads\/2024\/10\/kotisivukone-yhteystietojen-hallinta-3.png 1485w\" sizes=\"auto, (max-width: 1024px) 100vw, 1024px\" \/><\/figure>\n\n\n\n<h2 class=\"wp-block-heading\" id=\"step-4\">Lis\u00e4\u00e4 yhteydenotto-osio sivustolle<\/h2>\n\n\n\n<p>Lopuksi voit my\u00f6s lis\u00e4t\u00e4 kokonaisen yhteydenotto-osion sivustollesi. Osio on suurempi alue, joka kattaa sivun koko leveyden ja sis\u00e4lt\u00e4\u00e4 useita komponentteja.<\/p>\n\n\n\n<ol class=\"wp-block-list\">\n<li>Napsauta&nbsp;<strong>Osiot<\/strong>&nbsp;vasemmalla olevassa komponenttivalikossa.<\/li>\n\n\n\n<li>Napsauta yl\u00e4reunassa olevaa&nbsp;<strong>Yhteystiedot<\/strong>-v\u00e4lilehte\u00e4.<\/li>\n\n\n\n<li>N\u00e4et nyt valikoiman yhteystieto-osioita. Valitse osio, jonka haluat lis\u00e4t\u00e4, ja ved\u00e4 se ty\u00f6tilaasi.<\/li>\n\n\n\n<li>Voit s\u00e4\u00e4t\u00e4\u00e4 osion ulkon\u00e4k\u00f6\u00e4, asettelua ja tyyli\u00e4 napsauttamalla sen yksitt\u00e4isi\u00e4 elementtej\u00e4, jolloin n\u00e4et niiden&nbsp;<strong>Muokkaa-<\/strong> tai&nbsp;<strong>Asetukset<\/strong>-painikkeet.<\/li>\n\n\n\n<li>Julkaise muutokset verkossa napsauttamalla&nbsp;<strong>Tallenna<\/strong>&nbsp;ja&nbsp;<strong>Julkaise<\/strong>.<\/li>\n<\/ol>\n","protected":false},"excerpt":{"rendered":"<p>Lis\u00e4\u00e4 yrityksen yhteystiedot kotisivuillesi helposti k\u00e4ytt\u00e4m\u00e4ll\u00e4 Zoner Kotisivukoneen yhteystieto-komponentteja! Voit hallita yhteystietoja sivuston asetuksissa, jolloin ne p\u00e4ivittyv\u00e4t automaattisesti kaikkiin sivustolla oleviin yhteystieto-komponentteihin. Hallitse yhteystietoja asetuksissa Voit hallita s\u00e4hk\u00f6posti-, puhelin- ja osoitetietojasi verkkosivuston asetuksissa. Kaikki asetuksissa tekem\u00e4si muutokset p\u00e4ivitet\u00e4\u00e4n automaattisesti kaikkiin sivustollasi oleviin yhteystietokomponentteihin. Huomio:&nbsp;Olet ehk\u00e4 sy\u00f6tt\u00e4nyt yhteystietosi jo aiemmin, kun valitsit ulkoasumallin. Lis\u00e4\u00e4 yhteystieto-komponentti sivustolle &#8230; <a title=\"Yhteystietojen hallinta Zoner Kotisivukoneessa\" class=\"read-more\" href=\"https:\/\/www.zoner.fi\/tuki\/kotisivukone\/zoner\/yhteystietojen-hallinta-zoner-kotisivukoneessa\/\" aria-label=\"Lue lis\u00e4\u00e4 aiheesta Yhteystietojen hallinta Zoner Kotisivukoneessa\">Lue lis\u00e4\u00e4<\/a><\/p>\n","protected":false},"author":18,"featured_media":0,"parent":137385,"menu_order":0,"comment_status":"closed","ping_status":"closed","template":"","meta":{"_relevanssi_hide_post":"","_relevanssi_hide_content":"","_relevanssi_pin_for_all":"","_relevanssi_pin_keywords":"","_relevanssi_unpin_keywords":"","_relevanssi_related_keywords":"","_relevanssi_related_include_ids":"","_relevanssi_related_exclude_ids":"","_relevanssi_related_no_append":"","_relevanssi_related_not_related":"","_relevanssi_related_posts":"130450,131892,132301,132254,130553,130515","_relevanssi_noindex_reason":"","footnotes":""},"categories":[166],"tags":[158],"wf_page_folders":[],"class_list":{"0":"post-133378","1":"page","2":"type-page","3":"status-publish","5":"category-zoner-kotisivukone","6":"tag-yleiset"},"_links":{"self":[{"href":"https:\/\/www.zoner.fi\/tuki\/wp-json\/wp\/v2\/pages\/133378","targetHints":{"allow":["GET"]}}],"collection":[{"href":"https:\/\/www.zoner.fi\/tuki\/wp-json\/wp\/v2\/pages"}],"about":[{"href":"https:\/\/www.zoner.fi\/tuki\/wp-json\/wp\/v2\/types\/page"}],"author":[{"embeddable":true,"href":"https:\/\/www.zoner.fi\/tuki\/wp-json\/wp\/v2\/users\/18"}],"replies":[{"embeddable":true,"href":"https:\/\/www.zoner.fi\/tuki\/wp-json\/wp\/v2\/comments?post=133378"}],"version-history":[{"count":5,"href":"https:\/\/www.zoner.fi\/tuki\/wp-json\/wp\/v2\/pages\/133378\/revisions"}],"predecessor-version":[{"id":134740,"href":"https:\/\/www.zoner.fi\/tuki\/wp-json\/wp\/v2\/pages\/133378\/revisions\/134740"}],"up":[{"embeddable":true,"href":"https:\/\/www.zoner.fi\/tuki\/wp-json\/wp\/v2\/pages\/137385"}],"wp:attachment":[{"href":"https:\/\/www.zoner.fi\/tuki\/wp-json\/wp\/v2\/media?parent=133378"}],"wp:term":[{"taxonomy":"category","embeddable":true,"href":"https:\/\/www.zoner.fi\/tuki\/wp-json\/wp\/v2\/categories?post=133378"},{"taxonomy":"post_tag","embeddable":true,"href":"https:\/\/www.zoner.fi\/tuki\/wp-json\/wp\/v2\/tags?post=133378"},{"taxonomy":"wf_page_folders","embeddable":true,"href":"https:\/\/www.zoner.fi\/tuki\/wp-json\/wp\/v2\/wf_page_folders?post=133378"}],"curies":[{"name":"wp","href":"https:\/\/api.w.org\/{rel}","templated":true}]}}