{"id":133380,"date":"2024-11-12T11:18:41","date_gmt":"2024-11-12T09:18:41","guid":{"rendered":"https:\/\/www.zoner.fi\/tuki\/?page_id=133380"},"modified":"2025-09-25T16:42:37","modified_gmt":"2025-09-25T13:42:37","slug":"lisaa-yrityksen-aukioloajat-kotisivuillesi","status":"publish","type":"page","link":"https:\/\/www.zoner.fi\/tuki\/kotisivukone\/zoner\/lisaa-yrityksen-aukioloajat-kotisivuillesi\/","title":{"rendered":"Lis\u00e4\u00e4 yrityksen aukioloajat kotisivuillesi"},"content":{"rendered":"\n<p>Yrityksen aukioloajat kannattaa aina lis\u00e4t\u00e4 sen kotisivuille. Zoner Kotisivukoneessa voit lis\u00e4t\u00e4 ne helposti k\u00e4ytt\u00e4m\u00e4ll\u00e4 Aukioloajat-komponenttia ja m\u00e4\u00e4ritt\u00e4m\u00e4ll\u00e4 aukioloajat sivuston asetuksissa.<\/p>\n\n\n\n<h2 class=\"wp-block-heading\" id=\"h_01F2RXN0V32Y6EFK81H0TE66Z6\">1. Lis\u00e4\u00e4 Aukioloajat-komponentti sivulle<\/h2>\n\n\n\n<ol class=\"wp-block-list\">\n<li>Avaa Zoner Kotisivukone.<\/li>\n\n\n\n<li>Napsauta vasemmalla olevassa valikossa kohtaa&nbsp;<strong>Ota yhteytt\u00e4<\/strong>.<\/li>\n\n\n\n<li>Valitse&nbsp;<strong>Aukioloajat<\/strong>-komponentti ja ved\u00e4 se sivulle.<\/li>\n<\/ol>\n\n\n\n<figure class=\"wp-block-image size-large\"><img loading=\"lazy\" decoding=\"async\" width=\"1024\" height=\"618\" src=\"https:\/\/www.zoner.fi\/tuki\/wp-content\/uploads\/2024\/10\/yrityksen-aukioloajat-1-1024x618.png\" alt=\"\" class=\"wp-image-133465\" srcset=\"https:\/\/www.zoner.fi\/tuki\/wp-content\/uploads\/2024\/10\/yrityksen-aukioloajat-1-1024x618.png 1024w, https:\/\/www.zoner.fi\/tuki\/wp-content\/uploads\/2024\/10\/yrityksen-aukioloajat-1-300x181.png 300w, https:\/\/www.zoner.fi\/tuki\/wp-content\/uploads\/2024\/10\/yrityksen-aukioloajat-1-768x464.png 768w, https:\/\/www.zoner.fi\/tuki\/wp-content\/uploads\/2024\/10\/yrityksen-aukioloajat-1-1536x928.png 1536w, https:\/\/www.zoner.fi\/tuki\/wp-content\/uploads\/2024\/10\/yrityksen-aukioloajat-1.png 1873w\" sizes=\"auto, (max-width: 1024px) 100vw, 1024px\" \/><\/figure>\n\n\n\n<p><strong>Huomaa:&nbsp;<\/strong>Jos haluat, ett\u00e4 aukioloajat n\u00e4kyv\u00e4t kaikilla sivustosi sivuilla, ne kannattaa lis\u00e4t\u00e4 yl\u00e4- tai alatunnisteeseen.<\/p>\n\n\n\n<h2 class=\"wp-block-heading\" id=\"h_01F2RXN5FJ2AT3GK4BK1AWZ8PN\">2. Muokkaa aukioloaikoja<\/h2>\n\n\n\n<p>Merkitse seuraavaksi yrityksesi aukioloajat Zoner Kotisivukoneen Yleisiss\u00e4 asetuksissa.<\/p>\n\n\n\n<ol class=\"wp-block-list\">\n<li>Napsauta aukioloajat-komponenttia ja valitse&nbsp;<strong>Muuta aukioloaikoja<\/strong>.<\/li>\n\n\n\n<li>N\u00e4yt\u00f6lle ilmestyy Yleisten asetusten ponnahdusikkuna.<\/li>\n\n\n\n<li>Valitse valintaruutu niiden p\u00e4ivien kohdalta, joille haluat lis\u00e4t\u00e4 aukioloajat. J\u00e4t\u00e4 ruutu valitsematta niiden p\u00e4ivien kohdalla, jolloin yrityksesi on suljettu.<\/li>\n\n\n\n<li>Lis\u00e4\u00e4 kunkin p\u00e4iv\u00e4n aukioloajat. Voit m\u00e4\u00e4ritt\u00e4\u00e4 ne 15 minuutin tarkkuudella.<\/li>\n\n\n\n<li>Napsauta&nbsp;<strong>Valmis<\/strong>.<\/li>\n<\/ol>\n\n\n\n<figure class=\"wp-block-image size-large\"><img loading=\"lazy\" decoding=\"async\" width=\"1024\" height=\"618\" src=\"https:\/\/www.zoner.fi\/tuki\/wp-content\/uploads\/2024\/10\/yrityksen-aukioloajat-2-1024x618.png\" alt=\"\" class=\"wp-image-133466\" srcset=\"https:\/\/www.zoner.fi\/tuki\/wp-content\/uploads\/2024\/10\/yrityksen-aukioloajat-2-1024x618.png 1024w, https:\/\/www.zoner.fi\/tuki\/wp-content\/uploads\/2024\/10\/yrityksen-aukioloajat-2-300x181.png 300w, https:\/\/www.zoner.fi\/tuki\/wp-content\/uploads\/2024\/10\/yrityksen-aukioloajat-2-768x463.png 768w, https:\/\/www.zoner.fi\/tuki\/wp-content\/uploads\/2024\/10\/yrityksen-aukioloajat-2-1536x927.png 1536w, https:\/\/www.zoner.fi\/tuki\/wp-content\/uploads\/2024\/10\/yrityksen-aukioloajat-2.png 1873w\" sizes=\"auto, (max-width: 1024px) 100vw, 1024px\" \/><\/figure>\n\n\n\n<h2 class=\"wp-block-heading\" id=\"h_01F2RXN9W9Z6VXJ5HX2YZ1TA20\">3. Muuta aukioloaikojen asettelua ja tyyli\u00e4<\/h2>\n\n\n\n<p>Voit s\u00e4\u00e4t\u00e4\u00e4 komponentin ulkoasua n\u00e4in:<\/p>\n\n\n\n<ol class=\"wp-block-list\">\n<li>Napsauta komponenttia ja valitse&nbsp;<strong>Asetukset<\/strong>.<\/li>\n\n\n\n<li>S\u00e4\u00e4d\u00e4 komponentin&nbsp;<strong>muotoa<\/strong>. Voit esimerkiksi valita tuntiformaatin ja min\u00e4 p\u00e4iv\u00e4n\u00e4 yrityksesi viikko alkaa.<\/li>\n\n\n\n<li>S\u00e4\u00e4d\u00e4 komponentin&nbsp;<strong>tyyli\u00e4<\/strong>. Voit vaihtaa fonttia, riviv\u00e4li\u00e4 ja tekstin korostusta.<\/li>\n<\/ol>\n\n\n\n<figure class=\"wp-block-image size-large\"><img loading=\"lazy\" decoding=\"async\" width=\"1024\" height=\"621\" src=\"https:\/\/www.zoner.fi\/tuki\/wp-content\/uploads\/2024\/10\/yrityksen-aukioloajat-3-1024x621.png\" alt=\"\" class=\"wp-image-133467\" srcset=\"https:\/\/www.zoner.fi\/tuki\/wp-content\/uploads\/2024\/10\/yrityksen-aukioloajat-3-1024x621.png 1024w, https:\/\/www.zoner.fi\/tuki\/wp-content\/uploads\/2024\/10\/yrityksen-aukioloajat-3-300x182.png 300w, https:\/\/www.zoner.fi\/tuki\/wp-content\/uploads\/2024\/10\/yrityksen-aukioloajat-3-768x466.png 768w, https:\/\/www.zoner.fi\/tuki\/wp-content\/uploads\/2024\/10\/yrityksen-aukioloajat-3-1536x932.png 1536w, https:\/\/www.zoner.fi\/tuki\/wp-content\/uploads\/2024\/10\/yrityksen-aukioloajat-3.png 1873w\" sizes=\"auto, (max-width: 1024px) 100vw, 1024px\" \/><\/figure>\n\n\n\n<h2 class=\"wp-block-heading\" id=\"h_01F2RXNECJSAZG9TQSDDWJKGFS\">4. Lopuksi<\/h2>\n\n\n\n<ol class=\"wp-block-list\">\n<li>Kaksoisnapauta komponenttia saadaksesi vaihtoehdot tekstin koon, v\u00e4rin tai tasauksen muuttamiseksi.<\/li>\n\n\n\n<li>Napsauta&nbsp;<strong>Tallenna<\/strong>&nbsp;ja&nbsp;<strong>Julkaise<\/strong>&nbsp;saattaaksesi muutokset verkkoon.<\/li>\n\n\n\n<li>Valmista tuli! Aukioloajat n\u00e4kyv\u00e4t nyt yrityksesi kotisivuilla.<\/li>\n<\/ol>\n\n\n\n<figure class=\"wp-block-image size-large\"><img loading=\"lazy\" decoding=\"async\" width=\"1024\" height=\"617\" src=\"https:\/\/www.zoner.fi\/tuki\/wp-content\/uploads\/2024\/10\/yrityksen-aukioloajat-4-1024x617.png\" alt=\"\" class=\"wp-image-133468\" srcset=\"https:\/\/www.zoner.fi\/tuki\/wp-content\/uploads\/2024\/10\/yrityksen-aukioloajat-4-1024x617.png 1024w, https:\/\/www.zoner.fi\/tuki\/wp-content\/uploads\/2024\/10\/yrityksen-aukioloajat-4-300x181.png 300w, https:\/\/www.zoner.fi\/tuki\/wp-content\/uploads\/2024\/10\/yrityksen-aukioloajat-4-768x463.png 768w, https:\/\/www.zoner.fi\/tuki\/wp-content\/uploads\/2024\/10\/yrityksen-aukioloajat-4-1536x926.png 1536w, https:\/\/www.zoner.fi\/tuki\/wp-content\/uploads\/2024\/10\/yrityksen-aukioloajat-4.png 1873w\" sizes=\"auto, (max-width: 1024px) 100vw, 1024px\" \/><\/figure>\n","protected":false},"excerpt":{"rendered":"<p>Yrityksen aukioloajat kannattaa aina lis\u00e4t\u00e4 sen kotisivuille. Zoner Kotisivukoneessa voit lis\u00e4t\u00e4 ne helposti k\u00e4ytt\u00e4m\u00e4ll\u00e4 Aukioloajat-komponenttia ja m\u00e4\u00e4ritt\u00e4m\u00e4ll\u00e4 aukioloajat sivuston asetuksissa. 1. Lis\u00e4\u00e4 Aukioloajat-komponentti sivulle Huomaa:&nbsp;Jos haluat, ett\u00e4 aukioloajat n\u00e4kyv\u00e4t kaikilla sivustosi sivuilla, ne kannattaa lis\u00e4t\u00e4 yl\u00e4- tai alatunnisteeseen. 2. Muokkaa aukioloaikoja Merkitse seuraavaksi yrityksesi aukioloajat Zoner Kotisivukoneen Yleisiss\u00e4 asetuksissa. 3. Muuta aukioloaikojen asettelua ja tyyli\u00e4 &#8230; <a title=\"Lis\u00e4\u00e4 yrityksen aukioloajat kotisivuillesi\" class=\"read-more\" href=\"https:\/\/www.zoner.fi\/tuki\/kotisivukone\/zoner\/lisaa-yrityksen-aukioloajat-kotisivuillesi\/\" aria-label=\"Lue lis\u00e4\u00e4 aiheesta Lis\u00e4\u00e4 yrityksen aukioloajat kotisivuillesi\">Lue lis\u00e4\u00e4<\/a><\/p>\n","protected":false},"author":18,"featured_media":0,"parent":137385,"menu_order":0,"comment_status":"closed","ping_status":"closed","template":"","meta":{"_relevanssi_hide_post":"","_relevanssi_hide_content":"","_relevanssi_pin_for_all":"","_relevanssi_pin_keywords":"","_relevanssi_unpin_keywords":"","_relevanssi_related_keywords":"","_relevanssi_related_include_ids":"","_relevanssi_related_exclude_ids":"","_relevanssi_related_no_append":"","_relevanssi_related_not_related":"","_relevanssi_related_posts":"1066,132080,132301,130424,132348,130450","_relevanssi_noindex_reason":"","footnotes":""},"categories":[166],"tags":[158],"wf_page_folders":[],"class_list":{"0":"post-133380","1":"page","2":"type-page","3":"status-publish","5":"category-zoner-kotisivukone","6":"tag-yleiset"},"_links":{"self":[{"href":"https:\/\/www.zoner.fi\/tuki\/wp-json\/wp\/v2\/pages\/133380","targetHints":{"allow":["GET"]}}],"collection":[{"href":"https:\/\/www.zoner.fi\/tuki\/wp-json\/wp\/v2\/pages"}],"about":[{"href":"https:\/\/www.zoner.fi\/tuki\/wp-json\/wp\/v2\/types\/page"}],"author":[{"embeddable":true,"href":"https:\/\/www.zoner.fi\/tuki\/wp-json\/wp\/v2\/users\/18"}],"replies":[{"embeddable":true,"href":"https:\/\/www.zoner.fi\/tuki\/wp-json\/wp\/v2\/comments?post=133380"}],"version-history":[{"count":5,"href":"https:\/\/www.zoner.fi\/tuki\/wp-json\/wp\/v2\/pages\/133380\/revisions"}],"predecessor-version":[{"id":134567,"href":"https:\/\/www.zoner.fi\/tuki\/wp-json\/wp\/v2\/pages\/133380\/revisions\/134567"}],"up":[{"embeddable":true,"href":"https:\/\/www.zoner.fi\/tuki\/wp-json\/wp\/v2\/pages\/137385"}],"wp:attachment":[{"href":"https:\/\/www.zoner.fi\/tuki\/wp-json\/wp\/v2\/media?parent=133380"}],"wp:term":[{"taxonomy":"category","embeddable":true,"href":"https:\/\/www.zoner.fi\/tuki\/wp-json\/wp\/v2\/categories?post=133380"},{"taxonomy":"post_tag","embeddable":true,"href":"https:\/\/www.zoner.fi\/tuki\/wp-json\/wp\/v2\/tags?post=133380"},{"taxonomy":"wf_page_folders","embeddable":true,"href":"https:\/\/www.zoner.fi\/tuki\/wp-json\/wp\/v2\/wf_page_folders?post=133380"}],"curies":[{"name":"wp","href":"https:\/\/api.w.org\/{rel}","templated":true}]}}