{"id":133384,"date":"2024-11-11T10:42:25","date_gmt":"2024-11-11T08:42:25","guid":{"rendered":"https:\/\/www.zoner.fi\/tuki\/?page_id=133384"},"modified":"2025-09-25T16:43:12","modified_gmt":"2025-09-25T13:43:12","slug":"nayta-eventbrite-kassa-kotisivuillasi","status":"publish","type":"page","link":"https:\/\/www.zoner.fi\/tuki\/kotisivukone\/zoner\/nayta-eventbrite-kassa-kotisivuillasi\/","title":{"rendered":"N\u00e4yt\u00e4 Eventbrite-kassa kotisivuillasi"},"content":{"rendered":"\n<p>Haluatko myyd\u00e4 lippuja tapahtumaan kotisivujesi kautta? Eventbrite-widgetill\u00e4 voit n\u00e4ytt\u00e4\u00e4 Eventbrite-kassan suoraan sivustollasi. T\u00e4ss\u00e4 oppaassa n\u00e4yt\u00e4mme, kuinka widget lis\u00e4t\u00e4\u00e4n.<\/p>\n\n\n\n<p><strong>Huomaa:&nbsp;<\/strong>T\u00e4m\u00e4 ominaisuus on k\u00e4ytett\u00e4viss\u00e4 Zoner Kotisivukoneen Premium- ja Business-paketeissa.&nbsp;<\/p>\n\n\n\n<h2 class=\"wp-block-heading\" id=\"step-1\">1. Valitse Eventbrite-widget<\/h2>\n\n\n\n<ol class=\"wp-block-list\">\n<li>Avaa Zoner Kotisivukoneen editori.<\/li>\n\n\n\n<li>Siirry sivustosi osaan, johon haluat lis\u00e4t\u00e4 Eventbrite-kassan.<\/li>\n\n\n\n<li>Valitse vasemmalla olevasta valikosta\u00a0<strong>Widgetit<\/strong>.<\/li>\n\n\n\n<li>Valitse\u00a0<strong>Business<\/strong>-kohdasta\u00a0<strong>Eventbrite.<\/strong><\/li>\n<\/ol>\n\n\n\n<figure class=\"wp-block-image size-large\"><img loading=\"lazy\" decoding=\"async\" width=\"1024\" height=\"643\" src=\"https:\/\/www.zoner.fi\/tuki\/wp-content\/uploads\/2024\/10\/kotisivukone-eventbrite-1-1024x643.png\" alt=\"\" class=\"wp-image-134204\" srcset=\"https:\/\/www.zoner.fi\/tuki\/wp-content\/uploads\/2024\/10\/kotisivukone-eventbrite-1-1024x643.png 1024w, https:\/\/www.zoner.fi\/tuki\/wp-content\/uploads\/2024\/10\/kotisivukone-eventbrite-1-300x188.png 300w, https:\/\/www.zoner.fi\/tuki\/wp-content\/uploads\/2024\/10\/kotisivukone-eventbrite-1-768x482.png 768w, https:\/\/www.zoner.fi\/tuki\/wp-content\/uploads\/2024\/10\/kotisivukone-eventbrite-1-1536x964.png 1536w, https:\/\/www.zoner.fi\/tuki\/wp-content\/uploads\/2024\/10\/kotisivukone-eventbrite-1.png 1843w\" sizes=\"auto, (max-width: 1024px) 100vw, 1024px\" \/><\/figure>\n\n\n\n<h2 class=\"wp-block-heading\" id=\"step-2\">2. Lis\u00e4\u00e4 kassa<\/h2>\n\n\n\n<p>Voit n\u00e4ytt\u00e4\u00e4 kassan kahdella eri tavalla:<\/p>\n\n\n\n<ul class=\"wp-block-list\">\n<li><strong>Painikkeena<\/strong>, joka avaa liput uudessa ikkunassa.<\/li>\n\n\n\n<li><strong>Upotettuna kassana<\/strong>, jolloin liput n\u00e4ytet\u00e4\u00e4n suoraan sivustollasi.<\/li>\n<\/ul>\n\n\n\n<ol class=\"wp-block-list\">\n<li><strong>Siirry Eventbrite-hallintapaneeliin<\/strong>\u00a0ja etsi sen vaihtoehdon koodi, jota haluat k\u00e4ytt\u00e4\u00e4. Tarkat ohjeet l\u00f6yd\u00e4t\u00a0<a href=\"https:\/\/www.eventbrite.com\/support\/articles\/fi\/Multi_Group_How_To\/how-to-sell-eventbrite-tickets-on-your-website-through-an-embedded-checkout\" target=\"_blank\" rel=\"noopener\">Eventbriten omasta oppaasta.<\/a><\/li>\n\n\n\n<li>Palaa Zoner Kotisivukoneeseen ja\u00a0<strong>liit\u00e4 koodi<\/strong>\u00a0Eventbrite-ponnahdusikkunaan.<\/li>\n\n\n\n<li>Napsauta\u00a0<strong>OK<\/strong>\u00a0lis\u00e4t\u00e4ksesi sen verkkosivustollesi.<\/li>\n<\/ol>\n\n\n\n<figure class=\"wp-block-image size-large\"><img loading=\"lazy\" decoding=\"async\" width=\"1024\" height=\"643\" src=\"https:\/\/www.zoner.fi\/tuki\/wp-content\/uploads\/2024\/10\/kotisivukone-eventbrite-2-1024x643.png\" alt=\"\" class=\"wp-image-134205\" srcset=\"https:\/\/www.zoner.fi\/tuki\/wp-content\/uploads\/2024\/10\/kotisivukone-eventbrite-2-1024x643.png 1024w, https:\/\/www.zoner.fi\/tuki\/wp-content\/uploads\/2024\/10\/kotisivukone-eventbrite-2-300x189.png 300w, https:\/\/www.zoner.fi\/tuki\/wp-content\/uploads\/2024\/10\/kotisivukone-eventbrite-2-768x483.png 768w, https:\/\/www.zoner.fi\/tuki\/wp-content\/uploads\/2024\/10\/kotisivukone-eventbrite-2-1536x965.png 1536w, https:\/\/www.zoner.fi\/tuki\/wp-content\/uploads\/2024\/10\/kotisivukone-eventbrite-2.png 1873w\" sizes=\"auto, (max-width: 1024px) 100vw, 1024px\" \/><\/figure>\n\n\n\n<h2 class=\"wp-block-heading\" id=\"step-3\">Muokkaa widget-asetuksia<\/h2>\n\n\n\n<p>Kun olet lis\u00e4nnyt widgetin, voit muokata seuraavia asetuksia valitsemalla komponentin ja napsauttamalla sen p\u00e4\u00e4ll\u00e4 olevia v\u00e4lilehti\u00e4:<\/p>\n\n\n\n<ul class=\"wp-block-list\">\n<li>\u00a0<strong>Asetukset:<\/strong>\u00a0Jos tied\u00e4t komponentille haluamasi tarkat mitat, voit sy\u00f6tt\u00e4\u00e4 ne t\u00e4h\u00e4n. Voit my\u00f6s vet\u00e4\u00e4 komponentin reunoja manuaalisesti oranssien kahvojen avulla.<\/li>\n\n\n\n<li>\u00a0<strong>Muuta kassaa:<\/strong>\u00a0Napsauta t\u00e4t\u00e4 vaihtoehtoa muuttaaksesi kassan sis\u00e4lt\u00f6\u00e4.<\/li>\n<\/ul>\n\n\n\n<p>Muista lopuksi&nbsp;<strong>tallentaa ja julkaista<\/strong>&nbsp;sivustosi, jotta muutokset n\u00e4kyv\u00e4t julkisella sivustollasi.<\/p>\n","protected":false},"excerpt":{"rendered":"<p>Haluatko myyd\u00e4 lippuja tapahtumaan kotisivujesi kautta? Eventbrite-widgetill\u00e4 voit n\u00e4ytt\u00e4\u00e4 Eventbrite-kassan suoraan sivustollasi. T\u00e4ss\u00e4 oppaassa n\u00e4yt\u00e4mme, kuinka widget lis\u00e4t\u00e4\u00e4n. Huomaa:&nbsp;T\u00e4m\u00e4 ominaisuus on k\u00e4ytett\u00e4viss\u00e4 Zoner Kotisivukoneen Premium- ja Business-paketeissa.&nbsp; 1. Valitse Eventbrite-widget 2. Lis\u00e4\u00e4 kassa Voit n\u00e4ytt\u00e4\u00e4 kassan kahdella eri tavalla: Muokkaa widget-asetuksia Kun olet lis\u00e4nnyt widgetin, voit muokata seuraavia asetuksia valitsemalla komponentin ja napsauttamalla sen p\u00e4\u00e4ll\u00e4 &#8230; <a title=\"N\u00e4yt\u00e4 Eventbrite-kassa kotisivuillasi\" class=\"read-more\" href=\"https:\/\/www.zoner.fi\/tuki\/kotisivukone\/zoner\/nayta-eventbrite-kassa-kotisivuillasi\/\" aria-label=\"Lue lis\u00e4\u00e4 aiheesta N\u00e4yt\u00e4 Eventbrite-kassa kotisivuillasi\">Lue lis\u00e4\u00e4<\/a><\/p>\n","protected":false},"author":18,"featured_media":0,"parent":137385,"menu_order":0,"comment_status":"closed","ping_status":"closed","template":"","meta":{"_relevanssi_hide_post":"","_relevanssi_hide_content":"","_relevanssi_pin_for_all":"","_relevanssi_pin_keywords":"","_relevanssi_unpin_keywords":"","_relevanssi_related_keywords":"","_relevanssi_related_include_ids":"","_relevanssi_related_exclude_ids":"","_relevanssi_related_no_append":"","_relevanssi_related_not_related":"","_relevanssi_related_posts":"132336,131892,130865,132826,132584,1076","_relevanssi_noindex_reason":"","footnotes":""},"categories":[166],"tags":[162],"wf_page_folders":[],"class_list":{"0":"post-133384","1":"page","2":"type-page","3":"status-publish","5":"category-zoner-kotisivukone","6":"tag-upotus-ja-koodi"},"_links":{"self":[{"href":"https:\/\/www.zoner.fi\/tuki\/wp-json\/wp\/v2\/pages\/133384","targetHints":{"allow":["GET"]}}],"collection":[{"href":"https:\/\/www.zoner.fi\/tuki\/wp-json\/wp\/v2\/pages"}],"about":[{"href":"https:\/\/www.zoner.fi\/tuki\/wp-json\/wp\/v2\/types\/page"}],"author":[{"embeddable":true,"href":"https:\/\/www.zoner.fi\/tuki\/wp-json\/wp\/v2\/users\/18"}],"replies":[{"embeddable":true,"href":"https:\/\/www.zoner.fi\/tuki\/wp-json\/wp\/v2\/comments?post=133384"}],"version-history":[{"count":2,"href":"https:\/\/www.zoner.fi\/tuki\/wp-json\/wp\/v2\/pages\/133384\/revisions"}],"predecessor-version":[{"id":134206,"href":"https:\/\/www.zoner.fi\/tuki\/wp-json\/wp\/v2\/pages\/133384\/revisions\/134206"}],"up":[{"embeddable":true,"href":"https:\/\/www.zoner.fi\/tuki\/wp-json\/wp\/v2\/pages\/137385"}],"wp:attachment":[{"href":"https:\/\/www.zoner.fi\/tuki\/wp-json\/wp\/v2\/media?parent=133384"}],"wp:term":[{"taxonomy":"category","embeddable":true,"href":"https:\/\/www.zoner.fi\/tuki\/wp-json\/wp\/v2\/categories?post=133384"},{"taxonomy":"post_tag","embeddable":true,"href":"https:\/\/www.zoner.fi\/tuki\/wp-json\/wp\/v2\/tags?post=133384"},{"taxonomy":"wf_page_folders","embeddable":true,"href":"https:\/\/www.zoner.fi\/tuki\/wp-json\/wp\/v2\/wf_page_folders?post=133384"}],"curies":[{"name":"wp","href":"https:\/\/api.w.org\/{rel}","templated":true}]}}