{"id":133388,"date":"2024-11-12T11:48:32","date_gmt":"2024-11-12T09:48:32","guid":{"rendered":"https:\/\/www.zoner.fi\/tuki\/?page_id=133388"},"modified":"2025-09-25T16:42:43","modified_gmt":"2025-09-25T13:42:43","slug":"miten-aloitan-stripen-kayttamisen","status":"publish","type":"page","link":"https:\/\/www.zoner.fi\/tuki\/kotisivukone\/zoner\/miten-aloitan-stripen-kayttamisen\/","title":{"rendered":"Miten aloitan Stripen k\u00e4ytt\u00e4misen?"},"content":{"rendered":"\n<p>T\u00e4ss\u00e4 oppaassa kerromme, miten voit ottaa Stripen k\u00e4ytt\u00f6\u00f6n Zoner Kotisivukone -sivuston verkkokauppassa.<\/p>\n\n\n\n<p>Tutustu tarvittaessa my\u00f6s t\u00e4h\u00e4n ohjeeseen: <a href=\"https:\/\/www.zoner.fi\/tuki\/kotisivukone\/stripe-kysymyksia-ja-vastauksia\/\">Stripe &#8211; Kysymyksi\u00e4 ja vastauksia<\/a>.<\/p>\n\n\n\n<h2 class=\"wp-block-heading\" id=\"1\">1. Avaa verkkokaupan asetukset<\/h2>\n\n\n\n<p>Avaa ensin verkkokaupan maksuasetukset:<\/p>\n\n\n\n<ol class=\"wp-block-list\">\n<li>Avaa&nbsp;Verkkokaupan hallintapaneeli.<\/li>\n\n\n\n<li>Napsauta vasemmassa valikossa kohtaa <strong>Asetukset<\/strong>.<\/li>\n\n\n\n<li>Napsauta <strong>Maksu<\/strong>.<\/li>\n<\/ol>\n\n\n\n<figure class=\"wp-block-image size-large\"><img loading=\"lazy\" decoding=\"async\" width=\"1024\" height=\"616\" src=\"https:\/\/www.zoner.fi\/tuki\/wp-content\/uploads\/2024\/10\/stripe-aloitus-1-1024x616.png\" alt=\"\" class=\"wp-image-134057\" srcset=\"https:\/\/www.zoner.fi\/tuki\/wp-content\/uploads\/2024\/10\/stripe-aloitus-1-1024x616.png 1024w, https:\/\/www.zoner.fi\/tuki\/wp-content\/uploads\/2024\/10\/stripe-aloitus-1-300x181.png 300w, https:\/\/www.zoner.fi\/tuki\/wp-content\/uploads\/2024\/10\/stripe-aloitus-1-768x462.png 768w, https:\/\/www.zoner.fi\/tuki\/wp-content\/uploads\/2024\/10\/stripe-aloitus-1.png 1500w\" sizes=\"auto, (max-width: 1024px) 100vw, 1024px\" \/><\/figure>\n\n\n\n<h2 class=\"wp-block-heading\" id=\"2\">2. Muodosta yhteys Stripe-tiliin<\/h2>\n\n\n\n<p>Valitse maksuvaihtoehdoksi Stripe:<\/p>\n\n\n\n<ol class=\"wp-block-list\">\n<li>Napsauta\u00a0<strong>Stripe<\/strong>-kytkin p\u00e4\u00e4lle.<\/li>\n\n\n\n<li>Napsauta ponnahdusikkunassa&nbsp;<strong>Yhdist\u00e4 Stripeen<\/strong>.<\/li>\n<\/ol>\n\n\n\n<p>Sinut ohjataan Stripe-sivustolle, jossa voit kirjautua olemassa olevalle Stripe-tilille tai luoda uuden tilin.<\/p>\n\n\n\n<p><strong>Huomaa<\/strong>&nbsp;: Jos olet est\u00e4nyt ponnahdusikkunat selaimessasi, sinun on sallittava ne, kun muodostat yhteyden Stripeen. Muuten Stripe-ikkuna ei avaudu.<\/p>\n\n\n\n<figure class=\"wp-block-image size-large\"><img loading=\"lazy\" decoding=\"async\" width=\"1024\" height=\"618\" src=\"https:\/\/www.zoner.fi\/tuki\/wp-content\/uploads\/2024\/10\/stripe-aloitus-2-1024x618.png\" alt=\"\" class=\"wp-image-134058\" srcset=\"https:\/\/www.zoner.fi\/tuki\/wp-content\/uploads\/2024\/10\/stripe-aloitus-2-1024x618.png 1024w, https:\/\/www.zoner.fi\/tuki\/wp-content\/uploads\/2024\/10\/stripe-aloitus-2-300x181.png 300w, https:\/\/www.zoner.fi\/tuki\/wp-content\/uploads\/2024\/10\/stripe-aloitus-2-768x463.png 768w, https:\/\/www.zoner.fi\/tuki\/wp-content\/uploads\/2024\/10\/stripe-aloitus-2.png 1500w\" sizes=\"auto, (max-width: 1024px) 100vw, 1024px\" \/><\/figure>\n\n\n\n<h3 class=\"wp-block-heading\">Olemassa olevan Stripe-tilin yhdist\u00e4minen<\/h3>\n\n\n\n<p>Jos sinulla on jo Stripe-tili, anna s\u00e4hk\u00f6postiosoite, jota k\u00e4yt\u00e4t kirjautuessasi tilillesi. Kun olet sy\u00f6tt\u00e4nyt salasanan ja suorittanut kaksivaiheisen vahvistuksen, n\u00e4et olemassa olevat tilisi. Valitse tili, jota haluat k\u00e4ytt\u00e4\u00e4, ja napsauta&nbsp;<strong>Yhdist\u00e4<\/strong>. Sen j\u00e4lkeen sinut ohjataan takaisin Zoner Kotisivukone -verkkokauppaan.<\/p>\n\n\n\n<h3 class=\"wp-block-heading\">Uuden Stripe-tilin luominen<\/h3>\n\n\n\n<p>Jos haluat luoda uuden tilin, anna s\u00e4hk\u00f6postiosoite, jota haluat k\u00e4ytt\u00e4\u00e4 Stripe-tilill\u00e4si, ja seuraa asennusohjeita. Tarvitset tilin m\u00e4\u00e4ritt\u00e4miseen seuraavat tiedot:<\/p>\n\n\n\n<ul class=\"wp-block-list\">\n<li>Yrityksen tiedot (kuten ALV-numero ja osoite)<\/li>\n\n\n\n<li>Yhteyshenkil\u00f6n tiedot (kuten puhelinnumero ja osoite)<\/li>\n\n\n\n<li>IBAN-tilinumero<\/li>\n<\/ul>\n\n\n\n<p>Kun siirryt viimeiseen vaiheeseen ja napsautat&nbsp;<strong>Submit<\/strong>, sinut ohjataan takaisin Zoner Kotisivukone -verkkokauppaan, ja uusi Stripe-tilisi yhdistet\u00e4\u00e4n siihen. Muista vahvistaa s\u00e4hk\u00f6postitilisi napsauttamalla linkki\u00e4, jonka l\u00f6yd\u00e4t Stripen l\u00e4hett\u00e4m\u00e4st\u00e4 s\u00e4hk\u00f6postiviestist\u00e4.<\/p>\n\n\n\n<h2 class=\"wp-block-heading\" id=\"3\">3. Tarkista yhteys verkkokaupan hallintapaneelissa<\/h2>\n\n\n\n<p>Kun Stripe-tili on yhdistetty verkkokauppaasi, Stripe n\u00e4kyy valittuna verkkokaupan hallintapaneelin Maksu-sivulla ja sen vieress\u00e4 n\u00e4kyy valitsemasi Stripe-tilin s\u00e4hk\u00f6postiosoite.&nbsp;<\/p>\n\n\n\n<p><strong>Vinkki:<\/strong>&nbsp;Jos haluat katkaista yhteyden Stripe-tiliisi tai tehd\u00e4 muutoksia olemassa oleviin asetuksiin, napsauta&nbsp;<strong>Muokkaa<\/strong>&nbsp;Stripe-tilin s\u00e4hk\u00f6postiosoitteen vieress\u00e4.<\/p>\n\n\n\n<figure class=\"wp-block-image size-large\"><img loading=\"lazy\" decoding=\"async\" width=\"1024\" height=\"616\" src=\"https:\/\/www.zoner.fi\/tuki\/wp-content\/uploads\/2024\/10\/stripe-aloitus-4-1024x616.png\" alt=\"\" class=\"wp-image-134059\" srcset=\"https:\/\/www.zoner.fi\/tuki\/wp-content\/uploads\/2024\/10\/stripe-aloitus-4-1024x616.png 1024w, https:\/\/www.zoner.fi\/tuki\/wp-content\/uploads\/2024\/10\/stripe-aloitus-4-300x181.png 300w, https:\/\/www.zoner.fi\/tuki\/wp-content\/uploads\/2024\/10\/stripe-aloitus-4-768x462.png 768w, https:\/\/www.zoner.fi\/tuki\/wp-content\/uploads\/2024\/10\/stripe-aloitus-4.png 1500w\" sizes=\"auto, (max-width: 1024px) 100vw, 1024px\" \/><\/figure>\n\n\n\n<h2 class=\"wp-block-heading\" id=\"h_01G6T3K2G4JP801C4MNGSF7Z44\">4. Stripe on nyt k\u00e4yt\u00f6ss\u00e4 verkkokaupassasi<\/h2>\n\n\n\n<p>Stripe on nyt yksi verkkokauppasi maksuvaihtoehdoista, ja asiakkaat voivat valita sen kassalla.<\/p>\n\n\n\n<p><strong>Vinkki<\/strong>: Jos olet aktivoinut luottokortin lis\u00e4ksi muitakin Stripe-maksutapoja verkkokauppasi hallintapaneelissa, muista ottaa ne k\u00e4ytt\u00f6\u00f6n my\u00f6s Stripe-tilisi hallintapaneelissa.<\/p>\n","protected":false},"excerpt":{"rendered":"<p>T\u00e4ss\u00e4 oppaassa kerromme, miten voit ottaa Stripen k\u00e4ytt\u00f6\u00f6n Zoner Kotisivukone -sivuston verkkokauppassa. Tutustu tarvittaessa my\u00f6s t\u00e4h\u00e4n ohjeeseen: Stripe &#8211; Kysymyksi\u00e4 ja vastauksia. 1. Avaa verkkokaupan asetukset Avaa ensin verkkokaupan maksuasetukset: 2. Muodosta yhteys Stripe-tiliin Valitse maksuvaihtoehdoksi Stripe: Sinut ohjataan Stripe-sivustolle, jossa voit kirjautua olemassa olevalle Stripe-tilille tai luoda uuden tilin. Huomaa&nbsp;: Jos olet est\u00e4nyt ponnahdusikkunat &#8230; <a title=\"Miten aloitan Stripen k\u00e4ytt\u00e4misen?\" class=\"read-more\" href=\"https:\/\/www.zoner.fi\/tuki\/kotisivukone\/zoner\/miten-aloitan-stripen-kayttamisen\/\" aria-label=\"Lue lis\u00e4\u00e4 aiheesta Miten aloitan Stripen k\u00e4ytt\u00e4misen?\">Lue lis\u00e4\u00e4<\/a><\/p>\n","protected":false},"author":18,"featured_media":0,"parent":137385,"menu_order":0,"comment_status":"closed","ping_status":"closed","template":"","meta":{"_relevanssi_hide_post":"","_relevanssi_hide_content":"","_relevanssi_pin_for_all":"","_relevanssi_pin_keywords":"","_relevanssi_unpin_keywords":"","_relevanssi_related_keywords":"","_relevanssi_related_include_ids":"","_relevanssi_related_exclude_ids":"","_relevanssi_related_no_append":"","_relevanssi_related_not_related":"","_relevanssi_related_posts":"131506,132584,132072,130269,1066,130515","_relevanssi_noindex_reason":"","footnotes":""},"categories":[166],"tags":[161,163],"wf_page_folders":[],"class_list":{"0":"post-133388","1":"page","2":"type-page","3":"status-publish","5":"category-zoner-kotisivukone","6":"tag-integraatiot","7":"tag-verkkokauppa"},"_links":{"self":[{"href":"https:\/\/www.zoner.fi\/tuki\/wp-json\/wp\/v2\/pages\/133388","targetHints":{"allow":["GET"]}}],"collection":[{"href":"https:\/\/www.zoner.fi\/tuki\/wp-json\/wp\/v2\/pages"}],"about":[{"href":"https:\/\/www.zoner.fi\/tuki\/wp-json\/wp\/v2\/types\/page"}],"author":[{"embeddable":true,"href":"https:\/\/www.zoner.fi\/tuki\/wp-json\/wp\/v2\/users\/18"}],"replies":[{"embeddable":true,"href":"https:\/\/www.zoner.fi\/tuki\/wp-json\/wp\/v2\/comments?post=133388"}],"version-history":[{"count":4,"href":"https:\/\/www.zoner.fi\/tuki\/wp-json\/wp\/v2\/pages\/133388\/revisions"}],"predecessor-version":[{"id":134509,"href":"https:\/\/www.zoner.fi\/tuki\/wp-json\/wp\/v2\/pages\/133388\/revisions\/134509"}],"up":[{"embeddable":true,"href":"https:\/\/www.zoner.fi\/tuki\/wp-json\/wp\/v2\/pages\/137385"}],"wp:attachment":[{"href":"https:\/\/www.zoner.fi\/tuki\/wp-json\/wp\/v2\/media?parent=133388"}],"wp:term":[{"taxonomy":"category","embeddable":true,"href":"https:\/\/www.zoner.fi\/tuki\/wp-json\/wp\/v2\/categories?post=133388"},{"taxonomy":"post_tag","embeddable":true,"href":"https:\/\/www.zoner.fi\/tuki\/wp-json\/wp\/v2\/tags?post=133388"},{"taxonomy":"wf_page_folders","embeddable":true,"href":"https:\/\/www.zoner.fi\/tuki\/wp-json\/wp\/v2\/wf_page_folders?post=133388"}],"curies":[{"name":"wp","href":"https:\/\/api.w.org\/{rel}","templated":true}]}}