{"id":133393,"date":"2024-11-13T09:56:29","date_gmt":"2024-11-13T07:56:29","guid":{"rendered":"https:\/\/www.zoner.fi\/tuki\/?page_id=133393"},"modified":"2026-03-16T10:29:51","modified_gmt":"2026-03-16T08:29:51","slug":"miten-lisaan-parallaksivierityksen-kotisivuilleni","status":"publish","type":"page","link":"https:\/\/www.zoner.fi\/tuki\/kotisivukone\/zoner\/miten-lisaan-parallaksivierityksen-kotisivuilleni\/","title":{"rendered":"Miten lis\u00e4\u00e4n parallaksivierityksen kotisivuilleni?"},"content":{"rendered":"\n<p>Parallaksivierityksess\u00e4 sivuston elementit liikkuvat eri nopeuksilla vierityksen aikana luoden vaikutelman syvyydest\u00e4. Nauhakomponentin avulla voit lis\u00e4t\u00e4 taustakuvan parallaksivierityksell\u00e4 ja muilla vieritysefekteill\u00e4:<\/p>\n\n\n\n<ol class=\"wp-block-list\">\n<li>Avaa Zoner Kotisivukoneen editori.<\/li>\n\n\n\n<li>Valitse vasemmasta valikosta&nbsp;<strong>S\u00e4il\u00f6t<\/strong>.<\/li>\n\n\n\n<li>Valitse\u00a0<strong>Nauhat<\/strong>-kohdan alta<strong> <\/strong>tyyli: valkoinen, tumma, liukuv\u00e4ri tai kuva<\/li>\n\n\n\n<li>Ved\u00e4&nbsp;<strong>Nauha-komponentti<\/strong>&nbsp;ty\u00f6tilaasi.<\/li>\n\n\n\n<li>Napsauta&nbsp;<strong>Muokkaa nauhaa<\/strong>&nbsp;avataksesi sen ominaisuudet.<\/li>\n\n\n\n<li>Klikkaa&nbsp;<strong>Tausta<\/strong>&nbsp;&gt;&nbsp;<strong>Kuva<\/strong>&nbsp;lis\u00e4t\u00e4ksesi kuvan nauhaan.<\/li>\n\n\n\n<li>Palaa Nauha-valikkoon napsauttamalla vasemmassa yl\u00e4kulmassa olevaa nuolta.<\/li>\n\n\n\n<li>Napsauta&nbsp;<strong>Vieritystehosteet<\/strong>&nbsp;ja valitse&nbsp;<strong>Parallaksi<\/strong>.<\/li>\n\n\n\n<li>Klikkaa&nbsp;<strong>Tallenna<\/strong>&nbsp;ja&nbsp;<strong>Julkaise<\/strong>.<\/li>\n<\/ol>\n\n\n\n<p><strong>Vinkki:<\/strong>&nbsp;Valitse vieritystehosteeksi &#8221;Paljastus&#8221;, jos haluat nauhan kuvan pysyv\u00e4n staattisena vierityksen aikana.<\/p>\n","protected":false},"excerpt":{"rendered":"<p>Parallaksivierityksess\u00e4 sivuston elementit liikkuvat eri nopeuksilla vierityksen aikana luoden vaikutelman syvyydest\u00e4. Nauhakomponentin avulla voit lis\u00e4t\u00e4 taustakuvan parallaksivierityksell\u00e4 ja muilla vieritysefekteill\u00e4: Vinkki:&nbsp;Valitse vieritystehosteeksi &#8221;Paljastus&#8221;, jos haluat nauhan kuvan pysyv\u00e4n staattisena vierityksen aikana.<\/p>\n","protected":false},"author":18,"featured_media":0,"parent":137385,"menu_order":0,"comment_status":"closed","ping_status":"closed","template":"","meta":{"_relevanssi_hide_post":"","_relevanssi_hide_content":"","_relevanssi_pin_for_all":"","_relevanssi_pin_keywords":"","_relevanssi_unpin_keywords":"","_relevanssi_related_keywords":"","_relevanssi_related_include_ids":"","_relevanssi_related_exclude_ids":"","_relevanssi_related_no_append":"","_relevanssi_related_not_related":"","_relevanssi_related_posts":"130498,132393,130899,131384,132072,130440","_relevanssi_noindex_reason":"","footnotes":""},"categories":[166],"tags":[160,158],"wf_page_folders":[],"class_list":{"0":"post-133393","1":"page","2":"type-page","3":"status-publish","5":"category-zoner-kotisivukone","6":"tag-ulkoasu-ja-tyyli","7":"tag-yleiset"},"_links":{"self":[{"href":"https:\/\/www.zoner.fi\/tuki\/wp-json\/wp\/v2\/pages\/133393","targetHints":{"allow":["GET"]}}],"collection":[{"href":"https:\/\/www.zoner.fi\/tuki\/wp-json\/wp\/v2\/pages"}],"about":[{"href":"https:\/\/www.zoner.fi\/tuki\/wp-json\/wp\/v2\/types\/page"}],"author":[{"embeddable":true,"href":"https:\/\/www.zoner.fi\/tuki\/wp-json\/wp\/v2\/users\/18"}],"replies":[{"embeddable":true,"href":"https:\/\/www.zoner.fi\/tuki\/wp-json\/wp\/v2\/comments?post=133393"}],"version-history":[{"count":3,"href":"https:\/\/www.zoner.fi\/tuki\/wp-json\/wp\/v2\/pages\/133393\/revisions"}],"predecessor-version":[{"id":138679,"href":"https:\/\/www.zoner.fi\/tuki\/wp-json\/wp\/v2\/pages\/133393\/revisions\/138679"}],"up":[{"embeddable":true,"href":"https:\/\/www.zoner.fi\/tuki\/wp-json\/wp\/v2\/pages\/137385"}],"wp:attachment":[{"href":"https:\/\/www.zoner.fi\/tuki\/wp-json\/wp\/v2\/media?parent=133393"}],"wp:term":[{"taxonomy":"category","embeddable":true,"href":"https:\/\/www.zoner.fi\/tuki\/wp-json\/wp\/v2\/categories?post=133393"},{"taxonomy":"post_tag","embeddable":true,"href":"https:\/\/www.zoner.fi\/tuki\/wp-json\/wp\/v2\/tags?post=133393"},{"taxonomy":"wf_page_folders","embeddable":true,"href":"https:\/\/www.zoner.fi\/tuki\/wp-json\/wp\/v2\/wf_page_folders?post=133393"}],"curies":[{"name":"wp","href":"https:\/\/api.w.org\/{rel}","templated":true}]}}