{"id":133401,"date":"2024-11-12T12:44:42","date_gmt":"2024-11-12T10:44:42","guid":{"rendered":"https:\/\/www.zoner.fi\/tuki\/?page_id=133401"},"modified":"2025-09-25T16:42:50","modified_gmt":"2025-09-25T13:42:50","slug":"miten-lisaan-metakuvauksen-zoner-kotisivukoneessa","status":"publish","type":"page","link":"https:\/\/www.zoner.fi\/tuki\/kotisivukone\/zoner\/miten-lisaan-metakuvauksen-zoner-kotisivukoneessa\/","title":{"rendered":"Miten lis\u00e4\u00e4n metakuvauksen Zoner Kotisivukoneessa?"},"content":{"rendered":"\n<p>Metakuvaukset ovat t\u00e4rkeit\u00e4 kotisivujen <a href=\"https:\/\/www.zoner.fi\/digitaalinen-markkinointi\/hakukoneoptimointi\/\">hakukoneoptimoinnissa<\/a>. Metakuvaus on helppo lis\u00e4t\u00e4 Zoner Kotisivukoneessa &#8211; t\u00e4ss\u00e4 oppaassa n\u00e4yt\u00e4mme, miten se onnistuu.<\/p>\n\n\n\n<ol class=\"wp-block-list\">\n<li>Avaa Zoner Kotisivukoneen hallintapaneeli.<\/li>\n\n\n\n<li>Valitse&nbsp;<strong>Markkinointi &amp; SEO<\/strong>&nbsp;vasemmanpuoleisesta valikosta.<\/li>\n\n\n\n<li>Napsauta&nbsp;<strong>SEO<\/strong>.<\/li>\n\n\n\n<li>Valitse avattavasta valikosta sivu, jolle haluat lis\u00e4t\u00e4 metakuvauksen.<\/li>\n\n\n\n<li>Kirjoita tarvittaessa&nbsp;<strong>mukautettu otsikko<\/strong>. Muussa tapauksessa k\u00e4ytet\u00e4\u00e4n sivun oletusotsikkoa. Voit ottaa asetukset k\u00e4ytt\u00f6\u00f6n tai poistaa ne k\u00e4yt\u00f6st\u00e4 napsauttamalla liukus\u00e4\u00e4dint\u00e4.<\/li>\n\n\n\n<li>Kirjoita sivun&nbsp;<strong>kuvaus<\/strong>. Hyv\u00e4 metakuvaus on lyhyt, kiinnostava ja todenmukainen esittely sivun sis\u00e4ll\u00f6st\u00e4. Sen pituus kannattaa olla enint\u00e4\u00e4n 160 merkki\u00e4, jotta se n\u00e4kyy kokonaan hakukoneiden tuloksissa.<\/li>\n\n\n\n<li>Klikkaa esikatselua oikealla puolella varmistaaksesi, ett\u00e4 kaikki n\u00e4ytt\u00e4\u00e4 silt\u00e4 kuin pit\u00e4\u00e4kin.<\/li>\n\n\n\n<li>Napsauta lopuksi <strong>Tallenna<\/strong>&nbsp;ja&nbsp;<strong>Julkaise<\/strong>, jotta muutokset n\u00e4kyv\u00e4t julkaistulla sivustollasi.<\/li>\n<\/ol>\n\n\n\n<figure class=\"wp-block-image size-full\"><img loading=\"lazy\" decoding=\"async\" width=\"927\" height=\"953\" src=\"https:\/\/www.zoner.fi\/tuki\/wp-content\/uploads\/2024\/11\/metakuvaus-kotisivukone-1.png\" alt=\"\" class=\"wp-image-134619\" srcset=\"https:\/\/www.zoner.fi\/tuki\/wp-content\/uploads\/2024\/11\/metakuvaus-kotisivukone-1.png 927w, https:\/\/www.zoner.fi\/tuki\/wp-content\/uploads\/2024\/11\/metakuvaus-kotisivukone-1-292x300.png 292w, https:\/\/www.zoner.fi\/tuki\/wp-content\/uploads\/2024\/11\/metakuvaus-kotisivukone-1-768x790.png 768w\" sizes=\"auto, (max-width: 927px) 100vw, 927px\" \/><\/figure>\n","protected":false},"excerpt":{"rendered":"<p>Metakuvaukset ovat t\u00e4rkeit\u00e4 kotisivujen hakukoneoptimoinnissa. Metakuvaus on helppo lis\u00e4t\u00e4 Zoner Kotisivukoneessa &#8211; t\u00e4ss\u00e4 oppaassa n\u00e4yt\u00e4mme, miten se onnistuu.<\/p>\n","protected":false},"author":18,"featured_media":0,"parent":137385,"menu_order":0,"comment_status":"closed","ping_status":"closed","template":"","meta":{"_relevanssi_hide_post":"","_relevanssi_hide_content":"","_relevanssi_pin_for_all":"","_relevanssi_pin_keywords":"","_relevanssi_unpin_keywords":"","_relevanssi_related_keywords":"","_relevanssi_related_include_ids":"","_relevanssi_related_exclude_ids":"","_relevanssi_related_no_append":"","_relevanssi_related_not_related":"","_relevanssi_related_posts":"130899,132140,131892,130412,130273,130515","_relevanssi_noindex_reason":"","footnotes":""},"categories":[166],"tags":[157],"wf_page_folders":[],"class_list":{"0":"post-133401","1":"page","2":"type-page","3":"status-publish","5":"category-zoner-kotisivukone","6":"tag-mobiili-ja-hakukoneoptimointi"},"_links":{"self":[{"href":"https:\/\/www.zoner.fi\/tuki\/wp-json\/wp\/v2\/pages\/133401","targetHints":{"allow":["GET"]}}],"collection":[{"href":"https:\/\/www.zoner.fi\/tuki\/wp-json\/wp\/v2\/pages"}],"about":[{"href":"https:\/\/www.zoner.fi\/tuki\/wp-json\/wp\/v2\/types\/page"}],"author":[{"embeddable":true,"href":"https:\/\/www.zoner.fi\/tuki\/wp-json\/wp\/v2\/users\/18"}],"replies":[{"embeddable":true,"href":"https:\/\/www.zoner.fi\/tuki\/wp-json\/wp\/v2\/comments?post=133401"}],"version-history":[{"count":5,"href":"https:\/\/www.zoner.fi\/tuki\/wp-json\/wp\/v2\/pages\/133401\/revisions"}],"predecessor-version":[{"id":134620,"href":"https:\/\/www.zoner.fi\/tuki\/wp-json\/wp\/v2\/pages\/133401\/revisions\/134620"}],"up":[{"embeddable":true,"href":"https:\/\/www.zoner.fi\/tuki\/wp-json\/wp\/v2\/pages\/137385"}],"wp:attachment":[{"href":"https:\/\/www.zoner.fi\/tuki\/wp-json\/wp\/v2\/media?parent=133401"}],"wp:term":[{"taxonomy":"category","embeddable":true,"href":"https:\/\/www.zoner.fi\/tuki\/wp-json\/wp\/v2\/categories?post=133401"},{"taxonomy":"post_tag","embeddable":true,"href":"https:\/\/www.zoner.fi\/tuki\/wp-json\/wp\/v2\/tags?post=133401"},{"taxonomy":"wf_page_folders","embeddable":true,"href":"https:\/\/www.zoner.fi\/tuki\/wp-json\/wp\/v2\/wf_page_folders?post=133401"}],"curies":[{"name":"wp","href":"https:\/\/api.w.org\/{rel}","templated":true}]}}