{"id":133403,"date":"2024-11-12T11:27:49","date_gmt":"2024-11-12T09:27:49","guid":{"rendered":"https:\/\/www.zoner.fi\/tuki\/?page_id=133403"},"modified":"2025-09-25T16:42:57","modified_gmt":"2025-09-25T13:42:57","slug":"miten-lisaan-videon-zoner-kotisivukone-sivustolleni","status":"publish","type":"page","link":"https:\/\/www.zoner.fi\/tuki\/kotisivukone\/zoner\/miten-lisaan-videon-zoner-kotisivukone-sivustolleni\/","title":{"rendered":"Miten lis\u00e4\u00e4n videon Zoner Kotisivukone -sivustolleni?"},"content":{"rendered":"\n<p>Videoilla voit tehd\u00e4 kotisivujesi sis\u00e4ll\u00f6st\u00e4 monipuolisempaa. Zoner Kotisivukoneessa voit lis\u00e4t\u00e4 videoita sivuillesi usealla eri tavalla. T\u00e4ss\u00e4 oppaassa n\u00e4yt\u00e4mme, kuinka voit ladata videon suoraan kotisivuillesi videokomponentin avulla.<\/p>\n\n\n\n<h2 class=\"wp-block-heading\" id=\"step-1\">1. Valitse videokomponentti<\/h2>\n\n\n\n<ol class=\"wp-block-list\">\n<li>Avaa Zoner Kotisivukoneen editori.<\/li>\n\n\n\n<li>Siirry sivulle tai osioon, johon haluat sijoittaa videon.<\/li>\n\n\n\n<li>Napsauta vasemmalla olevassa valikossa&nbsp;<strong>Video<\/strong>.<\/li>\n\n\n\n<li>Napsauta&nbsp;<strong>Video (Omaan sivutilaan ladattu)<\/strong> lis\u00e4t\u00e4ksesi komponentin ty\u00f6tilaan. Voit my\u00f6s napsauttaa sit\u00e4 ja vet\u00e4\u00e4 sen haluamaasi paikkaan sivulla.<\/li>\n<\/ol>\n\n\n\n<figure class=\"wp-block-image size-large\"><img loading=\"lazy\" decoding=\"async\" width=\"1024\" height=\"641\" src=\"https:\/\/www.zoner.fi\/tuki\/wp-content\/uploads\/2024\/10\/kotisivukone-videon-lisaaminen-1-1024x641.png\" alt=\"\" class=\"wp-image-134222\" srcset=\"https:\/\/www.zoner.fi\/tuki\/wp-content\/uploads\/2024\/10\/kotisivukone-videon-lisaaminen-1-1024x641.png 1024w, https:\/\/www.zoner.fi\/tuki\/wp-content\/uploads\/2024\/10\/kotisivukone-videon-lisaaminen-1-300x188.png 300w, https:\/\/www.zoner.fi\/tuki\/wp-content\/uploads\/2024\/10\/kotisivukone-videon-lisaaminen-1-768x481.png 768w, https:\/\/www.zoner.fi\/tuki\/wp-content\/uploads\/2024\/10\/kotisivukone-videon-lisaaminen-1.png 1500w\" sizes=\"auto, (max-width: 1024px) 100vw, 1024px\" \/><\/figure>\n\n\n\n<h2 class=\"wp-block-heading\" id=\"step-2\">2. Lis\u00e4\u00e4 video<\/h2>\n\n\n\n<ol class=\"wp-block-list\">\n<li>Jos olet jo ladannut&nbsp;videon verkkotilasi media-kansioon, sen pit\u00e4isi nyt n\u00e4ky\u00e4 ponnahdusikkunassa. Jos et ole ladannut sit\u00e4, napsauta oikeassa yl\u00e4kulmassa olevaa <strong>Lataa<\/strong>-painiketta ja valitse video sen nykyisest\u00e4 sijainnista, esimerkiksi tietokoneeltasi. Voit my\u00f6s vet\u00e4\u00e4 tiedoston ikkunaan.<\/li>\n\n\n\n<li>Valitse video &#8211; sen ymp\u00e4rill\u00e4 pit\u00e4isi n\u00e4ky\u00e4 sininen kehys.<\/li>\n\n\n\n<li>Napsauta <strong>Lis\u00e4\u00e4 sivulle<\/strong>.<\/li>\n<\/ol>\n\n\n\n<p><strong>Huomaa<\/strong>: Voit ladata enint\u00e4\u00e4n&nbsp;<strong>2 Gt<\/strong> kokoisia videoita kerrallaan. Tuetut tiedostomuodot: .flv, 3g2, .3gp, .avi, .asf, .divx, .m2ts, .mts, .m4v, .mkv, .mov, .mp4, .mpg, .wmv.<\/p>\n\n\n\n<figure class=\"wp-block-image size-large\"><img loading=\"lazy\" decoding=\"async\" width=\"1024\" height=\"643\" src=\"https:\/\/www.zoner.fi\/tuki\/wp-content\/uploads\/2024\/10\/kotisivukone-videon-lisaaminen-2-1024x643.png\" alt=\"\" class=\"wp-image-134223\" srcset=\"https:\/\/www.zoner.fi\/tuki\/wp-content\/uploads\/2024\/10\/kotisivukone-videon-lisaaminen-2-1024x643.png 1024w, https:\/\/www.zoner.fi\/tuki\/wp-content\/uploads\/2024\/10\/kotisivukone-videon-lisaaminen-2-300x188.png 300w, https:\/\/www.zoner.fi\/tuki\/wp-content\/uploads\/2024\/10\/kotisivukone-videon-lisaaminen-2-768x482.png 768w, https:\/\/www.zoner.fi\/tuki\/wp-content\/uploads\/2024\/10\/kotisivukone-videon-lisaaminen-2.png 1500w\" sizes=\"auto, (max-width: 1024px) 100vw, 1024px\" \/><\/figure>\n\n\n\n<h2 class=\"wp-block-heading\" id=\"step-3\">3. Muuta videoasetuksia<\/h2>\n\n\n\n<p>S\u00e4\u00e4d\u00e4 komponentin kokoa vet\u00e4m\u00e4ll\u00e4 sen kulmista ja reunoista oranssien kahvojen kautta. Voit muokata my\u00f6s seuraavia asetuksia:<\/p>\n\n\n\n<ul class=\"wp-block-list\">\n<li>&nbsp;<strong>Mykistys:<\/strong>&nbsp;Video toistetaan ilman \u00e4\u00e4nt\u00e4, jos olet merkinnyt t\u00e4m\u00e4n ruudun.<\/li>\n\n\n\n<li>&nbsp;<strong>Silmukka:<\/strong>&nbsp;Jos t\u00e4m\u00e4 on k\u00e4yt\u00f6ss\u00e4, video toistetaan alusta uudestaan, kun k\u00e4vij\u00e4 on katsonut sen loppuun asti.<\/li>\n\n\n\n<li>&nbsp;<strong>Automaattinen toisto:<\/strong>&nbsp;Merkitse ruutu, jotta video alkaa toistaa automaattisesti. Huomaa, ett\u00e4 video mykistet\u00e4\u00e4n automaattisesti, jos valitset t\u00e4m\u00e4n vaihtoehdon.<\/li>\n\n\n\n<li>&nbsp;<strong>Automaattinen koon muuttaminen:<\/strong>&nbsp;T\u00e4m\u00e4 s\u00e4\u00e4t\u00e4\u00e4 videota automaattisesti t\u00e4ytt\u00e4m\u00e4\u00e4n koko komponenttikehyksen.<\/li>\n\n\n\n<li>&nbsp;<strong>Piilota s\u00e4\u00e4timet:<\/strong>&nbsp;Jos t\u00e4m\u00e4 on aktivoitu, videon alaosassa olevat s\u00e4\u00e4timet (toistopainike, \u00e4\u00e4niohjaus, koko n\u00e4ytt\u00f6 jne.) Piilotetaan vierailijalta.&nbsp;<\/li>\n<\/ul>\n\n\n\n<p>Voit muokata n\u00e4it\u00e4 asetuksia seuraavasti:<\/p>\n\n\n\n<ol class=\"wp-block-list\">\n<li>Valitse juuri lis\u00e4\u00e4m\u00e4si video ja napsauta sen yl\u00e4osassa olevaa&nbsp;<strong>Videoasetukset<\/strong>-v\u00e4lilehte\u00e4.<\/li>\n\n\n\n<li>Valitse vaihtoehtojen vieress\u00e4 olevat ruudut ottaaksesi ne k\u00e4ytt\u00f6\u00f6n tai ota ne pois k\u00e4yt\u00f6st\u00e4.<\/li>\n\n\n\n<li><strong>Tallenna <\/strong>muutokset ja <strong>julkaise<\/strong>&nbsp;p\u00e4ivitetty sivusto, jotta muutokset n\u00e4kyv\u00e4t julkaistulla sivustollasi.<\/li>\n<\/ol>\n\n\n\n<p>Alla olevassa kuvakaappauksessa <strong>Mykistys<\/strong>, <strong>Silmukka<\/strong>&nbsp;ja&nbsp;<strong>Automaattinen koon muuttaminen<\/strong> ovat <strong>k\u00e4yt\u00f6ss\u00e4<\/strong>, kun taas&nbsp;<strong>Automaattinen toisto<\/strong> ja<strong> Piilota s\u00e4\u00e4timet<\/strong>&nbsp;on<strong> poistettu k\u00e4yt\u00f6st\u00e4<\/strong>.<\/p>\n\n\n\n<p><strong>Vihje:<\/strong>&nbsp;N\u00e4et videon s\u00e4\u00e4timineen sivuston esikatselutilassa.<\/p>\n\n\n\n<figure class=\"wp-block-image size-large\"><img loading=\"lazy\" decoding=\"async\" width=\"1024\" height=\"643\" src=\"https:\/\/www.zoner.fi\/tuki\/wp-content\/uploads\/2024\/10\/kotisivukone-videon-lisaaminen-3-1024x643.png\" alt=\"\" class=\"wp-image-134224\" srcset=\"https:\/\/www.zoner.fi\/tuki\/wp-content\/uploads\/2024\/10\/kotisivukone-videon-lisaaminen-3-1024x643.png 1024w, https:\/\/www.zoner.fi\/tuki\/wp-content\/uploads\/2024\/10\/kotisivukone-videon-lisaaminen-3-300x188.png 300w, https:\/\/www.zoner.fi\/tuki\/wp-content\/uploads\/2024\/10\/kotisivukone-videon-lisaaminen-3-768x482.png 768w, https:\/\/www.zoner.fi\/tuki\/wp-content\/uploads\/2024\/10\/kotisivukone-videon-lisaaminen-3-1536x964.png 1536w, https:\/\/www.zoner.fi\/tuki\/wp-content\/uploads\/2024\/10\/kotisivukone-videon-lisaaminen-3.png 1875w\" sizes=\"auto, (max-width: 1024px) 100vw, 1024px\" \/><\/figure>\n","protected":false},"excerpt":{"rendered":"<p>Videoilla voit tehd\u00e4 kotisivujesi sis\u00e4ll\u00f6st\u00e4 monipuolisempaa. Zoner Kotisivukoneessa voit lis\u00e4t\u00e4 videoita sivuillesi usealla eri tavalla. T\u00e4ss\u00e4 oppaassa n\u00e4yt\u00e4mme, kuinka voit ladata videon suoraan kotisivuillesi videokomponentin avulla. 1. Valitse videokomponentti 2. Lis\u00e4\u00e4 video Huomaa: Voit ladata enint\u00e4\u00e4n&nbsp;2 Gt kokoisia videoita kerrallaan. Tuetut tiedostomuodot: .flv, 3g2, .3gp, .avi, .asf, .divx, .m2ts, .mts, .m4v, .mkv, .mov, .mp4, .mpg, &#8230; <a title=\"Miten lis\u00e4\u00e4n videon Zoner Kotisivukone -sivustolleni?\" class=\"read-more\" href=\"https:\/\/www.zoner.fi\/tuki\/kotisivukone\/zoner\/miten-lisaan-videon-zoner-kotisivukone-sivustolleni\/\" aria-label=\"Lue lis\u00e4\u00e4 aiheesta Miten lis\u00e4\u00e4n videon Zoner Kotisivukone -sivustolleni?\">Lue lis\u00e4\u00e4<\/a><\/p>\n","protected":false},"author":18,"featured_media":0,"parent":137385,"menu_order":0,"comment_status":"closed","ping_status":"closed","template":"","meta":{"_relevanssi_hide_post":"","_relevanssi_hide_content":"","_relevanssi_pin_for_all":"","_relevanssi_pin_keywords":"","_relevanssi_unpin_keywords":"","_relevanssi_related_keywords":"","_relevanssi_related_include_ids":"","_relevanssi_related_exclude_ids":"","_relevanssi_related_no_append":"","_relevanssi_related_not_related":"","_relevanssi_related_posts":"132254,132072,132826,130657,130526,132301","_relevanssi_noindex_reason":"","footnotes":""},"categories":[166],"tags":[164,162],"wf_page_folders":[],"class_list":{"0":"post-133403","1":"page","2":"type-page","3":"status-publish","5":"category-zoner-kotisivukone","6":"tag-kuvat","7":"tag-upotus-ja-koodi"},"_links":{"self":[{"href":"https:\/\/www.zoner.fi\/tuki\/wp-json\/wp\/v2\/pages\/133403","targetHints":{"allow":["GET"]}}],"collection":[{"href":"https:\/\/www.zoner.fi\/tuki\/wp-json\/wp\/v2\/pages"}],"about":[{"href":"https:\/\/www.zoner.fi\/tuki\/wp-json\/wp\/v2\/types\/page"}],"author":[{"embeddable":true,"href":"https:\/\/www.zoner.fi\/tuki\/wp-json\/wp\/v2\/users\/18"}],"replies":[{"embeddable":true,"href":"https:\/\/www.zoner.fi\/tuki\/wp-json\/wp\/v2\/comments?post=133403"}],"version-history":[{"count":3,"href":"https:\/\/www.zoner.fi\/tuki\/wp-json\/wp\/v2\/pages\/133403\/revisions"}],"predecessor-version":[{"id":134570,"href":"https:\/\/www.zoner.fi\/tuki\/wp-json\/wp\/v2\/pages\/133403\/revisions\/134570"}],"up":[{"embeddable":true,"href":"https:\/\/www.zoner.fi\/tuki\/wp-json\/wp\/v2\/pages\/137385"}],"wp:attachment":[{"href":"https:\/\/www.zoner.fi\/tuki\/wp-json\/wp\/v2\/media?parent=133403"}],"wp:term":[{"taxonomy":"category","embeddable":true,"href":"https:\/\/www.zoner.fi\/tuki\/wp-json\/wp\/v2\/categories?post=133403"},{"taxonomy":"post_tag","embeddable":true,"href":"https:\/\/www.zoner.fi\/tuki\/wp-json\/wp\/v2\/tags?post=133403"},{"taxonomy":"wf_page_folders","embeddable":true,"href":"https:\/\/www.zoner.fi\/tuki\/wp-json\/wp\/v2\/wf_page_folders?post=133403"}],"curies":[{"name":"wp","href":"https:\/\/api.w.org\/{rel}","templated":true}]}}