{"id":133407,"date":"2024-11-12T11:28:30","date_gmt":"2024-11-12T09:28:30","guid":{"rendered":"https:\/\/www.zoner.fi\/tuki\/?page_id=133407"},"modified":"2025-09-25T16:42:48","modified_gmt":"2025-09-25T13:42:48","slug":"miten-lisaan-google-ads-seurantakoodin-kotisivuilleni","status":"publish","type":"page","link":"https:\/\/www.zoner.fi\/tuki\/kotisivukone\/zoner\/miten-lisaan-google-ads-seurantakoodin-kotisivuilleni\/","title":{"rendered":"Miten lis\u00e4\u00e4n Google Ads -seurantakoodin kotisivuilleni?"},"content":{"rendered":"\n<p>Jos olet luonut\u00a0Google Ads -kampanjan, suosittelemme, ett\u00e4 lis\u00e4\u00e4t seurantakoodin sivustollesi tehostaaksesi kampanjaasi. Zoner Kotisivukoneessa voit lis\u00e4t\u00e4 seurantakoodin helposti sivuston asetuksissa.<\/p>\n\n\n\n<p>Seurantakoodin avulla voit saada lis\u00e4tietoja sivustosi vierailijoista ja siit\u00e4, miten hyvin Google Ads -kampanjasi toimii. Voit esimerkiksi n\u00e4hd\u00e4, mink\u00e4 hakusanojen kautta vierailijat p\u00e4\u00e4tyiv\u00e4t sivuillesi.<\/p>\n\n\n\n<p><strong>Vinkki:<\/strong>\u00a0Muista\u00a0<a href=\"https:\/\/www.zoner.fi\/tuki\/kotisivukone\/kuinka-lisaan-evastebannerin-zoner-kotisivukone-sivustolleni\/\">lis\u00e4t\u00e4 sivustollesi ev\u00e4stebanneri<\/a>, joka sis\u00e4lt\u00e4\u00e4 linkin\u00a0sivustosi <a href=\"https:\/\/www.zoner.fi\/tuki\/kotisivukone\/mita-tietoja-evastekaytantoni-tulisi-sisaltaa\/\">ev\u00e4stek\u00e4yt\u00e4nt\u00f6\u00f6n<\/a>.<\/p>\n\n\n\n<ol class=\"wp-block-list\">\n<li>Avaa\u00a0Zoner Kotisivukoneen editori.<\/li>\n\n\n\n<li>Napsauta oikeassa yl\u00e4kulmassa olevaa\u00a0<strong>valikkokuvaketta<\/strong>.<\/li>\n\n\n\n<li>Valitse\u00a0<strong>Asetukset<\/strong>.<\/li>\n\n\n\n<li>Valitse <strong>Seuranta<\/strong>\u00a0ponnahdusikkunan vasemmalla olevassa valikossa.<\/li>\n\n\n\n<li>Kohdassa\u00a0<strong>Google Ads<\/strong>\u00a0ved\u00e4 liukukytkin oikealle kytke\u00e4ksesi seurannan p\u00e4\u00e4lle. Jos olet juuri luonut kampanjan eik\u00e4 sit\u00e4 viel\u00e4 n\u00e4y, napsauta p\u00e4ivityskuvaketta p\u00e4ivitt\u00e4\u00e4ksesi kampanjan tilan.<\/li>\n\n\n\n<li>Napsauta\u00a0<strong>Valmis<\/strong>.<\/li>\n\n\n\n<li>Lopuksi napsauta\u00a0<strong>Tallenna<\/strong>\u00a0ja <strong>Julkaise<\/strong> sivustosi.<\/li>\n<\/ol>\n\n\n\n<p>Jos seurantakoodin lis\u00e4\u00e4minen onnistui, n\u00e4et vahvistuksen.<\/p>\n\n\n\n<p><strong>Vinkki:<\/strong>&nbsp;Kun kampanjasi on p\u00e4\u00e4ttynyt, voit poistaa seurantakoodin. Ved\u00e4 liukukytkin vasemmalle ja julkaise sitten sivustosi uudelleen.<\/p>\n\n\n\n<figure class=\"wp-block-image size-large\"><img loading=\"lazy\" decoding=\"async\" width=\"1024\" height=\"623\" src=\"https:\/\/www.zoner.fi\/tuki\/wp-content\/uploads\/2024\/10\/kotisivukone-google-ads-seurantakoodi-1-1024x623.png\" alt=\"\" class=\"wp-image-134227\" srcset=\"https:\/\/www.zoner.fi\/tuki\/wp-content\/uploads\/2024\/10\/kotisivukone-google-ads-seurantakoodi-1-1024x623.png 1024w, https:\/\/www.zoner.fi\/tuki\/wp-content\/uploads\/2024\/10\/kotisivukone-google-ads-seurantakoodi-1-300x182.png 300w, https:\/\/www.zoner.fi\/tuki\/wp-content\/uploads\/2024\/10\/kotisivukone-google-ads-seurantakoodi-1-768x467.png 768w, https:\/\/www.zoner.fi\/tuki\/wp-content\/uploads\/2024\/10\/kotisivukone-google-ads-seurantakoodi-1.png 1513w\" sizes=\"auto, (max-width: 1024px) 100vw, 1024px\" \/><\/figure>\n","protected":false},"excerpt":{"rendered":"<p>Jos olet luonut\u00a0Google Ads -kampanjan, suosittelemme, ett\u00e4 lis\u00e4\u00e4t seurantakoodin sivustollesi tehostaaksesi kampanjaasi. Zoner Kotisivukoneessa voit lis\u00e4t\u00e4 seurantakoodin helposti sivuston asetuksissa. Seurantakoodin avulla voit saada lis\u00e4tietoja sivustosi vierailijoista ja siit\u00e4, miten hyvin Google Ads -kampanjasi toimii. Voit esimerkiksi n\u00e4hd\u00e4, mink\u00e4 hakusanojen kautta vierailijat p\u00e4\u00e4tyiv\u00e4t sivuillesi. Vinkki:\u00a0Muista\u00a0lis\u00e4t\u00e4 sivustollesi ev\u00e4stebanneri, joka sis\u00e4lt\u00e4\u00e4 linkin\u00a0sivustosi ev\u00e4stek\u00e4yt\u00e4nt\u00f6\u00f6n. Jos seurantakoodin lis\u00e4\u00e4minen onnistui, &#8230; <a title=\"Miten lis\u00e4\u00e4n Google Ads -seurantakoodin kotisivuilleni?\" class=\"read-more\" href=\"https:\/\/www.zoner.fi\/tuki\/kotisivukone\/zoner\/miten-lisaan-google-ads-seurantakoodin-kotisivuilleni\/\" aria-label=\"Lue lis\u00e4\u00e4 aiheesta Miten lis\u00e4\u00e4n Google Ads -seurantakoodin kotisivuilleni?\">Lue lis\u00e4\u00e4<\/a><\/p>\n","protected":false},"author":18,"featured_media":0,"parent":137385,"menu_order":0,"comment_status":"closed","ping_status":"closed","template":"","meta":{"_relevanssi_hide_post":"","_relevanssi_hide_content":"","_relevanssi_pin_for_all":"","_relevanssi_pin_keywords":"","_relevanssi_unpin_keywords":"","_relevanssi_related_keywords":"","_relevanssi_related_include_ids":"","_relevanssi_related_exclude_ids":"","_relevanssi_related_no_append":"","_relevanssi_related_not_related":"","_relevanssi_related_posts":"130578,131535,130269,130865,130553,131384","_relevanssi_noindex_reason":"","footnotes":""},"categories":[166],"tags":[162],"wf_page_folders":[],"class_list":{"0":"post-133407","1":"page","2":"type-page","3":"status-publish","5":"category-zoner-kotisivukone","6":"tag-upotus-ja-koodi"},"_links":{"self":[{"href":"https:\/\/www.zoner.fi\/tuki\/wp-json\/wp\/v2\/pages\/133407","targetHints":{"allow":["GET"]}}],"collection":[{"href":"https:\/\/www.zoner.fi\/tuki\/wp-json\/wp\/v2\/pages"}],"about":[{"href":"https:\/\/www.zoner.fi\/tuki\/wp-json\/wp\/v2\/types\/page"}],"author":[{"embeddable":true,"href":"https:\/\/www.zoner.fi\/tuki\/wp-json\/wp\/v2\/users\/18"}],"replies":[{"embeddable":true,"href":"https:\/\/www.zoner.fi\/tuki\/wp-json\/wp\/v2\/comments?post=133407"}],"version-history":[{"count":2,"href":"https:\/\/www.zoner.fi\/tuki\/wp-json\/wp\/v2\/pages\/133407\/revisions"}],"predecessor-version":[{"id":134228,"href":"https:\/\/www.zoner.fi\/tuki\/wp-json\/wp\/v2\/pages\/133407\/revisions\/134228"}],"up":[{"embeddable":true,"href":"https:\/\/www.zoner.fi\/tuki\/wp-json\/wp\/v2\/pages\/137385"}],"wp:attachment":[{"href":"https:\/\/www.zoner.fi\/tuki\/wp-json\/wp\/v2\/media?parent=133407"}],"wp:term":[{"taxonomy":"category","embeddable":true,"href":"https:\/\/www.zoner.fi\/tuki\/wp-json\/wp\/v2\/categories?post=133407"},{"taxonomy":"post_tag","embeddable":true,"href":"https:\/\/www.zoner.fi\/tuki\/wp-json\/wp\/v2\/tags?post=133407"},{"taxonomy":"wf_page_folders","embeddable":true,"href":"https:\/\/www.zoner.fi\/tuki\/wp-json\/wp\/v2\/wf_page_folders?post=133407"}],"curies":[{"name":"wp","href":"https:\/\/api.w.org\/{rel}","templated":true}]}}